{"id":41,"date":"2013-05-30T02:15:34","date_gmt":"2013-05-30T02:15:34","guid":{"rendered":"http:\/\/blog.espol.edu.ec\/fquezada\/?page_id=41"},"modified":"2013-05-30T02:15:34","modified_gmt":"2013-05-30T02:15:34","slug":"himno-a-pinas","status":"publish","type":"page","link":"https:\/\/blog.espol.edu.ec\/fquezada\/himno-a-pinas\/","title":{"rendered":"Himno a Pi\u00f1as"},"content":{"rendered":"<p>Letra: Araldo G. Gallardo A\u00f1asco<br \/>\nM\u00fasica: Segundo Cueva Celi<\/p>\n<p>Coro<\/p>\n<p>Salve, Oh Pi\u00f1as, Oh tierra adorada,<br \/>\nya que te hallas cubierta de gloria,<br \/>\noye el himno de dicha y victoria<br \/>\npor la aut\u00f3noma vida alcanzada<\/p>\n<p>I<\/p>\n<p>Brill\u00f3 el sol de una libre existencia;<br \/>\nen tu cielo clare\u00f3 nuevo d\u00eda,<br \/>\ny mil voces de suave armon\u00eda<br \/>\nte modulan un himno triunfal.<\/p>\n<p>II<\/p>\n<p>Cuanta dicha se siente en el alma<br \/>\nal mirarte, por fin floreciente,<br \/>\nostentando serena la frente<br \/>\ny pensando en un gran porvenir<\/p>\n<p>III<\/p>\n<p>Eres fuente de noble riqueza<br \/>\nque a la Patria com\u00fan engrandeces<br \/>\ny pagarle procuras con creces<br \/>\nel tributo de afecto filial.<\/p>\n<p>IV<\/p>\n<p>Gloria, honor y trabajo por siempre,<br \/>\nsean, Oh Pi\u00f1as, tu norma y anhelo;<br \/>\ny engalane perenne tu suelo<br \/>\nla fecunda simiente del bien.<\/p>\n","protected":false},"excerpt":{"rendered":"<p>Letra: Araldo G. Gallardo A\u00f1asco M\u00fasica: Segundo Cueva Celi Coro Salve, Oh Pi\u00f1as, Oh tierra adorada, ya que te hallas cubierta de gloria, oye el himno de dicha y victoria por la aut\u00f3noma vida alcanzada I Brill\u00f3 el sol de &hellip; <a href=\"https:\/\/blog.espol.edu.ec\/fquezada\/himno-a-pinas\/\">Sigue leyendo <span class=\"meta-nav\">&rarr;<\/span><\/a><\/p>\n","protected":false},"author":8558,"featured_media":0,"parent":0,"menu_order":0,"comment_status":"open","ping_status":"open","template":"","meta":{"footnotes":""},"class_list":["post-41","page","type-page","status-publish","hentry"],"_links":{"self":[{"href":"https:\/\/blog.espol.edu.ec\/fquezada\/wp-json\/wp\/v2\/pages\/41","targetHints":{"allow":["GET"]}}],"collection":[{"href":"https:\/\/blog.espol.edu.ec\/fquezada\/wp-json\/wp\/v2\/pages"}],"about":[{"href":"https:\/\/blog.espol.edu.ec\/fquezada\/wp-json\/wp\/v2\/types\/page"}],"author":[{"embeddable":true,"href":"https:\/\/blog.espol.edu.ec\/fquezada\/wp-json\/wp\/v2\/users\/8558"}],"replies":[{"embeddable":true,"href":"https:\/\/blog.espol.edu.ec\/fquezada\/wp-json\/wp\/v2\/comments?post=41"}],"version-history":[{"count":1,"href":"https:\/\/blog.espol.edu.ec\/fquezada\/wp-json\/wp\/v2\/pages\/41\/revisions"}],"predecessor-version":[{"id":42,"href":"https:\/\/blog.espol.edu.ec\/fquezada\/wp-json\/wp\/v2\/pages\/41\/revisions\/42"}],"wp:attachment":[{"href":"https:\/\/blog.espol.edu.ec\/fquezada\/wp-json\/wp\/v2\/media?parent=41"}],"curies":[{"name":"wp","href":"https:\/\/api.w.org\/{rel}","templated":true}]}}