{"id":12,"date":"2010-10-14T19:40:09","date_gmt":"2010-10-14T19:40:09","guid":{"rendered":"http:\/\/blog.espol.edu.ec\/franciscomeza\/?page_id=12"},"modified":"2011-03-07T03:03:25","modified_gmt":"2011-03-07T03:03:25","slug":"comics","status":"publish","type":"page","link":"https:\/\/blog.espol.edu.ec\/franciscomeza\/comics\/","title":{"rendered":"Videos comics"},"content":{"rendered":"<p><span class=\"st_twitter_large\"><\/span><span class=\"st_facebook_large\"><\/span><span class=\"st_ybuzz_large\"><\/span><span class=\"st_gbuzz_large\"><\/span><span class=\"st_email_large\"><\/span><span class=\"st_sharethis_large\"><\/span><\/p>\n<p>En esta p\u00e1gina se les presentar\u00e1 una serie de videos que anuncian diferentes ideolog\u00edas musicales y puntos de vistas opuestos\u2026Rock vs Reggaet\u00f3n\u2026<\/p>\n<p>Nota: los cr\u00e9ditos de estos videos se los proporcionamos a su neto creador \u201cPowerMetalWarrior\u201d tambi\u00e9n llamado \"Thunderwarrior\" ,\u00a0 hemos adjuntado algunos para que las personas quienes visiten este blog\u00a0 puedan disfrutar de un momento gracioso y a la vez inclinar su punto de vista de diferentes opiniones vertidas.<\/p>\n<p><object width=\"480\" height=\"385\"><param name=\"movie\" value=\"http:\/\/www.youtube.com\/v\/uSBty7qyN0E?fs=1&amp;hl=es_ES\"><\/param><param name=\"allowFullScreen\" value=\"true\"><\/param><param name=\"allowscriptaccess\" value=\"always\"><\/param><embed src=\"http:\/\/www.youtube.com\/v\/uSBty7qyN0E?fs=1&amp;hl=es_ES\" type=\"application\/x-shockwave-flash\" allowscriptaccess=\"always\" allowfullscreen=\"true\" width=\"480\" height=\"385\"><\/embed><\/object><\/p>\n<p><object width=\"480\" height=\"385\"><param name=\"movie\" value=\"http:\/\/www.youtube.com\/v\/79whV5YPMnM?fs=1&amp;hl=es_ES\"><\/param><param name=\"allowFullScreen\" value=\"true\"><\/param><param name=\"allowscriptaccess\" value=\"always\"><\/param><embed src=\"http:\/\/www.youtube.com\/v\/79whV5YPMnM?fs=1&amp;hl=es_ES\" type=\"application\/x-shockwave-flash\" allowscriptaccess=\"always\" allowfullscreen=\"true\" width=\"480\" height=\"385\"><\/embed><\/object><\/p>\n<p><object width=\"480\" height=\"385\"><param name=\"movie\" value=\"http:\/\/www.youtube.com\/v\/OtRzP4Fkmyw?fs=1&amp;hl=es_ES\"><\/param><param name=\"allowFullScreen\" value=\"true\"><\/param><param name=\"allowscriptaccess\" value=\"always\"><\/param><embed src=\"http:\/\/www.youtube.com\/v\/OtRzP4Fkmyw?fs=1&amp;hl=es_ES\" type=\"application\/x-shockwave-flash\" allowscriptaccess=\"always\" allowfullscreen=\"true\" width=\"480\" height=\"385\"><\/embed><\/object><\/p>\n<p><object width=\"480\" height=\"385\"><param name=\"movie\" value=\"http:\/\/www.youtube.com\/v\/sOYcM1N9WJ4?fs=1&amp;hl=es_ES\"><\/param><param name=\"allowFullScreen\" value=\"true\"><\/param><param name=\"allowscriptaccess\" value=\"always\"><\/param><embed src=\"http:\/\/www.youtube.com\/v\/sOYcM1N9WJ4?fs=1&amp;hl=es_ES\" type=\"application\/x-shockwave-flash\" allowscriptaccess=\"always\" allowfullscreen=\"true\" width=\"480\" height=\"385\"><\/embed><\/object><\/p>\n<p><!-- inicio codigo contador --><a href=\"http:\/\/contador-de-visitas.com\"><img decoding=\"async\" style=\"border: 0px solid\" alt=\"contador de visitas\" src=\"http:\/\/contador-de-visitas.com\/hit.php?id=583939&amp;counter=19\"><\/a><br \/><a href=\"http:\/\/contador-de-visitas.com\">contador de visitas<\/a><!-- fin codigo contador --><\/p>\n<form id=\"vozme_form_3a960ff395cb7964b5e492b1e692ff59\" method=\"post\" name=\"vozme_form_3a960ff395cb7964b5e492b1e692ff59\" target=\"3a960ff395cb7964b5e492b1e692ff59\" action=\"http:\/\/vozme.com\/text2voice.php\"><input name=\"text\" type=\"hidden\" value=\"Videos comics. \nEn esta p\u00e1gina se les presentar\u00e1 una serie de videos que anuncian diferentes ideolog\u00edas musicales y puntos de vistas opuestos\u2026Rock vs Reggaet\u00f3n\u2026\nNota: los cr\u00e9ditos de estos videos se los proporcionamos a su neto creador \u201cPowerMetalWarrior\u201d tambi\u00e9n llamado &quot;Thunderwarrior&quot; ,\u00a0 hemos adjuntado algunos para que las personas quienes visiten este blog\u00a0 puedan disfrutar de un momento gracioso y a la vez inclinar su punto de vista de diferentes opiniones vertidas.\n\n\n\n\ncontador de visitas\n\" \/><input name=\"lang\" type=\"hidden\" value=\"es\" \/><input name=\"gn\" type=\"hidden\" value=\"ml\" \/><input type=\"hidden\" id=\"interface\" name=\"interface\" value=\"full\" \/>\n\t\t\t<div style=\"margin-left:40%;\">\n\t\t\t\n\t\t\t\t<input style=\"float:left;\" type=\"image\" width=\"40\" height=\"40\" src=\"http:\/\/blog.espol.edu.ec\/franciscomeza\/wp-content\/plugins\/vozme\/img\/megaphone40x40w.gif\" alt=\"Escucha este post\" onclick=\"window.open('', '3a960ff395cb7964b5e492b1e692ff59', 'width=600,height=370,scrollbars=yes,location=yes,menubar=yes,resizable=yes,status=yes,toolbar=yes');\">\n\t\t\t\t<div style=\"margin-left:48px; text-align:left;\"><a style=\"font-size:12px;\" href=\"javascript:void(0);\" onclick=\"window.open('', '3a960ff395cb7964b5e492b1e692ff59', 'width=600,height=370,scrollbars=yes,location=yes,menubar=yes,resizable=yes,status=yes,toolbar=yes'); document.getElementById('vozme_form_3a960ff395cb7964b5e492b1e692ff59').submit();\">Escucha<br\/>este post<\/a><\/div>\n\t\t\t<\/div><\/form>","protected":false},"excerpt":{"rendered":"<p>En esta p\u00e1gina se les presentar\u00e1 una serie de videos que anuncian diferentes ideolog\u00edas musicales y puntos de vistas opuestos\u2026Rock vs Reggaet\u00f3n\u2026 Nota: los cr\u00e9ditos de estos videos se los proporcionamos a su neto creador \u201cPowerMetalWarrior\u201d tambi\u00e9n llamado \"Thunderwarrior\" ,\u00a0 hemos adjuntado algunos para que las personas quienes visiten este blog\u00a0 puedan disfrutar de un [&hellip;]<\/p>\n","protected":false},"author":5225,"featured_media":0,"parent":0,"menu_order":7,"comment_status":"open","ping_status":"open","template":"","meta":{"footnotes":""},"class_list":["post-12","page","type-page","status-publish","hentry"],"_links":{"self":[{"href":"https:\/\/blog.espol.edu.ec\/franciscomeza\/wp-json\/wp\/v2\/pages\/12","targetHints":{"allow":["GET"]}}],"collection":[{"href":"https:\/\/blog.espol.edu.ec\/franciscomeza\/wp-json\/wp\/v2\/pages"}],"about":[{"href":"https:\/\/blog.espol.edu.ec\/franciscomeza\/wp-json\/wp\/v2\/types\/page"}],"author":[{"embeddable":true,"href":"https:\/\/blog.espol.edu.ec\/franciscomeza\/wp-json\/wp\/v2\/users\/5225"}],"replies":[{"embeddable":true,"href":"https:\/\/blog.espol.edu.ec\/franciscomeza\/wp-json\/wp\/v2\/comments?post=12"}],"version-history":[{"count":22,"href":"https:\/\/blog.espol.edu.ec\/franciscomeza\/wp-json\/wp\/v2\/pages\/12\/revisions"}],"predecessor-version":[{"id":502,"href":"https:\/\/blog.espol.edu.ec\/franciscomeza\/wp-json\/wp\/v2\/pages\/12\/revisions\/502"}],"wp:attachment":[{"href":"https:\/\/blog.espol.edu.ec\/franciscomeza\/wp-json\/wp\/v2\/media?parent=12"}],"curies":[{"name":"wp","href":"https:\/\/api.w.org\/{rel}","templated":true}]}}