{"id":22,"date":"2010-10-21T19:34:02","date_gmt":"2010-10-21T19:34:02","guid":{"rendered":"http:\/\/blog.espol.edu.ec\/franciscomeza\/?page_id=22"},"modified":"2011-04-13T21:23:46","modified_gmt":"2011-04-13T21:23:46","slug":"reggaetonpart1","status":"publish","type":"page","link":"https:\/\/blog.espol.edu.ec\/franciscomeza\/reggaetonpart1\/","title":{"rendered":"REGGAETON(PARTE 1)"},"content":{"rendered":"<p><script language=\"Javascript\">\ndocument.oncontextmenu = function(){return false}\n<\/script><\/p>\n<p><span class=\"st_twitter_large\"><\/span><span class=\"st_facebook_large\"><\/span><span class=\"st_ybuzz_large\"><\/span><span class=\"st_gbuzz_large\"><\/span><span class=\"st_email_large\"><\/span><span class=\"st_sharethis_large\"><\/span><\/p>\n<p><em><strong>PD: ESTE ARTICULO FUE ESCRITO POR ALLISON GONZALEZ, DAMOS LOS CREDITOS A ELLA<br \/>\n( EN LO PERSONAL MIS AMIGOS TAMBI\u00c9N SABEN QUE NO ES DE MI GUSTO ESTE G\u00c9NERO JAJA).<\/strong><\/em><\/p>\n<p>En la primeras p\u00e1gina ofrecimos fascinante informaci\u00f3n sobre el ROCK para todos ustedes nuestros lectores, pero en esta segunda secci\u00f3n nos dedicaremos a hablar espec\u00edficamente del estilo REGGAET\u00d3N\u2026 pues aqu\u00ed vamos ---&gt;&gt;&gt;&gt;<\/p>\n<p>Aunque sabemos que el Reggae surgi\u00f3 en Jamaica en los a\u00f1os 70 y que con el transcurso del tiempo ha sido mezclado con otros ritmos, El Reggaet\u00f3n se podr\u00eda decir que nace de un intercambio cultural y musical entre Panam\u00e1 y Puerto Rico a partir de los a\u00f1os 80\u2026 pero\u2026 \u00bfqu\u00e9 tipos de comentarios ha desatado este g\u00e9nero a trav\u00e9s de los a\u00f1os? \u00bfEn realidad son todos los j\u00f3venes quienes disfrutan de este g\u00e9nero? \u00bfPor qu\u00e9 califican al Reggaet\u00f3n como la droga que debilita las mentes de los incultos musicales? \u00bfEs cierto que este g\u00e9nero menosprecia a  las mujeres? \u00bfEl Reggaet\u00f3n surgi\u00f3 de continuas copias del Hip Hop y Reggae? \u00bfLos hombres lo disfrutan m\u00e1s? \u00bfLas letras de sus canciones emiten alg\u00fan mensaje? \u00bfInfluye en la formaci\u00f3n de nuevas gangs?, es todo estoreggaet\u00f3n???????.                                                                 <\/p>\n<p>Sin embargo al ser este un g\u00e9nero de muchos qu\u00e9 decir, es importante resaltar de la misma manera que ha sido uno de los ritmos latinos que hace disfrutar a miles de personas en el mundo entero!!!.<\/p>\n<p>Para muchos, quien no recordar\u00e1 la canci\u00f3n \u201cTe ves bien buena\u201d que provoc\u00f3 que miles de personas, j\u00f3venes y adultos disfrutaran a lo m\u00e1ximo en las discotecas, hasta ya no poder m\u00e1s\u2026 <\/p>\n<p><a href=\"http:\/\/blog.espol.edu.ec\/franciscomeza\/files\/2010\/10\/reggaeton.jpg\"><img loading=\"lazy\" decoding=\"async\" src=\"http:\/\/blog.espol.edu.ec\/franciscomeza\/files\/2010\/10\/reggaeton-300x158.jpg\" alt=\"\" title=\"reggaeton\" width=\"500\" height=\"290\" class=\"aligncenter size-medium wp-image-201\" \/><\/a><\/p>\n<p>Todos tenemos una canci\u00f3n en especial que nos ha gustado y con la que de alg\u00fan modo hemos llegado a reflexionar sobre nuestra vida o sobre la de los dem\u00e1s; de esta manera se destaca la espectacular melod\u00eda y letra de la canci\u00f3n \u201cMe acuerdo\u201d de Vico C en el a\u00f1o de 1992. Dicen que\u2026 uno aprende a crecer como persona y concientiza de c\u00f3mo realmente se est\u00e1 actuando cuando escuchas y observas una situaci\u00f3n que de una u otra manera pudiste o puedes enmendar. Es que \u00bfC\u00f3mo pasar desapercibido aquella m\u00fasica donde la letra te impacta y te hace madurar? Es que te ayuda a conservar a dicha persona que tienes a tu lado.<\/p>\n<p><a href=\"http:\/\/blog.espol.edu.ec\/franciscomeza\/files\/2010\/10\/2.jpg\"><img loading=\"lazy\" decoding=\"async\" src=\"http:\/\/blog.espol.edu.ec\/franciscomeza\/files\/2010\/10\/2.jpg\" alt=\"\" title=\"2\" width=\"500\" height=\"290\" class=\"aligncenter size-full wp-image-205\" \/><\/a><\/p>\n<p>Pero no podemos dejar atr\u00e1s a una de las m\u00e1s reconocidas y talentosas cantantes del reggaet\u00f3n. Cuando Ivy Queen lleg\u00f3 a la adolescencia latina, muchas j\u00f3venes llegaron a identificarse con ella, anhelaban poder cantar como ella; con tanta euforia y pasi\u00f3n\u2026 \u00bfQu\u00e9 cantidad de j\u00f3venes no se desataron en una pista de baile o en cualquier lugar donde se encontraban  al escuchar su canci\u00f3n \u201cYo quiero bailar\u201d que  fue un boom en el a\u00f1o 2003  ni\u00f1os, adultos, ancianos todos la escuchamos es que fue un ritmo tan pegajoso que \u00bfC\u00f3mo podr\u00edamos pasarlo por alto?.<\/p>\n<p><a href=\"http:\/\/blog.espol.edu.ec\/franciscomeza\/files\/2010\/10\/31.jpg\"><img loading=\"lazy\" decoding=\"async\" src=\"http:\/\/blog.espol.edu.ec\/franciscomeza\/files\/2010\/10\/31.jpg\" alt=\"\" title=\"3\" width=\"500\" height=\"290\" class=\"aligncenter size-full wp-image-214\" \/><\/a><\/p>\n<p>Sera verdad que el reggaet\u00f3n incentiva gangs?...<br \/>\nSolo s\u00e9 que Daddy Yankee Interpret\u00f3 una pel\u00edcula que se estren\u00f3 en el a\u00f1o 2008 con el famoso \u00e1lbum llamado \u201cTalento de barrio\u201d que habla de c\u00f3mo realmente se vive en barrios donde existe narcotraficantes de droga, pandillas, sicarios; nos ense\u00f1a que la valent\u00eda, el coraje y el empe\u00f1o por destacarte y superarte entre tantos problemas y conflictos son una de los factores principales que te ayudar\u00e1n a alcanzar el \u00e9xito\u2026 As\u00ed nos lo mostr\u00f3 el BiG BOSS, Daddy Yanquee cuando en este filme logra salir adelante por el amor y la dedicaci\u00f3n que tiene por la m\u00fasica, y no solo este famoso cantante; sino muchos m\u00e1s que si bien es cierto han surgido de ambientes como este, y sin embargo su dura ni\u00f1ez y adolescencia han sido su principal motivaci\u00f3n  para su desenvolvimiento profesional.<\/p>\n<p><a href=\"http:\/\/blog.espol.edu.ec\/franciscomeza\/files\/2010\/10\/41.jpg\"><img loading=\"lazy\" decoding=\"async\" src=\"http:\/\/blog.espol.edu.ec\/franciscomeza\/files\/2010\/10\/41.jpg\" alt=\"\" title=\"4\" width=\"500\" height=\"290\" class=\"aligncenter size-full wp-image-212\" \/><\/a><\/p>\n<p>Qu\u00e9 casualidad!!!!, justo cuando muchas parejas a mi alrededor pasaban una dura decepci\u00f3n amorosa se manifiesta la canci\u00f3n de Don Omar \u201cVuelve\u201d en el a\u00f1o 2003. Ese mismo a\u00f1o estando en el concierto me fij\u00e9 que tanto, hombres como mujeres lloraban escuchando esta canci\u00f3n, y me preguntaba a m\u00ed mismo , \u00bfLos autores de estas canciones habr\u00e1n sufrido o vivido alegr\u00edas y decepciones como lo dicen las letras de sus canciones,  o simplemente se sumergen en la realidad del mundo que los rodea, para poder expresar que no todas las personas son ciegas o sordas ante estas situaciones; y que de igual manera los apoyan y esperan que con sus canciones puedan desahogar esa tristeza que los invade?????<\/p>\n<p><a href=\"http:\/\/blog.espol.edu.ec\/franciscomeza\/files\/2010\/10\/5.jpg\"><img loading=\"lazy\" decoding=\"async\" src=\"http:\/\/blog.espol.edu.ec\/franciscomeza\/files\/2010\/10\/5.jpg\" alt=\"\" title=\"5\" width=\"500\" height=\"290\" class=\"aligncenter size-full wp-image-216\" \/><\/a><\/p>\n<p>Este g\u00e9nero no tan solo se ha caracterizado por hacer de los bailes algo m\u00e1s sexy, excitante o indispensable en las discotecas por los ritmos y las letras que cada canci\u00f3n posee\u2026 sino que adem\u00e1s se ha caracterizado por  un estilo especial en la forma de vestir, hablar y caminar que cada uno de sus cantantes posee; de esta manera podemos  encontrar a ni\u00f1os, j\u00f3venes, adultos e inclusive ancianos tratando de imitar su forma de comportarse y vestir.<\/p>\n<p><a href=\"http:\/\/blog.espol.edu.ec\/franciscomeza\/files\/2010\/10\/6.jpg\"><img loading=\"lazy\" decoding=\"async\" src=\"http:\/\/blog.espol.edu.ec\/franciscomeza\/files\/2010\/10\/6.jpg\" alt=\"\" title=\"6\" width=\"500\" height=\"290\" class=\"aligncenter size-full wp-image-218\" \/><\/a><\/p>\n<p>Pero como olvidarnos de Rakim &amp; Ken Y, el d\u00fao inigualable de reggaet\u00f3n rom\u00e1ntico, que en sus conciertos logran sacar l\u00e1grimas a m\u00e1s de una chica, que a pesar de deleitarse con su m\u00fasica, se deleitan por sus bailes, sus piropos. Es ah\u00ed cuando los chicos que acompa\u00f1an a su pareja a sus conciertos y recitales expresan: \u201ces en los conciertos donde nos quieren dejar por ellos\u201d. Es que su \u00e1lbum Royalty\/La Realeza que incluye uno de sus \u00e9xitos \u201cTe regalo amores\u201d lanzado en el a\u00f1o 2008 ha sido el perfecto motivo para millones de serenatas y dedicatorias de   amor.<\/p>\n<p><a href=\"http:\/\/blog.espol.edu.ec\/franciscomeza\/files\/2010\/10\/7.jpg\"><img loading=\"lazy\" decoding=\"async\" src=\"http:\/\/blog.espol.edu.ec\/franciscomeza\/files\/2010\/10\/7.jpg\" alt=\"\" title=\"7\" width=\"500\" height=\"290\" class=\"aligncenter size-full wp-image-220\" \/><\/a><\/p>\n<p>Uno de los \u00faltimos y mas sonados cantantes, aquellos que nos ponen a bailar, sudar, en las fiestas... \u00bfDe qui\u00e9nes estamos hablando? Claro de Wisin &amp;Yandel, es que con sus m\u00fasicas se nos eriza la piel. Recuerdo a los chicos manejando sus carros, con los parlantes a todo volumen, exponiendo la  m\u00fasica  \u201cPegao\u201d es que de verdad se pega a tus sentidos, te saca movimientos que ni t\u00fa te lo crees. Este d\u00fao din\u00e1mico te pone realmente a disfrutar de sus canciones,  a bailar sin miedo hasta romper el suelo.<\/p>\n<p><a href=\"http:\/\/blog.espol.edu.ec\/franciscomeza\/files\/2010\/10\/8.jpg\"><img loading=\"lazy\" decoding=\"async\" src=\"http:\/\/blog.espol.edu.ec\/franciscomeza\/files\/2010\/10\/8.jpg\" alt=\"\" title=\"8\" width=\"500\" height=\"290\" class=\"aligncenter size-full wp-image-222\" \/><\/a><\/p>\n<p>Pero como olvidarnos de las famosas \u201cTiraderas\u201d, y como uno de los principales est\u00e1 Arc\u00e1ngel, aquel que aparte de haberse destacado en el reggaet\u00f3n, tambi\u00e9n se ha destacado en  las tiraderas m\u00e1s espectaculares expuestas la mayor\u00eda en sus conciertos, como olvidar el concierto que dio en Puerto Rico, donde dedico una tiradera a Polaco\u2026 inclusive lleg\u00f3 a desatarse una pelea entre estos dos famosos reggaetoneros; fue incre\u00edble la reacci\u00f3n que tuvieron ambos, y esto se puso mucho mejor cuando los guardaespaldas de Arc\u00e1ngel subieron al escenario para defenderlo; nadie se lo esperaba\u2026 y es que Polaco era mucho m\u00e1s grande, y era necesario que los guardaespaldas de Arc\u00e1ngel lo ayudaran\u2026<br \/>\nA muchos nos pareci\u00f3 gracioso =) pero interesante a la vez\u2026                                                                 <\/p>\n<p><a href=\"http:\/\/blog.espol.edu.ec\/franciscomeza\/files\/2010\/10\/9.jpg\"><img loading=\"lazy\" decoding=\"async\" src=\"http:\/\/blog.espol.edu.ec\/franciscomeza\/files\/2010\/10\/9.jpg\" alt=\"\" title=\"9\" width=\"500\" height=\"290\" class=\"aligncenter size-full wp-image-224\" \/><\/a><\/p>\n<p>No olvidemos que hoy en d\u00eda nuestros famosos reggaetoneros optan por hacer espectaculares remix, no tan solo con otros colegas o artistas de este mismo g\u00e9nero, ellos han preferido crear fascinantes duetos con cantautores o cantautoras de baladas, como es el caso de Daddy Yankee ft Luis Fonsi, con su tema Una Oportunidad;  y otro como lo es el tema La Despedida de Daddy Yankee feat Sami Cultura.<\/p>\n<p><a href=\"http:\/\/blog.espol.edu.ec\/franciscomeza\/files\/2010\/10\/10.jpg\"><img loading=\"lazy\" decoding=\"async\" src=\"http:\/\/blog.espol.edu.ec\/franciscomeza\/files\/2010\/10\/10.jpg\" alt=\"\" title=\"10\" width=\"500\" height=\"290\" class=\"aligncenter size-full wp-image-226\" \/><\/a><\/p>\n<p><em><strong>AQUI ALGO DE BUEN REGGAETON---&gt;&gt;<\/strong><\/em><\/p>\n<p><img loading=\"lazy\" decoding=\"async\" style=\"width:0px;height:0px\" border=\"0\" width=\"0\" height=\"0\" src=\"http:\/\/c.gigcount.com\/wildfire\/IMP\/CXNID=2000002.0NXC\/bT*xJmx*PTEyOTgwMTQ5NDc4MjgmcHQ9MTI5ODAxNDk1MTQ2OCZwPTE4MDMxJmQ9Jmc9MSZvPTdkOTczMGYzMWY1NTQ1ZTFiNTgw\/NmI*YjhjOWRiNjZi.gif\" \/><embed src=\"http:\/\/assets.mixpod.com\/swf\/mp3\/mff-touch.swf?myid=77367760&amp;path=2011\/02\/18\" flashvars=\"mycolor=000000&amp;mycolor2=0267CA&amp;mycolor3=FFFFFF&amp;autoplay=true&amp;rand=1&amp;f=4&amp;vol=100&amp;pat=0&amp;grad=false\" width=\"235\" height=\"390\" type=\"application\/x-shockwave-flash\" style=\"width:235px;height:390px\" \/><br \/><a href=\"http:\/\/www.mixpod.com\/playlist\/77367760\" target=\"_blank\"><img decoding=\"async\" src=\"http:\/\/assets.myflashfetish.com\/images\/get-tracks.gif\" title=\"Get Music Tracks!\" style=\"border-style:none\" alt=\"Music\"><\/a><a href=\"http:\/\/www.mixpod.com\" target=\"_blank\"><img decoding=\"async\" src=\"http:\/\/assets.mixpod.com\/images\/make-own.gif\" title=\"Create A Playlist!\" style=\"border-style:none\" alt=\"Playlist\"><\/a><br \/><a href=\"http:\/\/mixpod.com\">Music<\/a> <a href=\"http:\/\/mixpod.com\">Playlist<\/a> at <a href=\"http:\/\/mixpod.com\">MixPod.com<\/a><\/p>\n<p><!-- inicio codigo contador --><a href=\"http:\/\/contador-de-visitas.com\"><img decoding=\"async\" style=\"border: 0px solid\" alt=\"contador de visitas\" src=\"http:\/\/contador-de-visitas.com\/hit.php?id=583939&amp;counter=19\"><\/a><br \/><a href=\"http:\/\/contador-de-visitas.com\">contador de visitas<\/a><!-- fin codigo contador --><\/p>\n<form id=\"vozme_form_279baf116d129e5c7917d660e913b305\" method=\"post\" name=\"vozme_form_279baf116d129e5c7917d660e913b305\" target=\"279baf116d129e5c7917d660e913b305\" action=\"http:\/\/vozme.com\/text2voice.php\"><input name=\"text\" type=\"hidden\" value=\"REGGAETON(PARTE 1). \ndocument.oncontextmenu = function(){return false}\n\n\nPD: ESTE ARTICULO FUE ESCRITO POR ALLISON GONZALEZ, DAMOS LOS CREDITOS A ELLA\n( EN LO PERSONAL MIS AMIGOS TAMBI\u00c9N SABEN QUE NO ES DE MI GUSTO ESTE G\u00c9NERO JAJA).\nEn la primeras p\u00e1gina ofrecimos fascinante informaci\u00f3n sobre el ROCK para todos ustedes nuestros lectores, pero en esta segunda secci\u00f3n nos dedicaremos a hablar espec\u00edficamente del estilo REGGAET\u00d3N\u2026 pues aqu\u00ed vamos ---&gt;&gt;&gt;&gt;\nAunque sabemos que el Reggae surgi\u00f3 en Jamaica en los a\u00f1os 70 y que con el transcurso del tiempo ha sido mezclado con otros ritmos, El Reggaet\u00f3n se podr\u00eda decir que nace de un intercambio cultural y musical entre Panam\u00e1 y Puerto Rico a partir de los a\u00f1os 80\u2026 pero\u2026 \u00bfqu\u00e9 tipos de comentarios ha desatado este g\u00e9nero a trav\u00e9s de los a\u00f1os? \u00bfEn realidad son todos los j\u00f3venes quienes disfrutan de este g\u00e9nero? \u00bfPor qu\u00e9 califican al Reggaet\u00f3n como la droga que debilita las mentes de los incultos musicales? \u00bfEs cierto que este g\u00e9nero menosprecia a  las mujeres? \u00bfEl Reggaet\u00f3n surgi\u00f3 de continuas copias del Hip Hop y Reggae? \u00bfLos hombres lo disfrutan m\u00e1s? \u00bfLas letras de sus canciones emiten alg\u00fan mensaje? \u00bfInfluye en la formaci\u00f3n de nuevas gangs?, es todo estoreggaet\u00f3n???????.                                                                 \nSin embargo al ser este un g\u00e9nero de muchos qu\u00e9 decir, es importante resaltar de la misma manera que ha sido uno de los ritmos latinos que hace disfrutar a miles de personas en el mundo entero!!!.\nPara muchos, quien no recordar\u00e1 la canci\u00f3n \u201cTe ves bien buena\u201d que provoc\u00f3 que miles de personas, j\u00f3venes y adultos disfrutaran a lo m\u00e1ximo en las discotecas, hasta ya no poder m\u00e1s\u2026 \n\nTodos tenemos una canci\u00f3n en especial que nos ha gustado y con la que de alg\u00fan modo hemos llegado a reflexionar sobre nuestra vida o sobre la de los dem\u00e1s; de esta manera se destaca la espectacular melod\u00eda y letra de la canci\u00f3n \u201cMe acuerdo\u201d de Vico C en el a\u00f1o de 1992. Dicen que\u2026 uno aprende a crecer como persona y concientiza de c\u00f3mo realmente se est\u00e1 actuando cuando escuchas y observas una situaci\u00f3n que de una u otra manera pudiste o puedes enmendar. Es que \u00bfC\u00f3mo pasar desapercibido aquella m\u00fasica donde la letra te impacta y te hace madurar? Es que te ayuda a conservar a dicha persona que tienes a tu lado.\n\nPero no podemos dejar atr\u00e1s a una de las m\u00e1s reconocidas y talentosas cantantes del reggaet\u00f3n. Cuando Ivy Queen lleg\u00f3 a la adolescencia latina, muchas j\u00f3venes llegaron a identificarse con ella, anhelaban poder cantar como ella; con tanta euforia y pasi\u00f3n\u2026 \u00bfQu\u00e9 cantidad de j\u00f3venes no se desataron en una pista de baile o en cualquier lugar donde se encontraban  al escuchar su canci\u00f3n \u201cYo quiero bailar\u201d que  fue un boom en el a\u00f1o 2003  ni\u00f1os, adultos, ancianos todos la escuchamos es que fue un ritmo tan pegajoso que \u00bfC\u00f3mo podr\u00edamos pasarlo por alto?.\n\nSera verdad que el reggaet\u00f3n incentiva gangs?...\nSolo s\u00e9 que Daddy Yankee Interpret\u00f3 una pel\u00edcula que se estren\u00f3 en el a\u00f1o 2008 con el famoso \u00e1lbum llamado \u201cTalento de barrio\u201d que habla de c\u00f3mo realmente se vive en barrios donde existe narcotraficantes de droga, pandillas, sicarios; nos ense\u00f1a que la valent\u00eda, el coraje y el empe\u00f1o por destacarte y superarte entre tantos problemas y conflictos son una de los factores principales que te ayudar\u00e1n a alcanzar el \u00e9xito\u2026 As\u00ed nos lo mostr\u00f3 el BiG BOSS, Daddy Yanquee cuando en este filme logra salir adelante por el amor y la dedicaci\u00f3n que tiene por la m\u00fasica, y no solo este famoso cantante; sino muchos m\u00e1s que si bien es cierto han surgido de ambientes como este, y sin embargo su dura ni\u00f1ez y adolescencia han sido su principal motivaci\u00f3n  para su desenvolvimiento profesional.\n\nQu\u00e9 casualidad!!!!, justo cuando muchas parejas a mi alrededor pasaban una dura decepci\u00f3n amorosa se manifiesta la canci\u00f3n de Don Omar \u201cVuelve\u201d en el a\u00f1o 2003. Ese mismo a\u00f1o estando en el concierto me fij\u00e9 que tanto, hombres como mujeres lloraban escuchando esta canci\u00f3n, y me preguntaba a m\u00ed mismo , \u00bfLos autores de estas canciones habr\u00e1n sufrido o vivido alegr\u00edas y decepciones como lo dicen las letras de sus canciones,  o simplemente se sumergen en la realidad del mundo que los rodea, para poder expresar que no todas las personas son ciegas o sordas ante estas situaciones; y que de igual manera los apoyan y esperan que con sus canciones puedan desahogar esa tristeza que los invade?????\n\nEste g\u00e9nero no tan solo se ha caracterizado por hacer de los bailes algo m\u00e1s sexy, excitante o indispensable en las discotecas por los ritmos y las letras que cada canci\u00f3n posee\u2026 sino que adem\u00e1s se ha caracterizado por  un estilo especial en la forma de vestir, hablar y caminar que cada uno de sus cantantes posee; de esta manera podemos  encontrar a ni\u00f1os, j\u00f3venes, adultos e inclusive ancianos tratando de imitar su forma de comportarse y vestir.\n\nPero como olvidarnos de Rakim &amp; Ken Y, el d\u00fao inigualable de reggaet\u00f3n rom\u00e1ntico, que en sus conciertos logran sacar l\u00e1grimas a m\u00e1s de una chica, que a pesar de deleitarse con su m\u00fasica, se deleitan por sus bailes, sus piropos. Es ah\u00ed cuando los chicos que acompa\u00f1an a su pareja a sus conciertos y recitales expresan: \u201ces en los conciertos donde nos quieren dejar por ellos\u201d. Es que su \u00e1lbum Royalty\/La Realeza que incluye uno de sus \u00e9xitos \u201cTe regalo amores\u201d lanzado en el a\u00f1o 2008 ha sido el perfecto motivo para millones de serenatas y dedicatorias de   amor.\n\nUno de los \u00faltimos y mas sonados cantantes, aquellos que nos ponen a bailar, sudar, en las fiestas... \u00bfDe qui\u00e9nes estamos hablando? Claro de Wisin &amp;Yandel, es que con sus m\u00fasicas se nos eriza la piel. Recuerdo a los chicos manejando sus carros, con los parlantes a todo volumen, exponiendo la  m\u00fasica  \u201cPegao\u201d es que de verdad se pega a tus sentidos, te saca movimientos que ni t\u00fa te lo crees. Este d\u00fao din\u00e1mico te pone realmente a disfrutar de sus canciones,  a bailar sin miedo hasta romper el suelo.\n\nPero como olvidarnos de las famosas \u201cTiraderas\u201d, y como uno de los principales est\u00e1 Arc\u00e1ngel, aquel que aparte de haberse destacado en el reggaet\u00f3n, tambi\u00e9n se ha destacado en  las tiraderas m\u00e1s espectaculares expuestas la mayor\u00eda en sus conciertos, como olvidar el concierto que dio en Puerto Rico, donde dedico una tiradera a Polaco\u2026 inclusive lleg\u00f3 a desatarse una pelea entre estos dos famosos reggaetoneros; fue incre\u00edble la reacci\u00f3n que tuvieron ambos, y esto se puso mucho mejor cuando los guardaespaldas de Arc\u00e1ngel subieron al escenario para defenderlo; nadie se lo esperaba\u2026 y es que Polaco era mucho m\u00e1s grande, y era necesario que los guardaespaldas de Arc\u00e1ngel lo ayudaran\u2026\nA muchos nos pareci\u00f3 gracioso =) pero interesante a la vez\u2026                                                                 \n\nNo olvidemos que hoy en d\u00eda nuestros famosos reggaetoneros optan por hacer espectaculares remix, no tan solo con otros colegas o artistas de este mismo g\u00e9nero, ellos han preferido crear fascinantes duetos con cantautores o cantautoras de baladas, como es el caso de Daddy Yankee ft Luis Fonsi, con su tema Una Oportunidad;  y otro como lo es el tema La Despedida de Daddy Yankee feat Sami Cultura.\n\nAQUI ALGO DE BUEN REGGAETON---&gt;&gt;\nMusic Playlist at MixPod.com\ncontador de visitas\n\" \/><input name=\"lang\" type=\"hidden\" value=\"es\" \/><input name=\"gn\" type=\"hidden\" value=\"ml\" \/><input type=\"hidden\" id=\"interface\" name=\"interface\" value=\"full\" \/>\n\t\t\t<div style=\"margin-left:40%;\">\n\t\t\t\n\t\t\t\t<input style=\"float:left;\" type=\"image\" width=\"40\" height=\"40\" src=\"http:\/\/blog.espol.edu.ec\/franciscomeza\/wp-content\/plugins\/vozme\/img\/megaphone40x40w.gif\" alt=\"Escucha este post\" onclick=\"window.open('', '279baf116d129e5c7917d660e913b305', 'width=600,height=370,scrollbars=yes,location=yes,menubar=yes,resizable=yes,status=yes,toolbar=yes');\">\n\t\t\t\t<div style=\"margin-left:48px; text-align:left;\"><a style=\"font-size:12px;\" href=\"javascript:void(0);\" onclick=\"window.open('', '279baf116d129e5c7917d660e913b305', 'width=600,height=370,scrollbars=yes,location=yes,menubar=yes,resizable=yes,status=yes,toolbar=yes'); document.getElementById('vozme_form_279baf116d129e5c7917d660e913b305').submit();\">Escucha<br\/>este post<\/a><\/div>\n\t\t\t<\/div><\/form>","protected":false},"excerpt":{"rendered":"<p>PD: ESTE ARTICULO FUE ESCRITO POR ALLISON GONZALEZ, DAMOS LOS CREDITOS A ELLA ( EN LO PERSONAL MIS AMIGOS TAMBI\u00c9N SABEN QUE NO ES DE MI GUSTO ESTE G\u00c9NERO JAJA). En la primeras p\u00e1gina ofrecimos fascinante informaci\u00f3n sobre el ROCK para todos ustedes nuestros lectores, pero en esta segunda secci\u00f3n nos dedicaremos a hablar espec\u00edficamente [&hellip;]<\/p>\n","protected":false},"author":5225,"featured_media":0,"parent":0,"menu_order":5,"comment_status":"open","ping_status":"open","template":"","meta":{"footnotes":""},"class_list":["post-22","page","type-page","status-publish","hentry"],"_links":{"self":[{"href":"https:\/\/blog.espol.edu.ec\/franciscomeza\/wp-json\/wp\/v2\/pages\/22","targetHints":{"allow":["GET"]}}],"collection":[{"href":"https:\/\/blog.espol.edu.ec\/franciscomeza\/wp-json\/wp\/v2\/pages"}],"about":[{"href":"https:\/\/blog.espol.edu.ec\/franciscomeza\/wp-json\/wp\/v2\/types\/page"}],"author":[{"embeddable":true,"href":"https:\/\/blog.espol.edu.ec\/franciscomeza\/wp-json\/wp\/v2\/users\/5225"}],"replies":[{"embeddable":true,"href":"https:\/\/blog.espol.edu.ec\/franciscomeza\/wp-json\/wp\/v2\/comments?post=22"}],"version-history":[{"count":52,"href":"https:\/\/blog.espol.edu.ec\/franciscomeza\/wp-json\/wp\/v2\/pages\/22\/revisions"}],"predecessor-version":[{"id":591,"href":"https:\/\/blog.espol.edu.ec\/franciscomeza\/wp-json\/wp\/v2\/pages\/22\/revisions\/591"}],"wp:attachment":[{"href":"https:\/\/blog.espol.edu.ec\/franciscomeza\/wp-json\/wp\/v2\/media?parent=22"}],"curies":[{"name":"wp","href":"https:\/\/api.w.org\/{rel}","templated":true}]}}