{"id":346,"date":"2011-02-20T18:06:21","date_gmt":"2011-02-20T18:06:21","guid":{"rendered":"http:\/\/blog.espol.edu.ec\/franciscomeza\/?page_id=346"},"modified":"2011-03-07T03:04:10","modified_gmt":"2011-03-07T03:04:10","slug":"bandas-significativas-desde-argentina","status":"publish","type":"page","link":"https:\/\/blog.espol.edu.ec\/franciscomeza\/bandas-significativas-desde-argentina\/","title":{"rendered":"Bandas sigNificativas( desde Argentina)..."},"content":{"rendered":"<p><span class=\"st_twitter_large\"><\/span><span class=\"st_facebook_large\"><\/span><span class=\"st_ybuzz_large\"><\/span><span class=\"st_gbuzz_large\"><\/span><span class=\"st_email_large\"><\/span><span class=\"st_sharethis_large\"><\/span><\/p>\n<p>Hola a todos, soy Mariano Reimondez pertenezco a la Republica Argentina, leyendo y pasando por aqu\u00ed en la p\u00e1gina de mi amigo francisco, quise dar a conocer mi opini\u00f3n acerca del Rock tradicional en mi pa\u00eds(Argentina), d\u00e1ndole un enfoque a mi parecer adecuado espero que las opiniones vertidas sean con el fin de mejorar o complementar mis pensamientos. Y si alguno piensa contrario a mi pues \u00a1qu\u00e9 bien! , me gustar\u00eda tambi\u00e9n escuchar o leer una articulaci\u00f3n de el\/ella\/ellos y as\u00ed aprender algo nuevo, sin m\u00e1s que decir espero les guste mi humilde opini\u00f3n respecto al Rock en Argentina, aqu\u00ed comenzamos--&gt;&gt;<\/p>\n<p><a href=\"http:\/\/blog.espol.edu.ec\/franciscomeza\/files\/2011\/02\/rock-argentino.jpg\"><img loading=\"lazy\" decoding=\"async\" src=\"http:\/\/blog.espol.edu.ec\/franciscomeza\/files\/2011\/02\/rock-argentino.jpg\" alt=\"\" title=\"rock argentino\" width=\"500\" height=\"290\" class=\"aligncenter size-full wp-image-349\" \/><\/a><\/p>\n<p>Bueno, en lo que a m\u00ed respecta, la m\u00fasica nacional ha deca\u00eddo mucho en los \u00faltimos a\u00f1os, y realmente no me atrae mucho (lo que no quiere decir que algunas bandas no sean buenas), soy de aquellos que escuchan canciones de los 70\u00b4 80\u00b4 y principios de los 90\u00b4.<\/p>\n<p>Creo que una de las mejores etapas del rock nacional fueron en los 80 donde hubo grandes bandas como: Seru Giran, Los abuelos de la nada, Virus, Los Enanitos Verdes, Soda Stereo,  Luis Alberto Spinetta (tanto solista como en grupo), y tambi\u00e9n Charly Garc\u00eda.<\/p>\n<p>Estas antiguas bandas ten\u00edan otro tipo de enfoque con las canciones, se intentaba cambiar algo, e iban con dirigidas con alg\u00fan significado.<br \/>\nCada una de estas bandas ten\u00eda algo especial; Seru Giran con su gran cantidad de arreglos, y m\u00fasicos de gran porte, (una de las mejores y m\u00e1s equilibradas en mi opini\u00f3n). Virus y Soda Stereo tal vez con una visi\u00f3n m\u00e1s surrealista, al igual que Luis Alberto Spinetta. Y los Enanitos Verdes con canciones tal vez un poco m\u00e1s pegadizas  y moviditas. (Como para bailar)<\/p>\n<p>Algunas de  las canciones m\u00e1s geniales de esa \u00e9poca seria:<\/p>\n<p>Canci\u00f3n de Alicia en el Pa\u00eds (Seru Giran)<br \/>\nDe M\u00fasica Ligera (Soda Stereo)<br \/>\nPronta Entrega (Virus)<br \/>\nLa muralla Verde (Los Enanitos Verdes )<br \/>\nBarro Tal Vez (L.A Spinetta)<br \/>\nInconsciente Colectivo (Charly Garc\u00eda)<br \/>\nMil Horas (Los abuelos de la nada)<\/p>\n<p>Puede que haya muchas m\u00e1s canciones y bandas que me haya olvidado, pero solo quer\u00eda hacer una breve menci\u00f3n de lo que a mi parecer, son algunas de las agrupaciones m\u00e1s importantes del rock nacional argentino.<\/p>\n<p><!-- inicio codigo contador --><a href=\"http:\/\/contador-de-visitas.com\"><img decoding=\"async\" style=\"border: 0px solid\" alt=\"contador de visitas\" src=\"http:\/\/contador-de-visitas.com\/hit.php?id=583939&amp;counter=19\"><\/a><br \/><a href=\"http:\/\/contador-de-visitas.com\">contador de visitas<\/a><!-- fin codigo contador --><\/p>\n<form id=\"vozme_form_eb71104862a8501580ddd8a0e342d40a\" method=\"post\" name=\"vozme_form_eb71104862a8501580ddd8a0e342d40a\" target=\"eb71104862a8501580ddd8a0e342d40a\" action=\"http:\/\/vozme.com\/text2voice.php\"><input name=\"text\" type=\"hidden\" value=\"Bandas sigNificativas( desde Argentina).... \nHola a todos, soy Mariano Reimondez pertenezco a la Republica Argentina, leyendo y pasando por aqu\u00ed en la p\u00e1gina de mi amigo francisco, quise dar a conocer mi opini\u00f3n acerca del Rock tradicional en mi pa\u00eds(Argentina), d\u00e1ndole un enfoque a mi parecer adecuado espero que las opiniones vertidas sean con el fin de mejorar o complementar mis pensamientos. Y si alguno piensa contrario a mi pues \u00a1qu\u00e9 bien! , me gustar\u00eda tambi\u00e9n escuchar o leer una articulaci\u00f3n de el\/ella\/ellos y as\u00ed aprender algo nuevo, sin m\u00e1s que decir espero les guste mi humilde opini\u00f3n respecto al Rock en Argentina, aqu\u00ed comenzamos--&gt;&gt;\n\nBueno, en lo que a m\u00ed respecta, la m\u00fasica nacional ha deca\u00eddo mucho en los \u00faltimos a\u00f1os, y realmente no me atrae mucho (lo que no quiere decir que algunas bandas no sean buenas), soy de aquellos que escuchan canciones de los 70\u00b4 80\u00b4 y principios de los 90\u00b4.\nCreo que una de las mejores etapas del rock nacional fueron en los 80 donde hubo grandes bandas como: Seru Giran, Los abuelos de la nada, Virus, Los Enanitos Verdes, Soda Stereo,  Luis Alberto Spinetta (tanto solista como en grupo), y tambi\u00e9n Charly Garc\u00eda.\nEstas antiguas bandas ten\u00edan otro tipo de enfoque con las canciones, se intentaba cambiar algo, e iban con dirigidas con alg\u00fan significado.\nCada una de estas bandas ten\u00eda algo especial; Seru Giran con su gran cantidad de arreglos, y m\u00fasicos de gran porte, (una de las mejores y m\u00e1s equilibradas en mi opini\u00f3n). Virus y Soda Stereo tal vez con una visi\u00f3n m\u00e1s surrealista, al igual que Luis Alberto Spinetta. Y los Enanitos Verdes con canciones tal vez un poco m\u00e1s pegadizas  y moviditas. (Como para bailar)\nAlgunas de  las canciones m\u00e1s geniales de esa \u00e9poca seria:\nCanci\u00f3n de Alicia en el Pa\u00eds (Seru Giran)\nDe M\u00fasica Ligera (Soda Stereo)\nPronta Entrega (Virus)\nLa muralla Verde (Los Enanitos Verdes )\nBarro Tal Vez (L.A Spinetta)\nInconsciente Colectivo (Charly Garc\u00eda)\nMil Horas (Los abuelos de la nada)\nPuede que haya muchas m\u00e1s canciones y bandas que me haya olvidado, pero solo quer\u00eda hacer una breve menci\u00f3n de lo que a mi parecer, son algunas de las agrupaciones m\u00e1s importantes del rock nacional argentino.\ncontador de visitas\n\" \/><input name=\"lang\" type=\"hidden\" value=\"es\" \/><input name=\"gn\" type=\"hidden\" value=\"ml\" \/><input type=\"hidden\" id=\"interface\" name=\"interface\" value=\"full\" \/>\n\t\t\t<div style=\"margin-left:40%;\">\n\t\t\t\n\t\t\t\t<input style=\"float:left;\" type=\"image\" width=\"40\" height=\"40\" src=\"http:\/\/blog.espol.edu.ec\/franciscomeza\/wp-content\/plugins\/vozme\/img\/megaphone40x40w.gif\" alt=\"Escucha este post\" onclick=\"window.open('', 'eb71104862a8501580ddd8a0e342d40a', 'width=600,height=370,scrollbars=yes,location=yes,menubar=yes,resizable=yes,status=yes,toolbar=yes');\">\n\t\t\t\t<div style=\"margin-left:48px; text-align:left;\"><a style=\"font-size:12px;\" href=\"javascript:void(0);\" onclick=\"window.open('', 'eb71104862a8501580ddd8a0e342d40a', 'width=600,height=370,scrollbars=yes,location=yes,menubar=yes,resizable=yes,status=yes,toolbar=yes'); document.getElementById('vozme_form_eb71104862a8501580ddd8a0e342d40a').submit();\">Escucha<br\/>este post<\/a><\/div>\n\t\t\t<\/div><\/form>","protected":false},"excerpt":{"rendered":"<p>Hola a todos, soy Mariano Reimondez pertenezco a la Republica Argentina, leyendo y pasando por aqu\u00ed en la p\u00e1gina de mi amigo francisco, quise dar a conocer mi opini\u00f3n acerca del Rock tradicional en mi pa\u00eds(Argentina), d\u00e1ndole un enfoque a mi parecer adecuado espero que las opiniones vertidas sean con el fin de mejorar o [&hellip;]<\/p>\n","protected":false},"author":5225,"featured_media":0,"parent":0,"menu_order":9,"comment_status":"open","ping_status":"open","template":"","meta":{"footnotes":""},"class_list":["post-346","page","type-page","status-publish","hentry"],"_links":{"self":[{"href":"https:\/\/blog.espol.edu.ec\/franciscomeza\/wp-json\/wp\/v2\/pages\/346","targetHints":{"allow":["GET"]}}],"collection":[{"href":"https:\/\/blog.espol.edu.ec\/franciscomeza\/wp-json\/wp\/v2\/pages"}],"about":[{"href":"https:\/\/blog.espol.edu.ec\/franciscomeza\/wp-json\/wp\/v2\/types\/page"}],"author":[{"embeddable":true,"href":"https:\/\/blog.espol.edu.ec\/franciscomeza\/wp-json\/wp\/v2\/users\/5225"}],"replies":[{"embeddable":true,"href":"https:\/\/blog.espol.edu.ec\/franciscomeza\/wp-json\/wp\/v2\/comments?post=346"}],"version-history":[{"count":8,"href":"https:\/\/blog.espol.edu.ec\/franciscomeza\/wp-json\/wp\/v2\/pages\/346\/revisions"}],"predecessor-version":[{"id":504,"href":"https:\/\/blog.espol.edu.ec\/franciscomeza\/wp-json\/wp\/v2\/pages\/346\/revisions\/504"}],"wp:attachment":[{"href":"https:\/\/blog.espol.edu.ec\/franciscomeza\/wp-json\/wp\/v2\/media?parent=346"}],"curies":[{"name":"wp","href":"https:\/\/api.w.org\/{rel}","templated":true}]}}