{"id":364,"date":"2011-02-20T19:26:20","date_gmt":"2011-02-20T19:26:20","guid":{"rendered":"http:\/\/blog.espol.edu.ec\/franciscomeza\/?page_id=364"},"modified":"2011-02-20T19:46:14","modified_gmt":"2011-02-20T19:46:14","slug":"cual-es-el-tema-del-blog","status":"publish","type":"page","link":"https:\/\/blog.espol.edu.ec\/franciscomeza\/cual-es-el-tema-del-blog\/","title":{"rendered":"Cu\u00e1l es el tema del Blog??"},"content":{"rendered":"<p><strong>ROCKK VS REGGAETON???...<\/strong><\/p>\n<div id=\"attachment_76\" style=\"width: 545px\" class=\"wp-caption aligncenter\"><a href=\"http:\/\/blog.espol.edu.ec\/franciscomeza\/files\/2010\/10\/XCVX.jpg\"><img loading=\"lazy\" decoding=\"async\" aria-describedby=\"caption-attachment-76\" src=\"http:\/\/blog.espol.edu.ec\/franciscomeza\/files\/2010\/10\/XCVX.jpg\" alt=\"\" title=\"CUAL PREFIERES VOS??\" width=\"500\" height=\"290\" class=\"size-full wp-image-76\" \/><\/a><p id=\"caption-attachment-76\" class=\"wp-caption-text\">SIMPLE ELECCION MUSICAL!!...ES TU TURNO DECIDETE!!!...<\/p><\/div>\n<p><strong><em>\u00bfQui\u00e9n soy yo?...<\/em><\/strong><\/p>\n<p>Saludos a todos, se presenta su amigo Francisco Meza, esperando este blog les\u00a0proporcione mucha\u00a0 informaci\u00f3n relacionada a miles de preguntas que ignoramos \u00a0y que nos formulamos a diario....<\/p>\n<p><strong><em>\u00bfPor qu\u00e9 eleg\u00ed este tema??...<\/em><\/strong><\/p>\n<p>Bien despu\u00e9s de formularme muchas preguntas y pensar en un sinf\u00edn de temas para exponer en mi blog, borrar y reescribir en un sin n\u00famero de ocasiones lo ya elegido, me puse como meta obtener un titulo, el cual me guste y a su vez motive al lector a emitir su comentario respecto al mismo\u2026<br \/>\n\u00bfRock vs Reggaet\u00f3n? \u2026Luego de ingresar a m\u00faltiples foros en donde estoy logeado y pedir consejos, este fue el tema que mas lleno mis expectativas debido a la diversidad de comentarios  que pueden generarse e ideolog\u00edas musicales que existen en el planeta y primordialmente en la actualidad...<\/p>\n<p>Aqu\u00ed comenzamos --&gt;&gt;<\/p>\n<p><strong><em>....\u00bfRock vs Reggaeton?....<\/em><\/strong><\/p>\n<p>Este es un debate que se mantiene actualmente entre los seguidores de dichos g\u00e9neros, apuntando hacia determinados gustos particulares cada persona busca manifestarse de la manera que quiere\u2026<br \/>\nHay muchas preguntas derivadas de este mismo tema que podr\u00edamos formularnos, he aqu\u00ed tu espacio mediante en el cual podr\u00e1s expresarte y expresarle al mundo tus argumentos del porque te gusta o no te gusta alguno de los dos estilos musicales propuestos en este blog\u2026<\/p>\n<form id=\"vozme_form_a0667090941e13c22e0ab0e170227631\" method=\"post\" name=\"vozme_form_a0667090941e13c22e0ab0e170227631\" target=\"a0667090941e13c22e0ab0e170227631\" action=\"http:\/\/vozme.com\/text2voice.php\"><input name=\"text\" type=\"hidden\" value=\"Cu\u00e1l es el tema del Blog??. ROCKK VS REGGAETON???...\n[caption id=&quot;attachment_76&quot; align=&quot;aligncenter&quot; width=&quot;535&quot; caption=&quot;SIMPLE ELECCION MUSICAL!!...ES TU TURNO DECIDETE!!!...&quot;][\/caption]\n\u00bfQui\u00e9n soy yo?...\nSaludos a todos, se presenta su amigo Francisco Meza, esperando este blog les\u00a0proporcione mucha\u00a0 informaci\u00f3n relacionada a miles de preguntas que ignoramos \u00a0y que nos formulamos a diario....\n\u00bfPor qu\u00e9 eleg\u00ed este tema??...\nBien despu\u00e9s de formularme muchas preguntas y pensar en un sinf\u00edn de temas para exponer en mi blog, borrar y reescribir en un sin n\u00famero de ocasiones lo ya elegido, me puse como meta obtener un titulo, el cual me guste y a su vez motive al lector a emitir su comentario respecto al mismo\u2026\n\u00bfRock vs Reggaet\u00f3n? \u2026Luego de ingresar a m\u00faltiples foros en donde estoy logeado y pedir consejos, este fue el tema que mas lleno mis expectativas debido a la diversidad de comentarios  que pueden generarse e ideolog\u00edas musicales que existen en el planeta y primordialmente en la actualidad...\nAqu\u00ed comenzamos --&gt;&gt;\n....\u00bfRock vs Reggaeton?....\nEste es un debate que se mantiene actualmente entre los seguidores de dichos g\u00e9neros, apuntando hacia determinados gustos particulares cada persona busca manifestarse de la manera que quiere\u2026\nHay muchas preguntas derivadas de este mismo tema que podr\u00edamos formularnos, he aqu\u00ed tu espacio mediante en el cual podr\u00e1s expresarte y expresarle al mundo tus argumentos del porque te gusta o no te gusta alguno de los dos estilos musicales propuestos en este blog\u2026\n\" \/><input name=\"lang\" type=\"hidden\" value=\"es\" \/><input name=\"gn\" type=\"hidden\" value=\"ml\" \/><input type=\"hidden\" id=\"interface\" name=\"interface\" value=\"full\" \/>\n\t\t\t<div style=\"margin-left:40%;\">\n\t\t\t\n\t\t\t\t<input style=\"float:left;\" type=\"image\" width=\"40\" height=\"40\" src=\"http:\/\/blog.espol.edu.ec\/franciscomeza\/wp-content\/plugins\/vozme\/img\/megaphone40x40w.gif\" alt=\"Escucha este post\" onclick=\"window.open('', 'a0667090941e13c22e0ab0e170227631', 'width=600,height=370,scrollbars=yes,location=yes,menubar=yes,resizable=yes,status=yes,toolbar=yes');\">\n\t\t\t\t<div style=\"margin-left:48px; text-align:left;\"><a style=\"font-size:12px;\" href=\"javascript:void(0);\" onclick=\"window.open('', 'a0667090941e13c22e0ab0e170227631', 'width=600,height=370,scrollbars=yes,location=yes,menubar=yes,resizable=yes,status=yes,toolbar=yes'); document.getElementById('vozme_form_a0667090941e13c22e0ab0e170227631').submit();\">Escucha<br\/>este post<\/a><\/div>\n\t\t\t<\/div><\/form>","protected":false},"excerpt":{"rendered":"<p>ROCKK VS REGGAETON???... \u00bfQui\u00e9n soy yo?... Saludos a todos, se presenta su amigo Francisco Meza, esperando este blog les\u00a0proporcione mucha\u00a0 informaci\u00f3n relacionada a miles de preguntas que ignoramos \u00a0y que nos formulamos a diario.... \u00bfPor qu\u00e9 eleg\u00ed este tema??... Bien despu\u00e9s de formularme muchas preguntas y pensar en un sinf\u00edn de temas para exponer en [&hellip;]<\/p>\n","protected":false},"author":5225,"featured_media":0,"parent":0,"menu_order":1,"comment_status":"open","ping_status":"open","template":"","meta":{"footnotes":""},"class_list":["post-364","page","type-page","status-publish","hentry"],"_links":{"self":[{"href":"https:\/\/blog.espol.edu.ec\/franciscomeza\/wp-json\/wp\/v2\/pages\/364","targetHints":{"allow":["GET"]}}],"collection":[{"href":"https:\/\/blog.espol.edu.ec\/franciscomeza\/wp-json\/wp\/v2\/pages"}],"about":[{"href":"https:\/\/blog.espol.edu.ec\/franciscomeza\/wp-json\/wp\/v2\/types\/page"}],"author":[{"embeddable":true,"href":"https:\/\/blog.espol.edu.ec\/franciscomeza\/wp-json\/wp\/v2\/users\/5225"}],"replies":[{"embeddable":true,"href":"https:\/\/blog.espol.edu.ec\/franciscomeza\/wp-json\/wp\/v2\/comments?post=364"}],"version-history":[{"count":11,"href":"https:\/\/blog.espol.edu.ec\/franciscomeza\/wp-json\/wp\/v2\/pages\/364\/revisions"}],"predecessor-version":[{"id":391,"href":"https:\/\/blog.espol.edu.ec\/franciscomeza\/wp-json\/wp\/v2\/pages\/364\/revisions\/391"}],"wp:attachment":[{"href":"https:\/\/blog.espol.edu.ec\/franciscomeza\/wp-json\/wp\/v2\/media?parent=364"}],"curies":[{"name":"wp","href":"https:\/\/api.w.org\/{rel}","templated":true}]}}