{"id":581,"date":"2011-04-13T16:25:44","date_gmt":"2011-04-13T16:25:44","guid":{"rendered":"http:\/\/blog.espol.edu.ec\/franciscomeza\/?page_id=581"},"modified":"2011-04-13T16:51:11","modified_gmt":"2011-04-13T16:51:11","slug":"tras-los-pasos-de-mike-portnoy","status":"publish","type":"page","link":"https:\/\/blog.espol.edu.ec\/franciscomeza\/tras-los-pasos-de-mike-portnoy\/","title":{"rendered":"Tras lOs PaSos de Mike Portnoy!!!...(desde Ecuador)"},"content":{"rendered":"<p><script language=\"Javascript\">\ndocument.oncontextmenu = function(){return false}\n<\/script><\/p>\n<p><span class=\"st_twitter_large\"><\/span><span class=\"st_facebook_large\"><\/span><span class=\"st_ybuzz_large\"><\/span><span class=\"st_gbuzz_large\"><\/span><span class=\"st_email_large\"><\/span><span class=\"st_sharethis_large\"><\/span><\/p>\n<p><em><strong>Acid Rain!!!...--&gt;&gt;<\/strong><\/em><\/p>\n<p><a href=\"http:\/\/blog.espol.edu.ec\/franciscomeza\/files\/2011\/04\/bateria.jpg\"><img loading=\"lazy\" decoding=\"async\" src=\"http:\/\/blog.espol.edu.ec\/franciscomeza\/files\/2011\/04\/bateria.jpg\" alt=\"\" title=\"bateria\" width=\"500\" height=\"290\" class=\"aligncenter size-full wp-image-585\" \/><\/a><\/p>\n<p>Hola, soy David Moncayo<br \/>\nEste es un video de hace poco m\u00e1s de un a\u00f1o de mi improvisando y m\u00e1s que nada divirti\u00e9ndome en la bater\u00eda. Un video en el cual estoy practicando y explorando para desarrollar as\u00ed lo que luego ser\u00eda un solo de bater\u00eda.<br \/>\nNo es un video perfecto pero la \u00fanica forma de progresar es con la pr\u00e1ctica. Muchas de las cosas aqu\u00ed vistas han sido perfeccionadas para tocar de forma m\u00e1s fluida y t\u00e9cnica.  Espero que les agrade y sirva para mostrar que tambi\u00e9n hay buenos m\u00fasicos ac\u00e1 en ecuador.<br \/>\nLlevo 5 a\u00f1os tocando bater\u00eda. Actualmente tengo una banda de punk rock llamada asalto33 y tambi\u00e9n colaboro con amigos en proyectos de metal u otros g\u00e9neros.<br \/>\nPara comentarios, dudas o si necesitan ayuda en alg\u00fan tema relacionado con la bater\u00eda escribe al foro del Blog en la pag Principal o cont\u00e1ctenme a mi correo: davidmonc@hotmail.com<\/p>\n<p><iframe loading=\"lazy\" title=\"YouTube video player\" width=\"480\" height=\"390\" src=\"http:\/\/www.youtube.com\/embed\/ngl_V8ickHI\" frameborder=\"0\" allowfullscreen><\/iframe><\/p>\n<p><!-- inicio codigo contador --><a href=\"http:\/\/contador-de-visitas.com\"><img decoding=\"async\" style=\"border: 0px solid\" alt=\"contador de visitas\" src=\"http:\/\/contador-de-visitas.com\/hit.php?id=583939&amp;counter=19\"><\/a><br \/><a href=\"http:\/\/contador-de-visitas.com\">contador de visitas<\/a><!-- fin codigo contador --><\/p>\n<form id=\"vozme_form_371a8067ffcc9999dc789744c65f7cfb\" method=\"post\" name=\"vozme_form_371a8067ffcc9999dc789744c65f7cfb\" target=\"371a8067ffcc9999dc789744c65f7cfb\" action=\"http:\/\/vozme.com\/text2voice.php\"><input name=\"text\" type=\"hidden\" value=\"Tras lOs PaSos de Mike Portnoy!!!...(desde Ecuador). \ndocument.oncontextmenu = function(){return false}\n\n\nAcid Rain!!!...--&gt;&gt;\n\nHola, soy David Moncayo\nEste es un video de hace poco m\u00e1s de un a\u00f1o de mi improvisando y m\u00e1s que nada divirti\u00e9ndome en la bater\u00eda. Un video en el cual estoy practicando y explorando para desarrollar as\u00ed lo que luego ser\u00eda un solo de bater\u00eda.\nNo es un video perfecto pero la \u00fanica forma de progresar es con la pr\u00e1ctica. Muchas de las cosas aqu\u00ed vistas han sido perfeccionadas para tocar de forma m\u00e1s fluida y t\u00e9cnica.  Espero que les agrade y sirva para mostrar que tambi\u00e9n hay buenos m\u00fasicos ac\u00e1 en ecuador.\nLlevo 5 a\u00f1os tocando bater\u00eda. Actualmente tengo una banda de punk rock llamada asalto33 y tambi\u00e9n colaboro con amigos en proyectos de metal u otros g\u00e9neros.\nPara comentarios, dudas o si necesitan ayuda en alg\u00fan tema relacionado con la bater\u00eda escribe al foro del Blog en la pag Principal o cont\u00e1ctenme a mi correo: davidmonc@hotmail.com\n\ncontador de visitas\n\" \/><input name=\"lang\" type=\"hidden\" value=\"es\" \/><input name=\"gn\" type=\"hidden\" value=\"ml\" \/><input type=\"hidden\" id=\"interface\" name=\"interface\" value=\"full\" \/>\n\t\t\t<div style=\"margin-left:40%;\">\n\t\t\t\n\t\t\t\t<input style=\"float:left;\" type=\"image\" width=\"40\" height=\"40\" src=\"http:\/\/blog.espol.edu.ec\/franciscomeza\/wp-content\/plugins\/vozme\/img\/megaphone40x40w.gif\" alt=\"Escucha este post\" onclick=\"window.open('', '371a8067ffcc9999dc789744c65f7cfb', 'width=600,height=370,scrollbars=yes,location=yes,menubar=yes,resizable=yes,status=yes,toolbar=yes');\">\n\t\t\t\t<div style=\"margin-left:48px; text-align:left;\"><a style=\"font-size:12px;\" href=\"javascript:void(0);\" onclick=\"window.open('', '371a8067ffcc9999dc789744c65f7cfb', 'width=600,height=370,scrollbars=yes,location=yes,menubar=yes,resizable=yes,status=yes,toolbar=yes'); document.getElementById('vozme_form_371a8067ffcc9999dc789744c65f7cfb').submit();\">Escucha<br\/>este post<\/a><\/div>\n\t\t\t<\/div><\/form>","protected":false},"excerpt":{"rendered":"<p>Acid Rain!!!...--&gt;&gt; Hola, soy David Moncayo Este es un video de hace poco m\u00e1s de un a\u00f1o de mi improvisando y m\u00e1s que nada divirti\u00e9ndome en la bater\u00eda. Un video en el cual estoy practicando y explorando para desarrollar as\u00ed lo que luego ser\u00eda un solo de bater\u00eda. No es un video perfecto pero la [&hellip;]<\/p>\n","protected":false},"author":5225,"featured_media":0,"parent":0,"menu_order":10,"comment_status":"open","ping_status":"open","template":"","meta":{"footnotes":""},"class_list":["post-581","page","type-page","status-publish","hentry"],"_links":{"self":[{"href":"https:\/\/blog.espol.edu.ec\/franciscomeza\/wp-json\/wp\/v2\/pages\/581","targetHints":{"allow":["GET"]}}],"collection":[{"href":"https:\/\/blog.espol.edu.ec\/franciscomeza\/wp-json\/wp\/v2\/pages"}],"about":[{"href":"https:\/\/blog.espol.edu.ec\/franciscomeza\/wp-json\/wp\/v2\/types\/page"}],"author":[{"embeddable":true,"href":"https:\/\/blog.espol.edu.ec\/franciscomeza\/wp-json\/wp\/v2\/users\/5225"}],"replies":[{"embeddable":true,"href":"https:\/\/blog.espol.edu.ec\/franciscomeza\/wp-json\/wp\/v2\/comments?post=581"}],"version-history":[{"count":7,"href":"https:\/\/blog.espol.edu.ec\/franciscomeza\/wp-json\/wp\/v2\/pages\/581\/revisions"}],"predecessor-version":[{"id":589,"href":"https:\/\/blog.espol.edu.ec\/franciscomeza\/wp-json\/wp\/v2\/pages\/581\/revisions\/589"}],"wp:attachment":[{"href":"https:\/\/blog.espol.edu.ec\/franciscomeza\/wp-json\/wp\/v2\/media?parent=581"}],"curies":[{"name":"wp","href":"https:\/\/api.w.org\/{rel}","templated":true}]}}