{"id":597,"date":"2011-04-13T22:56:44","date_gmt":"2011-04-13T22:56:44","guid":{"rendered":"http:\/\/blog.espol.edu.ec\/franciscomeza\/me-deskite-con-un-lapiz-todos-los-cachos-ke-me-pusiste-desde-ecuador\/"},"modified":"2011-05-27T20:58:54","modified_gmt":"2011-05-27T20:58:54","slug":"me-deskite-con-un-lapiz-todos-los-cachos-ke-me-pusiste-desde-ecuador","status":"publish","type":"page","link":"https:\/\/blog.espol.edu.ec\/franciscomeza\/me-deskite-con-un-lapiz-todos-los-cachos-ke-me-pusiste-desde-ecuador\/","title":{"rendered":"Me deskite con un lapiz todos los cachos ke me pusiste!!..(desde Ecuador)"},"content":{"rendered":"<p><script language=\"Javascript\">\ndocument.oncontextmenu = function(){return false}\n<\/script><\/p>\n<p><span class=\"st_twitter_large\"><\/span><span class=\"st_facebook_large\"><\/span><span class=\"st_ybuzz_large\"><\/span><span class=\"st_gbuzz_large\"><\/span><span class=\"st_email_large\"><\/span><span class=\"st_sharethis_large\"><\/span><\/p>\n<p><strong>Esta P\u00e1gina fue escrita por mi buen amigo Geovanny, estudiante de la Polit\u00e9cnica carrera en Dise\u00f1o Gr\u00e1fico, los dibujos hechos a mano y modificados en Ilustrator y Photoshop tambi\u00e9n son de su Autoria, espero les guste.<\/p>\n<p>Aqu\u00ed vamos--&gt;&gt;!!..<\/strong><\/p>\n<p><em><strong>Un a\u00f1o mas de vida, un a\u00f1o mas de m\u00fasica , un a\u00f1o mas de droga y un a\u00f1o mas con tu hermana (jajaja sarcasmo)!!!...--&gt;&gt;<\/strong><\/em><a href=\"http:\/\/blog.espol.edu.ec\/franciscomeza\/files\/2011\/04\/Cumplea\u00f1os-bonjovi-copy.jpg\"><img loading=\"lazy\" decoding=\"async\" src=\"http:\/\/blog.espol.edu.ec\/franciscomeza\/files\/2011\/04\/Cumplea\u00f1os-bonjovi-copy.jpg\" alt=\"\" title=\"Cumplea\u00f1os bonjovi copy\" width=\"500\" height=\"400\" class=\"aligncenter size-full wp-image-599\" srcset=\"https:\/\/blog.espol.edu.ec\/franciscomeza\/files\/2011\/04\/Cumplea\u00f1os-bonjovi-copy.jpg 1736w, https:\/\/blog.espol.edu.ec\/franciscomeza\/files\/2011\/04\/Cumplea\u00f1os-bonjovi-copy-300x240.jpg 300w, https:\/\/blog.espol.edu.ec\/franciscomeza\/files\/2011\/04\/Cumplea\u00f1os-bonjovi-copy-1024x821.jpg 1024w\" sizes=\"auto, (max-width: 500px) 100vw, 500px\" \/><\/a><\/p>\n<p><em><strong>luego de una chupa en la casa del loco atake!!!..--&gt;&gt;<\/strong><\/em><\/p>\n<p><a href=\"http:\/\/blog.espol.edu.ec\/franciscomeza\/files\/2011\/04\/la-mama-de-este.jpg\"><img loading=\"lazy\" decoding=\"async\" src=\"http:\/\/blog.espol.edu.ec\/franciscomeza\/files\/2011\/04\/la-mama-de-este.jpg\" alt=\"\" title=\"la mama de este\" width=\"500\" height=\"400\" class=\"aligncenter size-full wp-image-605\" \/><\/a><\/p>\n<p><em><strong>ke linda era mi mujer antes del matrimonio!!!...<\/strong><\/em><a href=\"http:\/\/blog.espol.edu.ec\/franciscomeza\/files\/2011\/04\/mujer.jpg\"><img loading=\"lazy\" decoding=\"async\" src=\"http:\/\/blog.espol.edu.ec\/franciscomeza\/files\/2011\/04\/mujer.jpg\" alt=\"\" title=\"mujer\" width=\"500\" height=\"400\" class=\"aligncenter size-full wp-image-609\" \/><\/a><\/p>\n<p><em><strong>porque yo no quiero trabajar, no quiero ir a estudiar no me quiero casar, quiero tocar la guitarra todo el d\u00eda y comer a la hermana de este de por vida<\/strong><\/em><\/p>\n<p><a href=\"http:\/\/blog.espol.edu.ec\/franciscomeza\/files\/2011\/04\/acdfds.jpg\"><img loading=\"lazy\" decoding=\"async\" src=\"http:\/\/blog.espol.edu.ec\/franciscomeza\/files\/2011\/04\/acdfds.jpg\" alt=\"\" title=\"acdfds\" width=\"499\" height=\"503\" class=\"aligncenter size-full wp-image-616\" srcset=\"https:\/\/blog.espol.edu.ec\/franciscomeza\/files\/2011\/04\/acdfds.jpg 499w, https:\/\/blog.espol.edu.ec\/franciscomeza\/files\/2011\/04\/acdfds-150x150.jpg 150w, https:\/\/blog.espol.edu.ec\/franciscomeza\/files\/2011\/04\/acdfds-297x300.jpg 297w\" sizes=\"auto, (max-width: 499px) 100vw, 499px\" \/><\/a><\/p>\n<p> <em><strong>tu y yo como la paloma despu\u00e9s de 20 a\u00f1os de cachudos!!!...--&gt;&gt;<\/strong><\/em><\/p>\n<p><a href=\"http:\/\/blog.espol.edu.ec\/franciscomeza\/files\/2011\/04\/charly-y-nito-copy1.jpg\"><img loading=\"lazy\" decoding=\"async\" src=\"http:\/\/blog.espol.edu.ec\/franciscomeza\/files\/2011\/04\/charly-y-nito-copy1.jpg\" alt=\"\" title=\"charly y nito copy\" width=\"500\" height=\"400\" class=\"aligncenter size-full wp-image-619\" \/><\/a><\/p>\n<p><em><strong>aun no se komo describir a estos 4 maricones!!!...--&gt;&gt;<\/strong><\/em><\/p>\n<p><a href=\"http:\/\/blog.espol.edu.ec\/franciscomeza\/files\/2011\/04\/Kiss.jpg\"><img loading=\"lazy\" decoding=\"async\" src=\"http:\/\/blog.espol.edu.ec\/franciscomeza\/files\/2011\/04\/Kiss.jpg\" alt=\"\" title=\"Kiss\" width=\"500\" height=\"400\" class=\"aligncenter size-full wp-image-624\" \/><\/a><\/p>\n<p><!-- inicio codigo contador --><a href=\"http:\/\/contador-de-visitas.com\"><img decoding=\"async\" style=\"border: 0px solid\" alt=\"contador de visitas\" src=\"http:\/\/contador-de-visitas.com\/hit.php?id=583939&amp;counter=19\"><\/a><br \/><a href=\"http:\/\/contador-de-visitas.com\">contador de visitas<\/a><!-- fin codigo contador --><\/p>\n<form id=\"vozme_form_5b486f9394f79035049606891cea332f\" method=\"post\" name=\"vozme_form_5b486f9394f79035049606891cea332f\" target=\"5b486f9394f79035049606891cea332f\" action=\"http:\/\/vozme.com\/text2voice.php\"><input name=\"text\" type=\"hidden\" value=\"Me deskite con un lapiz todos los cachos ke me pusiste!!..(desde Ecuador). \ndocument.oncontextmenu = function(){return false}\n\n\nEsta P\u00e1gina fue escrita por mi buen amigo Geovanny, estudiante de la Polit\u00e9cnica carrera en Dise\u00f1o Gr\u00e1fico, los dibujos hechos a mano y modificados en Ilustrator y Photoshop tambi\u00e9n son de su Autoria, espero les guste.\nAqu\u00ed vamos--&gt;&gt;!!..\nUn a\u00f1o mas de vida, un a\u00f1o mas de m\u00fasica , un a\u00f1o mas de droga y un a\u00f1o mas con tu hermana (jajaja sarcasmo)!!!...--&gt;&gt;\nluego de una chupa en la casa del loco atake!!!..--&gt;&gt;\n\nke linda era mi mujer antes del matrimonio!!!...\nporque yo no quiero trabajar, no quiero ir a estudiar no me quiero casar, quiero tocar la guitarra todo el d\u00eda y comer a la hermana de este de por vida\n\n tu y yo como la paloma despu\u00e9s de 20 a\u00f1os de cachudos!!!...--&gt;&gt;\n\naun no se komo describir a estos 4 maricones!!!...--&gt;&gt;\n\ncontador de visitas\n\" \/><input name=\"lang\" type=\"hidden\" value=\"es\" \/><input name=\"gn\" type=\"hidden\" value=\"ml\" \/><input type=\"hidden\" id=\"interface\" name=\"interface\" value=\"full\" \/>\n\t\t\t<div style=\"margin-left:40%;\">\n\t\t\t\n\t\t\t\t<input style=\"float:left;\" type=\"image\" width=\"40\" height=\"40\" src=\"http:\/\/blog.espol.edu.ec\/franciscomeza\/wp-content\/plugins\/vozme\/img\/megaphone40x40w.gif\" alt=\"Escucha este post\" onclick=\"window.open('', '5b486f9394f79035049606891cea332f', 'width=600,height=370,scrollbars=yes,location=yes,menubar=yes,resizable=yes,status=yes,toolbar=yes');\">\n\t\t\t\t<div style=\"margin-left:48px; text-align:left;\"><a style=\"font-size:12px;\" href=\"javascript:void(0);\" onclick=\"window.open('', '5b486f9394f79035049606891cea332f', 'width=600,height=370,scrollbars=yes,location=yes,menubar=yes,resizable=yes,status=yes,toolbar=yes'); document.getElementById('vozme_form_5b486f9394f79035049606891cea332f').submit();\">Escucha<br\/>este post<\/a><\/div>\n\t\t\t<\/div><\/form>","protected":false},"excerpt":{"rendered":"<p>Esta P\u00e1gina fue escrita por mi buen amigo Geovanny, estudiante de la Polit\u00e9cnica carrera en Dise\u00f1o Gr\u00e1fico, los dibujos hechos a mano y modificados en Ilustrator y Photoshop tambi\u00e9n son de su Autoria, espero les guste. Aqu\u00ed vamos--&gt;&gt;!!.. Un a\u00f1o mas de vida, un a\u00f1o mas de m\u00fasica , un a\u00f1o mas de droga y [&hellip;]<\/p>\n","protected":false},"author":5225,"featured_media":0,"parent":0,"menu_order":11,"comment_status":"open","ping_status":"open","template":"","meta":{"footnotes":""},"class_list":["post-597","page","type-page","status-publish","hentry"],"_links":{"self":[{"href":"https:\/\/blog.espol.edu.ec\/franciscomeza\/wp-json\/wp\/v2\/pages\/597","targetHints":{"allow":["GET"]}}],"collection":[{"href":"https:\/\/blog.espol.edu.ec\/franciscomeza\/wp-json\/wp\/v2\/pages"}],"about":[{"href":"https:\/\/blog.espol.edu.ec\/franciscomeza\/wp-json\/wp\/v2\/types\/page"}],"author":[{"embeddable":true,"href":"https:\/\/blog.espol.edu.ec\/franciscomeza\/wp-json\/wp\/v2\/users\/5225"}],"replies":[{"embeddable":true,"href":"https:\/\/blog.espol.edu.ec\/franciscomeza\/wp-json\/wp\/v2\/comments?post=597"}],"version-history":[{"count":25,"href":"https:\/\/blog.espol.edu.ec\/franciscomeza\/wp-json\/wp\/v2\/pages\/597\/revisions"}],"predecessor-version":[{"id":600,"href":"https:\/\/blog.espol.edu.ec\/franciscomeza\/wp-json\/wp\/v2\/pages\/597\/revisions\/600"}],"wp:attachment":[{"href":"https:\/\/blog.espol.edu.ec\/franciscomeza\/wp-json\/wp\/v2\/media?parent=597"}],"curies":[{"name":"wp","href":"https:\/\/api.w.org\/{rel}","templated":true}]}}