{"id":629,"date":"2011-04-17T18:26:44","date_gmt":"2011-04-17T18:26:44","guid":{"rendered":"http:\/\/blog.espol.edu.ec\/franciscomeza\/?page_id=629"},"modified":"2011-05-27T20:17:03","modified_gmt":"2011-05-27T20:17:03","slug":"fan1-diego-boneta-adyta-moreno-desde-ecuador","status":"publish","type":"page","link":"https:\/\/blog.espol.edu.ec\/franciscomeza\/fan1-diego-boneta-adyta-moreno-desde-ecuador\/","title":{"rendered":"La Fan#1 Diego Boneta--( desde Ecuador)"},"content":{"rendered":"<p><em><strong>Holaaa amigos,  soy Adyta Moreno aqu\u00ed pasando por el blog de mi amigo francisco, dej\u00e1ndoles algo sobre mi cantante favorito, en los pr\u00f3ximos d\u00edas estar\u00e9 posteando videos, an\u00e9cdotas ,entrevistas, anuncios nuevos, ultimas canciones, etc...<\/p>\n<p>Espero les guste la info, para criticas, dudas, comentarios por favor h\u00e1zmelas llegar a trav\u00e9s de la p\u00e1g.  principal en el Foro del Blog<br \/>\n<\/strong><\/em><\/p>\n<p><em><strong>Diego Andr\u00e9s Gonz\u00e1lez Boneta<\/strong><\/em><\/p>\n<p><a href=\"http:\/\/blog.espol.edu.ec\/franciscomeza\/files\/2011\/04\/boneta.jpg\"><img loading=\"lazy\" decoding=\"async\" src=\"http:\/\/blog.espol.edu.ec\/franciscomeza\/files\/2011\/04\/boneta.jpg\" alt=\"\" title=\"boneta\" width=\"500\" height=\"400\" class=\"aligncenter size-full wp-image-631\" \/><\/a><\/p>\n<p><code><\/p>\n<blockquote><p>Diego Andr\u00e9s Gonz\u00e1lez Boneta, nace un jueves 29 de noviembre de 1990, convirti\u00e9ndose en el \u00fanico hijo del ingeniero LAURO GONZ\u00c1LEZ y la ingeniero ASTRID BONETA, aunque el t\u00edtulo le dur\u00f3 muy poco, pues a\u00f1os m\u00e1s tarde se convirti\u00f3 en el hermano mayor de NATALIA y SANTIAGO.<br \/>\nDemostrando siempre su gusto por la m\u00fasica, de ni\u00f1o sus juguetes se convert\u00edan en guitarras y micr\u00f3fonos, su familia siempre apoyando accedi\u00f3 a regalar un CD con covers grabados por \u00e9l en su primera comuni\u00f3n. Las maestras en la primaria lo ayudaban a organizar presentaciones para que \u00e9l pudiera mostrar su talento frente a sus amigos y compa\u00f1eros.<br \/>\nNo todo trataba de m\u00fasica y juegos, sus padres le ense\u00f1aron a ayudar a quienes m\u00e1s lo necesitan y es as\u00ed como nace una personalidad altruista.<br \/>\nA los 11 a\u00f1os adiciono con la canci\u00f3n de LLOVIENDO ESTRELLAS para el reality show C\u00d3DIGO FAMA; siendo elegido entre m\u00e1s de 40,000 ni\u00f1os. Salt\u00f3 a la fama, interpretando canciones como LA CHICA DEL BIKINI AZUL, ELLA ES y RAYO REBELDE, es as\u00ed como obtiene el quinto lugar. Sin desmotivaci\u00f3n alguna sigue luchando por lograr su sue\u00f1o y es elegido para el personaje de RICARDO SANCHEZ en ALEGRIJES Y REBUJOS, que tambi\u00e9n hab\u00eda un grupo musical adjunta al proyecto. El grupo musical fue nominado para Mejor Grupo de los Ni\u00f1os en los Grammy Latinos en 2004. Giras y presentaciones lo convencen de que a eso se quiere dedicar. Se sigue preparando y le dan el protag\u00f3nico en MISION SOS con el personaje de CHRISTIAN MARTINEZ; al t\u00e9rmino de esta telenovela se hace una gira por toda la rep\u00fablica donde aprovecha para promocionar lo que fue su primer sencillo como solista AQU\u00cd VOY, tema que fue adoptado por BIG BROTHER, dicha canci\u00f3n le lleva a otro p\u00fablico, no solo el infantil, sino tambi\u00e9n juvenil. As\u00ed, empieza a preparar su primer CD, pero se le atraviesa un gran fen\u00f3meno, REBELDE, sin pensarlo decide incorporarse a la telenovela y obtiene el papel de ROCCO BEZAURI, al mismo tiempo que actuaba y cantaba se daba a conocer con m\u00e1s gente.<br \/>\nMientras segu\u00edan las transmisiones de REBELDE, saca su primer CD a trav\u00e9s de EMI Music, con su sencillo RESPONDE, mismo que fue aceptado por miles de fans tanto en M\u00e9xico como en otros pa\u00edses, incluyendo Brasil, tanto fue su \u00e9xito all\u00e1 que su disquera le ofrece grabar el mismo CD pero en portugu\u00e9s. Abri\u00e9ndole conciertos a RBD, consigue pisar territorio brasile\u00f1o y logra cantar en EL MARACAN\u00c1.<br \/>\nMientras hace presentaciones por todo M\u00e9xico decide sacar la reedici\u00f3n de su CD, [+D] M\u00e1s, a la vez que el sencillo con mismo nombre se hac\u00eda la canci\u00f3n favorita de todos los enamorados. Despu\u00e9s le sigui\u00f3 el DVD EN VIVO EN EL MARACAN\u00c1, aprovechando para lanzar lo que fue su \u00faltimo sencillo S\u00d3LO EXISTES T\u00da.<br \/>\nJunto con su familia se va a vivir a LOS ANGELES, y es all\u00e1 donde empieza a tomar clases tanto de canto como actuaci\u00f3n, a buscar nuevas puertas, probar otros sonidos, pero sin dejar a un lado a su M\u00e9xico querido. En 2008 fue productor de su segunda producci\u00f3n discogr\u00e1fica \u00cdndigo, sale a la venta con los sencillos de PERDIDO EN TI y MILL\u00d3N DE A\u00d1OS. Diego escribi\u00f3 nueve de las 11 canciones en este \u00e1lbum y recibi\u00f3 el estatus de oro en el mes de su lanzamiento. Fue nominado como el Mejor Cantante Solo en los Premios MTV Latino en 2008.Este disco tuvo muy pocas pero exitosas presentaciones Tocando puertas es como obtiene una participaci\u00f3n especial en el videoclip ABOUT YOU KNOW, despu\u00e9s en las series ZEKE &amp; LUTHER y en TERMINALES. Dando presentaciones cerca de Los \u00c1ngeles da a conocer nuevas canciones tales como FADE AWAY, BREAKTHROUGH y SIEMPRE T\u00da.<br \/>\nGracias a su talento le dan la oportunidad de que lo conozcan un poquito m\u00e1s en territorio estadounidense y obtiene el papel de JAVIER LUNA en BEVERLY HILLS 90210 y despu\u00e9s en PRETTY LITTLE LIERS el personaje de ALEX SANTIAGO, en dichas series tambi\u00e9n nos da una probadita de sus nuevas canciones.<\/p>\n<p>Convenciendo con sus actuaciones y con los pies sobre la tierra sigue audicionando en cada casting que se le presenta. MEAN GIRLS 2 es la primera pel\u00edcula donde apareci\u00f3, ya no solo doblando voces como lo hizo en THUNDERBIRDS y VIDA SALVAJE, sino interpretando el personaje de TYLER ADAMS.<\/p>\n<p>Nota: Ac\u00e1 entre nos, durante una de sus presentaciones, en EL MARACAN\u00c1 el piso de dicho estadio estaba mojado por las lluvias, tumb\u00e1ndolo as\u00ed en 2 ocasiones.<br \/>\nbueno pues es esto lo que busque =) luego te digo las p\u00e1ginas para las im\u00e1genes =)\n<\/p><\/blockquote>\n<p><\/code><\/p>\n<form id=\"vozme_form_7c449a2b85dc0e677fc4466e532495cb\" method=\"post\" name=\"vozme_form_7c449a2b85dc0e677fc4466e532495cb\" target=\"7c449a2b85dc0e677fc4466e532495cb\" action=\"http:\/\/vozme.com\/text2voice.php\"><input name=\"text\" type=\"hidden\" value=\"La Fan#1 Diego Boneta--( desde Ecuador). Holaaa amigos,  soy Adyta Moreno aqu\u00ed pasando por el blog de mi amigo francisco, dej\u00e1ndoles algo sobre mi cantante favorito, en los pr\u00f3ximos d\u00edas estar\u00e9 posteando videos, an\u00e9cdotas ,entrevistas, anuncios nuevos, ultimas canciones, etc...\nEspero les guste la info, para criticas, dudas, comentarios por favor h\u00e1zmelas llegar a trav\u00e9s de la p\u00e1g.  principal en el Foro del Blog\n\nDiego Andr\u00e9s Gonz\u00e1lez Boneta\n\n\nDiego Andr\u00e9s Gonz\u00e1lez Boneta, nace un jueves 29 de noviembre de 1990, convirti\u00e9ndose en el \u00fanico hijo del ingeniero LAURO GONZ\u00c1LEZ y la ingeniero ASTRID BONETA, aunque el t\u00edtulo le dur\u00f3 muy poco, pues a\u00f1os m\u00e1s tarde se convirti\u00f3 en el hermano mayor de NATALIA y SANTIAGO.\nDemostrando siempre su gusto por la m\u00fasica, de ni\u00f1o sus juguetes se convert\u00edan en guitarras y micr\u00f3fonos, su familia siempre apoyando accedi\u00f3 a regalar un CD con covers grabados por \u00e9l en su primera comuni\u00f3n. Las maestras en la primaria lo ayudaban a organizar presentaciones para que \u00e9l pudiera mostrar su talento frente a sus amigos y compa\u00f1eros.\nNo todo trataba de m\u00fasica y juegos, sus padres le ense\u00f1aron a ayudar a quienes m\u00e1s lo necesitan y es as\u00ed como nace una personalidad altruista.\nA los 11 a\u00f1os adiciono con la canci\u00f3n de LLOVIENDO ESTRELLAS para el reality show C\u00d3DIGO FAMA; siendo elegido entre m\u00e1s de 40,000 ni\u00f1os. Salt\u00f3 a la fama, interpretando canciones como LA CHICA DEL BIKINI AZUL, ELLA ES y RAYO REBELDE, es as\u00ed como obtiene el quinto lugar. Sin desmotivaci\u00f3n alguna sigue luchando por lograr su sue\u00f1o y es elegido para el personaje de RICARDO SANCHEZ en ALEGRIJES Y REBUJOS, que tambi\u00e9n hab\u00eda un grupo musical adjunta al proyecto. El grupo musical fue nominado para Mejor Grupo de los Ni\u00f1os en los Grammy Latinos en 2004. Giras y presentaciones lo convencen de que a eso se quiere dedicar. Se sigue preparando y le dan el protag\u00f3nico en MISION SOS con el personaje de CHRISTIAN MARTINEZ; al t\u00e9rmino de esta telenovela se hace una gira por toda la rep\u00fablica donde aprovecha para promocionar lo que fue su primer sencillo como solista AQU\u00cd VOY, tema que fue adoptado por BIG BROTHER, dicha canci\u00f3n le lleva a otro p\u00fablico, no solo el infantil, sino tambi\u00e9n juvenil. As\u00ed, empieza a preparar su primer CD, pero se le atraviesa un gran fen\u00f3meno, REBELDE, sin pensarlo decide incorporarse a la telenovela y obtiene el papel de ROCCO BEZAURI, al mismo tiempo que actuaba y cantaba se daba a conocer con m\u00e1s gente.\nMientras segu\u00edan las transmisiones de REBELDE, saca su primer CD a trav\u00e9s de EMI Music, con su sencillo RESPONDE, mismo que fue aceptado por miles de fans tanto en M\u00e9xico como en otros pa\u00edses, incluyendo Brasil, tanto fue su \u00e9xito all\u00e1 que su disquera le ofrece grabar el mismo CD pero en portugu\u00e9s. Abri\u00e9ndole conciertos a RBD, consigue pisar territorio brasile\u00f1o y logra cantar en EL MARACAN\u00c1.\nMientras hace presentaciones por todo M\u00e9xico decide sacar la reedici\u00f3n de su CD, [+D] M\u00e1s, a la vez que el sencillo con mismo nombre se hac\u00eda la canci\u00f3n favorita de todos los enamorados. Despu\u00e9s le sigui\u00f3 el DVD EN VIVO EN EL MARACAN\u00c1, aprovechando para lanzar lo que fue su \u00faltimo sencillo S\u00d3LO EXISTES T\u00da.\nJunto con su familia se va a vivir a LOS ANGELES, y es all\u00e1 donde empieza a tomar clases tanto de canto como actuaci\u00f3n, a buscar nuevas puertas, probar otros sonidos, pero sin dejar a un lado a su M\u00e9xico querido. En 2008 fue productor de su segunda producci\u00f3n discogr\u00e1fica \u00cdndigo, sale a la venta con los sencillos de PERDIDO EN TI y MILL\u00d3N DE A\u00d1OS. Diego escribi\u00f3 nueve de las 11 canciones en este \u00e1lbum y recibi\u00f3 el estatus de oro en el mes de su lanzamiento. Fue nominado como el Mejor Cantante Solo en los Premios MTV Latino en 2008.Este disco tuvo muy pocas pero exitosas presentaciones Tocando puertas es como obtiene una participaci\u00f3n especial en el videoclip ABOUT YOU KNOW, despu\u00e9s en las series ZEKE &amp; LUTHER y en TERMINALES. Dando presentaciones cerca de Los \u00c1ngeles da a conocer nuevas canciones tales como FADE AWAY, BREAKTHROUGH y SIEMPRE T\u00da.\nGracias a su talento le dan la oportunidad de que lo conozcan un poquito m\u00e1s en territorio estadounidense y obtiene el papel de JAVIER LUNA en BEVERLY HILLS 90210 y despu\u00e9s en PRETTY LITTLE LIERS el personaje de ALEX SANTIAGO, en dichas series tambi\u00e9n nos da una probadita de sus nuevas canciones.\nConvenciendo con sus actuaciones y con los pies sobre la tierra sigue audicionando en cada casting que se le presenta. MEAN GIRLS 2 es la primera pel\u00edcula donde apareci\u00f3, ya no solo doblando voces como lo hizo en THUNDERBIRDS y VIDA SALVAJE, sino interpretando el personaje de TYLER ADAMS.\nNota: Ac\u00e1 entre nos, durante una de sus presentaciones, en EL MARACAN\u00c1 el piso de dicho estadio estaba mojado por las lluvias, tumb\u00e1ndolo as\u00ed en 2 ocasiones.\nbueno pues es esto lo que busque =) luego te digo las p\u00e1ginas para las im\u00e1genes =)\n\n\n\" \/><input name=\"lang\" type=\"hidden\" value=\"es\" \/><input name=\"gn\" type=\"hidden\" value=\"ml\" \/><input type=\"hidden\" id=\"interface\" name=\"interface\" value=\"full\" \/>\n\t\t\t<div style=\"margin-left:40%;\">\n\t\t\t\n\t\t\t\t<input style=\"float:left;\" type=\"image\" width=\"40\" height=\"40\" src=\"http:\/\/blog.espol.edu.ec\/franciscomeza\/wp-content\/plugins\/vozme\/img\/megaphone40x40w.gif\" alt=\"Escucha este post\" onclick=\"window.open('', '7c449a2b85dc0e677fc4466e532495cb', 'width=600,height=370,scrollbars=yes,location=yes,menubar=yes,resizable=yes,status=yes,toolbar=yes');\">\n\t\t\t\t<div style=\"margin-left:48px; text-align:left;\"><a style=\"font-size:12px;\" href=\"javascript:void(0);\" onclick=\"window.open('', '7c449a2b85dc0e677fc4466e532495cb', 'width=600,height=370,scrollbars=yes,location=yes,menubar=yes,resizable=yes,status=yes,toolbar=yes'); document.getElementById('vozme_form_7c449a2b85dc0e677fc4466e532495cb').submit();\">Escucha<br\/>este post<\/a><\/div>\n\t\t\t<\/div><\/form>","protected":false},"excerpt":{"rendered":"<p>Holaaa amigos, soy Adyta Moreno aqu\u00ed pasando por el blog de mi amigo francisco, dej\u00e1ndoles algo sobre mi cantante favorito, en los pr\u00f3ximos d\u00edas estar\u00e9 posteando videos, an\u00e9cdotas ,entrevistas, anuncios nuevos, ultimas canciones, etc... Espero les guste la info, para criticas, dudas, comentarios por favor h\u00e1zmelas llegar a trav\u00e9s de la p\u00e1g. principal en el [&hellip;]<\/p>\n","protected":false},"author":5225,"featured_media":0,"parent":0,"menu_order":13,"comment_status":"open","ping_status":"open","template":"","meta":{"footnotes":""},"class_list":["post-629","page","type-page","status-publish","hentry"],"_links":{"self":[{"href":"https:\/\/blog.espol.edu.ec\/franciscomeza\/wp-json\/wp\/v2\/pages\/629","targetHints":{"allow":["GET"]}}],"collection":[{"href":"https:\/\/blog.espol.edu.ec\/franciscomeza\/wp-json\/wp\/v2\/pages"}],"about":[{"href":"https:\/\/blog.espol.edu.ec\/franciscomeza\/wp-json\/wp\/v2\/types\/page"}],"author":[{"embeddable":true,"href":"https:\/\/blog.espol.edu.ec\/franciscomeza\/wp-json\/wp\/v2\/users\/5225"}],"replies":[{"embeddable":true,"href":"https:\/\/blog.espol.edu.ec\/franciscomeza\/wp-json\/wp\/v2\/comments?post=629"}],"version-history":[{"count":13,"href":"https:\/\/blog.espol.edu.ec\/franciscomeza\/wp-json\/wp\/v2\/pages\/629\/revisions"}],"predecessor-version":[{"id":652,"href":"https:\/\/blog.espol.edu.ec\/franciscomeza\/wp-json\/wp\/v2\/pages\/629\/revisions\/652"}],"wp:attachment":[{"href":"https:\/\/blog.espol.edu.ec\/franciscomeza\/wp-json\/wp\/v2\/media?parent=629"}],"curies":[{"name":"wp","href":"https:\/\/api.w.org\/{rel}","templated":true}]}}