{"id":643,"date":"2011-05-27T17:50:27","date_gmt":"2011-05-27T17:50:27","guid":{"rendered":"http:\/\/blog.espol.edu.ec\/franciscomeza\/?page_id=643"},"modified":"2011-05-28T20:16:40","modified_gmt":"2011-05-28T20:16:40","slug":"que-pasaria-con-6-grados-de-mas-en-la-temperatura","status":"publish","type":"page","link":"https:\/\/blog.espol.edu.ec\/franciscomeza\/que-pasaria-con-6-grados-de-mas-en-la-temperatura\/","title":{"rendered":"Qu\u00e9 pasar\u00eda con 6 grados de m\u00e1s en la temperatura?? PARTE I"},"content":{"rendered":"<p><script language=\"Javascript\">\ndocument.oncontextmenu = function(){return false}\n<\/script><\/p>\n<p><span class=\"st_twitter_large\"><\/span><span class=\"st_facebook_large\"><\/span><span class=\"st_ybuzz_large\"><\/span><span class=\"st_gbuzz_large\"><\/span><span class=\"st_email_large\"><\/span><span class=\"st_sharethis_large\"><\/span><\/p>\n<p>En esta secci\u00f3n te ofrecemos un complet\u00edsimo documental hecho por la National Geographic, esperemos que quienes vean estos v\u00eddeos tomen conciencia de la problem\u00e1tica que estamos viviendo, basta que vos cambies para estar en justicia con todo lo que la tierra te da.<\/p>\n<p>Aqu\u00ed comenzamos--&gt;&gt;<\/p>\n<p> <strong>VIDEO # 1<\/strong><em><\/p>\n<p><iframe loading=\"lazy\" width=\"425\" height=\"349\" src=\"http:\/\/www.youtube.com\/embed\/gqzmQjN3EXg\" frameborder=\"0\" allowfullscreen><\/iframe><\/p>\n<p><strong>VIDEO # 2<\/strong><em><\/p>\n<p><iframe loading=\"lazy\" width=\"425\" height=\"349\" src=\"http:\/\/www.youtube.com\/embed\/nqIDpvEM6go\" frameborder=\"0\" allowfullscreen><\/iframe><\/p>\n<p><strong>VIDEO # 3<\/strong><em><\/p>\n<p><iframe loading=\"lazy\" width=\"425\" height=\"349\" src=\"http:\/\/www.youtube.com\/embed\/JwWyA2GnvzQ\" frameborder=\"0\" allowfullscreen><\/iframe><\/p>\n<p><strong>VIDEO # 4<\/strong><em><\/p>\n<p><iframe loading=\"lazy\" width=\"425\" height=\"349\" src=\"http:\/\/www.youtube.com\/embed\/93nPScaYvKc\" frameborder=\"0\" allowfullscreen><\/iframe><\/p>\n<p><strong>VIDEO # 5<\/strong><em><\/p>\n<p><iframe loading=\"lazy\" width=\"425\" height=\"349\" src=\"http:\/\/www.youtube.com\/embed\/Mn4CbtoC_uo\" frameborder=\"0\" allowfullscreen><\/iframe><\/p>\n<p><!-- inicio codigo contador --><a href=\"http:\/\/contador-de-visitas.com\"><img decoding=\"async\" style=\"border: 0px solid\" alt=\"contador de visitas\" src=\"http:\/\/contador-de-visitas.com\/hit.php?id=583939&amp;counter=19\"><\/a><br \/><a href=\"http:\/\/contador-de-visitas.com\">contador de visitas<\/a><!-- fin codigo contador --><\/p>\n<form id=\"vozme_form_f3dcc15aeeaf4c1563cc5f4bcda55de4\" method=\"post\" name=\"vozme_form_f3dcc15aeeaf4c1563cc5f4bcda55de4\" target=\"f3dcc15aeeaf4c1563cc5f4bcda55de4\" action=\"http:\/\/vozme.com\/text2voice.php\"><input name=\"text\" type=\"hidden\" value=\"Qu\u00e9 pasar\u00eda con 6 grados de m\u00e1s en la temperatura?? PARTE I. \ndocument.oncontextmenu = function(){return false}\n\n\nEn esta secci\u00f3n te ofrecemos un complet\u00edsimo documental hecho por la National Geographic, esperemos que quienes vean estos v\u00eddeos tomen conciencia de la problem\u00e1tica que estamos viviendo, basta que vos cambies para estar en justicia con todo lo que la tierra te da.\nAqu\u00ed comenzamos--&gt;&gt;\n VIDEO # 1\n\nVIDEO # 2\n\nVIDEO # 3\n\nVIDEO # 4\n\nVIDEO # 5\n\ncontador de visitas\n\" \/><input name=\"lang\" type=\"hidden\" value=\"es\" \/><input name=\"gn\" type=\"hidden\" value=\"ml\" \/><input type=\"hidden\" id=\"interface\" name=\"interface\" value=\"full\" \/>\n\t\t\t<div style=\"margin-left:40%;\">\n\t\t\t\n\t\t\t\t<input style=\"float:left;\" type=\"image\" width=\"40\" height=\"40\" src=\"http:\/\/blog.espol.edu.ec\/franciscomeza\/wp-content\/plugins\/vozme\/img\/megaphone40x40w.gif\" alt=\"Escucha este post\" onclick=\"window.open('', 'f3dcc15aeeaf4c1563cc5f4bcda55de4', 'width=600,height=370,scrollbars=yes,location=yes,menubar=yes,resizable=yes,status=yes,toolbar=yes');\">\n\t\t\t\t<div style=\"margin-left:48px; text-align:left;\"><a style=\"font-size:12px;\" href=\"javascript:void(0);\" onclick=\"window.open('', 'f3dcc15aeeaf4c1563cc5f4bcda55de4', 'width=600,height=370,scrollbars=yes,location=yes,menubar=yes,resizable=yes,status=yes,toolbar=yes'); document.getElementById('vozme_form_f3dcc15aeeaf4c1563cc5f4bcda55de4').submit();\">Escucha<br\/>este post<\/a><\/div>\n\t\t\t<\/div><\/form>","protected":false},"excerpt":{"rendered":"<p>En esta secci\u00f3n te ofrecemos un complet\u00edsimo documental hecho por la National Geographic, esperemos que quienes vean estos v\u00eddeos tomen conciencia de la problem\u00e1tica que estamos viviendo, basta que vos cambies para estar en justicia con todo lo que la tierra te da. Aqu\u00ed comenzamos--&gt;&gt; VIDEO # 1 VIDEO # 2 VIDEO # 3 VIDEO [&hellip;]<\/p>\n","protected":false},"author":5225,"featured_media":0,"parent":0,"menu_order":11,"comment_status":"open","ping_status":"open","template":"","meta":{"footnotes":""},"class_list":["post-643","page","type-page","status-publish","hentry"],"_links":{"self":[{"href":"https:\/\/blog.espol.edu.ec\/franciscomeza\/wp-json\/wp\/v2\/pages\/643","targetHints":{"allow":["GET"]}}],"collection":[{"href":"https:\/\/blog.espol.edu.ec\/franciscomeza\/wp-json\/wp\/v2\/pages"}],"about":[{"href":"https:\/\/blog.espol.edu.ec\/franciscomeza\/wp-json\/wp\/v2\/types\/page"}],"author":[{"embeddable":true,"href":"https:\/\/blog.espol.edu.ec\/franciscomeza\/wp-json\/wp\/v2\/users\/5225"}],"replies":[{"embeddable":true,"href":"https:\/\/blog.espol.edu.ec\/franciscomeza\/wp-json\/wp\/v2\/comments?post=643"}],"version-history":[{"count":12,"href":"https:\/\/blog.espol.edu.ec\/franciscomeza\/wp-json\/wp\/v2\/pages\/643\/revisions"}],"predecessor-version":[{"id":669,"href":"https:\/\/blog.espol.edu.ec\/franciscomeza\/wp-json\/wp\/v2\/pages\/643\/revisions\/669"}],"wp:attachment":[{"href":"https:\/\/blog.espol.edu.ec\/franciscomeza\/wp-json\/wp\/v2\/media?parent=643"}],"curies":[{"name":"wp","href":"https:\/\/api.w.org\/{rel}","templated":true}]}}