{"id":649,"date":"2011-05-27T20:16:24","date_gmt":"2011-05-27T20:16:24","guid":{"rendered":"http:\/\/blog.espol.edu.ec\/franciscomeza\/?page_id=649"},"modified":"2011-07-31T22:08:32","modified_gmt":"2011-07-31T22:08:32","slug":"practicas-posibles-de-inorganicas","status":"publish","type":"page","link":"https:\/\/blog.espol.edu.ec\/franciscomeza\/practicas-posibles-de-inorganicas\/","title":{"rendered":"Pr\u00e1cticas Posibles de Inorg\u00e1nica y m\u00e1s!.."},"content":{"rendered":"<p><script>\/\/ <\/script><\/p>\n<p><span class=\"st_twitter_large\"> <\/span><\/p>\n<p><strong>Pimer Manual!!...<\/strong><\/p>\n<div id=\"__ss_8129068\" style=\"width: 477px\"><strong><a title=\"Manual Inorga\" href=\"http:\/\/www.slideshare.net\/dextintor\/manual-inorga-8129068\">Manual Inorga<\/a><\/strong><object classid=\"clsid:d27cdb6e-ae6d-11cf-96b8-444553540000\" width=\"477\" height=\"510\"><param name=\"src\" value=\"http:\/\/static.slidesharecdn.com\/swf\/doc_player.swf?doc=manualfinaldelabqcainoagosto20-110527150742-phpapp01&amp;stripped_title=manual-inorga-8129068&amp;userName=dextintor\" \/><param name=\"allowfullscreen\" value=\"true\" \/><embed type=\"application\/x-shockwave-flash\" width=\"477\" height=\"510\" src=\"http:\/\/static.slidesharecdn.com\/swf\/doc_player.swf?doc=manualfinaldelabqcainoagosto20-110527150742-phpapp01&amp;stripped_title=manual-inorga-8129068&amp;userName=dextintor\" allowfullscreen=\"true\"><\/embed><\/object><\/p>\n<div style=\"padding: 5px 0 12px\">View more <a href=\"http:\/\/www.slideshare.net\/\">documents<\/a> from <a href=\"http:\/\/www.slideshare.net\/dextintor\">Francisco Andres<\/a>.<\/div>\n<\/div>\n<p><strong><em>Segundo Manual!!..<\/em><\/strong><\/p>\n<div id=\"__ss_8129260\" style=\"width: 477px\"><strong><a title=\"Quim\" href=\"http:\/\/www.slideshare.net\/dextintor\/quim-8129260\">Quim<\/a><\/strong><object classid=\"clsid:d27cdb6e-ae6d-11cf-96b8-444553540000\" width=\"477\" height=\"510\"><param name=\"src\" value=\"http:\/\/static.slidesharecdn.com\/swf\/doc_player.swf?doc=qi-110527152214-phpapp02&amp;stripped_title=quim-8129260&amp;userName=dextintor\" \/><param name=\"allowfullscreen\" value=\"true\" \/><embed type=\"application\/x-shockwave-flash\" width=\"477\" height=\"510\" src=\"http:\/\/static.slidesharecdn.com\/swf\/doc_player.swf?doc=qi-110527152214-phpapp02&amp;stripped_title=quim-8129260&amp;userName=dextintor\" allowfullscreen=\"true\"><\/embed><\/object><\/p>\n<div style=\"padding: 5px 0 12px\">View more <a href=\"http:\/\/www.slideshare.net\/\">documents<\/a> from <a href=\"http:\/\/www.slideshare.net\/dextintor\">Francisco Andres<\/a>.<\/div>\n<\/div>\n<p><strong><em>pRAC NO Y NO2!!..<\/em><\/strong><\/p>\n<div id=\"__ss_8129298\" style=\"width: 477px\"><strong><a title=\"NO2 Y NO\" href=\"http:\/\/www.slideshare.net\/dextintor\/no2-y-no\">NO2 Y NO<\/a><\/strong><object classid=\"clsid:d27cdb6e-ae6d-11cf-96b8-444553540000\" width=\"477\" height=\"510\"><param name=\"src\" value=\"http:\/\/static.slidesharecdn.com\/swf\/doc_player.swf?doc=54926661-oxidos-de-nitrogeno-110527152831-phpapp01&amp;stripped_title=no2-y-no&amp;userName=dextintor\" \/><param name=\"allowfullscreen\" value=\"true\" \/><embed type=\"application\/x-shockwave-flash\" width=\"477\" height=\"510\" src=\"http:\/\/static.slidesharecdn.com\/swf\/doc_player.swf?doc=54926661-oxidos-de-nitrogeno-110527152831-phpapp01&amp;stripped_title=no2-y-no&amp;userName=dextintor\" allowfullscreen=\"true\"><\/embed><\/object><\/p>\n<div style=\"padding: 5px 0 12px\">View more <a href=\"http:\/\/www.slideshare.net\/\">documents<\/a> from <a href=\"http:\/\/www.slideshare.net\/dextintor\">Francisco Andres<\/a>.<\/div>\n<\/div>\n<p><a title=\"View Principio de m\u00e1xima multiplicidad de Hund on Scribd\" href=\"http:\/\/es.scribd.com\/doc\/37202790\/Principio-de-maxima-multiplicidad-de-Hund\">Principio de m\u00e1xima multiplicidad de Hund<\/a><script>\/\/ <\/script><\/p>\n<div style=\"width:425px\" id=\"__ss_8332715\"><strong><a href=\"http:\/\/www.slideshare.net\/dextintor\/presentacion-de-estructuradelewis\" title=\"Presentacion de estructura_de_lewis\">Presentacion de estructura_de_lewis<\/a><\/strong><object width=\"425\" height=\"355\"><param name=\"movie\" value=\"http:\/\/static.slidesharecdn.com\/swf\/ssplayer2.swf?doc=presentaciondeestructuradelewis1-110616200644-phpapp02&amp;stripped_title=presentacion-de-estructuradelewis&amp;userName=dextintor\" \/><param name=\"allowFullScreen\"><param name=\"allowScriptAccess\"><embed src=\"http:\/\/static.slidesharecdn.com\/swf\/ssplayer2.swf?doc=presentaciondeestructuradelewis1-110616200644-phpapp02&amp;stripped_title=presentacion-de-estructuradelewis&amp;userName=dextintor\" type=\"application\/x-shockwave-flash\" allowscriptaccess=\"always\" allowfullscreen=\"true\" width=\"425\" height=\"355\"><\/embed><\/object><\/p>\n<div style=\"padding:5px 0 12px\">View more <a href=\"http:\/\/www.slideshare.net\/\">presentations<\/a> from <a href=\"http:\/\/www.slideshare.net\/dextintor\">Francisco Andres<\/a>.<\/div>\n<\/div>\n<div style=\"width:425px\" id=\"__ss_8739751\"><strong><a href=\"http:\/\/www.slideshare.net\/dextintor\/grupo-del-carbono2\" title=\"Grupo del carbono(2)\">Grupo del carbono(2)<\/a><\/strong><object width=\"425\" height=\"355\"><param name=\"movie\" value=\"http:\/\/static.slidesharecdn.com\/swf\/ssplayer2.swf?doc=grupodelcarbono2-110731165858-phpapp01&amp;stripped_title=grupo-del-carbono2&amp;userName=dextintor\" \/><param name=\"allowFullScreen\"><param name=\"allowScriptAccess\"><embed src=\"http:\/\/static.slidesharecdn.com\/swf\/ssplayer2.swf?doc=grupodelcarbono2-110731165858-phpapp01&amp;stripped_title=grupo-del-carbono2&amp;userName=dextintor\" type=\"application\/x-shockwave-flash\" allowscriptaccess=\"always\" allowfullscreen=\"true\" width=\"425\" height=\"355\"><\/embed><\/object><\/p>\n<div style=\"padding:5px 0 12px\">View more <a href=\"http:\/\/www.slideshare.net\/\">presentations<\/a> from <a href=\"http:\/\/www.slideshare.net\/dextintor\">Francisco Andres<\/a>.<\/div>\n<\/div>\n<p><!-- inicio codigo contador --><a href=\"http:\/\/contador-de-visitas.com\"><img decoding=\"async\" style=\"border: 0px solid\" src=\"http:\/\/contador-de-visitas.com\/hit.php?id=583939&amp;counter=19\" alt=\"contador de visitas\" \/><\/a><br \/>\n<a href=\"http:\/\/contador-de-visitas.com\">contador de visitas<\/a><!-- fin codigo contador --><\/p>\n<form id=\"vozme_form_83a64810014fecfe1b22e16f9792e762\" method=\"post\" name=\"vozme_form_83a64810014fecfe1b22e16f9792e762\" target=\"83a64810014fecfe1b22e16f9792e762\" action=\"http:\/\/vozme.com\/text2voice.php\"><input name=\"text\" type=\"hidden\" value=\"Pr\u00e1cticas Posibles de Inorg\u00e1nica y m\u00e1s!... \/\/ \n \nPimer Manual!!...\nManual Inorga\nView more documents from Francisco Andres.\n\nSegundo Manual!!..\nQuim\nView more documents from Francisco Andres.\n\npRAC NO Y NO2!!..\nNO2 Y NO\nView more documents from Francisco Andres.\n\nPrincipio de m\u00e1xima multiplicidad de Hund\/\/ \nPresentacion de estructura_de_lewis\nView more presentations from Francisco Andres.\n\nGrupo del carbono(2)\nView more presentations from Francisco Andres.\n\n\ncontador de visitas\n\" \/><input name=\"lang\" type=\"hidden\" value=\"es\" \/><input name=\"gn\" type=\"hidden\" value=\"ml\" \/><input type=\"hidden\" id=\"interface\" name=\"interface\" value=\"full\" \/>\n\t\t\t<div style=\"margin-left:40%;\">\n\t\t\t\n\t\t\t\t<input style=\"float:left;\" type=\"image\" width=\"40\" height=\"40\" src=\"http:\/\/blog.espol.edu.ec\/franciscomeza\/wp-content\/plugins\/vozme\/img\/megaphone40x40w.gif\" alt=\"Escucha este post\" onclick=\"window.open('', '83a64810014fecfe1b22e16f9792e762', 'width=600,height=370,scrollbars=yes,location=yes,menubar=yes,resizable=yes,status=yes,toolbar=yes');\">\n\t\t\t\t<div style=\"margin-left:48px; text-align:left;\"><a style=\"font-size:12px;\" href=\"javascript:void(0);\" onclick=\"window.open('', '83a64810014fecfe1b22e16f9792e762', 'width=600,height=370,scrollbars=yes,location=yes,menubar=yes,resizable=yes,status=yes,toolbar=yes'); document.getElementById('vozme_form_83a64810014fecfe1b22e16f9792e762').submit();\">Escucha<br\/>este post<\/a><\/div>\n\t\t\t<\/div><\/form>","protected":false},"excerpt":{"rendered":"<p>Pimer Manual!!... Manual Inorga View more documents from Francisco Andres. Segundo Manual!!.. Quim View more documents from Francisco Andres. pRAC NO Y NO2!!.. NO2 Y NO View more documents from Francisco Andres. Principio de m\u00e1xima multiplicidad de Hund Presentacion de estructura_de_lewis View more presentations from Francisco Andres. Grupo del carbono(2) View more presentations from Francisco [&hellip;]<\/p>\n","protected":false},"author":5225,"featured_media":0,"parent":0,"menu_order":12,"comment_status":"open","ping_status":"open","template":"","meta":{"footnotes":""},"class_list":["post-649","page","type-page","status-publish","hentry"],"_links":{"self":[{"href":"https:\/\/blog.espol.edu.ec\/franciscomeza\/wp-json\/wp\/v2\/pages\/649","targetHints":{"allow":["GET"]}}],"collection":[{"href":"https:\/\/blog.espol.edu.ec\/franciscomeza\/wp-json\/wp\/v2\/pages"}],"about":[{"href":"https:\/\/blog.espol.edu.ec\/franciscomeza\/wp-json\/wp\/v2\/types\/page"}],"author":[{"embeddable":true,"href":"https:\/\/blog.espol.edu.ec\/franciscomeza\/wp-json\/wp\/v2\/users\/5225"}],"replies":[{"embeddable":true,"href":"https:\/\/blog.espol.edu.ec\/franciscomeza\/wp-json\/wp\/v2\/comments?post=649"}],"version-history":[{"count":11,"href":"https:\/\/blog.espol.edu.ec\/franciscomeza\/wp-json\/wp\/v2\/pages\/649\/revisions"}],"predecessor-version":[{"id":655,"href":"https:\/\/blog.espol.edu.ec\/franciscomeza\/wp-json\/wp\/v2\/pages\/649\/revisions\/655"}],"wp:attachment":[{"href":"https:\/\/blog.espol.edu.ec\/franciscomeza\/wp-json\/wp\/v2\/media?parent=649"}],"curies":[{"name":"wp","href":"https:\/\/api.w.org\/{rel}","templated":true}]}}