{"id":668,"date":"2011-05-28T20:15:23","date_gmt":"2011-05-28T20:15:23","guid":{"rendered":"http:\/\/blog.espol.edu.ec\/franciscomeza\/que-pasaria-con-6-grados-de-mas-en-la-temperatura-parte-ii\/"},"modified":"2011-05-28T20:21:01","modified_gmt":"2011-05-28T20:21:01","slug":"que-pasaria-con-6-grados-de-mas-en-la-temperatura-parte-ii","status":"publish","type":"page","link":"https:\/\/blog.espol.edu.ec\/franciscomeza\/que-pasaria-con-6-grados-de-mas-en-la-temperatura-parte-ii\/","title":{"rendered":"Qu\u00e9 pasar\u00eda con 6 grados de m\u00e1s en la temperatura?? PARTE II"},"content":{"rendered":"<p><script language=\"Javascript\">\ndocument.oncontextmenu = function(){return false}\n<\/script><\/p>\n<p><span class=\"st_twitter_large\"><\/span><span class=\"st_facebook_large\"><\/span><span class=\"st_ybuzz_large\"><\/span><span class=\"st_gbuzz_large\"><\/span><span class=\"st_email_large\"><\/span><span class=\"st_sharethis_large\"><\/span><\/p>\n<p><strong>VIDEO # 6<\/strong><em><\/p>\n<p><iframe loading=\"lazy\" width=\"425\" height=\"349\" src=\"http:\/\/www.youtube.com\/embed\/P4PkR9HjJl0\" frameborder=\"0\" allowfullscreen><\/iframe><\/p>\n<p><strong>VIDEO # 7<\/strong><em><\/p>\n<p><iframe loading=\"lazy\" width=\"425\" height=\"349\" src=\"http:\/\/www.youtube.com\/embed\/Vv1862QtvfE\" frameborder=\"0\" allowfullscreen><\/iframe><\/p>\n<p><strong>VIDEO # 8<\/strong><em><\/p>\n<p><iframe loading=\"lazy\" width=\"425\" height=\"349\" src=\"http:\/\/www.youtube.com\/embed\/Q3v38XPzgX4\" frameborder=\"0\" allowfullscreen><\/iframe><\/p>\n<p><strong>VIDEO # 9<\/strong><em><\/p>\n<p><iframe loading=\"lazy\" width=\"425\" height=\"349\" src=\"http:\/\/www.youtube.com\/embed\/jt7bTQW3D2s\" frameborder=\"0\" allowfullscreen><\/iframe><\/p>\n<p><strong>VIDEO # 10<\/strong><em><\/p>\n<p><iframe loading=\"lazy\" width=\"425\" height=\"349\" src=\"http:\/\/www.youtube.com\/embed\/2mJRdDNEZSY\" frameborder=\"0\" allowfullscreen><\/iframe><\/p>\n<p><!-- inicio codigo contador --><a href=\"http:\/\/contador-de-visitas.com\"><img decoding=\"async\" style=\"border: 0px solid\" alt=\"contador de visitas\" src=\"http:\/\/contador-de-visitas.com\/hit.php?id=583939&amp;counter=19\"><\/a><br \/><a href=\"http:\/\/contador-de-visitas.com\">contador de visitas<\/a><!-- fin codigo contador --><\/p>\n<form id=\"vozme_form_e75485f04c7983845a8c30755408fe42\" method=\"post\" name=\"vozme_form_e75485f04c7983845a8c30755408fe42\" target=\"e75485f04c7983845a8c30755408fe42\" action=\"http:\/\/vozme.com\/text2voice.php\"><input name=\"text\" type=\"hidden\" value=\"Qu\u00e9 pasar\u00eda con 6 grados de m\u00e1s en la temperatura?? PARTE II. \ndocument.oncontextmenu = function(){return false}\n\n\nVIDEO # 6\n\nVIDEO # 7\n\nVIDEO # 8\n\nVIDEO # 9\n\nVIDEO # 10\n\ncontador de visitas\n\" \/><input name=\"lang\" type=\"hidden\" value=\"es\" \/><input name=\"gn\" type=\"hidden\" value=\"ml\" \/><input type=\"hidden\" id=\"interface\" name=\"interface\" value=\"full\" \/>\n\t\t\t<div style=\"margin-left:40%;\">\n\t\t\t\n\t\t\t\t<input style=\"float:left;\" type=\"image\" width=\"40\" height=\"40\" src=\"http:\/\/blog.espol.edu.ec\/franciscomeza\/wp-content\/plugins\/vozme\/img\/megaphone40x40w.gif\" alt=\"Escucha este post\" onclick=\"window.open('', 'e75485f04c7983845a8c30755408fe42', 'width=600,height=370,scrollbars=yes,location=yes,menubar=yes,resizable=yes,status=yes,toolbar=yes');\">\n\t\t\t\t<div style=\"margin-left:48px; text-align:left;\"><a style=\"font-size:12px;\" href=\"javascript:void(0);\" onclick=\"window.open('', 'e75485f04c7983845a8c30755408fe42', 'width=600,height=370,scrollbars=yes,location=yes,menubar=yes,resizable=yes,status=yes,toolbar=yes'); document.getElementById('vozme_form_e75485f04c7983845a8c30755408fe42').submit();\">Escucha<br\/>este post<\/a><\/div>\n\t\t\t<\/div><\/form>","protected":false},"excerpt":{"rendered":"<p>VIDEO # 6 VIDEO # 7 VIDEO # 8 VIDEO # 9 VIDEO # 10 contador de visitas Escuchaeste post<\/p>\n","protected":false},"author":5225,"featured_media":0,"parent":0,"menu_order":11,"comment_status":"open","ping_status":"open","template":"","meta":{"footnotes":""},"class_list":["post-668","page","type-page","status-publish","hentry"],"_links":{"self":[{"href":"https:\/\/blog.espol.edu.ec\/franciscomeza\/wp-json\/wp\/v2\/pages\/668","targetHints":{"allow":["GET"]}}],"collection":[{"href":"https:\/\/blog.espol.edu.ec\/franciscomeza\/wp-json\/wp\/v2\/pages"}],"about":[{"href":"https:\/\/blog.espol.edu.ec\/franciscomeza\/wp-json\/wp\/v2\/types\/page"}],"author":[{"embeddable":true,"href":"https:\/\/blog.espol.edu.ec\/franciscomeza\/wp-json\/wp\/v2\/users\/5225"}],"replies":[{"embeddable":true,"href":"https:\/\/blog.espol.edu.ec\/franciscomeza\/wp-json\/wp\/v2\/comments?post=668"}],"version-history":[{"count":5,"href":"https:\/\/blog.espol.edu.ec\/franciscomeza\/wp-json\/wp\/v2\/pages\/668\/revisions"}],"predecessor-version":[{"id":674,"href":"https:\/\/blog.espol.edu.ec\/franciscomeza\/wp-json\/wp\/v2\/pages\/668\/revisions\/674"}],"wp:attachment":[{"href":"https:\/\/blog.espol.edu.ec\/franciscomeza\/wp-json\/wp\/v2\/media?parent=668"}],"curies":[{"name":"wp","href":"https:\/\/api.w.org\/{rel}","templated":true}]}}