{"id":676,"date":"2011-05-31T20:52:33","date_gmt":"2011-05-31T20:52:33","guid":{"rendered":"http:\/\/blog.espol.edu.ec\/franciscomeza\/?page_id=676"},"modified":"2011-05-31T21:05:16","modified_gmt":"2011-05-31T21:05:16","slug":"reactor-nuclear","status":"publish","type":"page","link":"https:\/\/blog.espol.edu.ec\/franciscomeza\/reactor-nuclear\/","title":{"rendered":"Reactor Nuclear!..."},"content":{"rendered":"<p><code><\/p>\n<blockquote><p>INTRODUCCI\u00d3N :<\/p><\/blockquote>\n<p><\/code><\/p>\n<p>Este articulo proporciona instrucciones para realizar un sistema casero de inyecci\u00f3n de CO2 para las plantas del acuario. El CO2 es producido por una mezcla de az\u00facar, levadura y agua, y el montaje est\u00e1 construido enteramente de materiales totalmente disponibles y baratos. Precauci\u00f3n : Este montaje no es adecuado para todo acuarista.<\/p>\n<p>Requiere mantenimiento regular y la cantidad fluctuante de CO2 puede cambiar el pH pudiendo matar a los peces (sobre todo si tu agua es blanda). La variaci\u00f3n puede ser del orden de un grado de pH. En mi caso el pH paso de 7,5 sin CO2, a 6,5 con CO2. Ser\u00eda recomendable que antes de intentarlo, se lean las el art\u00edculo sobre CO2 de Acuaweb.com y la FAQ de plantas y CO2 en THE KRIB.<\/p>\n<p>El CO2 es un factor importante en el crecimiento robusto de las plantas, pero es particularmente importante entender la relaci\u00f3n entre pH, concentraci\u00f3n de CO2 y la dureza de carbonatos dKH, antes de intentar realizar sistema casero de inyecci\u00f3n de CO2.<\/p>\n<p>Por otro lado, es completamente in\u00fatil inyectar CO2 si no disponemos de luz adecuada para nuestras plantas, ya que en la mayor\u00eda de los casos, los fluorescentes y las bombillas que se venden en las tiendas no producen la luz ni en calidad, ni en cantidad, adecuadas.<\/p>\n<p>Por otro lado, este sistema es una forma de observar los beneficios de la inyecci\u00f3n de CO2 en el crecimiento de las plantas. Nunca hab\u00eda visto qu\u00e9 puede hacer el CO2 en un acuario, hasta que lo prob\u00e9 por mi mismo, y probablemente nunca hubiese colocado un sistema de inyecci\u00f3n convencional debido a su alto costo. De hecho, todav\u00eda no he comprado uno. Los pasos son los siguientes :<\/p>\n<p><code><\/p>\n<blockquote><p>CONSTRUCCI\u00d3N DEL GENERADOR DE CO2 :<\/p><\/blockquote>\n<p><\/code><br \/>\nEl primer paso es construir el generador, para ello se usa una botella de pl\u00e1stico de 2 litros de cualquier marca de bebidas. Se realiza un agujero en el tap\u00f3n y se introduce un tubo de pl\u00e1stico usado para las piedras aireadoras y se sella con silicona para acuario.<\/p>\n<p><code><\/p>\n<blockquote><p>CONSTRUCCI\u00d3N DEL REACTOR DE CO2 :<\/p><\/blockquote>\n<p><\/code><\/p>\n<p><a href=\"http:\/\/blog.espol.edu.ec\/franciscomeza\/files\/2011\/05\/reactor-Co2.jpg\"><img loading=\"lazy\" decoding=\"async\" src=\"http:\/\/blog.espol.edu.ec\/franciscomeza\/files\/2011\/05\/reactor-Co2.jpg\" alt=\"\" title=\"reactor Co2\" width=\"500\" height=\"280\" class=\"aligncenter size-full wp-image-680\" \/><\/a><\/p>\n<p>El siguiente paso es crear el reactor de CO2 para capturar y disolver las burbujas de CO2 antes de que escapen hacia la superficie del acuario. En principio, se puede colocar simplemente una piedra aireadora unida al tubo que proviene de la botella.<\/p>\n<p>Aunque es ineficiente, las plantas crecer\u00e1n notablemente m\u00e1s r\u00e1pido. La piedra aireadora crea burbujas m\u00e1s peque\u00f1as que se disuelven mejor en el agua, por lo que su uso es, de todas maneras, recomendable.<\/p>\n<p>Recientemente ha construido un reactor con la idea de atrapar las burbujas antes de que alcancen la superficie. Esto proporciona dos beneficios. Primero, menos CO2 que se escapa, significa m\u00e1s CO2 en el agua. Segundo, el nivel de CO2 retenido act\u00faa como un medidor exacto de cuanto CO2 hay en el agua. Si hay mucho en el reactor, la cantidad de CO2 en el acuario es elevada, mientras que si hay poco en el reactor, puede que el generador de CO2 no produzca lo suficiente, o est\u00e9 parado, o el CO2 se escape por alg\u00fan sitio.<\/p>\n<p>El reactor consiste en un cuenco de pl\u00e1stico transparente colocado boca abajo y apegado mediante otra pieza de pl\u00e1stico al cristal entre este y el tubo de salida del filtro de fondo. Es importante que sea transparente para poder ver el nivel de CO2 dentro del reactor.<\/p>\n<p>Otro m\u00e9todo es hacer fluir agua a trav\u00e9s del reactor para que el CO2 se disuelva mejor en el agua. Esto se realiza haciendo que la salida del filtro vaya a parar directamente al interior del reactor donde entra en contacto con el gas disolvi\u00e9ndolo y pasando as\u00ed al acuario. Tambi\u00e9n se puede emplear la campana de CO2 de la marca Tetra que es de f\u00e1cil manejo pero quiz\u00e1s algo dif\u00edcil de encontrar. Si se dispone de un filtro de canasta, se puede hacer que el CO2 burbujee sobre la entrada disolvi\u00e9ndose por completo.<\/p>\n<p><code><\/p>\n<blockquote><p>COMO OBTENER EL CO2 :<\/p><\/blockquote>\n<p><\/code><br \/>\nEl tercer paso es crear el CO2. Yo mezclo 3\/4 de una copa de az\u00facar, 6 copas de agua y una cucharadita de levadura de panadero. La cantidad exacta de ingredientes no es cr\u00edtica.<\/p>\n<p>Pero es recomendable no pasarse demasiado con ninguno de los ingredientes. Usando estas cantidades se obtiene un flujo regular de CO2 durante 10-14 d\u00edas, con una burbuja cada 3-7 segundos.<\/p>\n<p>Cuando el sistema deja de funcionar (la ca\u00edda de la producci\u00f3n de gas es de repente y se puede observar f\u00e1cilmente), se tira todo el contenido de la botella y se prepara una nueva mezcla.<\/p>\n<p><code><\/p>\n<blockquote><p>COSAS A TENER EN CUENTA :<\/p><\/blockquote>\n<p><\/code><br \/>\n1\u00b0- Agitar la mezcla cada dos d\u00edas har\u00e1 que el sistema dure m\u00e1s. MUCHO CUIDADO AL AGITAR, porque puede ir a parar mezcla al acuario oblig\u00e1ndonos a tener que realizar un cambio de agua urgente.<\/p>\n<p>2\u00b0- El agua caliente mata a la levadura y no se producir\u00e1 CO2 en absoluto. Aunque el agua templada puede acelerar el inicio en la producci\u00f3n de CO2.<\/p>\n<p>3\u00b0- Unos tipos de levaduras tardan m\u00e1s tiempo en funcionar que otras. Esto suele suceder entre levaduras conservadas en frigor\u00edfico (lentas) y las conservadas a temperatura ambiente (r\u00e1pidas). La soluci\u00f3n es conservar la levadura en frigor\u00edfico y un d\u00eda antes de mezclarla dejarla fuera. Tambi\u00e9n funciona el a\u00f1adir la levadura, antes de usarla, en una copa con agua templada (24\u00b0C), 20 minutos antes de usarla.<\/p>\n<p>4\u00b0- Hay gente que apaga el sistema de CO2 durante la noche, cuando las plantas no lo necesitan, pero esto es un error ya que producir\u00e1n variaciones en el pH peligrosas para plantas y peces.<\/p>\n<p>5\u00b0- Otras personas dicen que aparece una sospechosa capa en los aireadores de CO2. Por lo que yo s\u00e9, se trata de simples bacterias que no son peligrosas en absoluto.<\/p>\n<p>6\u00b0- Es posible usar la levadura ya usada que queda en el fondo sobre todo la de color m\u00e1s claro porque la oscura est\u00e1 muerta.<\/p>\n<p>7\u00b0- Es recomendable usar una v\u00e1lvula de seguridad de las vendidas es las tiendas para evitar posibles accidentes que puedan contaminar el acuario.<\/p>\n<p>8\u00b0- Recordar que el sistema de CO2 es in\u00fatil si no hay suficiente iluminaci\u00f3n, no se abona adecuadamente (ver art\u00edculo sobre abonos) o el sustrato no es el adecuado.<\/p>\n<form id=\"vozme_form_a09e1c3bc9daa4c3ea8df5ce75649392\" method=\"post\" name=\"vozme_form_a09e1c3bc9daa4c3ea8df5ce75649392\" target=\"a09e1c3bc9daa4c3ea8df5ce75649392\" action=\"http:\/\/vozme.com\/text2voice.php\"><input name=\"text\" type=\"hidden\" value=\"Reactor Nuclear!.... \nINTRODUCCI\u00d3N :\n\nEste articulo proporciona instrucciones para realizar un sistema casero de inyecci\u00f3n de CO2 para las plantas del acuario. El CO2 es producido por una mezcla de az\u00facar, levadura y agua, y el montaje est\u00e1 construido enteramente de materiales totalmente disponibles y baratos. Precauci\u00f3n : Este montaje no es adecuado para todo acuarista.\nRequiere mantenimiento regular y la cantidad fluctuante de CO2 puede cambiar el pH pudiendo matar a los peces (sobre todo si tu agua es blanda). La variaci\u00f3n puede ser del orden de un grado de pH. En mi caso el pH paso de 7,5 sin CO2, a 6,5 con CO2. Ser\u00eda recomendable que antes de intentarlo, se lean las el art\u00edculo sobre CO2 de Acuaweb.com y la FAQ de plantas y CO2 en THE KRIB.\nEl CO2 es un factor importante en el crecimiento robusto de las plantas, pero es particularmente importante entender la relaci\u00f3n entre pH, concentraci\u00f3n de CO2 y la dureza de carbonatos dKH, antes de intentar realizar sistema casero de inyecci\u00f3n de CO2.\nPor otro lado, es completamente in\u00fatil inyectar CO2 si no disponemos de luz adecuada para nuestras plantas, ya que en la mayor\u00eda de los casos, los fluorescentes y las bombillas que se venden en las tiendas no producen la luz ni en calidad, ni en cantidad, adecuadas.\nPor otro lado, este sistema es una forma de observar los beneficios de la inyecci\u00f3n de CO2 en el crecimiento de las plantas. Nunca hab\u00eda visto qu\u00e9 puede hacer el CO2 en un acuario, hasta que lo prob\u00e9 por mi mismo, y probablemente nunca hubiese colocado un sistema de inyecci\u00f3n convencional debido a su alto costo. De hecho, todav\u00eda no he comprado uno. Los pasos son los siguientes :\n\nCONSTRUCCI\u00d3N DEL GENERADOR DE CO2 :\n\nEl primer paso es construir el generador, para ello se usa una botella de pl\u00e1stico de 2 litros de cualquier marca de bebidas. Se realiza un agujero en el tap\u00f3n y se introduce un tubo de pl\u00e1stico usado para las piedras aireadoras y se sella con silicona para acuario.\n\nCONSTRUCCI\u00d3N DEL REACTOR DE CO2 :\n\n\nEl siguiente paso es crear el reactor de CO2 para capturar y disolver las burbujas de CO2 antes de que escapen hacia la superficie del acuario. En principio, se puede colocar simplemente una piedra aireadora unida al tubo que proviene de la botella.\nAunque es ineficiente, las plantas crecer\u00e1n notablemente m\u00e1s r\u00e1pido. La piedra aireadora crea burbujas m\u00e1s peque\u00f1as que se disuelven mejor en el agua, por lo que su uso es, de todas maneras, recomendable.\nRecientemente ha construido un reactor con la idea de atrapar las burbujas antes de que alcancen la superficie. Esto proporciona dos beneficios. Primero, menos CO2 que se escapa, significa m\u00e1s CO2 en el agua. Segundo, el nivel de CO2 retenido act\u00faa como un medidor exacto de cuanto CO2 hay en el agua. Si hay mucho en el reactor, la cantidad de CO2 en el acuario es elevada, mientras que si hay poco en el reactor, puede que el generador de CO2 no produzca lo suficiente, o est\u00e9 parado, o el CO2 se escape por alg\u00fan sitio.\nEl reactor consiste en un cuenco de pl\u00e1stico transparente colocado boca abajo y apegado mediante otra pieza de pl\u00e1stico al cristal entre este y el tubo de salida del filtro de fondo. Es importante que sea transparente para poder ver el nivel de CO2 dentro del reactor.\nOtro m\u00e9todo es hacer fluir agua a trav\u00e9s del reactor para que el CO2 se disuelva mejor en el agua. Esto se realiza haciendo que la salida del filtro vaya a parar directamente al interior del reactor donde entra en contacto con el gas disolvi\u00e9ndolo y pasando as\u00ed al acuario. Tambi\u00e9n se puede emplear la campana de CO2 de la marca Tetra que es de f\u00e1cil manejo pero quiz\u00e1s algo dif\u00edcil de encontrar. Si se dispone de un filtro de canasta, se puede hacer que el CO2 burbujee sobre la entrada disolvi\u00e9ndose por completo.\n\nCOMO OBTENER EL CO2 :\n\nEl tercer paso es crear el CO2. Yo mezclo 3\/4 de una copa de az\u00facar, 6 copas de agua y una cucharadita de levadura de panadero. La cantidad exacta de ingredientes no es cr\u00edtica.\nPero es recomendable no pasarse demasiado con ninguno de los ingredientes. Usando estas cantidades se obtiene un flujo regular de CO2 durante 10-14 d\u00edas, con una burbuja cada 3-7 segundos.\nCuando el sistema deja de funcionar (la ca\u00edda de la producci\u00f3n de gas es de repente y se puede observar f\u00e1cilmente), se tira todo el contenido de la botella y se prepara una nueva mezcla.\n\nCOSAS A TENER EN CUENTA :\n\n1\u00b0- Agitar la mezcla cada dos d\u00edas har\u00e1 que el sistema dure m\u00e1s. MUCHO CUIDADO AL AGITAR, porque puede ir a parar mezcla al acuario oblig\u00e1ndonos a tener que realizar un cambio de agua urgente.\n2\u00b0- El agua caliente mata a la levadura y no se producir\u00e1 CO2 en absoluto. Aunque el agua templada puede acelerar el inicio en la producci\u00f3n de CO2.\n3\u00b0- Unos tipos de levaduras tardan m\u00e1s tiempo en funcionar que otras. Esto suele suceder entre levaduras conservadas en frigor\u00edfico (lentas) y las conservadas a temperatura ambiente (r\u00e1pidas). La soluci\u00f3n es conservar la levadura en frigor\u00edfico y un d\u00eda antes de mezclarla dejarla fuera. Tambi\u00e9n funciona el a\u00f1adir la levadura, antes de usarla, en una copa con agua templada (24\u00b0C), 20 minutos antes de usarla.\n4\u00b0- Hay gente que apaga el sistema de CO2 durante la noche, cuando las plantas no lo necesitan, pero esto es un error ya que producir\u00e1n variaciones en el pH peligrosas para plantas y peces.\n5\u00b0- Otras personas dicen que aparece una sospechosa capa en los aireadores de CO2. Por lo que yo s\u00e9, se trata de simples bacterias que no son peligrosas en absoluto.\n6\u00b0- Es posible usar la levadura ya usada que queda en el fondo sobre todo la de color m\u00e1s claro porque la oscura est\u00e1 muerta.\n7\u00b0- Es recomendable usar una v\u00e1lvula de seguridad de las vendidas es las tiendas para evitar posibles accidentes que puedan contaminar el acuario.\n8\u00b0- Recordar que el sistema de CO2 es in\u00fatil si no hay suficiente iluminaci\u00f3n, no se abona adecuadamente (ver art\u00edculo sobre abonos) o el sustrato no es el adecuado.\n\" \/><input name=\"lang\" type=\"hidden\" value=\"es\" \/><input name=\"gn\" type=\"hidden\" value=\"ml\" \/><input type=\"hidden\" id=\"interface\" name=\"interface\" value=\"full\" \/>\n\t\t\t<div style=\"margin-left:40%;\">\n\t\t\t\n\t\t\t\t<input style=\"float:left;\" type=\"image\" width=\"40\" height=\"40\" src=\"http:\/\/blog.espol.edu.ec\/franciscomeza\/wp-content\/plugins\/vozme\/img\/megaphone40x40w.gif\" alt=\"Escucha este post\" onclick=\"window.open('', 'a09e1c3bc9daa4c3ea8df5ce75649392', 'width=600,height=370,scrollbars=yes,location=yes,menubar=yes,resizable=yes,status=yes,toolbar=yes');\">\n\t\t\t\t<div style=\"margin-left:48px; text-align:left;\"><a style=\"font-size:12px;\" href=\"javascript:void(0);\" onclick=\"window.open('', 'a09e1c3bc9daa4c3ea8df5ce75649392', 'width=600,height=370,scrollbars=yes,location=yes,menubar=yes,resizable=yes,status=yes,toolbar=yes'); document.getElementById('vozme_form_a09e1c3bc9daa4c3ea8df5ce75649392').submit();\">Escucha<br\/>este post<\/a><\/div>\n\t\t\t<\/div><\/form>","protected":false},"excerpt":{"rendered":"<p>INTRODUCCI\u00d3N : Este articulo proporciona instrucciones para realizar un sistema casero de inyecci\u00f3n de CO2 para las plantas del acuario. El CO2 es producido por una mezcla de az\u00facar, levadura y agua, y el montaje est\u00e1 construido enteramente de materiales totalmente disponibles y baratos. Precauci\u00f3n : Este montaje no es adecuado para todo acuarista. Requiere [&hellip;]<\/p>\n","protected":false},"author":5225,"featured_media":0,"parent":0,"menu_order":7,"comment_status":"open","ping_status":"open","template":"","meta":{"footnotes":""},"class_list":["post-676","page","type-page","status-publish","hentry"],"_links":{"self":[{"href":"https:\/\/blog.espol.edu.ec\/franciscomeza\/wp-json\/wp\/v2\/pages\/676","targetHints":{"allow":["GET"]}}],"collection":[{"href":"https:\/\/blog.espol.edu.ec\/franciscomeza\/wp-json\/wp\/v2\/pages"}],"about":[{"href":"https:\/\/blog.espol.edu.ec\/franciscomeza\/wp-json\/wp\/v2\/types\/page"}],"author":[{"embeddable":true,"href":"https:\/\/blog.espol.edu.ec\/franciscomeza\/wp-json\/wp\/v2\/users\/5225"}],"replies":[{"embeddable":true,"href":"https:\/\/blog.espol.edu.ec\/franciscomeza\/wp-json\/wp\/v2\/comments?post=676"}],"version-history":[{"count":7,"href":"https:\/\/blog.espol.edu.ec\/franciscomeza\/wp-json\/wp\/v2\/pages\/676\/revisions"}],"predecessor-version":[{"id":679,"href":"https:\/\/blog.espol.edu.ec\/franciscomeza\/wp-json\/wp\/v2\/pages\/676\/revisions\/679"}],"wp:attachment":[{"href":"https:\/\/blog.espol.edu.ec\/franciscomeza\/wp-json\/wp\/v2\/media?parent=676"}],"curies":[{"name":"wp","href":"https:\/\/api.w.org\/{rel}","templated":true}]}}