{"id":92,"date":"2010-10-24T01:15:51","date_gmt":"2010-10-24T01:15:51","guid":{"rendered":"http:\/\/blog.espol.edu.ec\/franciscomeza\/w-descargas-w\/"},"modified":"2011-05-29T15:58:53","modified_gmt":"2011-05-29T15:58:53","slug":"shiumi","status":"publish","type":"page","link":"https:\/\/blog.espol.edu.ec\/franciscomeza\/shiumi\/","title":{"rendered":"El Rinc\u00f3n  de ShiumI( desde Chile)..."},"content":{"rendered":"<p><script language=\"Javascript\">\ndocument.oncontextmenu = function(){return false}\n<\/script><\/p>\n<p><span class=\"st_twitter_large\"><\/span><span class=\"st_facebook_large\"><\/span><span class=\"st_ybuzz_large\"><\/span><span class=\"st_gbuzz_large\"><\/span><span class=\"st_email_large\"><\/span><span class=\"st_sharethis_large\"><\/span><\/p>\n<p><a href=\"http:\/\/blog.espol.edu.ec\/franciscomeza\/files\/2010\/10\/locura.jpg\"><img loading=\"lazy\" decoding=\"async\" class=\"aligncenter size-full wp-image-247\" title=\"locura\" src=\"http:\/\/blog.espol.edu.ec\/franciscomeza\/files\/2010\/10\/locura.jpg\" alt=\"\" width=\"500\" height=\"501\" \/><\/a><br \/>\n.<br \/>\nHola amigos! me presento, soy su amiga Mariela Mu\u00f1oz, mas conocida como Mariela! ^^, (waoo jaja ), pues bien aceptando la oferta de mi buen amigo francisco , escribir\u00e9 en esta seccion algunos pensamientos de mi vida :p, algunos que talves no recuerdo y cuando reviso mis hojitas alli estan, otros que son confusos y talves no se ni porque los escribi, y otros que los recuerdo siempre porque formaron parte de mi vida y siguen siendo algo bonito para recordar y revivir cada d\u00eda, algunos se identificaran conmigo, otros pensaran que estoy lokita y otros talves les de igual jeje*-*. Espero les guste, saluditos!!<br \/>\n.<br \/>\n.<br \/>\n<a href=\"http:\/\/blog.espol.edu.ec\/franciscomeza\/files\/2010\/10\/marielis1.jpg\"><img loading=\"lazy\" decoding=\"async\" class=\"aligncenter size-full wp-image-249\" title=\"marielis1\" src=\"http:\/\/blog.espol.edu.ec\/franciscomeza\/files\/2010\/10\/marielis1.jpg\" alt=\"\" width=\"336\" height=\"474\" srcset=\"https:\/\/blog.espol.edu.ec\/franciscomeza\/files\/2010\/10\/marielis1.jpg 336w, https:\/\/blog.espol.edu.ec\/franciscomeza\/files\/2010\/10\/marielis1-212x300.jpg 212w\" sizes=\"auto, (max-width: 336px) 100vw, 336px\" \/><\/a><br \/>\n.<br \/>\n.<br \/>\nEscrito el d\u00eda martes 9 de febrero de 2010<br \/>\n<a href=\"http:\/\/blog.espol.edu.ec\/franciscomeza\/files\/2010\/10\/fra11.jpg\"><img loading=\"lazy\" decoding=\"async\" src=\"http:\/\/blog.espol.edu.ec\/franciscomeza\/files\/2010\/10\/fra11.jpg\" alt=\"\" title=\"fra1\" width=\"500\" height=\"116\" class=\"aligncenter size-full wp-image-254\" \/><\/a><br \/>\n.<br \/>\nHan pasado ya unos 5 a\u00f1os y a\u00fan lo recuerdo con muchos detalles... Al parecer, mi mente no ha querido borrar ese mal recuerdo...<br \/>\nEstaba yo durmiendo a esas altas horas de la madrugada cuando de pronto siento un grito... todo en mi mente se nubl\u00f3 y pens\u00e9 lo peor... Corr\u00ed a la habitaci\u00f3n de mis padres, abr\u00ed la puerta y vi a mi madre llorando y mi padre... mi padre no tenia cara para mirarnos a los ojos... Ella nos cont\u00f3 el motivo del esc\u00e1ndalo y apenas pod\u00eda hablar, sus lagrimas ahogaban su garganta...<br \/>\nMi hermano mayor cerr\u00f3 la puerta y se puso a hablar con ambos mientras el resto de los hijos esper\u00e1bamos nerviosamente en el living. Cuando el sali\u00f3 de ah\u00ed convers\u00f3 solo con mi hermana, y yo por ser peque\u00f1a no ten\u00eda el derecho a enterarme m\u00e1s acerca del tema. Mis hermanos salieron a vagar en la oscuridad y yo quede sola a esas horas, y a mi corta edad fue la primera vez que prob\u00e9 el alcohol para ahogar mis penas... Despu\u00e9s de eso no es mucho lo que puedo recordar, solo susurros, los perros ladrando, y se acab\u00f3, me dorm\u00ed profundamente despu\u00e9s de haber vaciado casi la botella entera en mi boca...<br \/>\nDesde ese d\u00eda mi vida ya no ser\u00eda lo mismo, \u00e9l, ese hombre me cambi\u00f3 la vida, ese caballero me mat\u00f3 en vida. \u00c9L es el culpable de mis desgracias hoy en d\u00eda, y aun as\u00ed creo que lo quiero...<br \/>\n.<br \/>\n.<br \/>\n.<br \/>\nEscrito el d\u00eda martes 9 de febrero de 2010<\/p>\n<p><a href=\"http:\/\/blog.espol.edu.ec\/franciscomeza\/files\/2010\/10\/fra2.jpg\"><img loading=\"lazy\" decoding=\"async\" src=\"http:\/\/blog.espol.edu.ec\/franciscomeza\/files\/2010\/10\/fra2.jpg\" alt=\"\" title=\"fra2\" width=\"500\" height=\"116\" class=\"aligncenter size-full wp-image-256\" \/><\/a><br \/>\n.<br \/>\n\"Ella sent\u00eda que de cada d\u00eda que pasaba ten\u00eda algo nuevo que aprender, y, aunque anteriormente no hab\u00eda aprovechado la oportunidad que se le presentaba, de a poco iba aprendiendo que a pesar de todo lo malo que le podia suceder, las cosas siempre podian salir peor y despu\u00e9s de todo, su vida no era tan mala... Pronto comenz\u00f3 a ver brillar el sol y se percat\u00f3 de que hab\u00eda estado toda la noche reflexionando acerca de c\u00f3mo sentirse mejor, y lo logr\u00f3... Fu\u00e9 algo demasiado satisfactorio. Pero luego sinti\u00f3 rabia con ella misma, por no haber aprovechado el tiempo ya perdido y haberlo ocupado en lamentarse por cosas sin importancia. Pens\u00f3 en que hab\u00edan personas que de verdad estaban sufriendo por problemas mayores y a\u00fan asi se sent\u00edan mejor que ella, si, ella, que se lamentaba por algo tan diminuto, que apenas tenia un peque\u00f1o malestar sentimental y ya estaba a punto de explotar. Entonces ah\u00ed sinti\u00f3 que era est\u00fapida y lo que le hab\u00eda costado 10 horas de sue\u00f1o en aprender se le Olvid\u00f3\u2019  en 5 minutos...\"<br \/>\n.<br \/>\n.<br \/>\nEscrito el d\u00eda s\u00e1bado 31 de octubre de 2009<\/p>\n<p><a href=\"http:\/\/blog.espol.edu.ec\/franciscomeza\/files\/2010\/10\/fra3.jpg\"><img loading=\"lazy\" decoding=\"async\" src=\"http:\/\/blog.espol.edu.ec\/franciscomeza\/files\/2010\/10\/fra3.jpg\" alt=\"\" title=\"fra3\" width=\"500\" height=\"116\" class=\"aligncenter size-full wp-image-260\" \/><\/a><br \/>\n.<br \/>\nSiempre he creido que se te da bien esto de actuar... act\u00faas d\u00eda a d\u00eda en los diferentes momentos de tu vida...<br \/>\nCuando est\u00e1s triste act\u00faas. Para el resto pareces ser una persona feliz cuando por dentro sabes que hasta el minimo roce con un p\u00e9talo de rosa te quiebra, te derrumba, y caes...<br \/>\nCuando comienzas a querer a alguien sin darte cuenta eres diferente, ocultas varias de tus caras para que esa persona te quiera, pero ese alguien no te quiere por como eres, no te acepta tal cual (o al menos eso creiste tu desde un principio y por eso eras diferente con esa persona) te quiere por aquel personaje que fing\u00edas ser con el\/ella...<br \/>\nCuando est\u00e1s con tus amigos eres diferente, hasta con tu familia eres diferente, con todos eres diferente... Solamente al momento en que no est\u00e1s con alguien a tu lado dejas de actuar... esa persona fr\u00eda, triste, enojada con el mundo, con odio en tu coraz\u00f3n aparece apenas estas solo... esa persona que crees que seria imposible que la quisiesen sin utilizar una mascara ERES T\u00da...<\/p>\n<p>\"Todos tenemos una m\u00e1scara para cada situacion que se nos presenta en la vida... las utilizamos segun las emociones o cosas que queremos aparentar \"<\/p>\n<p>(s\u00e9 que esto estaba en una nota de fb... pero lo que quer\u00eda esciribir lo subir\u00e9 en otro momento...) <\/p>\n<p><!-- inicio codigo contador --><a href=\"http:\/\/contador-de-visitas.com\"><img decoding=\"async\" style=\"border: 0px solid\" alt=\"contador de visitas\" src=\"http:\/\/contador-de-visitas.com\/hit.php?id=583939&amp;counter=19\"><\/a><br \/><a href=\"http:\/\/contador-de-visitas.com\">contador de visitas<\/a><!-- fin codigo contador --><\/p>\n<form id=\"vozme_form_bf32876ec228344b4ecacc9e1f521ee8\" method=\"post\" name=\"vozme_form_bf32876ec228344b4ecacc9e1f521ee8\" target=\"bf32876ec228344b4ecacc9e1f521ee8\" action=\"http:\/\/vozme.com\/text2voice.php\"><input name=\"text\" type=\"hidden\" value=\"El Rinc\u00f3n  de ShiumI( desde Chile).... \ndocument.oncontextmenu = function(){return false}\n\n\n\n.\nHola amigos! me presento, soy su amiga Mariela Mu\u00f1oz, mas conocida como Mariela! ^^, (waoo jaja ), pues bien aceptando la oferta de mi buen amigo francisco , escribir\u00e9 en esta seccion algunos pensamientos de mi vida :p, algunos que talves no recuerdo y cuando reviso mis hojitas alli estan, otros que son confusos y talves no se ni porque los escribi, y otros que los recuerdo siempre porque formaron parte de mi vida y siguen siendo algo bonito para recordar y revivir cada d\u00eda, algunos se identificaran conmigo, otros pensaran que estoy lokita y otros talves les de igual jeje*-*. Espero les guste, saluditos!!\n.\n.\n\n.\n.\nEscrito el d\u00eda martes 9 de febrero de 2010\n\n.\nHan pasado ya unos 5 a\u00f1os y a\u00fan lo recuerdo con muchos detalles... Al parecer, mi mente no ha querido borrar ese mal recuerdo...\nEstaba yo durmiendo a esas altas horas de la madrugada cuando de pronto siento un grito... todo en mi mente se nubl\u00f3 y pens\u00e9 lo peor... Corr\u00ed a la habitaci\u00f3n de mis padres, abr\u00ed la puerta y vi a mi madre llorando y mi padre... mi padre no tenia cara para mirarnos a los ojos... Ella nos cont\u00f3 el motivo del esc\u00e1ndalo y apenas pod\u00eda hablar, sus lagrimas ahogaban su garganta...\nMi hermano mayor cerr\u00f3 la puerta y se puso a hablar con ambos mientras el resto de los hijos esper\u00e1bamos nerviosamente en el living. Cuando el sali\u00f3 de ah\u00ed convers\u00f3 solo con mi hermana, y yo por ser peque\u00f1a no ten\u00eda el derecho a enterarme m\u00e1s acerca del tema. Mis hermanos salieron a vagar en la oscuridad y yo quede sola a esas horas, y a mi corta edad fue la primera vez que prob\u00e9 el alcohol para ahogar mis penas... Despu\u00e9s de eso no es mucho lo que puedo recordar, solo susurros, los perros ladrando, y se acab\u00f3, me dorm\u00ed profundamente despu\u00e9s de haber vaciado casi la botella entera en mi boca...\nDesde ese d\u00eda mi vida ya no ser\u00eda lo mismo, \u00e9l, ese hombre me cambi\u00f3 la vida, ese caballero me mat\u00f3 en vida. \u00c9L es el culpable de mis desgracias hoy en d\u00eda, y aun as\u00ed creo que lo quiero...\n.\n.\n.\nEscrito el d\u00eda martes 9 de febrero de 2010\n\n.\n&quot;Ella sent\u00eda que de cada d\u00eda que pasaba ten\u00eda algo nuevo que aprender, y, aunque anteriormente no hab\u00eda aprovechado la oportunidad que se le presentaba, de a poco iba aprendiendo que a pesar de todo lo malo que le podia suceder, las cosas siempre podian salir peor y despu\u00e9s de todo, su vida no era tan mala... Pronto comenz\u00f3 a ver brillar el sol y se percat\u00f3 de que hab\u00eda estado toda la noche reflexionando acerca de c\u00f3mo sentirse mejor, y lo logr\u00f3... Fu\u00e9 algo demasiado satisfactorio. Pero luego sinti\u00f3 rabia con ella misma, por no haber aprovechado el tiempo ya perdido y haberlo ocupado en lamentarse por cosas sin importancia. Pens\u00f3 en que hab\u00edan personas que de verdad estaban sufriendo por problemas mayores y a\u00fan asi se sent\u00edan mejor que ella, si, ella, que se lamentaba por algo tan diminuto, que apenas tenia un peque\u00f1o malestar sentimental y ya estaba a punto de explotar. Entonces ah\u00ed sinti\u00f3 que era est\u00fapida y lo que le hab\u00eda costado 10 horas de sue\u00f1o en aprender se le Olvid\u00f3\u2019  en 5 minutos...&quot;\n.\n.\nEscrito el d\u00eda s\u00e1bado 31 de octubre de 2009\n\n.\nSiempre he creido que se te da bien esto de actuar... act\u00faas d\u00eda a d\u00eda en los diferentes momentos de tu vida...\nCuando est\u00e1s triste act\u00faas. Para el resto pareces ser una persona feliz cuando por dentro sabes que hasta el minimo roce con un p\u00e9talo de rosa te quiebra, te derrumba, y caes...\nCuando comienzas a querer a alguien sin darte cuenta eres diferente, ocultas varias de tus caras para que esa persona te quiera, pero ese alguien no te quiere por como eres, no te acepta tal cual (o al menos eso creiste tu desde un principio y por eso eras diferente con esa persona) te quiere por aquel personaje que fing\u00edas ser con el\/ella...\nCuando est\u00e1s con tus amigos eres diferente, hasta con tu familia eres diferente, con todos eres diferente... Solamente al momento en que no est\u00e1s con alguien a tu lado dejas de actuar... esa persona fr\u00eda, triste, enojada con el mundo, con odio en tu coraz\u00f3n aparece apenas estas solo... esa persona que crees que seria imposible que la quisiesen sin utilizar una mascara ERES T\u00da...\n&quot;Todos tenemos una m\u00e1scara para cada situacion que se nos presenta en la vida... las utilizamos segun las emociones o cosas que queremos aparentar &quot;\n(s\u00e9 que esto estaba en una nota de fb... pero lo que quer\u00eda esciribir lo subir\u00e9 en otro momento...) \ncontador de visitas\n\" \/><input name=\"lang\" type=\"hidden\" value=\"es\" \/><input name=\"gn\" type=\"hidden\" value=\"ml\" \/><input type=\"hidden\" id=\"interface\" name=\"interface\" value=\"full\" \/>\n\t\t\t<div style=\"margin-left:40%;\">\n\t\t\t\n\t\t\t\t<input style=\"float:left;\" type=\"image\" width=\"40\" height=\"40\" src=\"http:\/\/blog.espol.edu.ec\/franciscomeza\/wp-content\/plugins\/vozme\/img\/megaphone40x40w.gif\" alt=\"Escucha este post\" onclick=\"window.open('', 'bf32876ec228344b4ecacc9e1f521ee8', 'width=600,height=370,scrollbars=yes,location=yes,menubar=yes,resizable=yes,status=yes,toolbar=yes');\">\n\t\t\t\t<div style=\"margin-left:48px; text-align:left;\"><a style=\"font-size:12px;\" href=\"javascript:void(0);\" onclick=\"window.open('', 'bf32876ec228344b4ecacc9e1f521ee8', 'width=600,height=370,scrollbars=yes,location=yes,menubar=yes,resizable=yes,status=yes,toolbar=yes'); document.getElementById('vozme_form_bf32876ec228344b4ecacc9e1f521ee8').submit();\">Escucha<br\/>este post<\/a><\/div>\n\t\t\t<\/div><\/form>","protected":false},"excerpt":{"rendered":"<p>. Hola amigos! me presento, soy su amiga Mariela Mu\u00f1oz, mas conocida como Mariela! ^^, (waoo jaja ), pues bien aceptando la oferta de mi buen amigo francisco , escribir\u00e9 en esta seccion algunos pensamientos de mi vida :p, algunos que talves no recuerdo y cuando reviso mis hojitas alli estan, otros que son confusos [&hellip;]<\/p>\n","protected":false},"author":5225,"featured_media":0,"parent":0,"menu_order":8,"comment_status":"open","ping_status":"open","template":"","meta":{"footnotes":""},"class_list":["post-92","page","type-page","status-publish","hentry"],"_links":{"self":[{"href":"https:\/\/blog.espol.edu.ec\/franciscomeza\/wp-json\/wp\/v2\/pages\/92","targetHints":{"allow":["GET"]}}],"collection":[{"href":"https:\/\/blog.espol.edu.ec\/franciscomeza\/wp-json\/wp\/v2\/pages"}],"about":[{"href":"https:\/\/blog.espol.edu.ec\/franciscomeza\/wp-json\/wp\/v2\/types\/page"}],"author":[{"embeddable":true,"href":"https:\/\/blog.espol.edu.ec\/franciscomeza\/wp-json\/wp\/v2\/users\/5225"}],"replies":[{"embeddable":true,"href":"https:\/\/blog.espol.edu.ec\/franciscomeza\/wp-json\/wp\/v2\/comments?post=92"}],"version-history":[{"count":30,"href":"https:\/\/blog.espol.edu.ec\/franciscomeza\/wp-json\/wp\/v2\/pages\/92\/revisions"}],"predecessor-version":[{"id":104,"href":"https:\/\/blog.espol.edu.ec\/franciscomeza\/wp-json\/wp\/v2\/pages\/92\/revisions\/104"}],"wp:attachment":[{"href":"https:\/\/blog.espol.edu.ec\/franciscomeza\/wp-json\/wp\/v2\/media?parent=92"}],"curies":[{"name":"wp","href":"https:\/\/api.w.org\/{rel}","templated":true}]}}