{"id":94,"date":"2010-02-23T09:09:04","date_gmt":"2010-02-23T14:09:04","guid":{"rendered":"http:\/\/blog.espol.edu.ec\/freddyquimis\/?page_id=94"},"modified":"2010-02-23T09:09:04","modified_gmt":"2010-02-23T14:09:04","slug":"un-poko-de-la-cultura-chinaaa","status":"publish","type":"page","link":"https:\/\/blog.espol.edu.ec\/freddyquimis\/un-poko-de-la-cultura-chinaaa\/","title":{"rendered":"Un poko de la Cultura CHINAAA!!!!!!!!!"},"content":{"rendered":"<p>Algunos de los <strong>exponentes de la cultura<\/strong> china son su <a title=\"Mitolog\u00eda china\" href=\"http:\/\/es.wikipedia.org\/wiki\/Mitolog%C3%ADa_china\">mitolog\u00eda<\/a>, su <a title=\"Filosof\u00eda china\" href=\"http:\/\/es.wikipedia.org\/wiki\/Filosof%C3%ADa_china\">filosof\u00eda<\/a>, su <a title=\"M\u00fasica de China\" href=\"http:\/\/es.wikipedia.org\/wiki\/M%C3%BAsica_de_China\">m\u00fasica<\/a> y su <a title=\"Arte de China\" href=\"http:\/\/es.wikipedia.org\/wiki\/Arte_de_China\">arte<\/a>.<\/p>\n<p>China fue cuna de dos importantes corrientes filos\u00f3ficas, el <a title=\"Confucianismo\" href=\"http:\/\/es.wikipedia.org\/wiki\/Confucianismo\">confucianismo<\/a> y el <a title=\"Tao\u00edsmo\" href=\"http:\/\/es.wikipedia.org\/wiki\/Tao%C3%ADsmo\">tao\u00edsmo<\/a>. Esta cultura tambi\u00e9n adopt\u00f3 el <a title=\"Budismo\" href=\"http:\/\/es.wikipedia.org\/wiki\/Budismo\">budismo<\/a>, dando origen al <a title=\"Zen\" href=\"http:\/\/es.wikipedia.org\/wiki\/Zen\">budismo Ch\u00e1n<\/a>.<\/p>\n<p>La m\u00fasica china utiliza el <a title=\"Bambuseae\" href=\"http:\/\/es.wikipedia.org\/wiki\/Bambuseae\">bamb\u00fa<\/a> (\u7af9 <em>zh\u00fa<\/em>) para fabricar flautas y cajas.<\/p>\n<h1 class=\"firstHeading\">Mitolog\u00eda china<\/h1>\n<p><!-- start content --><\/p>\n<div class=\"thumb tright\">\n<div class=\"thumbinner\" style=\"width: 182px\"><a class=\"image\" href=\"http:\/\/es.wikipedia.org\/wiki\/Archivo:NuwaFuxi.gif\"><img loading=\"lazy\" decoding=\"async\" class=\"thumbimage\" src=\"http:\/\/upload.wikimedia.org\/wikipedia\/commons\/6\/63\/NuwaFuxi.gif\" alt=\"\" width=\"180\" height=\"369\" \/><\/a><\/p>\n<div class=\"thumbcaption\">\n<div class=\"magnify\"><a class=\"internal\" title=\"Aumentar\" href=\"http:\/\/es.wikipedia.org\/wiki\/Archivo:NuwaFuxi.gif\"><br \/>\n<\/a><\/div>\n<p><a title=\"N\u00fcwa\" href=\"http:\/\/es.wikipedia.org\/wiki\/N%C3%BCwa\">N\u00fcwa<\/a> y <a title=\"Fuxi\" href=\"http:\/\/es.wikipedia.org\/wiki\/Fuxi\">Fuxi<\/a>.<\/div>\n<\/div>\n<\/div>\n<p>La <strong>mitolog\u00eda china<\/strong> es el conjunto de <a title=\"Relato\" href=\"http:\/\/es.wikipedia.org\/wiki\/Relato\">relatos<\/a> <a title=\"Fantas\u00eda\" href=\"http:\/\/es.wikipedia.org\/wiki\/Fantas%C3%ADa\">fant\u00e1sticos<\/a> relativamente cohesionados de la cultura de la antigua China. Muchas de sus leyendas toman lugar durante el per\u00edodo de <a title=\"Tres augustos y cinco emperadores\" href=\"http:\/\/es.wikipedia.org\/wiki\/Tres_augustos_y_cinco_emperadores\">los tres augustos y cinco emperadores<\/a>. Mucho de la mitolog\u00eda China es \u00fanica, aunque comparte bastante con <a title=\"Jap\u00f3n\" href=\"http:\/\/es.wikipedia.org\/wiki\/Jap%C3%B3n\">Jap\u00f3n<\/a> y <a title=\"Corea\" href=\"http:\/\/es.wikipedia.org\/wiki\/Corea\">Corea<\/a> debido a su influencia en la antig\u00fcedad.<\/p>\n<p>La Mitolog\u00eda China se conoce gracias a textos que datan esencialmente de la <a class=\"new\" title=\"Dinast\u00eda Chan-Wo (a\u00fan no redactado)\" href=\"http:\/\/es.wikipedia.org\/w\/index.php?title=Dinast%C3%ADa_Chan-Wo&amp;action=edit&amp;redlink=1\">dinast\u00eda Chan-Wo<\/a>. Al no tener m\u00e1s de 2.000 a\u00f1os de antig\u00fcedad, estos escritos apenas pueden clasificarse como recientes. Adem\u00e1s, fueron redactados por doctos que a veces reinterpretaron la mitolog\u00eda de acuerdo con sus concepciones filos\u00f3ficas. De este modo, transformaron a los m\u00e1s importantes dioses en soberanos virtuosos que reinaban en tiempos antiguos. Tambi\u00e9n asociaron a sus <a title=\"Dios\" href=\"http:\/\/es.wikipedia.org\/wiki\/Dios\">dioses<\/a> con las cinco direcciones (es decir, los cuatro puntos cardinales y el centro) seg\u00fan una cosmolog\u00eda elaborada durante la Antig\u00fcedad temprana.<\/p>\n<p>Se puede tener una idea de lo que era la mitolog\u00eda china \"original\" compar\u00e1ndola con los relatos de otros pueblos en el Extremo Oriente. Al extender esta comparaci\u00f3n a toda <a title=\"Eurasia\" href=\"http:\/\/es.wikipedia.org\/wiki\/Eurasia\">Eurasia<\/a>, se puede apreciar que una gran parte de esta mitolog\u00eda es de origen <a title=\"Indoeuropeo\" href=\"http:\/\/es.wikipedia.org\/wiki\/Indoeuropeo\">indoeuropeo<\/a>. Posee pues semejanzas totalmente sorprendentes con las mitolog\u00edas <a title=\"Mitolog\u00eda germana\" href=\"http:\/\/es.wikipedia.org\/wiki\/Mitolog%C3%ADa_germana\">germana<\/a>, <a title=\"Mitolog\u00eda griega\" href=\"http:\/\/es.wikipedia.org\/wiki\/Mitolog%C3%ADa_griega\">griega<\/a> o <a title=\"Mitolog\u00eda eslava\" href=\"http:\/\/es.wikipedia.org\/wiki\/Mitolog%C3%ADa_eslava\">eslava<\/a>. Eso se debe a la invasi\u00f3n de China por un pueblo indoeuropeo, los <a title=\"Tocarios\" href=\"http:\/\/es.wikipedia.org\/wiki\/Tocarios\">tocarios<\/a>, hace m\u00e1s de 3000 a\u00f1os.<\/p>\n<h2><span class=\"mw-headline\">Mitos y leyendas<\/span><\/h2>\n<p>No existen libros dedicados a Mitolog\u00eda en la antigua China. Los mitos se encuentran recogidos en m\u00faltiples obras de <a title=\"Historia\" href=\"http:\/\/es.wikipedia.org\/wiki\/Historia\">Historia<\/a>, <a title=\"Filosof\u00eda\" href=\"http:\/\/es.wikipedia.org\/wiki\/Filosof%C3%ADa\">Filosof\u00eda<\/a> o <a title=\"Poes\u00eda\" href=\"http:\/\/es.wikipedia.org\/wiki\/Poes%C3%ADa\">Poes\u00eda<\/a>, en forma de menciones a personajes mitol\u00f3gicos y los hechos o leyendas que se les atribuyen. Tambi\u00e9n hay que considerar que esta multitud de obras, de distintas dinast\u00edas, pertenecen a diversas corrientes de pensamiento (<a title=\"Tao\u00edsmo\" href=\"http:\/\/es.wikipedia.org\/wiki\/Tao%C3%ADsmo\">Tao\u00edsmo<\/a>, <a title=\"Confucianismo\" href=\"http:\/\/es.wikipedia.org\/wiki\/Confucianismo\">Confucianismo<\/a>, <a title=\"Legismo\" href=\"http:\/\/es.wikipedia.org\/wiki\/Legismo\">Legismo<\/a> y <a title=\"Mo\u00edsmo\" href=\"http:\/\/es.wikipedia.org\/wiki\/Mo%C3%ADsmo\">Mo\u00edsmo<\/a>, principalmente).<a href=\"http:\/\/es.wikipedia.org\/wiki\/Mitolog%C3%ADa_china#cite_note-0\"><\/a><\/p>\n<p><span class=\"corchete-llamada\"><\/p>\n<div id=\"attachment_95\" style=\"width: 310px\" class=\"wp-caption alignleft\"><img loading=\"lazy\" decoding=\"async\" aria-describedby=\"caption-attachment-95\" class=\"size-full wp-image-95\" src=\"http:\/\/blog.espol.edu.ec\/freddyquimis\/files\/2010\/02\/un-immortel-qui-chevauche-une-grue.jpg\" alt=\"inmortal que monta una grulla\" width=\"300\" height=\"544\" srcset=\"https:\/\/blog.espol.edu.ec\/freddyquimis\/files\/2010\/02\/un-immortel-qui-chevauche-une-grue.jpg 300w, https:\/\/blog.espol.edu.ec\/freddyquimis\/files\/2010\/02\/un-immortel-qui-chevauche-une-grue-165x300.jpg 165w\" sizes=\"auto, (max-width: 300px) 100vw, 300px\" \/><p id=\"caption-attachment-95\" class=\"wp-caption-text\">inmortal que monta una grulla<\/p><\/div>\n<p><\/span><\/p>\n<div id=\"attachment_96\" style=\"width: 319px\" class=\"wp-caption alignleft\"><img loading=\"lazy\" decoding=\"async\" aria-describedby=\"caption-attachment-96\" class=\"size-full wp-image-96\" src=\"http:\/\/blog.espol.edu.ec\/freddyquimis\/files\/2010\/02\/51322.jpg\" alt=\"Mitologia del dragon y del bien y el mal\" width=\"309\" height=\"425\" srcset=\"https:\/\/blog.espol.edu.ec\/freddyquimis\/files\/2010\/02\/51322.jpg 309w, https:\/\/blog.espol.edu.ec\/freddyquimis\/files\/2010\/02\/51322-218x300.jpg 218w\" sizes=\"auto, (max-width: 309px) 100vw, 309px\" \/><p id=\"caption-attachment-96\" class=\"wp-caption-text\">Mitologia del dragon y del bien y el mal<\/p><\/div>\n<h1 class=\"firstHeading\">Filosof\u00eda china<\/h1>\n<p>Se denomina <strong>filosof\u00eda china<\/strong> a las diferentes escuelas de <a title=\"Filosof\u00eda\" href=\"http:\/\/es.wikipedia.org\/wiki\/Filosof%C3%ADa\">pensamiento filos\u00f3fico<\/a> creadas en <a class=\"mw-redirect\" title=\"China\" href=\"http:\/\/es.wikipedia.org\/wiki\/China\">China<\/a>. La filosof\u00eda china tiene una historia de varios miles de a\u00f1os. Su inicio suele establecerse con la escritura del <a title=\"I Ching\" href=\"http:\/\/es.wikipedia.org\/wiki\/I_Ching\">Yi Jing<\/a> (El libro de los cambios), un compendio antiguo sobre adivinaci\u00f3n, que introdujo alguno de los t\u00e9rminos m\u00e1s fundamentales de la filosof\u00eda china. La edad de esta filosof\u00eda no se sabe con certeza (su primer florecimiento se suele situar sobre el <a title=\"Siglo VI a. C.\" href=\"http:\/\/es.wikipedia.org\/wiki\/Siglo_VI_a._C.\">siglo VI\u00a0a.\u00a0C.<\/a>), pero la tradici\u00f3n oral se remonta a \u00e9pocas neol\u00edticas.<\/p>\n<p><!-- start content --><\/p>\n<div class=\"thumb tright\">\n<div class=\"thumbinner\" style=\"width: 252px\"><a class=\"image\" href=\"http:\/\/es.wikipedia.org\/wiki\/Archivo:Yin-yang-and-bagua-near-nanning.jpg\"><img loading=\"lazy\" decoding=\"async\" class=\"thumbimage\" src=\"http:\/\/upload.wikimedia.org\/wikipedia\/commons\/thumb\/3\/37\/Yin-yang-and-bagua-near-nanning.jpg\/250px-Yin-yang-and-bagua-near-nanning.jpg\" alt=\"\" width=\"250\" height=\"188\" \/><\/a><\/p>\n<div class=\"thumbcaption\">\n<div class=\"magnify\"><a class=\"internal\" title=\"Aumentar\" href=\"http:\/\/es.wikipedia.org\/wiki\/Archivo:Yin-yang-and-bagua-near-nanning.jpg\"><br \/>\n<\/a><\/div>\n<\/div>\n<\/div>\n<\/div>\n<h1 class=\"firstHeading\">Arte de China<\/h1>\n<p><!-- start content -->Desde los or\u00edgenes de la historia <a class=\"mw-redirect\" title=\"China\" href=\"http:\/\/es.wikipedia.org\/wiki\/China\">china<\/a> se crearon objetos en <a title=\"Bronce\" href=\"http:\/\/es.wikipedia.org\/wiki\/Bronce\">bronce<\/a>, <a title=\"Jade\" href=\"http:\/\/es.wikipedia.org\/wiki\/Jade\">jade<\/a> y <a title=\"Hueso\" href=\"http:\/\/es.wikipedia.org\/wiki\/Hueso\">hueso<\/a>, que recogieron el esp\u00edritu y efecto buscado en los rituales chamanistas.<\/p>\n<p>Estas formas en <a title=\"Bronce\" href=\"http:\/\/es.wikipedia.org\/wiki\/Bronce\">bronce<\/a> y <a title=\"Jade\" href=\"http:\/\/es.wikipedia.org\/wiki\/Jade\">jade<\/a> muestran por primera vez uno de los principios esenciales del <a class=\"mw-redirect\" title=\"Arte chino\" href=\"http:\/\/es.wikipedia.org\/wiki\/Arte_chino\">arte chino<\/a>: la s\u00edntesis entre el esp\u00edritu creador art\u00edstico y la funci\u00f3n social y jer\u00e1rquica a la que estaban destinados desde su concepci\u00f3n. El primero de ellos se mostraba en la exquisitez de las formas, en el origen de los temas decorativos tomando como paradigma las fuerzas de la naturaleza y su acci\u00f3n sobre el esp\u00edritu humano, y en el gran conocimiento t\u00e9cnico de los materiales que ha caracterizado todas las formas art\u00edsticas.<\/p>\n<p>Como complemento tanto la diversificaci\u00f3n de las formas como la iconograf\u00eda con la que se adornaban correspond\u00edan a los principios de jerarquizaci\u00f3n social y uso ritual que caracteriz\u00f3 los inicios de la civilizaci\u00f3n china con la <a title=\"Dinast\u00eda Shang\" href=\"http:\/\/es.wikipedia.org\/wiki\/Dinast%C3%ADa_Shang\">Dinast\u00eda Shang<\/a> y la <a title=\"Dinast\u00eda Zhou\" href=\"http:\/\/es.wikipedia.org\/wiki\/Dinast%C3%ADa_Zhou\">Dinast\u00eda Zhou<\/a>. En esta \u00faltima dinast\u00eda surgen las escuelas de filosof\u00eda que profundizando sobre la relaci\u00f3n del individuo con su entorno y la consideraci\u00f3n social del mismo, establecer\u00e1n los fundamentos te\u00f3ricos sobre los que siglos m\u00e1s tarde se desarrollar\u00eda la teor\u00eda china del arte.<\/p>\n<p>Nos referimos fundamentalmente al <a title=\"Tao\u00edsmo\" href=\"http:\/\/es.wikipedia.org\/wiki\/Tao%C3%ADsmo\">tao\u00edsmo<\/a> y el <a title=\"Confucianismo\" href=\"http:\/\/es.wikipedia.org\/wiki\/Confucianismo\">confucianismo<\/a>, sino por ello afirmar que existe una clara divisi\u00f3n entre lo que algunos consideran arte tao\u00edsta como manifestaci\u00f3n disgregada de un supuesto arte confuciano.<\/p>\n<p>Personalemente me llama mas la atencion la cultura japonesa y la coreana, aunque todos se derivan de la misma rama!!!!!! no c q creen uds??<\/p>\n","protected":false},"excerpt":{"rendered":"<p>Algunos de los exponentes de la cultura china son su mitolog\u00eda, su filosof\u00eda, su m\u00fasica y su arte. China fue cuna de dos importantes corrientes filos\u00f3ficas, el confucianismo y el tao\u00edsmo. Esta cultura tambi\u00e9n adopt\u00f3 el budismo, dando origen al budismo Ch\u00e1n. La m\u00fasica china utiliza el bamb\u00fa (\u7af9 zh\u00fa) para fabricar flautas y cajas. [&hellip;]<\/p>\n","protected":false},"author":3140,"featured_media":0,"parent":0,"menu_order":0,"comment_status":"open","ping_status":"open","template":"","meta":{"footnotes":""},"class_list":["post-94","page","type-page","status-publish","hentry"],"_links":{"self":[{"href":"https:\/\/blog.espol.edu.ec\/freddyquimis\/wp-json\/wp\/v2\/pages\/94","targetHints":{"allow":["GET"]}}],"collection":[{"href":"https:\/\/blog.espol.edu.ec\/freddyquimis\/wp-json\/wp\/v2\/pages"}],"about":[{"href":"https:\/\/blog.espol.edu.ec\/freddyquimis\/wp-json\/wp\/v2\/types\/page"}],"author":[{"embeddable":true,"href":"https:\/\/blog.espol.edu.ec\/freddyquimis\/wp-json\/wp\/v2\/users\/3140"}],"replies":[{"embeddable":true,"href":"https:\/\/blog.espol.edu.ec\/freddyquimis\/wp-json\/wp\/v2\/comments?post=94"}],"version-history":[{"count":2,"href":"https:\/\/blog.espol.edu.ec\/freddyquimis\/wp-json\/wp\/v2\/pages\/94\/revisions"}],"predecessor-version":[{"id":98,"href":"https:\/\/blog.espol.edu.ec\/freddyquimis\/wp-json\/wp\/v2\/pages\/94\/revisions\/98"}],"wp:attachment":[{"href":"https:\/\/blog.espol.edu.ec\/freddyquimis\/wp-json\/wp\/v2\/media?parent=94"}],"curies":[{"name":"wp","href":"https:\/\/api.w.org\/{rel}","templated":true}]}}