{"id":113,"date":"2016-11-11T20:09:32","date_gmt":"2016-11-11T20:09:32","guid":{"rendered":"http:\/\/blog.espol.edu.ec\/frtoro\/?page_id=113"},"modified":"2016-11-11T20:09:32","modified_gmt":"2016-11-11T20:09:32","slug":"biodiversidad","status":"publish","type":"page","link":"https:\/\/blog.espol.edu.ec\/frtoro\/biodiversidad\/","title":{"rendered":"Biodiversidad"},"content":{"rendered":"<p>El parque alberga una serie de comunidades ecol\u00f3gicas comprendidas en los tipos forestales \" bosque h\u00famedo montano\" y \"bosque muy h\u00famedo montano\". A ellas se suman las comunidades andinas de jalcas (p\u00e1ramos), situadas sobre los 3,000 m de altura, los bosques orientales de tierras m\u00e1s bajas que se encuentran cerca de los 1200 m y una serie de ambientes de humedales asociados a los r\u00edos y peque\u00f1os lagos del \u00e1rea. <img loading=\"lazy\" decoding=\"async\" class=\"alignnone size-medium wp-image-101\" src=\"http:\/\/blog.espol.edu.ec\/frtoro\/files\/2016\/11\/cueva-de-los-guacharos1-300x152.jpg\" alt=\"cueva-de-los-guacharos1\" width=\"300\" height=\"152\" srcset=\"https:\/\/blog.espol.edu.ec\/frtoro\/files\/2016\/11\/cueva-de-los-guacharos1-300x152.jpg 300w, https:\/\/blog.espol.edu.ec\/frtoro\/files\/2016\/11\/cueva-de-los-guacharos1-768x389.jpg 768w, https:\/\/blog.espol.edu.ec\/frtoro\/files\/2016\/11\/cueva-de-los-guacharos1.jpg 770w\" sizes=\"auto, (max-width: 300px) 100vw, 300px\" \/>\u00a0 \u00a0<img loading=\"lazy\" decoding=\"async\" class=\"alignnone size-medium wp-image-114\" src=\"http:\/\/blog.espol.edu.ec\/frtoro\/files\/2016\/11\/parque-nacional-cutervo1-300x172.jpg\" alt=\"parque-nacional-cutervo1\" width=\"300\" height=\"172\" srcset=\"https:\/\/blog.espol.edu.ec\/frtoro\/files\/2016\/11\/parque-nacional-cutervo1-300x172.jpg 300w, https:\/\/blog.espol.edu.ec\/frtoro\/files\/2016\/11\/parque-nacional-cutervo1-768x441.jpg 768w, https:\/\/blog.espol.edu.ec\/frtoro\/files\/2016\/11\/parque-nacional-cutervo1.jpg 924w\" sizes=\"auto, (max-width: 300px) 100vw, 300px\" \/><\/p>\n","protected":false},"excerpt":{"rendered":"<p>El parque alberga una serie de comunidades ecol\u00f3gicas comprendidas en los tipos forestales \" bosque h\u00famedo montano\" y \"bosque muy h\u00famedo montano\". A ellas se suman las comunidades andinas de jalcas (p\u00e1ramos), situadas sobre los 3,000 m de altura, los bosques orientales de tierras m\u00e1s bajas que se encuentran cerca de los 1200 m y [&hellip;]<\/p>\n","protected":false},"author":10730,"featured_media":0,"parent":0,"menu_order":0,"comment_status":"closed","ping_status":"closed","template":"","meta":{"footnotes":""},"class_list":["post-113","page","type-page","status-publish","hentry"],"aioseo_notices":[],"_links":{"self":[{"href":"https:\/\/blog.espol.edu.ec\/frtoro\/wp-json\/wp\/v2\/pages\/113","targetHints":{"allow":["GET"]}}],"collection":[{"href":"https:\/\/blog.espol.edu.ec\/frtoro\/wp-json\/wp\/v2\/pages"}],"about":[{"href":"https:\/\/blog.espol.edu.ec\/frtoro\/wp-json\/wp\/v2\/types\/page"}],"author":[{"embeddable":true,"href":"https:\/\/blog.espol.edu.ec\/frtoro\/wp-json\/wp\/v2\/users\/10730"}],"replies":[{"embeddable":true,"href":"https:\/\/blog.espol.edu.ec\/frtoro\/wp-json\/wp\/v2\/comments?post=113"}],"version-history":[{"count":1,"href":"https:\/\/blog.espol.edu.ec\/frtoro\/wp-json\/wp\/v2\/pages\/113\/revisions"}],"predecessor-version":[{"id":116,"href":"https:\/\/blog.espol.edu.ec\/frtoro\/wp-json\/wp\/v2\/pages\/113\/revisions\/116"}],"wp:attachment":[{"href":"https:\/\/blog.espol.edu.ec\/frtoro\/wp-json\/wp\/v2\/media?parent=113"}],"curies":[{"name":"wp","href":"https:\/\/api.w.org\/{rel}","templated":true}]}}