{"id":138,"date":"2016-11-11T21:28:05","date_gmt":"2016-11-11T21:28:05","guid":{"rendered":"http:\/\/blog.espol.edu.ec\/frtoro\/?page_id=138"},"modified":"2016-11-11T21:28:05","modified_gmt":"2016-11-11T21:28:05","slug":"cuevas-de-rodiopampa","status":"publish","type":"page","link":"https:\/\/blog.espol.edu.ec\/frtoro\/cuevas-de-rodiopampa\/","title":{"rendered":"Cuevas de Rodiopampa"},"content":{"rendered":"<p>Llamada tambi\u00e9n Gruta de Catache. Se abre en el fondo de una colina mediante una boca de dos metros de ancho por 0.80 m. de alto. Consta de una sola galer\u00eda descendente que llega a alcanzar 20 metros de ancho por tres de altura y doscientos metros de recorrido. En esta amplia sala existen numerosos f\u00f3siles principalmente de tipo \u00f3strea. A lo largo de la cavidad, las aguas subterr\u00e1neas han excavado un profundo cauce en donde se presentan marmitas gigantes.<\/p>\n","protected":false},"excerpt":{"rendered":"<p>Llamada tambi\u00e9n Gruta de Catache. Se abre en el fondo de una colina mediante una boca de dos metros de ancho por 0.80 m. de alto. Consta de una sola galer\u00eda descendente que llega a alcanzar 20 metros de ancho por tres de altura y doscientos metros de recorrido. En esta amplia sala existen numerosos [&hellip;]<\/p>\n","protected":false},"author":10730,"featured_media":0,"parent":0,"menu_order":0,"comment_status":"closed","ping_status":"closed","template":"","meta":{"footnotes":""},"class_list":["post-138","page","type-page","status-publish","hentry"],"aioseo_notices":[],"_links":{"self":[{"href":"https:\/\/blog.espol.edu.ec\/frtoro\/wp-json\/wp\/v2\/pages\/138","targetHints":{"allow":["GET"]}}],"collection":[{"href":"https:\/\/blog.espol.edu.ec\/frtoro\/wp-json\/wp\/v2\/pages"}],"about":[{"href":"https:\/\/blog.espol.edu.ec\/frtoro\/wp-json\/wp\/v2\/types\/page"}],"author":[{"embeddable":true,"href":"https:\/\/blog.espol.edu.ec\/frtoro\/wp-json\/wp\/v2\/users\/10730"}],"replies":[{"embeddable":true,"href":"https:\/\/blog.espol.edu.ec\/frtoro\/wp-json\/wp\/v2\/comments?post=138"}],"version-history":[{"count":1,"href":"https:\/\/blog.espol.edu.ec\/frtoro\/wp-json\/wp\/v2\/pages\/138\/revisions"}],"predecessor-version":[{"id":140,"href":"https:\/\/blog.espol.edu.ec\/frtoro\/wp-json\/wp\/v2\/pages\/138\/revisions\/140"}],"wp:attachment":[{"href":"https:\/\/blog.espol.edu.ec\/frtoro\/wp-json\/wp\/v2\/media?parent=138"}],"curies":[{"name":"wp","href":"https:\/\/api.w.org\/{rel}","templated":true}]}}