{"id":149,"date":"2016-11-11T21:36:37","date_gmt":"2016-11-11T21:36:37","guid":{"rendered":"http:\/\/blog.espol.edu.ec\/frtoro\/?page_id=149"},"modified":"2016-11-11T21:36:37","modified_gmt":"2016-11-11T21:36:37","slug":"torres-de-rejopampa","status":"publish","type":"page","link":"https:\/\/blog.espol.edu.ec\/frtoro\/torres-de-rejopampa\/","title":{"rendered":"Torres de Rejopampa"},"content":{"rendered":"<p>Estas Torres se pueden apreciar en la Comunidad de Rejopampa, varias de ellas se encuentran semidestruidas, una de ellas destaca por estar en mejor estado y por ser \u00fanica en su g\u00e9nero. Tiene tres pisos y est\u00e1 hecha en piedra y madera. Por falta de investigaci\u00f3n no se sabe con exactitud la funci\u00f3n de estas construcciones, posiblemente serv\u00edan como depositarios de los antiguos Gobernantes como tambos o lugares de descanso, tambi\u00e9n pudieron ser como torres de vigilancia u observaci\u00f3n.<\/p>\n<div style=\"width: 246px\" class=\"wp-caption aligncenter\"><img loading=\"lazy\" decoding=\"async\" src=\"http:\/\/www.cajamarca-sucesos.com\/cutervo\/torre_rejopampa.jpg\" width=\"236\" height=\"331\" \/><p class=\"wp-caption-text\">torre de rejopampa<\/p><\/div>\n","protected":false},"excerpt":{"rendered":"<p>Estas Torres se pueden apreciar en la Comunidad de Rejopampa, varias de ellas se encuentran semidestruidas, una de ellas destaca por estar en mejor estado y por ser \u00fanica en su g\u00e9nero. Tiene tres pisos y est\u00e1 hecha en piedra y madera. Por falta de investigaci\u00f3n no se sabe con exactitud la funci\u00f3n de estas [&hellip;]<\/p>\n","protected":false},"author":10730,"featured_media":0,"parent":0,"menu_order":0,"comment_status":"closed","ping_status":"closed","template":"","meta":{"footnotes":""},"class_list":["post-149","page","type-page","status-publish","hentry"],"aioseo_notices":[],"_links":{"self":[{"href":"https:\/\/blog.espol.edu.ec\/frtoro\/wp-json\/wp\/v2\/pages\/149","targetHints":{"allow":["GET"]}}],"collection":[{"href":"https:\/\/blog.espol.edu.ec\/frtoro\/wp-json\/wp\/v2\/pages"}],"about":[{"href":"https:\/\/blog.espol.edu.ec\/frtoro\/wp-json\/wp\/v2\/types\/page"}],"author":[{"embeddable":true,"href":"https:\/\/blog.espol.edu.ec\/frtoro\/wp-json\/wp\/v2\/users\/10730"}],"replies":[{"embeddable":true,"href":"https:\/\/blog.espol.edu.ec\/frtoro\/wp-json\/wp\/v2\/comments?post=149"}],"version-history":[{"count":1,"href":"https:\/\/blog.espol.edu.ec\/frtoro\/wp-json\/wp\/v2\/pages\/149\/revisions"}],"predecessor-version":[{"id":151,"href":"https:\/\/blog.espol.edu.ec\/frtoro\/wp-json\/wp\/v2\/pages\/149\/revisions\/151"}],"wp:attachment":[{"href":"https:\/\/blog.espol.edu.ec\/frtoro\/wp-json\/wp\/v2\/media?parent=149"}],"curies":[{"name":"wp","href":"https:\/\/api.w.org\/{rel}","templated":true}]}}