{"id":184,"date":"2016-11-12T04:04:29","date_gmt":"2016-11-12T04:04:29","guid":{"rendered":"http:\/\/blog.espol.edu.ec\/frtoro\/?page_id=184"},"modified":"2016-11-12T04:04:29","modified_gmt":"2016-11-12T04:04:29","slug":"amenazas","status":"publish","type":"page","link":"https:\/\/blog.espol.edu.ec\/frtoro\/amenazas\/","title":{"rendered":"Amenazas"},"content":{"rendered":"<p>Lamentablemente la importante cantidad de vida silvestre animal y vegetal est\u00e1n desapareciendo por acci\u00f3n de los agricultores y ganaderos quienes invaden las \u00e1reas intangibles, talando \u00e1rboles para ampliar las fronteras agropecuarias, originando con ello alteraciones irreversibles, en el pasaje y la extensi\u00f3n de especies.<\/p>\n","protected":false},"excerpt":{"rendered":"<p>Lamentablemente la importante cantidad de vida silvestre animal y vegetal est\u00e1n desapareciendo por acci\u00f3n de los agricultores y ganaderos quienes invaden las \u00e1reas intangibles, talando \u00e1rboles para ampliar las fronteras agropecuarias, originando con ello alteraciones irreversibles, en el pasaje y la extensi\u00f3n de especies.<\/p>\n","protected":false},"author":10730,"featured_media":0,"parent":0,"menu_order":0,"comment_status":"closed","ping_status":"closed","template":"","meta":{"footnotes":""},"class_list":["post-184","page","type-page","status-publish","hentry"],"aioseo_notices":[],"_links":{"self":[{"href":"https:\/\/blog.espol.edu.ec\/frtoro\/wp-json\/wp\/v2\/pages\/184","targetHints":{"allow":["GET"]}}],"collection":[{"href":"https:\/\/blog.espol.edu.ec\/frtoro\/wp-json\/wp\/v2\/pages"}],"about":[{"href":"https:\/\/blog.espol.edu.ec\/frtoro\/wp-json\/wp\/v2\/types\/page"}],"author":[{"embeddable":true,"href":"https:\/\/blog.espol.edu.ec\/frtoro\/wp-json\/wp\/v2\/users\/10730"}],"replies":[{"embeddable":true,"href":"https:\/\/blog.espol.edu.ec\/frtoro\/wp-json\/wp\/v2\/comments?post=184"}],"version-history":[{"count":1,"href":"https:\/\/blog.espol.edu.ec\/frtoro\/wp-json\/wp\/v2\/pages\/184\/revisions"}],"predecessor-version":[{"id":186,"href":"https:\/\/blog.espol.edu.ec\/frtoro\/wp-json\/wp\/v2\/pages\/184\/revisions\/186"}],"wp:attachment":[{"href":"https:\/\/blog.espol.edu.ec\/frtoro\/wp-json\/wp\/v2\/media?parent=184"}],"curies":[{"name":"wp","href":"https:\/\/api.w.org\/{rel}","templated":true}]}}