{"id":214,"date":"2016-11-12T04:24:51","date_gmt":"2016-11-12T04:24:51","guid":{"rendered":"http:\/\/blog.espol.edu.ec\/frtoro\/?page_id=214"},"modified":"2016-11-12T04:24:51","modified_gmt":"2016-11-12T04:24:51","slug":"la-minga","status":"publish","type":"page","link":"https:\/\/blog.espol.edu.ec\/frtoro\/la-minga\/","title":{"rendered":"La minga"},"content":{"rendered":"<p>Trabajo grupal en la chacra de alg\u00fan Campesino que puede devolver el trabajo en reciprocidad, como tambi\u00e9n pagar en los productos cosechados cuando se paga jornales, muchas veces es s\u00f3lo simb\u00f3lico.<\/p>\n<p><img decoding=\"async\" class=\"aligncenter\" src=\"http:\/\/1.bp.blogspot.com\/-jAX2vuDs0OM\/Vf2dPC-46bI\/AAAAAAAAAJw\/_2eLfCVu7kM\/s1600\/Minga876.jpg\" \/><\/p>\n","protected":false},"excerpt":{"rendered":"<p>Trabajo grupal en la chacra de alg\u00fan Campesino que puede devolver el trabajo en reciprocidad, como tambi\u00e9n pagar en los productos cosechados cuando se paga jornales, muchas veces es s\u00f3lo simb\u00f3lico.<\/p>\n","protected":false},"author":10730,"featured_media":0,"parent":0,"menu_order":0,"comment_status":"closed","ping_status":"closed","template":"","meta":{"footnotes":""},"class_list":["post-214","page","type-page","status-publish","hentry"],"aioseo_notices":[],"_links":{"self":[{"href":"https:\/\/blog.espol.edu.ec\/frtoro\/wp-json\/wp\/v2\/pages\/214","targetHints":{"allow":["GET"]}}],"collection":[{"href":"https:\/\/blog.espol.edu.ec\/frtoro\/wp-json\/wp\/v2\/pages"}],"about":[{"href":"https:\/\/blog.espol.edu.ec\/frtoro\/wp-json\/wp\/v2\/types\/page"}],"author":[{"embeddable":true,"href":"https:\/\/blog.espol.edu.ec\/frtoro\/wp-json\/wp\/v2\/users\/10730"}],"replies":[{"embeddable":true,"href":"https:\/\/blog.espol.edu.ec\/frtoro\/wp-json\/wp\/v2\/comments?post=214"}],"version-history":[{"count":1,"href":"https:\/\/blog.espol.edu.ec\/frtoro\/wp-json\/wp\/v2\/pages\/214\/revisions"}],"predecessor-version":[{"id":216,"href":"https:\/\/blog.espol.edu.ec\/frtoro\/wp-json\/wp\/v2\/pages\/214\/revisions\/216"}],"wp:attachment":[{"href":"https:\/\/blog.espol.edu.ec\/frtoro\/wp-json\/wp\/v2\/media?parent=214"}],"curies":[{"name":"wp","href":"https:\/\/api.w.org\/{rel}","templated":true}]}}