{"id":221,"date":"2016-11-12T04:28:13","date_gmt":"2016-11-12T04:28:13","guid":{"rendered":"http:\/\/blog.espol.edu.ec\/frtoro\/?page_id=221"},"modified":"2016-11-12T04:28:13","modified_gmt":"2016-11-12T04:28:13","slug":"las-yunzas-de-carnaval","status":"publish","type":"page","link":"https:\/\/blog.espol.edu.ec\/frtoro\/las-yunzas-de-carnaval\/","title":{"rendered":"Las yunzas de carnaval"},"content":{"rendered":"<p><span lang=\"ES\">La yunza es un \u00e1rbol (generalmente aliso) adornado con diversos objetos (alimentos, vestidos, detergente, frazadas, zapatos, radios, y otros enseres) y que a su alrededor se inicia la fiesta amenizada por una banda t\u00edpica o de m\u00fasicos, al anochecer los concursantes cogidos de la mano van dando vueltas en el torno del \u00e1rbol por parejas y por turnos pasan a cortar con un machete el tronco de la yunza, luego de ca\u00eddo, la concurrencia se acerca al \u00e1rbol ca\u00eddo para coger alg\u00fan objeto.\u00a0<\/span>Se paran \"YUNZAS\" terminados los festejos de la semana Carnavalesca y dura varias semanas, s\u00f3lo termina con la Semana Santa.<\/p>\n<p><img decoding=\"async\" class=\"aligncenter\" src=\"http:\/\/1.bp.blogspot.com\/-jPih93WH17Q\/T9UzQEwbuoI\/AAAAAAAAAA0\/vvAzS2hevkc\/s1600\/Untitled1.png\" \/><\/p>\n<p><img decoding=\"async\" class=\"aligncenter\" src=\"http:\/\/www.cutervoaldia.com\/multimedia\/post\/640x330_15052922_11224149_1130333930325358_6279301593155321150_n.jpg\" \/><\/p>\n","protected":false},"excerpt":{"rendered":"<p>La yunza es un \u00e1rbol (generalmente aliso) adornado con diversos objetos (alimentos, vestidos, detergente, frazadas, zapatos, radios, y otros enseres) y que a su alrededor se inicia la fiesta amenizada por una banda t\u00edpica o de m\u00fasicos, al anochecer los concursantes cogidos de la mano van dando vueltas en el torno del \u00e1rbol por parejas [&hellip;]<\/p>\n","protected":false},"author":10730,"featured_media":0,"parent":0,"menu_order":0,"comment_status":"closed","ping_status":"closed","template":"","meta":{"footnotes":""},"class_list":["post-221","page","type-page","status-publish","hentry"],"aioseo_notices":[],"_links":{"self":[{"href":"https:\/\/blog.espol.edu.ec\/frtoro\/wp-json\/wp\/v2\/pages\/221","targetHints":{"allow":["GET"]}}],"collection":[{"href":"https:\/\/blog.espol.edu.ec\/frtoro\/wp-json\/wp\/v2\/pages"}],"about":[{"href":"https:\/\/blog.espol.edu.ec\/frtoro\/wp-json\/wp\/v2\/types\/page"}],"author":[{"embeddable":true,"href":"https:\/\/blog.espol.edu.ec\/frtoro\/wp-json\/wp\/v2\/users\/10730"}],"replies":[{"embeddable":true,"href":"https:\/\/blog.espol.edu.ec\/frtoro\/wp-json\/wp\/v2\/comments?post=221"}],"version-history":[{"count":1,"href":"https:\/\/blog.espol.edu.ec\/frtoro\/wp-json\/wp\/v2\/pages\/221\/revisions"}],"predecessor-version":[{"id":223,"href":"https:\/\/blog.espol.edu.ec\/frtoro\/wp-json\/wp\/v2\/pages\/221\/revisions\/223"}],"wp:attachment":[{"href":"https:\/\/blog.espol.edu.ec\/frtoro\/wp-json\/wp\/v2\/media?parent=221"}],"curies":[{"name":"wp","href":"https:\/\/api.w.org\/{rel}","templated":true}]}}