{"id":238,"date":"2016-11-12T04:45:30","date_gmt":"2016-11-12T04:45:30","guid":{"rendered":"http:\/\/blog.espol.edu.ec\/frtoro\/?page_id=238"},"modified":"2016-11-12T04:45:30","modified_gmt":"2016-11-12T04:45:30","slug":"carnavales-cutervinos","status":"publish","type":"page","link":"https:\/\/blog.espol.edu.ec\/frtoro\/carnavales-cutervinos\/","title":{"rendered":"CARNAVALES CUTERVINOS"},"content":{"rendered":"<div class=\"estilo14\">Cutervo como toda ciudad del mundo no ha podido quedar al margen de rendirle homenaje al \"REY MOMO\" y que homenaje', estas fiestas de los carnavales sirven para dejar libre al ni\u00f1o que todos llevamos dentro y que s\u00f3lo quiere diversi\u00f3n y m\u00e1s diversi\u00f3n<\/div>\n<div class=\"estilo14\">Desde anta\u00f1o Cutervo festeja con algarab\u00eda los carnavales, recordar por ejemplo aquellos carnavales de serpentinas y polvos arom\u00e1ticos para conquistar a las hijas del \"REY MOMO\", al son de la flauta y la cajita (tambor peque\u00f1o).- hoy en d\u00eda son varios los grupos carnavalescos que a\u00f1o a a\u00f1o se convierten en anfitriones del gran fest\u00edn l\u00fadico, los cuales siempre est\u00e1n dispuestos a aceptar engrosar sus filas a todo ser viviente inclinado a la buena diversi\u00f3n ~ sano esparcimiento.- . Cada a\u00f1o hay mayor dedicaci\u00f3n por mejorar estas festividades por parte de los Grupos Carnavalescos, los cuales elaboran sus propios programas eligiendo a su Reyna y corte de honor por cada Grupo todo esto tendientes a realzar los carnavales Cutervinos, el cl\u00edmax llega cuando se inicia el corso del Martes de Carnaval ante un estrado abarrotado de p\u00fablico ansioso por ver pasar a los diferentes Grupos y un jurado calificador con bastante trabajo para premiar al disfraz y grupo mejor presentado, por la noche \"\u00d1O CARNAVALON\" da por finalizado su existencia para luego llevarlo en hombros rumbo a su \u00faltima morada, pero antes dar lectura al \"testamento\" dejado por el difunto \"\u00d1O CARNAVALON\" dejando suculentas herencias a sus hijos, nietos, entenados, arrimados... y otros.<\/div>\n<div class=\"estilo14\">El plato t\u00edpico de esta fiesta costumbrista es el \"SANCOCHO\" que consiste en un plato preparado\u00a0 a base de diferentes componentes:\u00a0 carnes (gallina, cordero, cerdo, toro), pl\u00e1tano, yuca, repollo, camote el cual se acompa\u00f1a con una bebida que es el jugo de la ca\u00f1a hervida y que se denomina\u00a0 guarapo.<\/div>\n<div class=\"estilo14\"><img decoding=\"async\" class=\"aligncenter\" src=\"http:\/\/e.rpp-noticias.io\/normal\/2016\/02\/10\/051005_78187.jpg\" \/><\/div>\n<div class=\"estilo14\"><img decoding=\"async\" class=\"aligncenter\" src=\"http:\/\/www.municutervo.gob.pe\/wp-content\/uploads\/2016\/02\/carnaval-cutervino-2016.jpg\" \/><\/div>\n<div class=\"estilo14\"><img decoding=\"async\" class=\"aligncenter\" src=\"http:\/\/www.notialdia.net\/wp-content\/uploads\/2015\/02\/22.jpg\" \/><\/div>\n<div class=\"estilo14\"><img decoding=\"async\" class=\"aligncenter\" src=\"https:\/\/i.ytimg.com\/vi\/88VGTl7E4K0\/maxresdefault.jpg\" \/><\/div>\n<div class=\"estilo14\"><\/div>\n","protected":false},"excerpt":{"rendered":"<p>Cutervo como toda ciudad del mundo no ha podido quedar al margen de rendirle homenaje al \"REY MOMO\" y que homenaje', estas fiestas de los carnavales sirven para dejar libre al ni\u00f1o que todos llevamos dentro y que s\u00f3lo quiere diversi\u00f3n y m\u00e1s diversi\u00f3n Desde anta\u00f1o Cutervo festeja con algarab\u00eda los carnavales, recordar por ejemplo [&hellip;]<\/p>\n","protected":false},"author":10730,"featured_media":0,"parent":0,"menu_order":0,"comment_status":"closed","ping_status":"closed","template":"","meta":{"footnotes":""},"class_list":["post-238","page","type-page","status-publish","hentry"],"aioseo_notices":[],"_links":{"self":[{"href":"https:\/\/blog.espol.edu.ec\/frtoro\/wp-json\/wp\/v2\/pages\/238","targetHints":{"allow":["GET"]}}],"collection":[{"href":"https:\/\/blog.espol.edu.ec\/frtoro\/wp-json\/wp\/v2\/pages"}],"about":[{"href":"https:\/\/blog.espol.edu.ec\/frtoro\/wp-json\/wp\/v2\/types\/page"}],"author":[{"embeddable":true,"href":"https:\/\/blog.espol.edu.ec\/frtoro\/wp-json\/wp\/v2\/users\/10730"}],"replies":[{"embeddable":true,"href":"https:\/\/blog.espol.edu.ec\/frtoro\/wp-json\/wp\/v2\/comments?post=238"}],"version-history":[{"count":1,"href":"https:\/\/blog.espol.edu.ec\/frtoro\/wp-json\/wp\/v2\/pages\/238\/revisions"}],"predecessor-version":[{"id":240,"href":"https:\/\/blog.espol.edu.ec\/frtoro\/wp-json\/wp\/v2\/pages\/238\/revisions\/240"}],"wp:attachment":[{"href":"https:\/\/blog.espol.edu.ec\/frtoro\/wp-json\/wp\/v2\/media?parent=238"}],"curies":[{"name":"wp","href":"https:\/\/api.w.org\/{rel}","templated":true}]}}