{"id":66,"date":"2016-11-06T16:19:22","date_gmt":"2016-11-06T16:19:22","guid":{"rendered":"http:\/\/blog.espol.edu.ec\/frtoro\/?page_id=66"},"modified":"2016-11-12T03:52:06","modified_gmt":"2016-11-12T03:52:06","slug":"cutervo","status":"publish","type":"page","link":"https:\/\/blog.espol.edu.ec\/frtoro\/cutervo\/","title":{"rendered":"Cutervo"},"content":{"rendered":"<p><b>Cutervo<\/b> es una ciudad del norte del Per\u00fa y es la capital de la <a title=\"Provincia de Cutervo\" href=\"https:\/\/es.wikipedia.org\/wiki\/Provincia_de_Cutervo\">provincia de Cutervo<\/a> del <a title=\"Departamento de Cajamarca\" href=\"https:\/\/es.wikipedia.org\/wiki\/Departamento_de_Cajamarca\">departamento de Cajamarca<\/a>, situada a 2637 msnm en la vertiente oriental de la <a title=\"Cordillera de los Andes\" href=\"https:\/\/es.wikipedia.org\/wiki\/Cordillera_de_los_Andes\">Cordillera de los Andes<\/a>, de la sierra norte del pa\u00eds. Seg\u00fan el INEI la zona urbana cuenta con aproximadamente 56.157 habitantes, siendo la tercera ciudad capital del departamento de Cajamarca m\u00e1s poblada y grande despu\u00e9s de la ciudad de Cajamarca y Ja\u00e9n.<\/p>\n<p><img decoding=\"async\" src=\"https:\/\/sanviatordotnet.files.wordpress.com\/2013\/04\/cutervo.jpg\" alt=\"Resultado de imagen para cutervo\" \/><\/p>\n<p>ver video:<\/p>\n<p><iframe loading=\"lazy\" title=\"Cutervo Cajamarca\" width=\"610\" height=\"343\" src=\"https:\/\/www.youtube.com\/embed\/-k47dE9iIpY?feature=oembed\" frameborder=\"0\" allow=\"accelerometer; autoplay; clipboard-write; encrypted-media; gyroscope; picture-in-picture; web-share\" referrerpolicy=\"strict-origin-when-cross-origin\" allowfullscreen><\/iframe><\/p>\n","protected":false},"excerpt":{"rendered":"<p>Cutervo es una ciudad del norte del Per\u00fa y es la capital de la provincia de Cutervo del departamento de Cajamarca, situada a 2637 msnm en la vertiente oriental de la Cordillera de los Andes, de la sierra norte del pa\u00eds. Seg\u00fan el INEI la zona urbana cuenta con aproximadamente 56.157 habitantes, siendo la tercera [&hellip;]<\/p>\n","protected":false},"author":10730,"featured_media":0,"parent":0,"menu_order":0,"comment_status":"closed","ping_status":"closed","template":"","meta":{"footnotes":""},"class_list":["post-66","page","type-page","status-publish","hentry"],"aioseo_notices":[],"_links":{"self":[{"href":"https:\/\/blog.espol.edu.ec\/frtoro\/wp-json\/wp\/v2\/pages\/66","targetHints":{"allow":["GET"]}}],"collection":[{"href":"https:\/\/blog.espol.edu.ec\/frtoro\/wp-json\/wp\/v2\/pages"}],"about":[{"href":"https:\/\/blog.espol.edu.ec\/frtoro\/wp-json\/wp\/v2\/types\/page"}],"author":[{"embeddable":true,"href":"https:\/\/blog.espol.edu.ec\/frtoro\/wp-json\/wp\/v2\/users\/10730"}],"replies":[{"embeddable":true,"href":"https:\/\/blog.espol.edu.ec\/frtoro\/wp-json\/wp\/v2\/comments?post=66"}],"version-history":[{"count":4,"href":"https:\/\/blog.espol.edu.ec\/frtoro\/wp-json\/wp\/v2\/pages\/66\/revisions"}],"predecessor-version":[{"id":177,"href":"https:\/\/blog.espol.edu.ec\/frtoro\/wp-json\/wp\/v2\/pages\/66\/revisions\/177"}],"wp:attachment":[{"href":"https:\/\/blog.espol.edu.ec\/frtoro\/wp-json\/wp\/v2\/media?parent=66"}],"curies":[{"name":"wp","href":"https:\/\/api.w.org\/{rel}","templated":true}]}}