{"id":71,"date":"2016-11-06T16:24:43","date_gmt":"2016-11-06T16:24:43","guid":{"rendered":"http:\/\/blog.espol.edu.ec\/frtoro\/?page_id=71"},"modified":"2016-11-06T16:38:19","modified_gmt":"2016-11-06T16:38:19","slug":"historia","status":"publish","type":"page","link":"https:\/\/blog.espol.edu.ec\/frtoro\/historia\/","title":{"rendered":"Historia"},"content":{"rendered":"<p>&nbsp;<\/p>\n<div id=\"footer-1\" class=\"foot section\">\n<div id=\"Image1\" class=\"widget Image\">\n<div class=\"widget-content\"><img loading=\"lazy\" decoding=\"async\" id=\"Image1_img\" src=\"http:\/\/1.bp.blogspot.com\/-TTDaZ4SSawI\/T9PhgKhbwvI\/AAAAAAAAADk\/58HivZlq8j4\/s758\/cutervo.jpg\" alt=\"\" width=\"758\" height=\"203\" \/><\/div>\n<div class=\"clear\"><\/div>\n<div class=\"clear\"><\/div>\n<\/div>\n<div id=\"Text1\" class=\"widget Text\">\n<h2 class=\"title\">Historia de Cutervo<\/h2>\n<div class=\"widget-content\">El 15 de agosto de 1560 se llev\u00f3 a cabo la fundaci\u00f3n espa\u00f1ola de Cutervo, pasando a ser parte del virreinato del Per\u00fa y se establece como patrona a la Sant\u00edsima Virgen de la Asunci\u00f3n.<\/p>\n<p>El 28 de enero de 1825 Cutervo se estableci\u00f3 como distrito, dependiente de Chota.<\/p>\n<p>De 1863 a 1868 se realiz\u00f3 la construcci\u00f3n del templo principal.<\/p>\n<p>En enero de 1871 Cutervo deja de ser un distrito para ascender a ciudad.<\/p>\n<p>En 1874 se iniciaron gestiones para ascender a Cutervo pol\u00edticamente como provincia, gesti\u00f3n hecha por los mismos pobladores.<\/p>\n<p>En 1901 se form\u00f3 una junta para fomentar los intereses de Cutervo.<\/p>\n<p>En 1903 se elev\u00f3 el expediente por los doctores Rub\u00e9n Castro y Jos\u00e9 Contreras quienes lo presentaron al senado, pero el tr\u00e1mite fue truncado por la decisi\u00f3n del Presidente de la Sociedad Geogr\u00e1fica Ingeniero M\u00e1laga Santill\u00e1n y por el Director del Gobierno Sr. Ignacio Gamio.<\/p>\n<p>En 1908 surge el apoyo definitivo para lograr el objetivo final.<\/p>\n<p>El 22 de octubre de 1910 se hizo realidad el sue\u00f1o de los pobladores, de ascender al rango como provincia de Cutervo.<\/p>\n<\/div>\n<div class=\"clear\"><\/div>\n<div class=\"clear\"><\/div>\n<\/div>\n<div id=\"Text4\" class=\"widget Text\">\n<h2 class=\"title\">REFERENCIAS HISTORICAS DE NUESTRA PROVINCIA<\/h2>\n<div class=\"widget-content\">.<\/div>\n<div class=\"clear\"><\/div>\n<div class=\"clear\"><\/div>\n<\/div>\n<div id=\"Text2\" class=\"widget Text\">\n<h2 class=\"title\">\u00c9poca Pre Incaica<\/h2>\n<div class=\"widget-content\">En la provincia de Cutervo existen restos arqueol\u00f3gicos, cer\u00e1micos muy pocos estudiados y difundidos. Para evidenciar su trascendencia tenemos las Chullpas de Llipa entre otros (influencia Tiahuanaco).<\/div>\n<div class=\"clear\"><\/div>\n<div class=\"clear\"><\/div>\n<\/div>\n<div id=\"Image6\" class=\"widget Image\">\n<div class=\"widget-content\"><img loading=\"lazy\" decoding=\"async\" id=\"Image6_img\" src=\"http:\/\/3.bp.blogspot.com\/-TR4ahtVYZtQ\/T9UHEauSYnI\/AAAAAAAAAF8\/_NI7Lku8nrQ\/s1600\/ceramica.jpg\" alt=\"\" width=\"617\" height=\"466\" \/><\/div>\n<div class=\"clear\"><\/div>\n<div class=\"clear\"><\/div>\n<\/div>\n<div id=\"Text6\" class=\"widget Text\">\n<h2 class=\"title\">\u00c9poca Incaica<\/h2>\n<div class=\"widget-content\">Cutervo, conocido como tal fue anexado al imperio de los Incas por el ej\u00e9rcito conquistador de Tupac Inca Yupanqui.<\/p>\n<p>Cutervo,constituyo el camino de comunicaci\u00f3n entre los reinos de Cajamarca y de los Huanbos (reino de los Chachapoyas).<\/p><\/div>\n<div class=\"clear\"><\/div>\n<div class=\"clear\"><\/div>\n<\/div>\n<div id=\"Image2\" class=\"widget Image\">\n<div class=\"widget-content\"><img loading=\"lazy\" decoding=\"async\" id=\"Image2_img\" src=\"http:\/\/1.bp.blogspot.com\/-RAVOyLiLteY\/T9UCMqHDyGI\/AAAAAAAAAFg\/02u_fOiYRqY\/s758\/torre_rejopampa.jpg\" alt=\"\" width=\"236\" height=\"331\" \/><\/div>\n<div class=\"clear\"><\/div>\n<div class=\"clear\"><\/div>\n<\/div>\n<div id=\"Text5\" class=\"widget Text\">\n<h2 class=\"title\">\u00c9poca Colonial<\/h2>\n<div class=\"widget-content\">La fundaci\u00f3n cristiana de Cutervo se realiz\u00f3 el 15 de agosto de 1560 por el Padre Fray Juan Ram\u00edrez, evangelizador cuando consagrara a la Sant\u00edsima Virgen de la Asunci\u00f3n como primer nombre de Cutervo \"ASUNCI\u00d3N DE CUTERVO\",como protectora y patrona, dejando establecida desde entonces la Feria de Agosto.<\/div>\n<div class=\"clear\"><\/div>\n<div class=\"clear\"><\/div>\n<\/div>\n<div id=\"Image7\" class=\"widget Image\">\n<div class=\"widget-content\"><img loading=\"lazy\" decoding=\"async\" id=\"Image7_img\" src=\"http:\/\/4.bp.blogspot.com\/-8P70laQOzBk\/T9UJs5cVYjI\/AAAAAAAAAGY\/INcaP8wVEPE\/s758\/IMG1760A.jpg\" alt=\"\" width=\"640\" height=\"480\" \/><br \/>\n<span class=\"caption\">Fundaci\u00f3n cristiana de Cutervo<\/span><\/div>\n<div class=\"clear\"><\/div>\n<div class=\"clear\"><\/div>\n<\/div>\n<div id=\"Text3\" class=\"widget Text\">\n<h2 class=\"title\">\u00c9poca Virreinal<\/h2>\n<div class=\"widget-content\">Cutervo durante la Colonia ha tenido influencia virreinal, lo demuestra la iglesia Matriz, la forma de la organizaci\u00f3n de la ciudad en forma rectangular o cuadrante, como ciudades del continente viejo, asimismo, sus fiestas patronales, peleas de gallos, corridas de toros y otras costumbres.<\/p>\n<\/div>\n<div class=\"clear\"><\/div>\n<div class=\"clear\"><\/div>\n<\/div>\n<div id=\"Image3\" class=\"widget Image\">\n<div class=\"widget-content\"><img loading=\"lazy\" decoding=\"async\" id=\"Image3_img\" src=\"http:\/\/1.bp.blogspot.com\/-pArHxcTY4Hk\/T9U0Wm5HDNI\/AAAAAAAAAJ4\/zK9EsoEq5AM\/s758\/la%2Bmerced.bmp\" alt=\"\" width=\"413\" height=\"481\" \/><\/div>\n<div class=\"clear\"><\/div>\n<div class=\"clear\"><\/div>\n<\/div>\n<div id=\"Text14\" class=\"widget Text\">\n<h2 class=\"title\">El Bandolerismo<\/h2>\n<div class=\"widget-content\">Se di\u00f3 entre los a\u00f1os de 1916 a 1927, su objetivo principal era la explotaci\u00f3n de bienes de propiedad terrateniente, actuaban siempre en el campo, lejos de las ciudades. Ten\u00edan una lucha contra los militares de Legu\u00eda, autoridades de la provincia y los hacendados.<br \/>\nEntre las figuras que destacaron tenemos la de Avelino V\u00e1squez y Eleodoro Benel<\/p>\n<\/div>\n<div class=\"clear\"><\/div>\n<div class=\"clear\"><\/div>\n<\/div>\n<div id=\"Image21\" class=\"widget Image\">\n<div class=\"widget-content\"><img loading=\"lazy\" decoding=\"async\" id=\"Image21_img\" src=\"http:\/\/1.bp.blogspot.com\/-3UMQmlKM1o0\/T9UX8LlpmLI\/AAAAAAAAAJo\/eVUgDAswrx0\/s758\/IMG1722A.jpg\" alt=\"\" width=\"480\" height=\"640\" \/><br \/>\n<span class=\"caption\">Eleodoro Benel<\/span><\/div>\n<div class=\"clear\"><\/div>\n<\/div>\n<div id=\"Image11\" class=\"widget Image\">\n<div class=\"clear\"><\/div>\n<\/div>\n<div id=\"Text12\" class=\"widget Text\">\n<h2 class=\"title\">IM\u00c1GENES DE CUTERVO HACE 50 A\u00d1OS<\/h2>\n<div class=\"widget-content\">.<\/div>\n<div class=\"clear\"><\/div>\n<div class=\"clear\"><\/div>\n<\/div>\n<div id=\"Image12\" class=\"widget Image\">\n<div class=\"widget-content\"><img loading=\"lazy\" decoding=\"async\" id=\"Image12_img\" src=\"http:\/\/3.bp.blogspot.com\/-MzS6iTCJIwg\/T9UR8dYmemI\/AAAAAAAAAH8\/hxKPAGkFpcQ\/s758\/cutervo-0008.jpg\" alt=\"\" width=\"498\" height=\"330\" \/><\/div>\n<div class=\"clear\"><\/div>\n<div class=\"clear\"><\/div>\n<\/div>\n<div id=\"Image13\" class=\"widget Image\">\n<div class=\"widget-content\"><img loading=\"lazy\" decoding=\"async\" id=\"Image13_img\" src=\"http:\/\/2.bp.blogspot.com\/-VqVmGDZ_-x4\/T9USIDxi-dI\/AAAAAAAAAII\/Af1wDUAWC0s\/s758\/cutervo-0003.jpg\" alt=\"\" width=\"485\" height=\"328\" \/><\/div>\n<div class=\"clear\"><\/div>\n<div class=\"clear\"><\/div>\n<\/div>\n<div id=\"Image14\" class=\"widget Image\">\n<div class=\"widget-content\"><img loading=\"lazy\" decoding=\"async\" id=\"Image14_img\" src=\"http:\/\/1.bp.blogspot.com\/-iNBhTOEzA38\/T9UShvU319I\/AAAAAAAAAIU\/SEC6OgrOm7U\/s758\/cutervo-0004.jpg\" alt=\"\" width=\"478\" height=\"300\" \/><\/div>\n<div class=\"clear\"><\/div>\n<div class=\"clear\"><\/div>\n<\/div>\n<div id=\"Image15\" class=\"widget Image\">\n<div class=\"widget-content\"><img loading=\"lazy\" decoding=\"async\" id=\"Image15_img\" src=\"http:\/\/1.bp.blogspot.com\/-SM5CUc6SETI\/T9USvYDw-jI\/AAAAAAAAAIg\/ewlIN-q0xOU\/s758\/cutervo-0005.jpg\" alt=\"\" width=\"484\" height=\"331\" \/><\/div>\n<div class=\"clear\"><\/div>\n<div class=\"clear\"><\/div>\n<\/div>\n<div id=\"Image16\" class=\"widget Image\">\n<div class=\"widget-content\"><img loading=\"lazy\" decoding=\"async\" id=\"Image16_img\" src=\"http:\/\/1.bp.blogspot.com\/-7vD9fwADUyU\/T9US_-MqxRI\/AAAAAAAAAIs\/6ePSzyIE3V8\/s758\/cutervo-0013.jpg\" alt=\"\" width=\"491\" height=\"348\" \/><\/div>\n<div class=\"clear\"><\/div>\n<div class=\"clear\"><\/div>\n<\/div>\n<div id=\"Image17\" class=\"widget Image\">\n<div class=\"widget-content\"><img loading=\"lazy\" decoding=\"async\" id=\"Image17_img\" src=\"http:\/\/1.bp.blogspot.com\/-Dbc4DJG4FKI\/T9UUPRTcVVI\/AAAAAAAAAI4\/5ZjKbeMC24k\/s758\/cutervo-0016.jpg\" alt=\"\" width=\"537\" height=\"332\" \/><\/div>\n<div class=\"clear\"><\/div>\n<div class=\"clear\"><\/div>\n<\/div>\n<div id=\"Text13\" class=\"widget Text\">\n<h2 class=\"title\">Antiguas corridas de toros<\/h2>\n<div class=\"widget-content\">.<\/div>\n<div class=\"clear\"><\/div>\n<div class=\"clear\"><\/div>\n<\/div>\n<div id=\"Image18\" class=\"widget Image\">\n<div class=\"widget-content\"><img loading=\"lazy\" decoding=\"async\" id=\"Image18_img\" src=\"http:\/\/3.bp.blogspot.com\/-qsAmEiUbXM8\/T9UUve7O6UI\/AAAAAAAAAJE\/NkKHTW8ALEA\/s758\/IMG1723A.jpg\" alt=\"\" width=\"640\" height=\"480\" \/><\/div>\n<div class=\"clear\"><\/div>\n<div class=\"clear\"><\/div>\n<\/div>\n<div id=\"Image19\" class=\"widget Image\">\n<div class=\"widget-content\"><img loading=\"lazy\" decoding=\"async\" id=\"Image19_img\" src=\"http:\/\/4.bp.blogspot.com\/-Ta1fe0QBHAU\/T9U2J5n52pI\/AAAAAAAAAKE\/rKScCEt8B3M\/s758\/plaza.bmp\" alt=\"\" width=\"683\" height=\"478\" \/><br \/>\n<span class=\"caption\">Antigua plaza de toros<\/span><\/div>\n<div class=\"clear\"><\/div>\n<div class=\"clear\"><\/div>\n<\/div>\n<div id=\"Image20\" class=\"widget Image\">\n<div class=\"widget-content\"><img loading=\"lazy\" decoding=\"async\" id=\"Image20_img\" src=\"http:\/\/3.bp.blogspot.com\/-UnM_dxMzkfQ\/T9U2wnlhT0I\/AAAAAAAAAKQ\/ulDtubhp69o\/s758\/torero.bmp\" alt=\"\" width=\"434\" height=\"591\" \/><br \/>\n<span class=\"caption\">Antiguos toreros<\/span><\/div>\n<div class=\"clear\"><\/div>\n<div class=\"clear\"><\/div>\n<\/div>\n<div id=\"Image22\" class=\"widget Image\">\n<div class=\"widget-content\"><img loading=\"lazy\" decoding=\"async\" id=\"Image22_img\" src=\"http:\/\/4.bp.blogspot.com\/-_UagesHbWbM\/T9U4bh9C6NI\/AAAAAAAAAKc\/h5DDc-4V_5o\/s758\/toreando.bmp\" alt=\"\" width=\"663\" height=\"447\" \/><\/div>\n<div class=\"clear\"><\/div>\n<div class=\"clear\"><\/div>\n<\/div>\n<\/div>\n<div id=\"footer-3\" class=\"foot section\">\n<div id=\"Attribution1\" class=\"widget Attribution\">\n<div class=\"widget-content\">Plantilla Filigrana. Con la tecnolog\u00eda de <a href=\"https:\/\/www.blogger.com\/\" target=\"_blank\">Blogger<\/a>.<\/div>\n<\/div>\n<\/div>\n<p>&nbsp;<\/p>\n<p>&nbsp;<\/p>\n<p>&nbsp;<\/p>\n","protected":false},"excerpt":{"rendered":"<p>&nbsp; Historia de Cutervo El 15 de agosto de 1560 se llev\u00f3 a cabo la fundaci\u00f3n espa\u00f1ola de Cutervo, pasando a ser parte del virreinato del Per\u00fa y se establece como patrona a la Sant\u00edsima Virgen de la Asunci\u00f3n. El 28 de enero de 1825 Cutervo se estableci\u00f3 como distrito, dependiente de Chota. De 1863 [&hellip;]<\/p>\n","protected":false},"author":10730,"featured_media":0,"parent":0,"menu_order":0,"comment_status":"closed","ping_status":"closed","template":"","meta":{"footnotes":""},"class_list":["post-71","page","type-page","status-publish","hentry"],"aioseo_notices":[],"_links":{"self":[{"href":"https:\/\/blog.espol.edu.ec\/frtoro\/wp-json\/wp\/v2\/pages\/71","targetHints":{"allow":["GET"]}}],"collection":[{"href":"https:\/\/blog.espol.edu.ec\/frtoro\/wp-json\/wp\/v2\/pages"}],"about":[{"href":"https:\/\/blog.espol.edu.ec\/frtoro\/wp-json\/wp\/v2\/types\/page"}],"author":[{"embeddable":true,"href":"https:\/\/blog.espol.edu.ec\/frtoro\/wp-json\/wp\/v2\/users\/10730"}],"replies":[{"embeddable":true,"href":"https:\/\/blog.espol.edu.ec\/frtoro\/wp-json\/wp\/v2\/comments?post=71"}],"version-history":[{"count":4,"href":"https:\/\/blog.espol.edu.ec\/frtoro\/wp-json\/wp\/v2\/pages\/71\/revisions"}],"predecessor-version":[{"id":78,"href":"https:\/\/blog.espol.edu.ec\/frtoro\/wp-json\/wp\/v2\/pages\/71\/revisions\/78"}],"wp:attachment":[{"href":"https:\/\/blog.espol.edu.ec\/frtoro\/wp-json\/wp\/v2\/media?parent=71"}],"curies":[{"name":"wp","href":"https:\/\/api.w.org\/{rel}","templated":true}]}}