{"id":86,"date":"2016-11-08T20:53:00","date_gmt":"2016-11-08T20:53:00","guid":{"rendered":"http:\/\/blog.espol.edu.ec\/frtoro\/?page_id=86"},"modified":"2016-11-08T20:53:00","modified_gmt":"2016-11-08T20:53:00","slug":"ubicacion-2","status":"publish","type":"page","link":"https:\/\/blog.espol.edu.ec\/frtoro\/ubicacion-2\/","title":{"rendered":"Ubicaci\u00f3n"},"content":{"rendered":"<p>Se encuentra en el \u00e1rea denominada Cordillera de Tarros (2200-3500 m) la que se ubica entre las localidades de La Capilla, San Andr\u00e9s de Cutervo, La Flor y la ciudad de Cutervo a 260 kil\u00f3metros de Cajamarca; en la ecorregi\u00f3n del P\u00e1ramo en el Departamento de Cajamarca.<\/p>\n<p><img decoding=\"async\" src=\"http:\/\/old.sernanp.gob.pe\/sernanp\/archivos\/biblioteca\/mapas\/cutervo\/PN%20DE%20CUTERVO.jpg\" alt=\"Ubicaci\u00f3n P.N. Cutervo \n\" \/><\/p>\n","protected":false},"excerpt":{"rendered":"<p>Se encuentra en el \u00e1rea denominada Cordillera de Tarros (2200-3500 m) la que se ubica entre las localidades de La Capilla, San Andr\u00e9s de Cutervo, La Flor y la ciudad de Cutervo a 260 kil\u00f3metros de Cajamarca; en la ecorregi\u00f3n del P\u00e1ramo en el Departamento de Cajamarca.<\/p>\n","protected":false},"author":10730,"featured_media":0,"parent":0,"menu_order":0,"comment_status":"closed","ping_status":"closed","template":"","meta":{"footnotes":""},"class_list":["post-86","page","type-page","status-publish","hentry"],"aioseo_notices":[],"_links":{"self":[{"href":"https:\/\/blog.espol.edu.ec\/frtoro\/wp-json\/wp\/v2\/pages\/86","targetHints":{"allow":["GET"]}}],"collection":[{"href":"https:\/\/blog.espol.edu.ec\/frtoro\/wp-json\/wp\/v2\/pages"}],"about":[{"href":"https:\/\/blog.espol.edu.ec\/frtoro\/wp-json\/wp\/v2\/types\/page"}],"author":[{"embeddable":true,"href":"https:\/\/blog.espol.edu.ec\/frtoro\/wp-json\/wp\/v2\/users\/10730"}],"replies":[{"embeddable":true,"href":"https:\/\/blog.espol.edu.ec\/frtoro\/wp-json\/wp\/v2\/comments?post=86"}],"version-history":[{"count":2,"href":"https:\/\/blog.espol.edu.ec\/frtoro\/wp-json\/wp\/v2\/pages\/86\/revisions"}],"predecessor-version":[{"id":338,"href":"https:\/\/blog.espol.edu.ec\/frtoro\/wp-json\/wp\/v2\/pages\/86\/revisions\/338"}],"wp:attachment":[{"href":"https:\/\/blog.espol.edu.ec\/frtoro\/wp-json\/wp\/v2\/media?parent=86"}],"curies":[{"name":"wp","href":"https:\/\/api.w.org\/{rel}","templated":true}]}}