{"id":96,"date":"2016-11-08T21:28:07","date_gmt":"2016-11-08T21:28:07","guid":{"rendered":"http:\/\/blog.espol.edu.ec\/frtoro\/?page_id=96"},"modified":"2016-11-08T21:28:07","modified_gmt":"2016-11-08T21:28:07","slug":"objetivos","status":"publish","type":"page","link":"https:\/\/blog.espol.edu.ec\/frtoro\/objetivos\/","title":{"rendered":"Objetivos"},"content":{"rendered":"<p>El objetivo principal del Parque Nacional de Cutervo es la protecci\u00f3n de su flora y fauna as\u00ed como la conservaci\u00f3n de la belleza esc\u00e9nica de la Cordillera de los Tarros.<\/p>\n<p>Conservaci\u00f3n de la flora y fauna.<\/p>\n<p>&nbsp;<\/p>\n<ul>\n<li>Conservaci\u00f3n de la flora y fauna.<\/li>\n<li>Conservaci\u00f3n y utilizaci\u00f3n racional de las tierras de cultivo en la regi\u00f3n circunvecina al Parque Nacional.<\/li>\n<li>Incremento y protecci\u00f3n de la peque\u00f1a propiedad base de la actual prosperidad del valle de San Andr\u00e9s de Cutervo.<\/li>\n<li>Aprovechamiento y est\u00edmulo del esp\u00edritu de colaboraci\u00f3n y de progreso que anima a los actuales moradores del lugar, para el establecimiento de un Servicio de Fomento \u2013 Agropecuario.<\/li>\n<li>Fomento del turismo, orientado esencialmente a la educaci\u00f3n y salud del pueblo y a la vuelta del hombre a la sublime sencillez de la naturaleza.<\/li>\n<\/ul>\n<p><img loading=\"lazy\" decoding=\"async\" class=\"alignnone size-medium\" src=\"http:\/\/portal.andina.com.pe\/EDPfotografia3\/Thumbnail\/2016\/09\/22\/000377662W.jpg\" alt=\"\" width=\"1800\" height=\"1230\" \/><img loading=\"lazy\" decoding=\"async\" class=\"alignnone size-medium\" src=\"http:\/\/www.perucelebra.com\/images\/orquideaslima.jpg\" alt=\"\" width=\"500\" height=\"400\" \/><\/p>\n","protected":false},"excerpt":{"rendered":"<p>El objetivo principal del Parque Nacional de Cutervo es la protecci\u00f3n de su flora y fauna as\u00ed como la conservaci\u00f3n de la belleza esc\u00e9nica de la Cordillera de los Tarros. Conservaci\u00f3n de la flora y fauna. &nbsp; Conservaci\u00f3n de la flora y fauna. Conservaci\u00f3n y utilizaci\u00f3n racional de las tierras de cultivo en la regi\u00f3n [&hellip;]<\/p>\n","protected":false},"author":10730,"featured_media":0,"parent":0,"menu_order":0,"comment_status":"closed","ping_status":"closed","template":"","meta":{"footnotes":""},"class_list":["post-96","page","type-page","status-publish","hentry"],"aioseo_notices":[],"_links":{"self":[{"href":"https:\/\/blog.espol.edu.ec\/frtoro\/wp-json\/wp\/v2\/pages\/96","targetHints":{"allow":["GET"]}}],"collection":[{"href":"https:\/\/blog.espol.edu.ec\/frtoro\/wp-json\/wp\/v2\/pages"}],"about":[{"href":"https:\/\/blog.espol.edu.ec\/frtoro\/wp-json\/wp\/v2\/types\/page"}],"author":[{"embeddable":true,"href":"https:\/\/blog.espol.edu.ec\/frtoro\/wp-json\/wp\/v2\/users\/10730"}],"replies":[{"embeddable":true,"href":"https:\/\/blog.espol.edu.ec\/frtoro\/wp-json\/wp\/v2\/comments?post=96"}],"version-history":[{"count":1,"href":"https:\/\/blog.espol.edu.ec\/frtoro\/wp-json\/wp\/v2\/pages\/96\/revisions"}],"predecessor-version":[{"id":98,"href":"https:\/\/blog.espol.edu.ec\/frtoro\/wp-json\/wp\/v2\/pages\/96\/revisions\/98"}],"wp:attachment":[{"href":"https:\/\/blog.espol.edu.ec\/frtoro\/wp-json\/wp\/v2\/media?parent=96"}],"curies":[{"name":"wp","href":"https:\/\/api.w.org\/{rel}","templated":true}]}}