{"id":99,"date":"2016-11-08T21:36:00","date_gmt":"2016-11-08T21:36:00","guid":{"rendered":"http:\/\/blog.espol.edu.ec\/frtoro\/?page_id=99"},"modified":"2016-11-08T21:36:00","modified_gmt":"2016-11-08T21:36:00","slug":"principales-atractivos","status":"publish","type":"page","link":"https:\/\/blog.espol.edu.ec\/frtoro\/principales-atractivos\/","title":{"rendered":"Principales Atractivos"},"content":{"rendered":"<p>Los atractivos principales son la Cueva de los Gu\u00e1charos, y el Pez Bagre de las Cavernas existentes en los riachuelos subterr\u00e1neos. Adem\u00e1s el parque alberga abundante riqueza de flora y fauna silvestre dispersa en bosques enanos, pajonales y bosques de neblina.<\/p>\n<p><img loading=\"lazy\" decoding=\"async\" class=\"alignnone size-medium wp-image-100\" src=\"http:\/\/blog.espol.edu.ec\/frtoro\/files\/2016\/11\/grutaguaicharosPNCutervo1-300x225.jpg\" alt=\"grutaguaicharospncutervo1\" width=\"300\" height=\"225\" srcset=\"https:\/\/blog.espol.edu.ec\/frtoro\/files\/2016\/11\/grutaguaicharosPNCutervo1-300x225.jpg 300w, https:\/\/blog.espol.edu.ec\/frtoro\/files\/2016\/11\/grutaguaicharosPNCutervo1.jpg 600w\" sizes=\"auto, (max-width: 300px) 100vw, 300px\" \/>\u00a0 \u00a0<img loading=\"lazy\" decoding=\"async\" class=\"alignnone size-medium wp-image-28\" src=\"http:\/\/blog.espol.edu.ec\/frtoro\/files\/2016\/11\/14469574_1194358677253612_2257904657226827892_n-300x168.jpg\" alt=\"14469574_1194358677253612_2257904657226827892_n\" width=\"300\" height=\"168\" srcset=\"https:\/\/blog.espol.edu.ec\/frtoro\/files\/2016\/11\/14469574_1194358677253612_2257904657226827892_n-300x168.jpg 300w, https:\/\/blog.espol.edu.ec\/frtoro\/files\/2016\/11\/14469574_1194358677253612_2257904657226827892_n-768x431.jpg 768w, https:\/\/blog.espol.edu.ec\/frtoro\/files\/2016\/11\/14469574_1194358677253612_2257904657226827892_n.jpg 960w\" sizes=\"auto, (max-width: 300px) 100vw, 300px\" \/><\/p>\n","protected":false},"excerpt":{"rendered":"<p>Los atractivos principales son la Cueva de los Gu\u00e1charos, y el Pez Bagre de las Cavernas existentes en los riachuelos subterr\u00e1neos. Adem\u00e1s el parque alberga abundante riqueza de flora y fauna silvestre dispersa en bosques enanos, pajonales y bosques de neblina. \u00a0 \u00a0<\/p>\n","protected":false},"author":10730,"featured_media":0,"parent":0,"menu_order":0,"comment_status":"closed","ping_status":"closed","template":"","meta":{"footnotes":""},"class_list":["post-99","page","type-page","status-publish","hentry"],"aioseo_notices":[],"_links":{"self":[{"href":"https:\/\/blog.espol.edu.ec\/frtoro\/wp-json\/wp\/v2\/pages\/99","targetHints":{"allow":["GET"]}}],"collection":[{"href":"https:\/\/blog.espol.edu.ec\/frtoro\/wp-json\/wp\/v2\/pages"}],"about":[{"href":"https:\/\/blog.espol.edu.ec\/frtoro\/wp-json\/wp\/v2\/types\/page"}],"author":[{"embeddable":true,"href":"https:\/\/blog.espol.edu.ec\/frtoro\/wp-json\/wp\/v2\/users\/10730"}],"replies":[{"embeddable":true,"href":"https:\/\/blog.espol.edu.ec\/frtoro\/wp-json\/wp\/v2\/comments?post=99"}],"version-history":[{"count":1,"href":"https:\/\/blog.espol.edu.ec\/frtoro\/wp-json\/wp\/v2\/pages\/99\/revisions"}],"predecessor-version":[{"id":103,"href":"https:\/\/blog.espol.edu.ec\/frtoro\/wp-json\/wp\/v2\/pages\/99\/revisions\/103"}],"wp:attachment":[{"href":"https:\/\/blog.espol.edu.ec\/frtoro\/wp-json\/wp\/v2\/media?parent=99"}],"curies":[{"name":"wp","href":"https:\/\/api.w.org\/{rel}","templated":true}]}}