{"id":2,"date":"2011-06-08T16:55:32","date_gmt":"2011-06-08T16:55:32","guid":{"rendered":""},"modified":"2011-06-20T22:39:47","modified_gmt":"2011-06-20T17:39:47","slug":"about","status":"publish","type":"page","link":"https:\/\/blog.espol.edu.ec\/fsolorza\/about\/","title":{"rendered":"Sobre qu\u00e9 es el blog"},"content":{"rendered":"<p>Es acerca de noticias, e informaci\u00f3n de inter\u00e9s general<a href=\"http:\/\/blog.espol.edu.ec\/fsolorza\/files\/2011\/06\/Lighthouse.jpg\"><img loading=\"lazy\" decoding=\"async\" src=\"http:\/\/blog.espol.edu.ec\/fsolorza\/files\/2011\/06\/Lighthouse-300x225.jpg\" alt=\"\" title=\"Lighthouse\" width=\"300\" height=\"225\" class=\"aligncenter size-medium wp-image-29\" srcset=\"https:\/\/blog.espol.edu.ec\/fsolorza\/files\/2011\/06\/Lighthouse-300x225.jpg 300w, https:\/\/blog.espol.edu.ec\/fsolorza\/files\/2011\/06\/Lighthouse.jpg 1024w\" sizes=\"auto, (max-width: 300px) 100vw, 300px\" \/><\/a><\/p>\n<form id=\"vozme_form_d41d8cd98f00b204e9800998ecf8427e\" method=\"post\" name=\"vozme_form_d41d8cd98f00b204e9800998ecf8427e\" target=\"d41d8cd98f00b204e9800998ecf8427e\" action=\"http:\/\/vozme.com\/text2voice.php\"><input name=\"text\" type=\"hidden\" value=\"Sobre qu\u00e9 es el blog. Es acerca de noticias, e informaci\u00f3n de inter\u00e9s general\n\" \/><input name=\"lang\" type=\"hidden\" value=\"en\" \/><input name=\"gn\" type=\"hidden\" value=\"ml\" \/><input type=\"hidden\" id=\"interface\" name=\"interface\" value=\"full\" \/>\n\t\t\t<div style=\"margin-left:40%;\">\n\t\t\t\n\t\t\t\t<input style=\"float:left;\" type=\"image\" width=\"40\" height=\"40\" src=\"http:\/\/blog.espol.edu.ec\/fsolorza\/wp-content\/plugins\/vozme\/img\/megaphone40x40w.gif\" alt=\"Hear this post\" onclick=\"window.open('', 'd41d8cd98f00b204e9800998ecf8427e', 'width=600,height=370,scrollbars=yes,location=yes,menubar=yes,resizable=yes,status=yes,toolbar=yes');\">\n\t\t\t\t<div style=\"margin-left:48px; text-align:left;\"><a style=\"font-size:12px;\" href=\"javascript:void(0);\" onclick=\"window.open('', 'd41d8cd98f00b204e9800998ecf8427e', 'width=600,height=370,scrollbars=yes,location=yes,menubar=yes,resizable=yes,status=yes,toolbar=yes'); document.getElementById('vozme_form_d41d8cd98f00b204e9800998ecf8427e').submit();\">Hear<br\/>this post<\/a><\/div>\n\t\t\t<\/div><\/form>","protected":false},"excerpt":{"rendered":"<p>Es acerca de noticias, e informaci\u00f3n de inter\u00e9s general Hearthis post<\/p>\n","protected":false},"author":6193,"featured_media":0,"parent":0,"menu_order":0,"comment_status":"open","ping_status":"open","template":"","meta":{"_monsterinsights_skip_tracking":false,"_monsterinsights_sitenote_active":false,"_monsterinsights_sitenote_note":"","_monsterinsights_sitenote_category":0,"footnotes":""},"class_list":["post-2","page","type-page","status-publish","hentry"],"_links":{"self":[{"href":"https:\/\/blog.espol.edu.ec\/fsolorza\/wp-json\/wp\/v2\/pages\/2","targetHints":{"allow":["GET"]}}],"collection":[{"href":"https:\/\/blog.espol.edu.ec\/fsolorza\/wp-json\/wp\/v2\/pages"}],"about":[{"href":"https:\/\/blog.espol.edu.ec\/fsolorza\/wp-json\/wp\/v2\/types\/page"}],"author":[{"embeddable":true,"href":"https:\/\/blog.espol.edu.ec\/fsolorza\/wp-json\/wp\/v2\/users\/6193"}],"replies":[{"embeddable":true,"href":"https:\/\/blog.espol.edu.ec\/fsolorza\/wp-json\/wp\/v2\/comments?post=2"}],"version-history":[{"count":2,"href":"https:\/\/blog.espol.edu.ec\/fsolorza\/wp-json\/wp\/v2\/pages\/2\/revisions"}],"predecessor-version":[{"id":28,"href":"https:\/\/blog.espol.edu.ec\/fsolorza\/wp-json\/wp\/v2\/pages\/2\/revisions\/28"}],"wp:attachment":[{"href":"https:\/\/blog.espol.edu.ec\/fsolorza\/wp-json\/wp\/v2\/media?parent=2"}],"curies":[{"name":"wp","href":"https:\/\/api.w.org\/{rel}","templated":true}]}}