{"id":2,"date":"2013-05-15T18:51:31","date_gmt":"2013-05-15T18:51:31","guid":{"rendered":"http:\/\/blog.espol.edu.ec\/fssolorz\/?page_id=2"},"modified":"2013-05-29T00:23:02","modified_gmt":"2013-05-29T00:23:02","slug":"pagina-ejemplo","status":"publish","type":"page","link":"https:\/\/blog.espol.edu.ec\/fssolorz\/pagina-ejemplo\/","title":{"rendered":"Al sur del Ecuador"},"content":{"rendered":"<h2 align=\"center\"><strong><em>Un para\u00edso y oasis<\/em><\/strong><\/h2>\n<p><img decoding=\"async\" class=\"aligncenter\" src=\"http:\/\/www.gobiernodezapotillo.gob.ec\/zapotillo\/images\/stories\/zapotillo\/Zapotillo.gif\" alt=\"\" width=\"180\" border=\"0\" \/><\/p>\n<p>El Oasis, conocido tambi\u00e9n as\u00ed este lugar, es asidero de una exuberante flora (ceibo, pretino, guayac\u00e1n, almendro, guapala) y fauna diversa (pumas, venados, ardillas, zorros, pericos cachetigris o macare\u00f1os y 142 especies de aves).<\/p>\n<p>Zapotillo proviene del diminutivo de la planta de zapote, una fruta t\u00edpica de la zona fronteriza. La ra\u00edz del nombre del cant\u00f3n traslada a propios y extra\u00f1os a una milenaria idiosincrasia cultural.<\/p>\n<p>El turismo en este sector ubicado a 261 Km. de Loja, capital provincial, representa quiz\u00e1 la principal fuente de ingreso en temporada alta o feriados para los 12.063 habitantes (Censo Nacional 2010).<\/p>\n<p>La hospitalidad de su poblaci\u00f3n se identifica con los principios: Zapotillo, para\u00edso tur\u00edstico y natural del Ecuador, merced a la riqueza gastron\u00f3mica, ancestral y atractivos como son: Malec\u00f3n del r\u00edo Catamayo, playa Verdes Tamarindos u otros rincones maravillosos.<\/p>\n<p>&nbsp;<\/p>\n<p>&nbsp;<\/p>\n<p>&nbsp;<\/p>\n<p>&nbsp;<\/p>\n<p style=\"text-align: center\"><strong>ESTAS SON ALGUNAS DE LAS IM\u00c1GENES QUE PODR\u00c1S ENCONTRAR EN ESTE HERMOSO CANT\u00d3N<\/strong><\/p>\n<p style=\"text-align: center\">\n<p><a href=\"http:\/\/blog.espol.edu.ec\/fssolorz\/files\/2013\/05\/67976_143290725831045_1355833852_n1.jpg\"><img loading=\"lazy\" decoding=\"async\" class=\"aligncenter size-medium wp-image-69\" src=\"http:\/\/blog.espol.edu.ec\/fssolorz\/files\/2013\/05\/67976_143290725831045_1355833852_n1-300x200.jpg\" alt=\"\" width=\"300\" height=\"200\" srcset=\"https:\/\/blog.espol.edu.ec\/fssolorz\/files\/2013\/05\/67976_143290725831045_1355833852_n1-300x200.jpg 300w, https:\/\/blog.espol.edu.ec\/fssolorz\/files\/2013\/05\/67976_143290725831045_1355833852_n1.jpg 720w\" sizes=\"auto, (max-width: 300px) 100vw, 300px\" \/><\/a><\/p>\n<p>&nbsp;<\/p>\n<p><a href=\"http:\/\/blog.espol.edu.ec\/fssolorz\/files\/2013\/05\/529537_143293525830765_1745051704_n1.jpg\"><img loading=\"lazy\" decoding=\"async\" class=\"aligncenter size-medium wp-image-70\" src=\"http:\/\/blog.espol.edu.ec\/fssolorz\/files\/2013\/05\/529537_143293525830765_1745051704_n1-300x225.jpg\" alt=\"\" width=\"300\" height=\"225\" srcset=\"https:\/\/blog.espol.edu.ec\/fssolorz\/files\/2013\/05\/529537_143293525830765_1745051704_n1-300x225.jpg 300w, https:\/\/blog.espol.edu.ec\/fssolorz\/files\/2013\/05\/529537_143293525830765_1745051704_n1.jpg 640w\" sizes=\"auto, (max-width: 300px) 100vw, 300px\" \/><\/a><\/p>\n<p>&nbsp;<\/p>\n<p style=\"text-align: center\"><a href=\"http:\/\/blog.espol.edu.ec\/fssolorz\/files\/2013\/05\/483519_143290595831058_242610850_n1.jpg\"><img loading=\"lazy\" decoding=\"async\" class=\"aligncenter size-medium wp-image-71\" src=\"http:\/\/blog.espol.edu.ec\/fssolorz\/files\/2013\/05\/483519_143290595831058_242610850_n1-300x266.jpg\" alt=\"\" width=\"300\" height=\"266\" srcset=\"https:\/\/blog.espol.edu.ec\/fssolorz\/files\/2013\/05\/483519_143290595831058_242610850_n1-300x266.jpg 300w, https:\/\/blog.espol.edu.ec\/fssolorz\/files\/2013\/05\/483519_143290595831058_242610850_n1.jpg 533w\" sizes=\"auto, (max-width: 300px) 100vw, 300px\" \/><\/a><\/p>\n<p style=\"text-align: center\">\n<p style=\"text-align: center\"><a href=\"http:\/\/blog.espol.edu.ec\/fssolorz\/files\/2013\/05\/541629_143292922497492_454876508_n1.jpg\"><img loading=\"lazy\" decoding=\"async\" class=\"aligncenter size-medium wp-image-72\" src=\"http:\/\/blog.espol.edu.ec\/fssolorz\/files\/2013\/05\/541629_143292922497492_454876508_n1-300x224.jpg\" alt=\"\" width=\"300\" height=\"224\" srcset=\"https:\/\/blog.espol.edu.ec\/fssolorz\/files\/2013\/05\/541629_143292922497492_454876508_n1-300x224.jpg 300w, https:\/\/blog.espol.edu.ec\/fssolorz\/files\/2013\/05\/541629_143292922497492_454876508_n1.jpg 650w\" sizes=\"auto, (max-width: 300px) 100vw, 300px\" \/><\/a><\/p>\n<p style=\"text-align: center\">\n<p style=\"text-align: center\"><a href=\"http:\/\/blog.espol.edu.ec\/fssolorz\/files\/2013\/05\/61777_143292555830862_1475016610_n1.jpg\"><img loading=\"lazy\" decoding=\"async\" class=\"aligncenter size-medium wp-image-73\" src=\"http:\/\/blog.espol.edu.ec\/fssolorz\/files\/2013\/05\/61777_143292555830862_1475016610_n1-300x225.jpg\" alt=\"\" width=\"300\" height=\"225\" srcset=\"https:\/\/blog.espol.edu.ec\/fssolorz\/files\/2013\/05\/61777_143292555830862_1475016610_n1-300x225.jpg 300w, https:\/\/blog.espol.edu.ec\/fssolorz\/files\/2013\/05\/61777_143292555830862_1475016610_n1.jpg 720w\" sizes=\"auto, (max-width: 300px) 100vw, 300px\" \/><\/a><\/p>\n<p style=\"text-align: center\">\n<p style=\"text-align: center\"><a href=\"http:\/\/blog.espol.edu.ec\/fssolorz\/files\/2013\/05\/563856_143290465831071_1788693530_n1.jpg\"><img loading=\"lazy\" decoding=\"async\" class=\"aligncenter size-medium wp-image-74\" src=\"http:\/\/blog.espol.edu.ec\/fssolorz\/files\/2013\/05\/563856_143290465831071_1788693530_n1-300x225.jpg\" alt=\"\" width=\"300\" height=\"225\" srcset=\"https:\/\/blog.espol.edu.ec\/fssolorz\/files\/2013\/05\/563856_143290465831071_1788693530_n1-300x225.jpg 300w, https:\/\/blog.espol.edu.ec\/fssolorz\/files\/2013\/05\/563856_143290465831071_1788693530_n1.jpg 720w\" sizes=\"auto, (max-width: 300px) 100vw, 300px\" \/><\/a><\/p>\n<p style=\"text-align: center\">\n<p style=\"text-align: center\"><a href=\"http:\/\/blog.espol.edu.ec\/fssolorz\/files\/2013\/05\/487662_143303909163060_1748219142_n.jpg\"><img loading=\"lazy\" decoding=\"async\" class=\"aligncenter size-medium wp-image-75\" src=\"http:\/\/blog.espol.edu.ec\/fssolorz\/files\/2013\/05\/487662_143303909163060_1748219142_n-197x300.jpg\" alt=\"\" width=\"197\" height=\"300\" srcset=\"https:\/\/blog.espol.edu.ec\/fssolorz\/files\/2013\/05\/487662_143303909163060_1748219142_n-197x300.jpg 197w, https:\/\/blog.espol.edu.ec\/fssolorz\/files\/2013\/05\/487662_143303909163060_1748219142_n.jpg 475w\" sizes=\"auto, (max-width: 197px) 100vw, 197px\" \/><\/a><\/p>\n<p style=\"text-align: center\">\n<p style=\"text-align: center\"><a href=\"http:\/\/blog.espol.edu.ec\/fssolorz\/files\/2013\/05\/24640_143292649164186_767261271_n1.jpg\"><img loading=\"lazy\" decoding=\"async\" class=\"aligncenter size-medium wp-image-76\" src=\"http:\/\/blog.espol.edu.ec\/fssolorz\/files\/2013\/05\/24640_143292649164186_767261271_n1-246x300.jpg\" alt=\"\" width=\"246\" height=\"300\" srcset=\"https:\/\/blog.espol.edu.ec\/fssolorz\/files\/2013\/05\/24640_143292649164186_767261271_n1-246x300.jpg 246w, https:\/\/blog.espol.edu.ec\/fssolorz\/files\/2013\/05\/24640_143292649164186_767261271_n1.jpg 515w\" sizes=\"auto, (max-width: 246px) 100vw, 246px\" \/><\/a><\/p>\n","protected":false},"excerpt":{"rendered":"<p>Un para\u00edso y oasis El Oasis, conocido tambi\u00e9n as\u00ed este lugar, es asidero de una exuberante flora (ceibo, pretino, guayac\u00e1n, almendro, guapala) y fauna diversa (pumas, venados, ardillas, zorros, pericos cachetigris o macare\u00f1os y 142 especies de aves). Zapotillo proviene del diminutivo de la planta de zapote, una fruta t\u00edpica de la zona fronteriza. La [&hellip;]<\/p>\n","protected":false},"author":8422,"featured_media":0,"parent":0,"menu_order":0,"comment_status":"open","ping_status":"open","template":"","meta":{"footnotes":""},"class_list":["post-2","page","type-page","status-publish","hentry"],"_links":{"self":[{"href":"https:\/\/blog.espol.edu.ec\/fssolorz\/wp-json\/wp\/v2\/pages\/2","targetHints":{"allow":["GET"]}}],"collection":[{"href":"https:\/\/blog.espol.edu.ec\/fssolorz\/wp-json\/wp\/v2\/pages"}],"about":[{"href":"https:\/\/blog.espol.edu.ec\/fssolorz\/wp-json\/wp\/v2\/types\/page"}],"author":[{"embeddable":true,"href":"https:\/\/blog.espol.edu.ec\/fssolorz\/wp-json\/wp\/v2\/users\/8422"}],"replies":[{"embeddable":true,"href":"https:\/\/blog.espol.edu.ec\/fssolorz\/wp-json\/wp\/v2\/comments?post=2"}],"version-history":[{"count":4,"href":"https:\/\/blog.espol.edu.ec\/fssolorz\/wp-json\/wp\/v2\/pages\/2\/revisions"}],"predecessor-version":[{"id":34,"href":"https:\/\/blog.espol.edu.ec\/fssolorz\/wp-json\/wp\/v2\/pages\/2\/revisions\/34"}],"wp:attachment":[{"href":"https:\/\/blog.espol.edu.ec\/fssolorz\/wp-json\/wp\/v2\/media?parent=2"}],"curies":[{"name":"wp","href":"https:\/\/api.w.org\/{rel}","templated":true}]}}