{"id":53,"date":"2015-06-02T17:11:08","date_gmt":"2015-06-02T17:11:08","guid":{"rendered":"http:\/\/blog.espol.edu.ec\/fvergara\/?page_id=53"},"modified":"2015-06-02T17:11:08","modified_gmt":"2015-06-02T17:11:08","slug":"cupcake-de-oreo","status":"publish","type":"page","link":"https:\/\/blog.espol.edu.ec\/fvergara\/cupcake-de-oreo\/","title":{"rendered":"Cupcake de Oreo"},"content":{"rendered":"<p>Esta receta de\u00a0<strong>Cupcakes de Oreo<\/strong>\u00a0es una de las recetas m\u00e1s buscadas para preparar en casa. Aqu\u00ed te la ense\u00f1amos paso a paso.<\/p>\n<p><strong>Ingredientes:<\/strong><\/p>\n<p>- 2 huevos<br \/>\n- 140 gramos de harina<br \/>\n- 115 gramos de az\u00facar<br \/>\n- 120 gramos de mantequilla<br \/>\n- 50 gramos de cacao en polvo<br \/>\n- 20 gramos de levadura<br \/>\n- 1 cucharada de extracto de vainilla<br \/>\n- 70 ml de leche<br \/>\n- 5 galletas Oreo trituradas<br \/>\n- Galletas Oreo peque\u00f1as<\/p>\n<p><strong>Preparaci\u00f3n:<\/strong><\/p>\n<p>Si os gustan las\u00a0<strong>Cupcakes<\/strong>\u00a0y las\u00a0<strong>galletas Oreo<\/strong>\u00a0sin duda alguna vais a disfrutar much\u00edsimo con esta receta, seguro que la preparais m\u00e1s de una vez.<\/p>\n<p>Su preparaci\u00f3n no es nada compleja, de hecho es muy similar al resto de recetas de\u00a0<strong>Cupcakes<\/strong>, pero os la vamos a detallar para facilitaros su preparaci\u00f3n todo lo posible. Vamos a comenzar.<\/p>\n<p>Coge un bol de buen tama\u00f1o, no uses uno peque\u00f1o donde no quepa todo, sino s\u00f3lo vas a conseguir tener que fregar otro cacharro m\u00e1s, porque vas a tener que acabar usando otro. Echa en el mismo la harina y la levadura tamizadas, el cacao, las 5 galletas Oreo ralladas y mezcalo todo bien. A continuaci\u00f3n vertemos la leche y la vainilla, y batimos a velocidad baja hasta que m\u00e1s o menos todo quede compactado.<\/p>\n<p>En el vaso de nuestra batidora de varillas vamos a mezclar la mantequilla con el az\u00facar, hasta que quede una masa cremosa, momento en el que agregamos los huevos uno a uno y sin dejar de removerlo todo.<\/p>\n<p>Coge el primer bol y a\u00f1ade su contenido al vaso de la amasadora, y ahora tienes que darle un buen amasado, porque tienen que quedar las dos masas completamente compactadas y en foma de crema m\u00e1s o menos homog\u00e9nea.<\/p>\n<p>Suponemos que ya hab\u00edas puesto el horno a precalentar y tienes preparada la bandeja con los papelillos para\u00a0<strong>Cupcakes<\/strong>, por lo que tienes que echar la masa repartida en los mismos, llenando un poco m\u00e1s de la mitad de ellos, para dejar que el resto sirva para que suban lo necesario.<\/p>\n<p>Hormeamos la bandeja durante unos 18-22 minutos a 180\u00baC, comprabando que est\u00e1n por dentro bien hechos antes de sacarlos. Dejalos enfriar y desmolda en unos diez minutos.<\/p>\n<p>Ahora pasamos a hacer la\u00a0<strong>buttercream<\/strong>\u00a0tal y como os indicamos en la primera receta de la p\u00e1gina principal, y con una manga pastelera adornamos nuestros\u00a0<strong>Cupcakes<\/strong>, a\u00f1adiendo una galleta Oreo peque\u00f1a encima de cada una. Otra posibilidad es emplear algunas Oreo trituradas en la elaboraci\u00f3n de la\u00a0<strong>Buttercream<\/strong>, para darle a\u00fan m\u00e1s sabor a la misma.<\/p>\n<p>Y a disfrutar de estas estupendas\u00a0<strong>Cupcakes de Oreo<\/strong>.<\/p>\n<p><a href=\"http:\/\/blog.espol.edu.ec\/fvergara\/files\/2015\/06\/oreo-cupcakes.jpg\"><img loading=\"lazy\" decoding=\"async\" class=\"aligncenter size-medium wp-image-54\" src=\"http:\/\/blog.espol.edu.ec\/fvergara\/files\/2015\/06\/oreo-cupcakes-300x200.jpg\" alt=\"oreo-cupcakes\" width=\"300\" height=\"200\" srcset=\"https:\/\/blog.espol.edu.ec\/fvergara\/files\/2015\/06\/oreo-cupcakes-300x200.jpg 300w, https:\/\/blog.espol.edu.ec\/fvergara\/files\/2015\/06\/oreo-cupcakes.jpg 448w\" sizes=\"auto, (max-width: 300px) 100vw, 300px\" \/><\/a><\/p>\n<p>&nbsp;<\/p>\n<p>&nbsp;<\/p>\n<p style=\"text-align: center\"><a href=\"http:\/\/openx.actvtech2.com\/www\/delivery\/ck.php?oaparams=2__bannerid=53__zoneid=65__cb=fc20d10079__oadest=https%3A%2F%2Fwww.youtube.com%2Fwatch%3Fv%3DJhlvuzk_VLM\" target=\"_blank\">VIDEO<\/a><\/p>\n","protected":false},"excerpt":{"rendered":"<p>Esta receta de\u00a0Cupcakes de Oreo\u00a0es una de las recetas m\u00e1s buscadas para preparar en casa. Aqu\u00ed te la ense\u00f1amos paso a paso. Ingredientes: - 2 huevos - 140 gramos de harina - 115 gramos de az\u00facar - 120 gramos de mantequilla - 50 gramos de cacao en polvo - 20 gramos de levadura - 1 [&hellip;]<\/p>\n","protected":false},"author":9637,"featured_media":0,"parent":0,"menu_order":0,"comment_status":"open","ping_status":"open","template":"","meta":{"footnotes":""},"class_list":["post-53","page","type-page","status-publish","hentry"],"_links":{"self":[{"href":"https:\/\/blog.espol.edu.ec\/fvergara\/wp-json\/wp\/v2\/pages\/53","targetHints":{"allow":["GET"]}}],"collection":[{"href":"https:\/\/blog.espol.edu.ec\/fvergara\/wp-json\/wp\/v2\/pages"}],"about":[{"href":"https:\/\/blog.espol.edu.ec\/fvergara\/wp-json\/wp\/v2\/types\/page"}],"author":[{"embeddable":true,"href":"https:\/\/blog.espol.edu.ec\/fvergara\/wp-json\/wp\/v2\/users\/9637"}],"replies":[{"embeddable":true,"href":"https:\/\/blog.espol.edu.ec\/fvergara\/wp-json\/wp\/v2\/comments?post=53"}],"version-history":[{"count":1,"href":"https:\/\/blog.espol.edu.ec\/fvergara\/wp-json\/wp\/v2\/pages\/53\/revisions"}],"predecessor-version":[{"id":59,"href":"https:\/\/blog.espol.edu.ec\/fvergara\/wp-json\/wp\/v2\/pages\/53\/revisions\/59"}],"wp:attachment":[{"href":"https:\/\/blog.espol.edu.ec\/fvergara\/wp-json\/wp\/v2\/media?parent=53"}],"curies":[{"name":"wp","href":"https:\/\/api.w.org\/{rel}","templated":true}]}}