{"id":56,"date":"2015-06-02T17:10:15","date_gmt":"2015-06-02T17:10:15","guid":{"rendered":"http:\/\/blog.espol.edu.ec\/fvergara\/?page_id=56"},"modified":"2015-06-02T17:10:15","modified_gmt":"2015-06-02T17:10:15","slug":"cupcakes-de-arandanos","status":"publish","type":"page","link":"https:\/\/blog.espol.edu.ec\/fvergara\/cupcakes-de-arandanos\/","title":{"rendered":"Cupcakes de Arandanos"},"content":{"rendered":"<p>Este\u00a0<strong>Cupcake de Arandanos<\/strong>\u00a0es una receta muy especial por la combinaci\u00f3n de sabores que propone. En casa nos gusta mucho esta receta, sobre todo a los mayores.<\/p>\n<p><strong>Ingredientes para la base:<\/strong><\/p>\n<p>- 250 gramos de harina de reposter\u00eda<br \/>\n- 200 gramos de az\u00facar<br \/>\n- 150 gramos de mantequilla<br \/>\n- 2 huevos<br \/>\n- 150 ml de leche<br \/>\n- 2 cucharaditas de levadura qu\u00edmica<br \/>\n- 1 cucharadita de pasta de vainilla<br \/>\n- 50 gramos de ar\u00e1ndanos secos<\/p>\n<p><strong>Ingredientes para el frosting:<\/strong><\/p>\n<p>- 100 gramos de queso Philadelphia<br \/>\n- 40 gramos de mantequilla sin sal<br \/>\n- 225 gramos de icing sugar o en su defecto az\u00facar glass<br \/>\n- 2 cucharadas de leche<\/p>\n<p><strong>Preparaci\u00f3n:<\/strong><\/p>\n<p>Esta receta combina todo el dulzor habitual de los Cupcakes con la acidez caracter\u00edstica de los ar\u00e1ndanos, lo que hace de ella una receta que gustar\u00e1 a unos y no tanto a otros. Merece la pena probarla, a nosotros nos gusta bastante.<\/p>\n<p>Lo primero que necesitamos es hidratar los ar\u00e1ndanos, para ello los cubres con agua mientras preparas los dem\u00e1s ingredientes. Tambi\u00e9n pon el horno a precalentar a 180\u00ba antes que se te olvide y tengas que esperas despu\u00e9s, como nos ha pasado m\u00e1s de una vez.<\/p>\n<p>Ahora tienes que mezclar muy bien el az\u00facar con la mantequilla hasta que obtener una masa cremosa, para ello lo mejor es emplear una batidora de varillas autom\u00e1tica o alg\u00fan robot de cocina tipo Thermomix.<\/p>\n<p>Despu\u00e9s agrega los huevos, sin dejar de remover, tambi\u00f1en la leche y la vainilla. Se mezcla bien todo de nuevo hasta que la masa quede uniforme y manejable.<\/p>\n<p>Vamos a tamizar la la harina junto con la levadura, si no lo hemos hecho antes, y las agregamos al recipiente donde estamos haciendo nuestra masa. Mezclar la harina lleva un poco m\u00e1s de tiempo, pero hay que hacerlo bien para que no queden molestos grumos que os estropeen el resultado final.<\/p>\n<p>Saca los ar\u00e1ndanos del agua, secalos un poco y p\u00e1salos por harina. Posteriormente se a\u00f1aden los ar\u00e1ndanos a la mezcla que tenemos preparada, intentando que queden bien repartidos por la misma.<\/p>\n<p>Prepara los moldes para los cupcakes, con sus papelillos t\u00edpicos. Rellena cada molde dejando un tercio de su capacidad libre, no los llenes por completo. Mete la bandeja en el horno unos 20-22 minutos, depu\u00e9s s\u00e1calos tras comprobar que est\u00e1n en su punto y deja que se enfrien un poco antes de desmoldar.<\/p>\n<p>Para preparar el frosting, como siempre puedes usar mil y una ideas, pero nosotros te proponemos crear una buttercream con colorante azulado, y encima del mismo colocar uno o varios ar\u00e1ndanos para rematar el adorno. Si no sabes preparar la buttercream vete a la p\u00e1gina inicial de la web y ah\u00ed te detallamos los ingredientes necesarios y los pasos a seguir.<\/p>\n<p>Esperamos que os guste esta receta tanto como a nosotros en casa.<\/p>\n<p><a href=\"http:\/\/blog.espol.edu.ec\/fvergara\/files\/2015\/06\/Receta-Cupcakes-Arandanos-y-lima-02.jpg\"><img loading=\"lazy\" decoding=\"async\" class=\"aligncenter size-medium wp-image-57\" src=\"http:\/\/blog.espol.edu.ec\/fvergara\/files\/2015\/06\/Receta-Cupcakes-Arandanos-y-lima-02-300x199.jpg\" alt=\"Receta Cupcakes Arandanos y lima 02\" width=\"300\" height=\"199\" srcset=\"https:\/\/blog.espol.edu.ec\/fvergara\/files\/2015\/06\/Receta-Cupcakes-Arandanos-y-lima-02-300x199.jpg 300w, https:\/\/blog.espol.edu.ec\/fvergara\/files\/2015\/06\/Receta-Cupcakes-Arandanos-y-lima-02.jpg 634w\" sizes=\"auto, (max-width: 300px) 100vw, 300px\" \/><\/a><\/p>\n<p>&nbsp;<\/p>\n<p style=\"text-align: center\"><a href=\"http:\/\/openx.actvtech2.com\/www\/delivery\/ck.php?oaparams=2__bannerid=53__zoneid=65__cb=27acd66244__oadest=https%3A%2F%2Fwww.youtube.com%2Fwatch%3Fv%3DJhlvuzk_VLM\">VIDEO<\/a><\/p>\n","protected":false},"excerpt":{"rendered":"<p>Este\u00a0Cupcake de Arandanos\u00a0es una receta muy especial por la combinaci\u00f3n de sabores que propone. En casa nos gusta mucho esta receta, sobre todo a los mayores. Ingredientes para la base: - 250 gramos de harina de reposter\u00eda - 200 gramos de az\u00facar - 150 gramos de mantequilla - 2 huevos - 150 ml de leche [&hellip;]<\/p>\n","protected":false},"author":9637,"featured_media":0,"parent":0,"menu_order":0,"comment_status":"open","ping_status":"open","template":"","meta":{"footnotes":""},"class_list":["post-56","page","type-page","status-publish","hentry"],"_links":{"self":[{"href":"https:\/\/blog.espol.edu.ec\/fvergara\/wp-json\/wp\/v2\/pages\/56","targetHints":{"allow":["GET"]}}],"collection":[{"href":"https:\/\/blog.espol.edu.ec\/fvergara\/wp-json\/wp\/v2\/pages"}],"about":[{"href":"https:\/\/blog.espol.edu.ec\/fvergara\/wp-json\/wp\/v2\/types\/page"}],"author":[{"embeddable":true,"href":"https:\/\/blog.espol.edu.ec\/fvergara\/wp-json\/wp\/v2\/users\/9637"}],"replies":[{"embeddable":true,"href":"https:\/\/blog.espol.edu.ec\/fvergara\/wp-json\/wp\/v2\/comments?post=56"}],"version-history":[{"count":1,"href":"https:\/\/blog.espol.edu.ec\/fvergara\/wp-json\/wp\/v2\/pages\/56\/revisions"}],"predecessor-version":[{"id":58,"href":"https:\/\/blog.espol.edu.ec\/fvergara\/wp-json\/wp\/v2\/pages\/56\/revisions\/58"}],"wp:attachment":[{"href":"https:\/\/blog.espol.edu.ec\/fvergara\/wp-json\/wp\/v2\/media?parent=56"}],"curies":[{"name":"wp","href":"https:\/\/api.w.org\/{rel}","templated":true}]}}