{"id":60,"date":"2015-06-02T17:13:46","date_gmt":"2015-06-02T17:13:46","guid":{"rendered":"http:\/\/blog.espol.edu.ec\/fvergara\/?page_id=60"},"modified":"2015-06-02T17:13:46","modified_gmt":"2015-06-02T17:13:46","slug":"cupcake-de-vainilla","status":"publish","type":"page","link":"https:\/\/blog.espol.edu.ec\/fvergara\/cupcake-de-vainilla\/","title":{"rendered":"Cupcake de Vainilla"},"content":{"rendered":"<p>Sin duda una de las recetas m\u00e1s populares de\u00a0<strong>Cupcakes<\/strong>, la de los\u00a0<strong>Cupcakes de vainilla<\/strong>, aqu\u00ed se la ense\u00f1amos paso a paso.<\/p>\n<p><strong>Ingredientes para la base:<\/strong><\/p>\n<p>- 165 gramos de harina de reposter\u00eda<br \/>\n- 165 gramos de mantequilla sin sal<br \/>\n- 165 gramos de az\u00facar<br \/>\n- 15 ml de esencia de vainilla<br \/>\n- 50 ml de leche<br \/>\n- 5 gramos de levadura<br \/>\n- 3 huevos medianos<\/p>\n<p><strong>Ingredientes para la buttercream:<\/strong><\/p>\n<p>- 225 gramos de mantequilla sin sal<br \/>\n- 225 gramos de az\u00facar glass<br \/>\n- 50 ml de leche<br \/>\n- 5 gramos de extracto de vainilla<\/p>\n<p><strong>Preparaci\u00f3n:<\/strong><\/p>\n<p>Ponemos el horno a precalentar a 180\u00baC mientras preparamos la receta. En el recipiente que vayamos emplear echamos en primer lugar la mantequilla, que debe estar a temperatura ambiente. Agregamos a continuaci\u00f3n el az\u00facar, mientras ponemos la amasadora a velocidad lenta. Esta primera mezcla nos debe quedar bastante cremosa.<\/p>\n<p>Mientras vamos a echar los huevos en otro bol y a batirlos un poco. Una vez que el paso anterior haya concluido, vertemos los huevos en el recipiente y ponemos de nuevo a amasar unos minutos, hasta conseguir que los huevos se integren completamente en la masa.<\/p>\n<p>Despu\u00e9s vamos a a\u00f1adir tanto la harina como la levadura y la esencia de vainilla, dejar mezclando unos minutos a velocidad lenta-media, y verter finalmente la leche, sin dejar de amasarlo todo hasta que la masa quede perfecta.<\/p>\n<p>Vamos a ir rellenando las c\u00e1psulas de\u00a0<strong>Cupcakes<\/strong>\u00a0que previamente deber\u00edamos haber preparado, llen\u00e1ndolas con la masa obtenida, pero intentando que quede sobre un tercio del volumen libre para cuando el la masa suba con el horneado.<\/p>\n<p>Metemos la bandeja en el horno, y dejamos a 180\u00baC unos 20 minutos. Es interesante que un par de minutos antes del tiempo estimado, que pinch\u00e9is el interior de un\u00a0<strong>Cupcake<\/strong>\u00a0para ver si est\u00e1 bien hecho por dentro. En funci\u00f3n de c\u00f3mo est\u00e9n, se dejan un poco m\u00e1s o bien se sacan ya del horno.<\/p>\n<p>Cuando los saquemos, debemos dejarlos reposar unos 5 minutos, para que se enfr\u00eden y podamos desmoldarlos bien, apart\u00e1ndolos para adornarlos posteriormente.<\/p>\n<p>Hasta aqu\u00ed la elaboraci\u00f3n de nuestras bases de\u00a0<strong>Cupcakes<\/strong>. Vamos ahora a explicar c\u00f3mo preparar una sencilla\u00a0<strong>buttercream<\/strong>\u00a0para adornarlos por encima. Pod\u00e9is ir prepar\u00e1ndola mientras se hornea lo anterior, as\u00ed gan\u00e1is tiempo.<\/p>\n<p>Esta\u00a0<strong>Buttercream<\/strong>\u00a0es muy b\u00e1sica, pero para comenzar es ideal para que practiqu\u00e9is. Con el tiempo os animamos a preparar otras recetas m\u00e1s completas, a\u00f1adiendo ingredientes, sabores y colores para mejorar el aspecto de vuestros\u00a0<strong>Cupcakes<\/strong>, pero ahora vamos con una sencillita.<\/p>\n<p>De nuevo volvemos a nuestra batidora o amasadora de varillas, y en su recipiente vamos a echar el az\u00facar glass, que previamente hemos tamizado. Le a\u00f1adimos la mantequilla, la leche y la esencia de vainilla, y comenzamos a batirlo todo a temperatura lenta, para que vayan los ingredientes formando una pasta homog\u00e9nea.<\/p>\n<p>Cuando veamos que se comienzan a integrar todos, podemos batir durante algunos minutos a velocidad media, hasta que veamos que se forma una masa de aspecto cremoso y sin grumos, lo que nos indica que nuestra\u00a0<strong>Buttercream<\/strong>\u00a0est\u00e1 lista.<\/p>\n<p>Vamos a echar la crema en nuestra manga pastelera, con la boquilla que queramos emplear para adornar nuestras\u00a0<strong>Cupcakes<\/strong>, y comenzamos a cubrirlos con la\u00a0<strong>Buttercream<\/strong>.<\/p>\n<p>Y para finalizar pod\u00e9is emplear cualquier adorno adicional, de los muchos que se pueden encontrar en sitios especializados en reposter\u00eda creativa. Y ya ten\u00e9is vuestras\u00a0<strong>Cupcakes<\/strong>\u00a0listas.<\/p>\n<p>&nbsp;<\/p>\n<p><a href=\"http:\/\/blog.espol.edu.ec\/fvergara\/files\/2015\/06\/big_10-Sunny-Spring-Desserts_featured_article_628x371.jpg\"><img loading=\"lazy\" decoding=\"async\" class=\"aligncenter size-medium wp-image-61\" src=\"http:\/\/blog.espol.edu.ec\/fvergara\/files\/2015\/06\/big_10-Sunny-Spring-Desserts_featured_article_628x371-300x177.jpg\" alt=\"big_10-Sunny-Spring-Desserts_featured_article_628x371\" width=\"300\" height=\"177\" srcset=\"https:\/\/blog.espol.edu.ec\/fvergara\/files\/2015\/06\/big_10-Sunny-Spring-Desserts_featured_article_628x371-300x177.jpg 300w, https:\/\/blog.espol.edu.ec\/fvergara\/files\/2015\/06\/big_10-Sunny-Spring-Desserts_featured_article_628x371.jpg 580w\" sizes=\"auto, (max-width: 300px) 100vw, 300px\" \/><\/a><\/p>\n<p>&nbsp;<\/p>\n<p style=\"text-align: center\"><a href=\"http:\/\/openx.actvtech2.com\/www\/delivery\/ck.php?oaparams=2__bannerid=53__zoneid=65__cb=3f11b7bff5__oadest=https%3A%2F%2Fwww.youtube.com%2Fwatch%3Fv%3DJhlvuzk_VLM\">VIDEO<\/a><\/p>\n","protected":false},"excerpt":{"rendered":"<p>Sin duda una de las recetas m\u00e1s populares de\u00a0Cupcakes, la de los\u00a0Cupcakes de vainilla, aqu\u00ed se la ense\u00f1amos paso a paso. Ingredientes para la base: - 165 gramos de harina de reposter\u00eda - 165 gramos de mantequilla sin sal - 165 gramos de az\u00facar - 15 ml de esencia de vainilla - 50 ml de [&hellip;]<\/p>\n","protected":false},"author":9637,"featured_media":0,"parent":0,"menu_order":0,"comment_status":"open","ping_status":"open","template":"","meta":{"footnotes":""},"class_list":["post-60","page","type-page","status-publish","hentry"],"_links":{"self":[{"href":"https:\/\/blog.espol.edu.ec\/fvergara\/wp-json\/wp\/v2\/pages\/60","targetHints":{"allow":["GET"]}}],"collection":[{"href":"https:\/\/blog.espol.edu.ec\/fvergara\/wp-json\/wp\/v2\/pages"}],"about":[{"href":"https:\/\/blog.espol.edu.ec\/fvergara\/wp-json\/wp\/v2\/types\/page"}],"author":[{"embeddable":true,"href":"https:\/\/blog.espol.edu.ec\/fvergara\/wp-json\/wp\/v2\/users\/9637"}],"replies":[{"embeddable":true,"href":"https:\/\/blog.espol.edu.ec\/fvergara\/wp-json\/wp\/v2\/comments?post=60"}],"version-history":[{"count":1,"href":"https:\/\/blog.espol.edu.ec\/fvergara\/wp-json\/wp\/v2\/pages\/60\/revisions"}],"predecessor-version":[{"id":62,"href":"https:\/\/blog.espol.edu.ec\/fvergara\/wp-json\/wp\/v2\/pages\/60\/revisions\/62"}],"wp:attachment":[{"href":"https:\/\/blog.espol.edu.ec\/fvergara\/wp-json\/wp\/v2\/media?parent=60"}],"curies":[{"name":"wp","href":"https:\/\/api.w.org\/{rel}","templated":true}]}}