{"id":77,"date":"2012-11-06T05:04:19","date_gmt":"2012-11-06T05:04:19","guid":{"rendered":"http:\/\/blog.espol.edu.ec\/gabgesua\/?page_id=77"},"modified":"2012-11-06T05:19:32","modified_gmt":"2012-11-06T05:19:32","slug":"introduccion","status":"publish","type":"page","link":"https:\/\/blog.espol.edu.ec\/gabgesua\/introduccion\/","title":{"rendered":"INTRODUCCION"},"content":{"rendered":"<p style=\"text-align: center\"><strong>\u00bfQUE ES REALMENTE LA DROGA?<\/strong><\/p>\n<div style=\"text-align: justify\">El concepto de droga es definido por la OMS como \u201csustancia que, introducida en el organismo por cualquier v\u00eda de administraci\u00f3n, produce una alteraci\u00f3n, de alg\u00fan modo, del natural funcionamiento del sistema nervioso central del individuo y es, adem\u00e1s, susceptible de crear dependencia, ya sea psicol\u00f3gica, f\u00edsica o ambas\u201d.<\/div>\n<p style=\"text-align: justify\">Engloba, no s\u00f3lo las sustancias que popularmente son consideradas como drogas por su condici\u00f3n de ilegales, sino tambi\u00e9n diversos psicof\u00e1rmacos y sustancias de consumo legal como el tabaco, el alcohol o las bebidas que contienen xantinas como el caf\u00e9; adem\u00e1s de sustancias de uso dom\u00e9stico o laboral como las colas, los pegamentos y los disolventes vol\u00e1tiles. Del mismo modo hay miles de drogas (f\u00e1rmacos) que ayudan a la gente, por ejemplo los antibi\u00f3ticos y las vacunas, que han revolucionado el tratamiento de las infecciones.<\/p>\n<p style=\"text-align: center\"><strong><strong><\/strong><\/strong><span style=\"color: #993300\"><a href=\"http:\/\/1.bp.blogspot.com\/_nTvQst9atGk\/TSpPu9ddR2I\/AAAAAAAAEEI\/XG5E9yMESrA\/s1600\/drogas.jpg\"><span style=\"color: #993300\"><img loading=\"lazy\" decoding=\"async\" style=\"border: 5px solid black\" src=\"http:\/\/1.bp.blogspot.com\/_nTvQst9atGk\/TSpPu9ddR2I\/AAAAAAAAEEI\/XG5E9yMESrA\/s320\/drogas.jpg\" alt=\"\" width=\"320\" height=\"225\" border=\"0\" \/><\/span><\/a><\/span><\/p>\n<div class=\"MsoNormal\" style=\"margin-bottom: 12pt;text-align: center\" align=\"center\"><span class=\"apple-style-span\"><strong><span style=\"font-family: 'Comic Sans MS'\"><span class=\"Apple-style-span\" style=\"font-family: 'Times New Roman';font-weight: normal\"><strong><span style=\"background-color: yellow;font-family: 'Comic Sans MS'\"><br \/>\n<\/span><\/strong><\/span><\/span><\/strong><\/span><\/div>\n<p>&nbsp;<\/p>\n","protected":false},"excerpt":{"rendered":"<p>\u00bfQUE ES REALMENTE LA DROGA? El concepto de droga es definido por la OMS como \u201csustancia que, introducida en el organismo por cualquier v\u00eda de administraci\u00f3n, produce una alteraci\u00f3n, de alg\u00fan modo, del natural funcionamiento del sistema nervioso central del individuo y es, adem\u00e1s, susceptible de crear dependencia, ya sea psicol\u00f3gica, f\u00edsica o ambas\u201d. Engloba, [&hellip;]<\/p>\n","protected":false},"author":8186,"featured_media":0,"parent":0,"menu_order":0,"comment_status":"open","ping_status":"open","template":"","meta":{"footnotes":""},"class_list":["post-77","page","type-page","status-publish","hentry"],"_links":{"self":[{"href":"https:\/\/blog.espol.edu.ec\/gabgesua\/wp-json\/wp\/v2\/pages\/77","targetHints":{"allow":["GET"]}}],"collection":[{"href":"https:\/\/blog.espol.edu.ec\/gabgesua\/wp-json\/wp\/v2\/pages"}],"about":[{"href":"https:\/\/blog.espol.edu.ec\/gabgesua\/wp-json\/wp\/v2\/types\/page"}],"author":[{"embeddable":true,"href":"https:\/\/blog.espol.edu.ec\/gabgesua\/wp-json\/wp\/v2\/users\/8186"}],"replies":[{"embeddable":true,"href":"https:\/\/blog.espol.edu.ec\/gabgesua\/wp-json\/wp\/v2\/comments?post=77"}],"version-history":[{"count":5,"href":"https:\/\/blog.espol.edu.ec\/gabgesua\/wp-json\/wp\/v2\/pages\/77\/revisions"}],"predecessor-version":[{"id":85,"href":"https:\/\/blog.espol.edu.ec\/gabgesua\/wp-json\/wp\/v2\/pages\/77\/revisions\/85"}],"wp:attachment":[{"href":"https:\/\/blog.espol.edu.ec\/gabgesua\/wp-json\/wp\/v2\/media?parent=77"}],"curies":[{"name":"wp","href":"https:\/\/api.w.org\/{rel}","templated":true}]}}