{"id":92,"date":"2012-11-06T05:30:06","date_gmt":"2012-11-06T05:30:06","guid":{"rendered":"http:\/\/blog.espol.edu.ec\/gabgesua\/?page_id=92"},"modified":"2012-11-06T05:30:06","modified_gmt":"2012-11-06T05:30:06","slug":"como-actua-la-droga","status":"publish","type":"page","link":"https:\/\/blog.espol.edu.ec\/gabgesua\/como-actua-la-droga\/","title":{"rendered":"\u00bfCOMO ACTUA LA DROGA?"},"content":{"rendered":"<p style=\"text-align: justify\"><strong>Cuando entran en tu organismo, las drogas encuentran su camino en el torrente sangu\u00edneo y desde all\u00ed son transportadas a otras partes de tu cuerpo, como el cerebro. En el cerebro, las drogas pueden intensificar o entorpecer tus sentidos, alterar tu sentido de alerta y a veces disminuir el dolor f\u00edsico. Una droga puede ser beneficiosa o nociva.<\/strong><\/p>\n<p><img decoding=\"async\" class=\"aligncenter\" src=\"http:\/\/3.bp.blogspot.com\/_nTvQst9atGk\/TSpR5J5x2OI\/AAAAAAAAEEU\/XKG9U4gp4RI\/s320\/Las_Drogas.jpg\" alt=\"http:\/\/3.bp.blogspot.com\/_nTvQst9atGk\/TSpR5J5x2OI\/AAAAAAAAEEU\/XKG9U4gp4RI\/s320\/Las_Drogas.jpg\" \/><\/p>\n<p style=\"text-align: justify\"><strong>Los efectos de las drogas pueden variar seg\u00fan la clase de droga administrada, la cantidad que se toma, con cu\u00e1nta frecuencia se utiliza, con cu\u00e1nta rapidez llega al cerebro y qu\u00e9 otras drogas, alimentos o sustancias se toman a la vez.<\/strong><\/p>\n<div style=\"text-align: justify\"><strong>Los\u00a0principales efectos\u00a0de las drogas ser\u00edan:<\/strong><\/div>\n<div style=\"text-align: justify\"><strong>\u00b7\u00a0\u00a0 Influencia visible en el cerebro.<\/strong><\/div>\n<div style=\"text-align: justify\"><strong>\u00b7\u00a0\u00a0 Generaci\u00f3n de procesos como tolerancia o dependencia.<\/strong><\/div>\n<div style=\"text-align: justify\"><strong>\u00b7\u00a0\u00a0 Provocaci\u00f3n de diferentes trastornos: f\u00edsicos, psicol\u00f3gicos \u00a0<\/strong><\/div>\n<div style=\"text-align: justify\"><strong>\u00a0y sociales.\u00a0<\/strong><\/div>\n<div style=\"text-align: justify\">\u00a0<strong>La\u00a0sobredosis\u00a0es la intoxicaci\u00f3n aguda grave que aparece cuando se supera el l\u00edmite de toxicidad en el organismo. Va en funci\u00f3n de la dosis de droga tomada, su composici\u00f3n (si es m\u00e1s o menos pura), si est\u00e1 adulterada y las variables corporales individuales como el peso, metabolismo y tolerancia.<\/strong><\/div>\n","protected":false},"excerpt":{"rendered":"<p>Cuando entran en tu organismo, las drogas encuentran su camino en el torrente sangu\u00edneo y desde all\u00ed son transportadas a otras partes de tu cuerpo, como el cerebro. En el cerebro, las drogas pueden intensificar o entorpecer tus sentidos, alterar tu sentido de alerta y a veces disminuir el dolor f\u00edsico. Una droga puede ser [&hellip;]<\/p>\n","protected":false},"author":8186,"featured_media":0,"parent":0,"menu_order":0,"comment_status":"open","ping_status":"open","template":"","meta":{"footnotes":""},"class_list":["post-92","page","type-page","status-publish","hentry"],"_links":{"self":[{"href":"https:\/\/blog.espol.edu.ec\/gabgesua\/wp-json\/wp\/v2\/pages\/92","targetHints":{"allow":["GET"]}}],"collection":[{"href":"https:\/\/blog.espol.edu.ec\/gabgesua\/wp-json\/wp\/v2\/pages"}],"about":[{"href":"https:\/\/blog.espol.edu.ec\/gabgesua\/wp-json\/wp\/v2\/types\/page"}],"author":[{"embeddable":true,"href":"https:\/\/blog.espol.edu.ec\/gabgesua\/wp-json\/wp\/v2\/users\/8186"}],"replies":[{"embeddable":true,"href":"https:\/\/blog.espol.edu.ec\/gabgesua\/wp-json\/wp\/v2\/comments?post=92"}],"version-history":[{"count":1,"href":"https:\/\/blog.espol.edu.ec\/gabgesua\/wp-json\/wp\/v2\/pages\/92\/revisions"}],"predecessor-version":[{"id":93,"href":"https:\/\/blog.espol.edu.ec\/gabgesua\/wp-json\/wp\/v2\/pages\/92\/revisions\/93"}],"wp:attachment":[{"href":"https:\/\/blog.espol.edu.ec\/gabgesua\/wp-json\/wp\/v2\/media?parent=92"}],"curies":[{"name":"wp","href":"https:\/\/api.w.org\/{rel}","templated":true}]}}