{"id":29,"date":"2009-08-07T17:24:39","date_gmt":"2009-08-07T21:24:39","guid":{"rendered":"http:\/\/blog.espol.edu.ec\/gabrielanenita\/?page_id=29"},"modified":"2009-08-09T22:10:38","modified_gmt":"2009-08-10T02:10:38","slug":"acerca-de-mi","status":"publish","type":"page","link":"https:\/\/blog.espol.edu.ec\/gabrielanenita\/acerca-de-mi\/","title":{"rendered":"**ACERCA DE MI**"},"content":{"rendered":"<h4 class=\"mceTemp mceIEcenter\" style=\"text-align: justify\"><span>Hola mi nombre es Gabriela tengo\u00a018 a\u00f1os,\u00a0nac\u00ec el 3 de agosto de 1991 soy signo leo,\u00a0 actualmente\u00a0\u00a0estoy en el primer semestre en la carrera de Ingenier\u00eda en Auditor\u00eda y Contadur\u00eda P\u00fablica Autorizada\u00a0\u00a0en la Escuela Superior Polit\u00e9ctina del Litoral ESPOL. \u00a0En la primaria estudi\u00e9 en la Escuela Fiscal Mixta \"Rep\u00fablica de Chile\" y la secundaria en el Colegio Fiscal T\u00e9cnico Experimental de Comercio y Administraci\u00f3n \"Veintiocho de Mayo\", me gradu\u00e9 como Contador Bachiller en Ciencias Contables.<\/span><\/h4>\n<h4 style=\"text-align: justify\"><a href=\"http:\/\/blog.espol.edu.ec\/gabrielanenita\/files\/2009\/08\/chiquita1.jpg\"><img loading=\"lazy\" decoding=\"async\" class=\"size-medium wp-image-74 alignright\" src=\"http:\/\/blog.espol.edu.ec\/gabrielanenita\/files\/2009\/08\/chiquita1-200x300.jpg\" alt=\"yop\" width=\"144\" height=\"209\" \/><\/a><span>\u00a0<\/span><\/h4>\n<h4 style=\"text-align: justify\"><span>Mis amigas son las mejores personas y las quiero un mundo, F\u00e1tima, Maydee, Lushy y Steffy.<\/span><\/h4>\n<p>\u00a0<\/p>\n<h4 style=\"text-align: justify\"><a href=\"http:\/\/blog.espol.edu.ec\/gabrielanenita\/files\/2009\/08\/amigas.jpg\"><img loading=\"lazy\" decoding=\"async\" class=\"size-medium wp-image-76 alignleft\" src=\"http:\/\/blog.espol.edu.ec\/gabrielanenita\/files\/2009\/08\/amigas-300x225.jpg\" alt=\"Mis amigas\" width=\"234\" height=\"186\" \/><\/a>\u00a0<span><span>Gracias a Dios tengo una hermosa familia a la cual quiero much\u00edsimo, mis padres son excelentes personas que me apoyan y estan conmigo siempre, as\u00ed mismo Dios es el elemento principal de mi vida ya que el me gu\u00eda y me conduce por\u00a0el buen camino. <\/span><\/span><\/h4>\n<p><a href=\"http:\/\/blog.espol.edu.ec\/gabrielanenita\/files\/2009\/08\/famila2.jpg\"><img loading=\"lazy\" decoding=\"async\" class=\"size-medium wp-image-87 alignright\" src=\"http:\/\/blog.espol.edu.ec\/gabrielanenita\/files\/2009\/08\/famila2-300x208.jpg\" alt=\"Mi Familia\" width=\"300\" height=\"208\" srcset=\"https:\/\/blog.espol.edu.ec\/gabrielanenita\/files\/2009\/08\/famila2-300x208.jpg 300w, https:\/\/blog.espol.edu.ec\/gabrielanenita\/files\/2009\/08\/famila2.jpg 408w\" sizes=\"auto, (max-width: 300px) 100vw, 300px\" \/><\/a><\/p>\n<p>\u00a0<\/p>\n<p>\u00a0<\/p>\n<p>\u00a0<\/p>\n<p>\u00a0<\/p>\n<h4 style=\"text-align: justify\"><span>Me considero una persona muy alegre\u00a0\u00a0con una actitud positiva capaz de enfrentar los problemas que se presentan en la vida, me gusta escuchar m\u00fasica, ver programas de televisi\u00f3n, jugar con mis mascotas, en fin una serie de cosas que me hagan sentir bien. <\/span><span>Mi meta es llegar a ser una excelente profesional con la ayuda de Dios, mi familia y principalmente mis esfuerzos.<\/span><\/h4>\n<h4><a href=\"http:\/\/blog.espol.edu.ec\/gabrielanenita\/files\/2009\/08\/dios1.jpg\"><img loading=\"lazy\" decoding=\"async\" class=\"size-full wp-image-88 alignleft\" src=\"http:\/\/blog.espol.edu.ec\/gabrielanenita\/files\/2009\/08\/dios1.jpg\" alt=\"Dios\" width=\"121\" height=\"136\" \/><\/a><\/h4>\n<h4 style=\"text-align: justify\">\u00a0<\/h4>\n<h4 style=\"text-align: justify\"><span><span><span>Este proyecto del Blog lo he realizado con mucho cari\u00f1o\u00a0y el tema que eleg\u00ed es muy importante, ya que influye en\u00a0el futuro de nuestro planeta y el nuestro, tambi\u00e9n hay otros temas interesantes\u00a0espero\u00a0que les agrade.\u00a0Gracias por visitar mi blog.<\/span><\/span><\/span><\/h4>\n<h4 style=\"text-align: justify\">\u00a0<\/h4>\n","protected":false},"excerpt":{"rendered":"<p>Hola mi nombre es Gabriela tengo\u00a018 a\u00f1os,\u00a0nac\u00ec el 3 de agosto de 1991 soy signo leo,\u00a0 actualmente\u00a0\u00a0estoy en el primer semestre en la carrera de Ingenier\u00eda en Auditor\u00eda y Contadur\u00eda P\u00fablica Autorizada\u00a0\u00a0en la Escuela Superior Polit\u00e9ctina del Litoral ESPOL. \u00a0En la primaria estudi\u00e9 en la Escuela Fiscal Mixta \"Rep\u00fablica de Chile\" y la secundaria en [&hellip;]<\/p>\n","protected":false},"author":1846,"featured_media":0,"parent":0,"menu_order":0,"comment_status":"open","ping_status":"open","template":"","meta":{"footnotes":""},"class_list":["post-29","page","type-page","status-publish","hentry"],"_links":{"self":[{"href":"https:\/\/blog.espol.edu.ec\/gabrielanenita\/wp-json\/wp\/v2\/pages\/29","targetHints":{"allow":["GET"]}}],"collection":[{"href":"https:\/\/blog.espol.edu.ec\/gabrielanenita\/wp-json\/wp\/v2\/pages"}],"about":[{"href":"https:\/\/blog.espol.edu.ec\/gabrielanenita\/wp-json\/wp\/v2\/types\/page"}],"author":[{"embeddable":true,"href":"https:\/\/blog.espol.edu.ec\/gabrielanenita\/wp-json\/wp\/v2\/users\/1846"}],"replies":[{"embeddable":true,"href":"https:\/\/blog.espol.edu.ec\/gabrielanenita\/wp-json\/wp\/v2\/comments?post=29"}],"version-history":[{"count":59,"href":"https:\/\/blog.espol.edu.ec\/gabrielanenita\/wp-json\/wp\/v2\/pages\/29\/revisions"}],"predecessor-version":[{"id":239,"href":"https:\/\/blog.espol.edu.ec\/gabrielanenita\/wp-json\/wp\/v2\/pages\/29\/revisions\/239"}],"wp:attachment":[{"href":"https:\/\/blog.espol.edu.ec\/gabrielanenita\/wp-json\/wp\/v2\/media?parent=29"}],"curies":[{"name":"wp","href":"https:\/\/api.w.org\/{rel}","templated":true}]}}