{"id":9,"date":"2010-10-14T19:38:00","date_gmt":"2010-10-14T19:38:00","guid":{"rendered":"http:\/\/blog.espol.edu.ec\/gabrielariera\/?page_id=9"},"modified":"2010-10-31T01:22:05","modified_gmt":"2010-10-31T01:22:05","slug":"mi-primera-pagina","status":"publish","type":"page","link":"https:\/\/blog.espol.edu.ec\/gabrielariera\/mi-primera-pagina\/","title":{"rendered":"Es lo que pienso"},"content":{"rendered":"<p style=\"text-align: left\"><a href=\"http:\/\/blog.espol.edu.ec\/gabrielariera\/files\/2010\/10\/Lighthouse.jpg\"><img loading=\"lazy\" decoding=\"async\" class=\"aligncenter size-medium wp-image-71\" title=\"Lighthouse\" src=\"http:\/\/blog.espol.edu.ec\/gabrielariera\/files\/2010\/10\/Lighthouse-300x225.jpg\" alt=\"\" width=\"300\" height=\"225\" srcset=\"https:\/\/blog.espol.edu.ec\/gabrielariera\/files\/2010\/10\/Lighthouse-300x225.jpg 300w, https:\/\/blog.espol.edu.ec\/gabrielariera\/files\/2010\/10\/Lighthouse.jpg 1024w\" sizes=\"auto, (max-width: 300px) 100vw, 300px\" \/><\/a><\/p>\n<p style=\"text-align: left\">\n<p style=\"text-align: left\">\n<p style=\"text-align: left\">\n<p style=\"text-align: left\">\n<p style=\"text-align: left\">\n<p style=\"text-align: left\">\n<p style=\"text-align: left\">\n<p>A lo largo de nuestras vidas nos damos cuenta que los tiempos cambian, hace mucho tiempo\u00a0atr\u00e1s\u00a0las personas al menos de nuestro\u00a0pa\u00eds, eran unidas, humildes, movidas por una sola causa que era el bienestar de un conjunto llamado\u00a0naci\u00f3n.<br \/>\nEl tiempo ha pasado, los a\u00f1os han\u00a0transcurrido\u00a0y todos los buenos deseos que nuestra\u00a0naci\u00f3n\u00a0tuvo, se volvieron polvo , por muchas razones, no podria decir que sin los malos gobiernos, a mi manera de ver las cosas la culpa no es de los malos gobiernos ni de la inflaci\u00f3n, mucho peor de la globalizaci\u00f3n y tecnolog\u00eda, es mas a mi manera de ver las cosas los verdaderos culpables de todo lo que esta pasando actualmente en nuestro pais somos nosotros mismos.<br \/>\nNormalmente nos escudamos diciendo que es la tecnologia y los factores sociales que estan influyendo en la vida de los seres humanos, pero no nos damos cuenta que las cosas verdaderamente importantes en la vida de un ser humano poco a poco las estamos perdiendo por la unica razon de que los tiempos pasan, en fin en donde quedo el respeto, la responsabilidad, el amor de familia y principalmente la moral de las personas. En tiempos pasados nunca se ve\u00eda que un padre abuse de sus hijos o de que un hijo le quite la vida a su padre, definitivamente yo ya no se en que mundo vivimos, porque cuando Dios creo al mundo lo hizo para que todos los seres que habiten en el lo hagan en paz y siempre unidos, pero la realidad que palpamos ahora es muy diferente a lo que deber\u00eda ser.<br \/>\nActualmente vivimos en un mundo donde d\u00eda a d\u00eda se respira violencia, irrespeto, inmoralidad y muchos fen\u00f3menos que ahora est\u00e1n saliendo a la luz, es por eso que yo llamo a todos los que lleguen a leer este escrito, que poco a poco aunque sea con un grano de arena (una buena acci\u00f3n), tratemos de cambiar este mundo que todav\u00eda tiene la esperanza de volver a lo que era antes, un mundo lleno de amor, paz y tranquilidad.<\/p>\n","protected":false},"excerpt":{"rendered":"<p>A lo largo de nuestras vidas nos damos cuenta que los tiempos cambian, hace mucho tiempo\u00a0atr\u00e1s\u00a0las personas al menos de nuestro\u00a0pa\u00eds, eran unidas, humildes, movidas por una sola causa que era el bienestar de un conjunto llamado\u00a0naci\u00f3n. El tiempo ha pasado, los a\u00f1os han\u00a0transcurrido\u00a0y todos los buenos deseos que nuestra\u00a0naci\u00f3n\u00a0tuvo, se volvieron polvo , por [&hellip;]<\/p>\n","protected":false},"author":5238,"featured_media":0,"parent":0,"menu_order":0,"comment_status":"open","ping_status":"open","template":"","meta":{"footnotes":""},"class_list":["post-9","page","type-page","status-publish","hentry"],"_links":{"self":[{"href":"https:\/\/blog.espol.edu.ec\/gabrielariera\/wp-json\/wp\/v2\/pages\/9","targetHints":{"allow":["GET"]}}],"collection":[{"href":"https:\/\/blog.espol.edu.ec\/gabrielariera\/wp-json\/wp\/v2\/pages"}],"about":[{"href":"https:\/\/blog.espol.edu.ec\/gabrielariera\/wp-json\/wp\/v2\/types\/page"}],"author":[{"embeddable":true,"href":"https:\/\/blog.espol.edu.ec\/gabrielariera\/wp-json\/wp\/v2\/users\/5238"}],"replies":[{"embeddable":true,"href":"https:\/\/blog.espol.edu.ec\/gabrielariera\/wp-json\/wp\/v2\/comments?post=9"}],"version-history":[{"count":9,"href":"https:\/\/blog.espol.edu.ec\/gabrielariera\/wp-json\/wp\/v2\/pages\/9\/revisions"}],"predecessor-version":[{"id":57,"href":"https:\/\/blog.espol.edu.ec\/gabrielariera\/wp-json\/wp\/v2\/pages\/9\/revisions\/57"}],"wp:attachment":[{"href":"https:\/\/blog.espol.edu.ec\/gabrielariera\/wp-json\/wp\/v2\/media?parent=9"}],"curies":[{"name":"wp","href":"https:\/\/api.w.org\/{rel}","templated":true}]}}