{"id":27,"date":"2016-05-30T23:46:47","date_gmt":"2016-05-30T23:46:47","guid":{"rendered":"http:\/\/blog.espol.edu.ec\/gadel\/?page_id=27"},"modified":"2016-06-01T16:55:50","modified_gmt":"2016-06-01T16:55:50","slug":"warcraft-movie","status":"publish","type":"page","link":"https:\/\/blog.espol.edu.ec\/gadel\/warcraft-movie\/","title":{"rendered":"Warcraft Movie"},"content":{"rendered":"<p>El famoso juego de video The World of Warcfrat estrenar\u00e1 su pel\u00edcula Warcfraft: El Origen. El 10 de junio del 2016 los amantes de los videojuegos podr\u00e1n disfrutar de este estreno. La pel\u00edcula gira en torno a un mundo de fantas\u00eda en el cual interact\u00faan humanos, orcos, enanos, entre otros. Todos ellos tendr\u00e1n que librar varias batallas. Seg\u00fan Sensacine \u201cUna gran batalla se est\u00e1 forjando entre las entra\u00f1as de los bosques y alcanzar\u00e1 a todo habitante, enfrent\u00e1ndolos en una guerra sin precedentes\u201d.<\/p>\n<p>La pel\u00edcula contar\u00e1 con los actores Ben Foster, Travis Fimmel, Paula Patton, Toby Kebbell, Robert Kazinsky, Dominic Cooper, Ben Schnetzer, Ruth Negga, Daniel Wu, Clancy Brown.<\/p>\n<p>World of Warcfarft es un videojuego de Blizzard Entertaiment ambientado en la \u00e1poca medieval, adem\u00e1s se basa en leyendas de diversas culturas y fantas\u00eda. Como dato adicional sobre el \u00e9xito, Blizzard Entertainment anunci\u00f3 que en los primeros d\u00edas de enero de 2007 que exist\u00edan m\u00e1s de 8 millones de jugadores registrados (pagando suscripci\u00f3n) en todo el mundo.<\/p>\n<p>Aqui les dejamos los tr\u00e1ilers y datos curiosos.<\/p>\n<p>https:\/\/www.youtube.com\/watch?v=7_GYWtCak7U<\/p>\n<p><iframe loading=\"lazy\" title=\"WARCRAFT: LA PEL\u00cdCULA - Los 9 Personajes que debes conocer antes de verla (El Origen)\" width=\"610\" height=\"343\" src=\"https:\/\/www.youtube.com\/embed\/6ofBqnITCYc?feature=oembed\" frameborder=\"0\" allow=\"accelerometer; autoplay; clipboard-write; encrypted-media; gyroscope; picture-in-picture; web-share\" referrerpolicy=\"strict-origin-when-cross-origin\" allowfullscreen><\/iframe><\/p>\n<p>&nbsp;<\/p>\n","protected":false},"excerpt":{"rendered":"<p>El famoso juego de video The World of Warcfrat estrenar\u00e1 su pel\u00edcula Warcfraft: El Origen. El 10 de junio del 2016 los amantes de los videojuegos podr\u00e1n disfrutar de este estreno. La pel\u00edcula gira en torno a un mundo de fantas\u00eda en el cual interact\u00faan humanos, orcos, enanos, entre otros. Todos ellos tendr\u00e1n que librar [&hellip;]<\/p>\n","protected":false},"author":10305,"featured_media":0,"parent":0,"menu_order":0,"comment_status":"closed","ping_status":"closed","template":"","meta":{"footnotes":""},"class_list":["post-27","page","type-page","status-publish","hentry"],"_links":{"self":[{"href":"https:\/\/blog.espol.edu.ec\/gadel\/wp-json\/wp\/v2\/pages\/27","targetHints":{"allow":["GET"]}}],"collection":[{"href":"https:\/\/blog.espol.edu.ec\/gadel\/wp-json\/wp\/v2\/pages"}],"about":[{"href":"https:\/\/blog.espol.edu.ec\/gadel\/wp-json\/wp\/v2\/types\/page"}],"author":[{"embeddable":true,"href":"https:\/\/blog.espol.edu.ec\/gadel\/wp-json\/wp\/v2\/users\/10305"}],"replies":[{"embeddable":true,"href":"https:\/\/blog.espol.edu.ec\/gadel\/wp-json\/wp\/v2\/comments?post=27"}],"version-history":[{"count":1,"href":"https:\/\/blog.espol.edu.ec\/gadel\/wp-json\/wp\/v2\/pages\/27\/revisions"}],"predecessor-version":[{"id":28,"href":"https:\/\/blog.espol.edu.ec\/gadel\/wp-json\/wp\/v2\/pages\/27\/revisions\/28"}],"wp:attachment":[{"href":"https:\/\/blog.espol.edu.ec\/gadel\/wp-json\/wp\/v2\/media?parent=27"}],"curies":[{"name":"wp","href":"https:\/\/api.w.org\/{rel}","templated":true}]}}