{"id":122,"date":"2015-06-02T04:01:15","date_gmt":"2015-06-02T04:01:15","guid":{"rendered":"http:\/\/blog.espol.edu.ec\/gagalarz\/?page_id=122"},"modified":"2015-06-02T18:42:51","modified_gmt":"2015-06-02T18:42:51","slug":"conozcanme","status":"publish","type":"page","link":"https:\/\/blog.espol.edu.ec\/gagalarz\/conozcanme\/","title":{"rendered":"#Con\u00f3zcanme"},"content":{"rendered":"<p>Hola, me llamo Geovanny Alberto Galarza Benavides, tengo 18 a\u00f1os de edad actualmente, soy machale\u00f1o pero resido en Guayaquil por motivos de estudio, \u00a0llevo ya un a\u00f1o viviendo en esta linda ciudad, realizo mis estudios universitarios en la ESCUELA SUPERIOR POLIT\u00c9CNICA DEL LITORAL, mi carrera es INGENIER\u00cdA NAVAL, me gustan mucho los deportes, pero por falta de tiempo me he vuelto un poco sedentario jaja..<\/p>\n<p>Cree este blog, porque me gusta la idea de contribuir a la que las personas aprendan un poco mas sobre la ciencia, la naturaleza, los avances tecnol\u00f3gicos y temas afines a \u00e9stos, pues hoy en d\u00eda vivimos en un mundo tan globalizado que no podemos dejar de estar informados ni un solo momento  sobre lo que acontece a nuestro alrededor.<\/p>\n<p>Cualquier sugerencia o comentario pueden escribirme, les dejo mi correo y mi tel\u00e9fono celular, ser\u00e1 un placer atenderlos, gracias a todos por sus visitas.<\/p>\n<p>mail: geovanny99_@hotmail.com<\/p>\n<p>ws: 0998559524<\/p>\n<p><a href=\"http:\/\/blog.espol.edu.ec\/gagalarz\/files\/2015\/06\/yo.jpg\"><img loading=\"lazy\" decoding=\"async\" class=\"aligncenter size-medium wp-image-123\" src=\"http:\/\/blog.espol.edu.ec\/gagalarz\/files\/2015\/06\/yo-225x300.jpg\" alt=\"GALARZA BENAVIDES\" width=\"225\" height=\"300\" srcset=\"https:\/\/blog.espol.edu.ec\/gagalarz\/files\/2015\/06\/yo-225x300.jpg 225w, https:\/\/blog.espol.edu.ec\/gagalarz\/files\/2015\/06\/yo.jpg 720w\" sizes=\"auto, (max-width: 225px) 100vw, 225px\" \/><\/a><\/p>\n<p>&nbsp;<\/p>\n","protected":false},"excerpt":{"rendered":"<p>Hola, me llamo Geovanny Alberto Galarza Benavides, tengo 18 a\u00f1os de edad actualmente, soy machale\u00f1o pero resido en Guayaquil por motivos de estudio, \u00a0llevo ya un a\u00f1o viviendo en esta linda ciudad, realizo mis estudios universitarios en la ESCUELA SUPERIOR POLIT\u00c9CNICA DEL LITORAL, mi carrera es INGENIER\u00cdA NAVAL, me gustan mucho los deportes, pero por &hellip; <\/p>\n<p><a class=\"more-link btn\" href=\"https:\/\/blog.espol.edu.ec\/gagalarz\/conozcanme\/\">Seguir leyendo<\/a><\/p>\n","protected":false},"author":9661,"featured_media":0,"parent":0,"menu_order":0,"comment_status":"open","ping_status":"open","template":"","meta":{"footnotes":""},"class_list":["post-122","page","type-page","status-publish","hentry","nodate","item-wrap"],"_links":{"self":[{"href":"https:\/\/blog.espol.edu.ec\/gagalarz\/wp-json\/wp\/v2\/pages\/122","targetHints":{"allow":["GET"]}}],"collection":[{"href":"https:\/\/blog.espol.edu.ec\/gagalarz\/wp-json\/wp\/v2\/pages"}],"about":[{"href":"https:\/\/blog.espol.edu.ec\/gagalarz\/wp-json\/wp\/v2\/types\/page"}],"author":[{"embeddable":true,"href":"https:\/\/blog.espol.edu.ec\/gagalarz\/wp-json\/wp\/v2\/users\/9661"}],"replies":[{"embeddable":true,"href":"https:\/\/blog.espol.edu.ec\/gagalarz\/wp-json\/wp\/v2\/comments?post=122"}],"version-history":[{"count":3,"href":"https:\/\/blog.espol.edu.ec\/gagalarz\/wp-json\/wp\/v2\/pages\/122\/revisions"}],"predecessor-version":[{"id":131,"href":"https:\/\/blog.espol.edu.ec\/gagalarz\/wp-json\/wp\/v2\/pages\/122\/revisions\/131"}],"wp:attachment":[{"href":"https:\/\/blog.espol.edu.ec\/gagalarz\/wp-json\/wp\/v2\/media?parent=122"}],"curies":[{"name":"wp","href":"https:\/\/api.w.org\/{rel}","templated":true}]}}