{"id":79,"date":"2009-06-15T02:09:52","date_gmt":"2009-06-15T06:09:52","guid":{"rendered":"http:\/\/blog.espol.edu.ec\/gagomez\/?page_id=79"},"modified":"2009-08-19T02:55:22","modified_gmt":"2009-08-19T06:55:22","slug":"proyecto-maquetas-didacticas","status":"publish","type":"page","link":"https:\/\/blog.espol.edu.ec\/gagomez\/proyecto-maquetas-didacticas\/","title":{"rendered":"Proyecto"},"content":{"rendered":"<p>Bueno en esta pagina, van a encontrar informacion y avances de el proyecto que estamos realizandon mi compa\u00f1ero Gregorio Vera y yo (Guillermo G\u00f3mez).<\/p>\n<p><!--[if gte mso 9]&gt;  Normal 0   21   false false false  ES-EC X-NONE X-NONE              MicrosoftInternetExplorer4              &lt;![endif]--><!--[if gte mso 9]&gt;                                                                                                                                            &lt;![endif]--><\/p>\n<p class=\"MsoNormal\" style=\"margin-left: 18pt\"><span lang=\"EN-US\">NOMBRE: RECICLANDO TU SALUD<\/span><\/p>\n<p class=\"MsoNormal\" style=\"margin-left: 18pt\"><span lang=\"EN-US\"> <\/span><\/p>\n<p class=\"MsoNormal\" style=\"margin-left: 18pt\">\n<p class=\"MsoNormal\" style=\"margin-left: 18pt\"><span lang=\"EN-US\"><br \/>\n<\/span><\/p>\n<p class=\"MsoNormal\" style=\"margin-left: 36pt\"><!--[if !supportLists]--><span style=\"font-family: Wingdings\"><span>\u00fc<span style=\"font-family: &quot;Times New Roman&quot;font-style: normal;font-variant: normal;font-weight: normal;font-size: 7pt\"> <\/span><\/span><\/span><!--[endif]--><span>este es un problema que nuestro pais no lo tiene aun debido a que no tenemos la misma densidad poblacional de los paises mas desarrollados.<\/span><\/p>\n<p class=\"MsoNormal\" style=\"margin-left: 36pt\"><!--[if !supportLists]--><span style=\"font-family: Wingdings\"><span>\u00fc<span style=\"font-family: &quot;Times New Roman&quot;font-style: normal;font-variant: normal;font-weight: normal;font-size: 7pt\"> <\/span><\/span><\/span><!--[endif]--><span>Esta es una medida que se esta tomando por paises como espana y mexico donde hasta ahora ha tenido gran acojida por la cuidadania en general.<\/span><\/p>\n<p class=\"MsoNormal\" style=\"margin-left: 36pt\"><!--[if !supportLists]--><span style=\"font-family: Wingdings\"><span>\u00fc<span style=\"font-family: &quot;Times New Roman&quot;font-style: normal;font-variant: normal;font-weight: normal;font-size: 7pt\"> <\/span><\/span><\/span><!--[endif]--><span>La medida consiste en un simple deposito que en su mayoria se encuentra en las farmacias, donde hasta el farmaceutico mismo ya ha sido preparado para ayudar a las personas a reciclar los medicamentos, remedios, pastillas, entre otros que ya no se utilizan en el hogar, empresa, industria, etc. <\/span><\/p>\n<p class=\"MsoNormal\" style=\"margin-left: 36pt\"><!--[if !supportLists]--><span style=\"font-family: Wingdings\"><span>\u00fc<span style=\"font-family: &quot;Times New Roman&quot;font-style: normal;font-variant: normal;font-weight: normal;font-size: 7pt\"> <\/span><\/span><\/span><!--[endif]--><span>No entran en el proceso de reciclaje term\u00f3metros, pr\u00f3tesis, radiograf\u00edas, gafas, agujas y otros recipientes que son utilizados para pruebas de laboratorio.<\/span><\/p>\n<p class=\"MsoNormal\" style=\"margin-left: 36pt\"><!--[if !supportLists]--><span style=\"font-family: Wingdings\"><span>\u00fc<span style=\"font-family: &quot;Times New Roman&quot;font-style: normal;font-variant: normal;font-weight: normal;font-size: 7pt\"> <\/span><\/span><\/span><!--[endif]--><span>Se dice que aproximadamente costaria cerca de un millon de dolares creae una planta de reciclaje apta para medicamentos, de esta se podria no solo generar plazas de trabajo estable sino que se puede obtener materiales como vidrio, plastico entre otros del reciclaje. <\/span><\/p>\n<p class=\"MsoNormal\" style=\"margin-left: 36pt\"><!--[if !supportLists]--><span style=\"font-family: Wingdings\"><span>\u00fc<span style=\"font-family: &quot;Times New Roman&quot;font-style: normal;font-variant: normal;font-weight: normal;font-size: 7pt\"> <\/span><\/span><\/span><!--[endif]--><span>En ciertos casos dado que un medicamento sea de gran demanda y por ende existan algunas unidades de este producto en reciclaje se podria recuperar la sustancia prima del medicamento en si.<\/span><\/p>\n<p class=\"MsoNormal\" style=\"margin-left: 36pt\"><!--[if !supportLists]--><span style=\"font-family: Wingdings\"><span>\u00fc<span style=\"font-family: &quot;Times New Roman&quot;font-style: normal;font-variant: normal;font-weight: normal;font-size: 7pt\"> <\/span><\/span><\/span><!--[endif]--><span>En Mexico existe gran demanda de los medicamentos caducos en el mercado negro donde son alterados y puestos a correr en el mercado comun, lo que causa enfermedades mas fuertes.<\/span><\/p>\n<p class=\"MsoNormal\"><span style=\"font-size: 10pt;font-family: &quot;Verdana&quot;,&quot;sans-serif&amp;quot\"><span> <\/span><\/span><\/p>\n<p class=\"MsoNormal\">\n<p class=\"MsoNormal\"><!--[if !mso]&gt;--><\/p>\n<p><!--[if gte mso 9]&gt;  &lt;![endif]--><!--[if gte mso 9]&gt;   &lt;![endif]--><\/p>\n<p class=\"MsoNormal\"><strong><span style=\"font-size: 10pt;font-family: &quot;Verdana&quot;,&quot;sans-serif&quot;color: #0873ce\">\u00bfQu\u00e9 hacer con los medicamentos usados?<\/span><\/strong><span> <\/span><\/p>\n<p><!--[if gte vml 1]&gt;                     &lt;![endif]--><!--[if !vml]--><!--[endif]--><span style=\"font-size: 10pt;font-family: &quot;Verdana&quot;,&quot;sans-serif&amp;quot\">Todos sabemos que los medicamentos, correctamente administrados, son buenos para la salud, pero <strong>cuando ya no los necesitamos, se convierten en un residuo que, si no se recicla convenientemente, puede contaminar el medio ambiente.<\/strong><\/span><\/p>\n<p><span style=\"font-size: 10pt;font-family: &quot;Verdana&quot;,&quot;sans-serif&amp;quot\">Con el objetivo de evitar un mal uso de los medicamentos y contribuir a la preservaci\u00f3n de nuestro entorno, <strong>la mayor\u00eda de las 3.000 farmacias catalanas dispone de unos contenedores especiales para depositar los medicamentos usados, caducados o en mal estado que se tengan en casa.<\/strong> En ning\u00fan caso estos medicamentos se deben tirar a la basura ni mezclar con otros residuos, ya que son altamente contaminantes para las personas, los animales y el medio ambiente en general.<\/span><\/p>\n<p><!--[if !mso]&gt;--><\/p>\n<p><!--[if gte mso 9]&gt;  &lt;![endif]--><!--[if gte mso 9]&gt;   &lt;![endif]--><!--[if gte vml 1]&gt;                     &lt;![endif]--><!--[if !vml]--><!--[endif]--><strong><span style=\"font-size: 10pt;font-family: &quot;Verdana&quot;,&quot;sans-serif&quot;color: #0873ce\">\u00bfQu\u00e9 medicamentos debemos llevar a la farmacia?<\/span><\/strong><\/p>\n<p><span style=\"font-size: 10pt;font-family: &quot;Verdana&quot;,&quot;sans-serif&amp;quot\">Revise peri\u00f3dicamente el contenido de su botiqu\u00edn, por lo menos dos veces al a\u00f1o, y lleve a su farmacia todos aquellos medicamentos que ya no toma, caducados, en mal estado o los que carecen de prospecto o envase original.<\/span><\/p>\n<p><span style=\"font-size: 10pt;font-family: &quot;Verdana&quot;,&quot;sans-serif&amp;quot\">En los contenedores de la farmacia deberemos depositar los envases vac\u00edos de medicamentos, los envases con restos de medicamentos y los medicamentos caducados con sus envases.<\/span><\/p>\n<p><span style=\"font-size: 10pt;font-family: &quot;Verdana&quot;,&quot;sans-serif&amp;quot\">En ning\u00fan caso depositaremos term\u00f3metros, pr\u00f3tesis, radiograf\u00edas, gafas, agujas, materiales de curas, objetos cortantes, bolsas de plasma ni ning\u00fan tipo de producto sanitario, frascos o bolsas para toma de muestras de sangre, heces u orina y otros recipientes similares utilizados para fines anal\u00edticos.<\/span><\/p>\n<p class=\"MsoNormal\"><span style=\"font-size: 10pt;font-family: &quot;Verdana&quot;,&quot;sans-serif&amp;quot\">Tampoco depositaremos residuos de otros productos farmac\u00e9uticos.<\/span><\/p>\n","protected":false},"excerpt":{"rendered":"<p>Bueno en esta pagina, van a encontrar informacion y avances de el proyecto que estamos realizandon mi compa\u00f1ero Gregorio Vera y yo (Guillermo G\u00f3mez). NOMBRE: RECICLANDO TU SALUD \u00fc este es un problema que nuestro pais no lo tiene aun debido a que no tenemos la misma densidad poblacional de los paises mas desarrollados. \u00fc [&hellip;]<\/p>\n","protected":false},"author":1671,"featured_media":0,"parent":0,"menu_order":0,"comment_status":"open","ping_status":"open","template":"","meta":{"footnotes":""},"class_list":["post-79","page","type-page","status-publish","hentry"],"_links":{"self":[{"href":"https:\/\/blog.espol.edu.ec\/gagomez\/wp-json\/wp\/v2\/pages\/79","targetHints":{"allow":["GET"]}}],"collection":[{"href":"https:\/\/blog.espol.edu.ec\/gagomez\/wp-json\/wp\/v2\/pages"}],"about":[{"href":"https:\/\/blog.espol.edu.ec\/gagomez\/wp-json\/wp\/v2\/types\/page"}],"author":[{"embeddable":true,"href":"https:\/\/blog.espol.edu.ec\/gagomez\/wp-json\/wp\/v2\/users\/1671"}],"replies":[{"embeddable":true,"href":"https:\/\/blog.espol.edu.ec\/gagomez\/wp-json\/wp\/v2\/comments?post=79"}],"version-history":[{"count":11,"href":"https:\/\/blog.espol.edu.ec\/gagomez\/wp-json\/wp\/v2\/pages\/79\/revisions"}],"predecessor-version":[{"id":134,"href":"https:\/\/blog.espol.edu.ec\/gagomez\/wp-json\/wp\/v2\/pages\/79\/revisions\/134"}],"wp:attachment":[{"href":"https:\/\/blog.espol.edu.ec\/gagomez\/wp-json\/wp\/v2\/media?parent=79"}],"curies":[{"name":"wp","href":"https:\/\/api.w.org\/{rel}","templated":true}]}}