{"id":25,"date":"2015-07-02T13:58:47","date_gmt":"2015-07-02T13:58:47","guid":{"rendered":"http:\/\/blog.espol.edu.ec\/garysuarez\/?page_id=25"},"modified":"2015-07-02T14:38:04","modified_gmt":"2015-07-02T14:38:04","slug":"jugadores","status":"publish","type":"page","link":"https:\/\/blog.espol.edu.ec\/garysuarez\/jugadores\/","title":{"rendered":"Jugadores"},"content":{"rendered":"<p>El baloncesto es quiz\u00e1 el deporte m\u00e1s espectacular de todos. Es muy din\u00e1mico, con muchas acciones a valorar. Solo hay un peque\u00f1o problema: los altos suelen tener ventaja. Seleccionamos los 10 jugadores m\u00e1s importantes de la historia.<\/p>\n<p><b>Michael Jordan<\/b><br \/>\nSeleccionado por Chicago Bulls con el n\u00famero 3 del draft de la NBA en 1984, su entrada en la liga profesional americana fue a lo grande. Obtuvo el premio de Rookie del a\u00f1o (mejor nuevo jugador), con medias por partido en liga regular de 28,2 puntos, 6,5 rebotes, 5,9 asistencias y 2,4 robos. Un 10 en todas las facetas del juego, salvo en el tiro de 3 puntos que fue mejorando a lo largo de su carrera. Sin embargo su equipo tuvo un balance de 38-44, y cay\u00f3 en la primera ronda de play-offs.<\/p>\n<p>Apodado como \"Air Jordan\" por su capacidad de salto y de mantenerse en el aire durante un tiempo mayor que el de sus rivales, gan\u00f3 el concurso de mates del All Star Game en los a\u00f1os 1987 y 1988. Por aquel entonces se dudaba de su capacidad por llevar a su equipo a lo m\u00e1s alto, a conseguir el anillo de campe\u00f3n. Era indudable el espect\u00e1culo que ofrec\u00eda sobre la pista, y los n\u00fameros de jugadorazo.<\/p>\n<p>La temporada 90-91 Jordan demostr\u00f3 que era un verdadero l\u00edder, y se llev\u00f3 su primer t\u00edtulo de la NBA. El primero de 6. Pudieron ser m\u00e1s porque se retir\u00f3 de forma no definitiva en dos ocasiones. Sus n\u00fameros durante la liga regular eran sorprendentes, pero iba m\u00e1s all\u00e1 en los momentos clave. Varias de sus canastas han pasado a la historia del baloncesto.<\/p>\n<p><iframe loading=\"lazy\" title=\"Michael Jordan - Las 50 Mejores Jugadas\" width=\"584\" height=\"329\" src=\"https:\/\/www.youtube.com\/embed\/oUtAv1VjpJ8?feature=oembed\" frameborder=\"0\" allow=\"accelerometer; autoplay; clipboard-write; encrypted-media; gyroscope; picture-in-picture; web-share\" referrerpolicy=\"strict-origin-when-cross-origin\" allowfullscreen><\/iframe><\/p>\n<p>&nbsp;<\/p>\n<p><strong>Larry Bird<\/strong><br \/>\nAlero (3), de 2,06 metros de altura. Desarrollo toda su carrera en Boston Celtics. Su llegada al equipo cambi\u00f3 la din\u00e1mica el primer a\u00f1o, y el segundo ya se llevaron la liga. Lideraba a Boston en casi todas las facetas del juego, entre ellas las principales: anotaci\u00f3n y rebote. Su altura y posici\u00f3n en el campo le hac\u00edan un jugador muy dif\u00edcil de taponar.<\/p>\n<p>Obtuvo varios MVPs, y llev\u00f3 a su equipo a ganar 3 ligas. Hist\u00f3rica la rivalidad con Los \u00c1ngeles Lakers de Magic Johnson, que lleg\u00f3 a la liga el mismo a\u00f1o, en 1979.<\/p>\n<p>Oro en la Olimpiada de Barcelona con el Dream Team.<\/p>\n<p>https:\/\/www.youtube.com\/watch?v=3lt1x-k3QGU<\/p>\n<p>&nbsp;<\/p>\n<p><b>Magic Johnson<\/b><br \/>\nUn jugador diferente. 2,06 metros de altura para un base. Su carrera en los \u00c1ngeles Lakers fue paralela a la de Bird en Boston. Ya en su primera temporada en la liga LAL se llevaron el campeonato. Como curiosidad, en el \u00faltimo partido de las finales contra los Sixers de Julius Erving, jug\u00f3 de pivot debido a una lesi\u00f3n de rodilla de Kareem Abdul-Jabbar. Las cifras: 42 puntos, 15 rebotes, 7 asistencias y 3 robos de bal\u00f3n.<\/p>\n<p>Magic, de mago, con \u00e9l lleg\u00f3 la magia, el showtime, el entusiasmo en la pista, con un juego veloz, contraataques vibrantes y pases inveros\u00edmiles.<\/p>\n<p>Gan\u00f3 5 ligas NBA, adem\u00e1s de una universitaria con Michigan. Fue parte del Dream Team que represent\u00f3 a Estados Unidos en la Olimpiada de Barcelona en 1992 y que se llev\u00f3 la medalla de Oro.<\/p>\n<p>https:\/\/www.youtube.com\/watch?v=U5ErHf1bIvA<\/p>\n<p><b>Kareem Abdul-Jabbar<\/b><br \/>\nPivot, 2,18 metros de altura. n\u00ba1 del draft elegido por Milwaukee Bucks. Su primera temporada en la liga (1969-70) cambi\u00f3 el rumbo de la franquicia. Fue rookie del a\u00f1o, siendo el segundo m\u00e1ximo anotador con 28,8 puntos por partido y tercero en rebotes con 14,5. Durante su segundo a\u00f1o se convirti\u00f3 en el MVP de la liga regular y de las finales y se llev\u00f3 su primer anillo.<\/p>\n<p>En realidad hasta ese momento era conocido como Alcindor (Ferdinand Lewis Alcindor, Jr.), pero antes de la temporada 1971-1972, se convirti\u00f3 del Catolicismo al Islam y adopt\u00f3 el nombre de Kareem Abdul-Jabbar, que significa \"noble y poderoso sirviente\".<\/p>\n<p>En 1975 es traspasado a Los Angeles Lakers. Pese a seguir coleccionando MVPs durante las temporadas regulares, no es hasta la llegada de Magic Johnson en 1979, cuando vuelve a conseguir el anillo. Llegar\u00edan 4 m\u00e1s, para un total de 6.<\/p>\n<p>Se retir\u00f3 a los 42 a\u00f1os con una larga lista de r\u00e9cords. Hizo famoso el sky-hook (gancho desde el cielo).<\/p>\n<p><iframe loading=\"lazy\" title=\"Kareem Abdul-Jabbar top 10 plays\" width=\"584\" height=\"438\" src=\"https:\/\/www.youtube.com\/embed\/lM6xCirDOKs?feature=oembed\" frameborder=\"0\" allow=\"accelerometer; autoplay; clipboard-write; encrypted-media; gyroscope; picture-in-picture; web-share\" referrerpolicy=\"strict-origin-when-cross-origin\" allowfullscreen><\/iframe><\/p>\n<p>&nbsp;<\/p>\n<p><b>Kobe Bryant<\/b><br \/>\nEs el \u00fanico jugador en activo de la lista. 1,98 metros de altura, juega de escolta. Seleccionado en la 13\u00aa posici\u00f3n del draft por Charlotte Hornets, Jerry West se lo llev\u00f3 a Los Angeles Lakers a cambio de su p\u00edvot titular, Vlade Divac. Era 1996, y el solo ten\u00eda 18 a\u00f1os. El t\u00e1ndem que form\u00f3 junto a Shaquille O'Neal fue demoledor, y consiguieron 3 t\u00edtulos consecutivos entre 2000-02.<\/p>\n<p>Tras perder la final de la liga en la campa\u00f1a 2003\/04, Los \u00c1ngeles lakers no volvieron a las finales hasta la llegada de Paul Gasol en 2008. Pero perdieron contra Boston Celtics. Pero en 2008\/09 y 2009\/10, LAL liderados por Kobe volvieron a lograr el anillo.<\/p>\n<p>Gran defensor, es uno de los mejores anotadores que ha tenido la NBA. Como curiosidad, el 22 de enero de 2006 ante Toronto Raptors, Bryant anot\u00f3 81 puntos en la victoria de los Lakers por 122-104, superando el r\u00e9cord de franquicia de m\u00e1s puntos en un partido, y coloc\u00e1ndose en el segundo puesto en la clasificaci\u00f3n de m\u00e1s puntos anotados en un partido de la NBA, s\u00f3lo por detr\u00e1s de los 100 de Wilt Chamberlain en 1962.<\/p>\n<p>Campe\u00f3n ol\u00edmpico con Estados Unidos en Pek\u00edn 2008, con 33 a\u00f1os de edad todav\u00eda tiene tiempo de agrandar su leyenda.<\/p>\n<p><iframe loading=\"lazy\" title=\"2015 All-Star Top 10: Kobe Bryant\" width=\"584\" height=\"329\" src=\"https:\/\/www.youtube.com\/embed\/ldbmLkXE0Ak?feature=oembed\" frameborder=\"0\" allow=\"accelerometer; autoplay; clipboard-write; encrypted-media; gyroscope; picture-in-picture; web-share\" referrerpolicy=\"strict-origin-when-cross-origin\" allowfullscreen><\/iframe><\/p>\n<p>&nbsp;<\/p>\n<p>&nbsp;<\/p>\n","protected":false},"excerpt":{"rendered":"<p>El baloncesto es quiz\u00e1 el deporte m\u00e1s espectacular de todos. Es muy din\u00e1mico, con muchas acciones a valorar. Solo hay un peque\u00f1o problema: los altos suelen tener ventaja. Seleccionamos los 10 jugadores m\u00e1s importantes de la historia. Michael Jordan Seleccionado &hellip; <a href=\"https:\/\/blog.espol.edu.ec\/garysuarez\/jugadores\/\">Sigue leyendo <span class=\"meta-nav\">&rarr;<\/span><\/a><\/p>\n","protected":false},"author":9761,"featured_media":0,"parent":0,"menu_order":0,"comment_status":"open","ping_status":"open","template":"","meta":{"footnotes":""},"class_list":["post-25","page","type-page","status-publish","hentry"],"_links":{"self":[{"href":"https:\/\/blog.espol.edu.ec\/garysuarez\/wp-json\/wp\/v2\/pages\/25","targetHints":{"allow":["GET"]}}],"collection":[{"href":"https:\/\/blog.espol.edu.ec\/garysuarez\/wp-json\/wp\/v2\/pages"}],"about":[{"href":"https:\/\/blog.espol.edu.ec\/garysuarez\/wp-json\/wp\/v2\/types\/page"}],"author":[{"embeddable":true,"href":"https:\/\/blog.espol.edu.ec\/garysuarez\/wp-json\/wp\/v2\/users\/9761"}],"replies":[{"embeddable":true,"href":"https:\/\/blog.espol.edu.ec\/garysuarez\/wp-json\/wp\/v2\/comments?post=25"}],"version-history":[{"count":5,"href":"https:\/\/blog.espol.edu.ec\/garysuarez\/wp-json\/wp\/v2\/pages\/25\/revisions"}],"predecessor-version":[{"id":32,"href":"https:\/\/blog.espol.edu.ec\/garysuarez\/wp-json\/wp\/v2\/pages\/25\/revisions\/32"}],"wp:attachment":[{"href":"https:\/\/blog.espol.edu.ec\/garysuarez\/wp-json\/wp\/v2\/media?parent=25"}],"curies":[{"name":"wp","href":"https:\/\/api.w.org\/{rel}","templated":true}]}}