{"id":36,"date":"2015-07-02T15:16:45","date_gmt":"2015-07-02T15:16:45","guid":{"rendered":"http:\/\/blog.espol.edu.ec\/garysuarez\/?page_id=36"},"modified":"2015-07-02T15:16:45","modified_gmt":"2015-07-02T15:16:45","slug":"equipos","status":"publish","type":"page","link":"https:\/\/blog.espol.edu.ec\/garysuarez\/equipos\/","title":{"rendered":"Equipos"},"content":{"rendered":"<p>Procedencias de los nombres de algunos equipos famosos<\/p>\n<p><strong>Boston Celtics<\/strong><\/p>\n<p>El nombre de Celtics proviene de la franquicia Original Celtics que jug\u00f3 en los a\u00f1os 30 en la ABL. Adem\u00e1s en Boston existe numerosa poblaci\u00f3n de origen irlandes.<\/p>\n<p><a href=\"http:\/\/blog.espol.edu.ec\/garysuarez\/files\/2015\/07\/celtics.jpg\"><img loading=\"lazy\" decoding=\"async\" class=\" size-medium wp-image-33 aligncenter\" src=\"http:\/\/blog.espol.edu.ec\/garysuarez\/files\/2015\/07\/celtics-300x188.jpg\" alt=\"celtics\" width=\"300\" height=\"188\" srcset=\"https:\/\/blog.espol.edu.ec\/garysuarez\/files\/2015\/07\/celtics-300x188.jpg 300w, https:\/\/blog.espol.edu.ec\/garysuarez\/files\/2015\/07\/celtics-480x300.jpg 480w, https:\/\/blog.espol.edu.ec\/garysuarez\/files\/2015\/07\/celtics.jpg 960w\" sizes=\"auto, (max-width: 300px) 100vw, 300px\" \/><\/a><strong>Chicago Bulls<\/strong><\/p>\n<p>Denominado as\u00ed por el due\u00f1o haciendo referencia a la industria de ganado de la ciudad.<\/p>\n<p><a href=\"http:\/\/blog.espol.edu.ec\/garysuarez\/files\/2015\/07\/chicago_bulls.jpg\"><img loading=\"lazy\" decoding=\"async\" class=\" wp-image-34 size-medium aligncenter\" src=\"http:\/\/blog.espol.edu.ec\/garysuarez\/files\/2015\/07\/chicago_bulls-300x111.jpg\" alt=\"chicago_bulls\" width=\"300\" height=\"111\" srcset=\"https:\/\/blog.espol.edu.ec\/garysuarez\/files\/2015\/07\/chicago_bulls-300x111.jpg 300w, https:\/\/blog.espol.edu.ec\/garysuarez\/files\/2015\/07\/chicago_bulls-500x185.jpg 500w, https:\/\/blog.espol.edu.ec\/garysuarez\/files\/2015\/07\/chicago_bulls.jpg 850w\" sizes=\"auto, (max-width: 300px) 100vw, 300px\" \/><\/a><\/p>\n<p>&nbsp;<\/p>\n<p><strong>Toronto Raptors<\/strong><\/p>\n<p>Proveniente de un concurso, justo despu\u00e9s de la pel\u00edcula Jurasic Park<\/p>\n<p><a href=\"http:\/\/blog.espol.edu.ec\/garysuarez\/files\/2015\/07\/toronto_raptors.jpg\"><img loading=\"lazy\" decoding=\"async\" class=\" size-medium wp-image-35 aligncenter\" src=\"http:\/\/blog.espol.edu.ec\/garysuarez\/files\/2015\/07\/toronto_raptors-300x225.jpg\" alt=\"toronto_raptors\" width=\"300\" height=\"225\" srcset=\"https:\/\/blog.espol.edu.ec\/garysuarez\/files\/2015\/07\/toronto_raptors-300x225.jpg 300w, https:\/\/blog.espol.edu.ec\/garysuarez\/files\/2015\/07\/toronto_raptors-1024x768.jpg 1024w, https:\/\/blog.espol.edu.ec\/garysuarez\/files\/2015\/07\/toronto_raptors-400x300.jpg 400w, https:\/\/blog.espol.edu.ec\/garysuarez\/files\/2015\/07\/toronto_raptors.jpg 1099w\" sizes=\"auto, (max-width: 300px) 100vw, 300px\" \/><\/a><\/p>\n<p>&nbsp;<\/p>\n","protected":false},"excerpt":{"rendered":"<p>Procedencias de los nombres de algunos equipos famosos Boston Celtics El nombre de Celtics proviene de la franquicia Original Celtics que jug\u00f3 en los a\u00f1os 30 en la ABL. Adem\u00e1s en Boston existe numerosa poblaci\u00f3n de origen irlandes. Chicago Bulls &hellip; <a href=\"https:\/\/blog.espol.edu.ec\/garysuarez\/equipos\/\">Sigue leyendo <span class=\"meta-nav\">&rarr;<\/span><\/a><\/p>\n","protected":false},"author":9761,"featured_media":0,"parent":0,"menu_order":0,"comment_status":"open","ping_status":"open","template":"","meta":{"footnotes":""},"class_list":["post-36","page","type-page","status-publish","hentry"],"_links":{"self":[{"href":"https:\/\/blog.espol.edu.ec\/garysuarez\/wp-json\/wp\/v2\/pages\/36","targetHints":{"allow":["GET"]}}],"collection":[{"href":"https:\/\/blog.espol.edu.ec\/garysuarez\/wp-json\/wp\/v2\/pages"}],"about":[{"href":"https:\/\/blog.espol.edu.ec\/garysuarez\/wp-json\/wp\/v2\/types\/page"}],"author":[{"embeddable":true,"href":"https:\/\/blog.espol.edu.ec\/garysuarez\/wp-json\/wp\/v2\/users\/9761"}],"replies":[{"embeddable":true,"href":"https:\/\/blog.espol.edu.ec\/garysuarez\/wp-json\/wp\/v2\/comments?post=36"}],"version-history":[{"count":1,"href":"https:\/\/blog.espol.edu.ec\/garysuarez\/wp-json\/wp\/v2\/pages\/36\/revisions"}],"predecessor-version":[{"id":37,"href":"https:\/\/blog.espol.edu.ec\/garysuarez\/wp-json\/wp\/v2\/pages\/36\/revisions\/37"}],"wp:attachment":[{"href":"https:\/\/blog.espol.edu.ec\/garysuarez\/wp-json\/wp\/v2\/media?parent=36"}],"curies":[{"name":"wp","href":"https:\/\/api.w.org\/{rel}","templated":true}]}}