{"id":20,"date":"2016-05-24T02:50:02","date_gmt":"2016-05-24T02:50:02","guid":{"rendered":"http:\/\/blog.espol.edu.ec\/gbyagual\/?page_id=20"},"modified":"2016-05-24T02:50:02","modified_gmt":"2016-05-24T02:50:02","slug":"pero-y-que-es-el-turismo","status":"publish","type":"page","link":"https:\/\/blog.espol.edu.ec\/gbyagual\/pero-y-que-es-el-turismo\/","title":{"rendered":"Pero... y qu\u00e9 es el turismo?"},"content":{"rendered":"<p>Seg\u00fan la <a href=\"http:\/\/www2.unwto.org\/es\">UNWTO<\/a>, siglas en ingl\u00e9s de la OMT (Organizaci\u00f3n Mundial del Turismo), lo define como:<\/p>\n<blockquote><p>es un fen\u00f3meno social, cultural y econ\u00f3mico relacionado con el movimiento de las personas a lugares que se encuentran fuera\u00a0de su lugar de residencia habitual por motivos personales o de negocios\/profesionales. Estas personas se denominan <em><a href=\"http:\/\/media.unwto.org\/es\/content\/entender-el-turismo-glosario-basico#Visitante\">visitantes<\/a>....<\/em>\u00a0y el turismo tiene que ver con sus actividades, de las cuales algunas implican un <a href=\"http:\/\/media.unwto.org\/es\/content\/entender-el-turismo-glosario-basico#Gasto%20tur%C3%ADstico\"><em>gasto tur\u00edstico<\/em><\/a>.<\/p><\/blockquote>\n<p><img loading=\"lazy\" decoding=\"async\" class=\"size-full wp-image-21 aligncenter\" src=\"http:\/\/blog.espol.edu.ec\/gbyagual\/files\/2016\/05\/images.jpg\" alt=\"images\" width=\"273\" height=\"185\" \/><\/p>\n<p>Este fen\u00f3meno, para ser mejor estudiado se ha clasificado. Una breve clasificaci\u00f3n:<\/p>\n<ul>\n<li>DE DESCANSO \/ OCIO<\/li>\n<li>CL\u00c1SICO\n<ul>\n<li>Sol y Playa<\/li>\n<\/ul>\n<\/li>\n<li>ALTERNATIVO\n<ul>\n<li>Ecoturismo<\/li>\n<li>De aventura<\/li>\n<li>turismo rural<\/li>\n<\/ul>\n<\/li>\n<\/ul>\n<p>&nbsp;<\/p>\n","protected":false},"excerpt":{"rendered":"<p>Seg\u00fan la UNWTO, siglas en ingl\u00e9s de la OMT (Organizaci\u00f3n Mundial del Turismo), lo define como: es un fen\u00f3meno social, cultural y econ\u00f3mico relacionado con el movimiento de las personas a lugares que se encuentran fuera\u00a0de su lugar de residencia habitual por motivos personales o de negocios\/profesionales. Estas personas se denominan visitantes....\u00a0y el turismo tiene &hellip; <\/p>\n<p><a class=\"more-link btn\" href=\"https:\/\/blog.espol.edu.ec\/gbyagual\/pero-y-que-es-el-turismo\/\">Seguir leyendo<\/a><\/p>\n","protected":false},"author":10178,"featured_media":0,"parent":0,"menu_order":0,"comment_status":"closed","ping_status":"closed","template":"","meta":{"footnotes":""},"class_list":["post-20","page","type-page","status-publish","hentry","nodate","item-wrap"],"_links":{"self":[{"href":"https:\/\/blog.espol.edu.ec\/gbyagual\/wp-json\/wp\/v2\/pages\/20","targetHints":{"allow":["GET"]}}],"collection":[{"href":"https:\/\/blog.espol.edu.ec\/gbyagual\/wp-json\/wp\/v2\/pages"}],"about":[{"href":"https:\/\/blog.espol.edu.ec\/gbyagual\/wp-json\/wp\/v2\/types\/page"}],"author":[{"embeddable":true,"href":"https:\/\/blog.espol.edu.ec\/gbyagual\/wp-json\/wp\/v2\/users\/10178"}],"replies":[{"embeddable":true,"href":"https:\/\/blog.espol.edu.ec\/gbyagual\/wp-json\/wp\/v2\/comments?post=20"}],"version-history":[{"count":1,"href":"https:\/\/blog.espol.edu.ec\/gbyagual\/wp-json\/wp\/v2\/pages\/20\/revisions"}],"predecessor-version":[{"id":22,"href":"https:\/\/blog.espol.edu.ec\/gbyagual\/wp-json\/wp\/v2\/pages\/20\/revisions\/22"}],"wp:attachment":[{"href":"https:\/\/blog.espol.edu.ec\/gbyagual\/wp-json\/wp\/v2\/media?parent=20"}],"curies":[{"name":"wp","href":"https:\/\/api.w.org\/{rel}","templated":true}]}}