{"id":23,"date":"2016-05-24T03:56:50","date_gmt":"2016-05-24T03:56:50","guid":{"rendered":"http:\/\/blog.espol.edu.ec\/gbyagual\/?page_id=23"},"modified":"2016-05-24T04:23:29","modified_gmt":"2016-05-24T04:23:29","slug":"turismo-alternativo","status":"publish","type":"page","link":"https:\/\/blog.espol.edu.ec\/gbyagual\/turismo-alternativo\/","title":{"rendered":"Turismo alternativo"},"content":{"rendered":"<p><span style=\"font-weight: 400\">Existen diferentes definiciones de turismo alternativo, es <\/span><span style=\"font-weight: 400\">considerada una modalidad tur\u00edstica, s<\/span><span style=\"font-weight: 400\">e trata de los viajes que tienen como fin realizar <\/span><span style=\"font-weight: 400\">actividades recreativas en contacto\u00a0directo con la naturaleza y las expresiones culturales que le envuelven con una actitud y compromiso de conocer, respetar, disfrutar y participar en la conservaci\u00f3n de los recursos naturales y culturales.<\/span><\/p>\n<p>&nbsp;<\/p>\n<p><img loading=\"lazy\" decoding=\"async\" class=\"size-medium wp-image-24 aligncenter\" src=\"http:\/\/blog.espol.edu.ec\/gbyagual\/files\/2016\/05\/turismo-responsable-canarias-Barranco-Masca-5-300x201.jpg\" alt=\"turismo-responsable-canarias-Barranco Masca (5)\" width=\"300\" height=\"201\" srcset=\"https:\/\/blog.espol.edu.ec\/gbyagual\/files\/2016\/05\/turismo-responsable-canarias-Barranco-Masca-5-300x201.jpg 300w, https:\/\/blog.espol.edu.ec\/gbyagual\/files\/2016\/05\/turismo-responsable-canarias-Barranco-Masca-5-768x514.jpg 768w, https:\/\/blog.espol.edu.ec\/gbyagual\/files\/2016\/05\/turismo-responsable-canarias-Barranco-Masca-5.jpg 1024w\" sizes=\"auto, (max-width: 300px) 100vw, 300px\" \/><\/p>\n<p><span style=\"font-weight: 400\">Esta b\u00fasqueda por acercarse a la naturaleza de una forma m\u00e1s directa y activa, pero a la vez m\u00e1s responsable, <\/span><span style=\"font-weight: 400\">valorando y respetando las particularidades naturales y socioculturales aut\u00f3ctonas de los lugares visitados.<\/span><\/p>\n<p>En la p\u00e1gina del\u00a0<a href=\"http:\/\/www.turismo.gob.ec\/\" target=\"_blank\">Ministerio de Turismo<\/a> de Ecuador, se muestran una gran gama de\u00a0<a href=\"http:\/\/ecuador.travel\/\" target=\"_blank\">ofertas<\/a> como las islas Gal\u00e1pagos, diferentes puntos en la Amazon\u00eda, los Andes, entre otros.<\/p>\n","protected":false},"excerpt":{"rendered":"<p>Existen diferentes definiciones de turismo alternativo, es considerada una modalidad tur\u00edstica, se trata de los viajes que tienen como fin realizar actividades recreativas en contacto\u00a0directo con la naturaleza y las expresiones culturales que le envuelven con una actitud y compromiso de conocer, respetar, disfrutar y participar en la conservaci\u00f3n de los recursos naturales y culturales. &hellip; <\/p>\n<p><a class=\"more-link btn\" href=\"https:\/\/blog.espol.edu.ec\/gbyagual\/turismo-alternativo\/\">Seguir leyendo<\/a><\/p>\n","protected":false},"author":10178,"featured_media":0,"parent":0,"menu_order":0,"comment_status":"closed","ping_status":"closed","template":"","meta":{"footnotes":""},"class_list":["post-23","page","type-page","status-publish","hentry","nodate","item-wrap"],"_links":{"self":[{"href":"https:\/\/blog.espol.edu.ec\/gbyagual\/wp-json\/wp\/v2\/pages\/23","targetHints":{"allow":["GET"]}}],"collection":[{"href":"https:\/\/blog.espol.edu.ec\/gbyagual\/wp-json\/wp\/v2\/pages"}],"about":[{"href":"https:\/\/blog.espol.edu.ec\/gbyagual\/wp-json\/wp\/v2\/types\/page"}],"author":[{"embeddable":true,"href":"https:\/\/blog.espol.edu.ec\/gbyagual\/wp-json\/wp\/v2\/users\/10178"}],"replies":[{"embeddable":true,"href":"https:\/\/blog.espol.edu.ec\/gbyagual\/wp-json\/wp\/v2\/comments?post=23"}],"version-history":[{"count":1,"href":"https:\/\/blog.espol.edu.ec\/gbyagual\/wp-json\/wp\/v2\/pages\/23\/revisions"}],"predecessor-version":[{"id":25,"href":"https:\/\/blog.espol.edu.ec\/gbyagual\/wp-json\/wp\/v2\/pages\/23\/revisions\/25"}],"wp:attachment":[{"href":"https:\/\/blog.espol.edu.ec\/gbyagual\/wp-json\/wp\/v2\/media?parent=23"}],"curies":[{"name":"wp","href":"https:\/\/api.w.org\/{rel}","templated":true}]}}