{"id":2,"date":"2011-06-08T21:55:04","date_gmt":"2011-06-08T21:55:04","guid":{"rendered":""},"modified":"2011-06-20T16:28:33","modified_gmt":"2011-06-20T21:28:33","slug":"yo","status":"publish","type":"page","link":"https:\/\/blog.espol.edu.ec\/gc93\/yo\/","title":{"rendered":"Yo"},"content":{"rendered":"<p><a href=\"http:\/\/blog.espol.edu.ec\/gc93\/files\/2011\/06\/167069_10150097564157569_644107568_6383382_145402_n.jpg\"><img loading=\"lazy\" decoding=\"async\" class=\"alignnone size-full wp-image-13\" title=\"167069_10150097564157569_644107568_6383382_145402_n\" src=\"http:\/\/blog.espol.edu.ec\/gc93\/files\/2011\/06\/167069_10150097564157569_644107568_6383382_145402_n.jpg\" alt=\"\" width=\"151\" height=\"220\" \/><\/a><\/p>\n<p>Mi nombre es Galo Cobos, actualmente tengo 18 a\u00f1os de edad. Naci el 10 de enero del 93 y estudio economia en la espol.<\/p>\n<p>Me gustan los deportes, los que mas me gustan son futbol y nataci\u00f3n.<br \/>\n<img decoding=\"async\" src=\"\/Users\/labfen\/AppData\/Local\/Temp\/moz-screenshot-1.png\" alt=\"\" \/><\/p>\n<p><img decoding=\"async\" src=\"\/Users\/labfen\/AppData\/Local\/Temp\/moz-screenshot.png\" alt=\"\" \/><img decoding=\"async\" src=\"\/Users\/labfen\/AppData\/Local\/Temp\/moz-screenshot-3.png\" alt=\"\" \/><img decoding=\"async\" src=\"\/Users\/labfen\/AppData\/Local\/Temp\/moz-screenshot-4.png\" alt=\"\" \/><img decoding=\"async\" src=\"\/Users\/labfen\/AppData\/Local\/Temp\/moz-screenshot-5.png\" alt=\"\" \/><img decoding=\"async\" src=\"\/Users\/labfen\/AppData\/Local\/Temp\/moz-screenshot-6.png\" alt=\"\" \/><img decoding=\"async\" src=\"\/Users\/labfen\/AppData\/Local\/Temp\/moz-screenshot-7.png\" alt=\"\" \/><img decoding=\"async\" src=\"\/Users\/labfen\/AppData\/Local\/Temp\/moz-screenshot-8.png\" alt=\"\" \/><img decoding=\"async\" src=\"\/Users\/labfen\/AppData\/Local\/Temp\/moz-screenshot-9.png\" alt=\"\" \/><img decoding=\"async\" src=\"\/Users\/labfen\/AppData\/Local\/Temp\/moz-screenshot-10.png\" alt=\"\" \/><img decoding=\"async\" src=\"\/Users\/labfen\/AppData\/Local\/Temp\/moz-screenshot-11.png\" alt=\"\" \/><img decoding=\"async\" src=\"\/Users\/labfen\/AppData\/Local\/Temp\/moz-screenshot-12.png\" alt=\"\" \/><img decoding=\"async\" src=\"\/Users\/labfen\/AppData\/Local\/Temp\/moz-screenshot-13.png\" alt=\"\" \/><img decoding=\"async\" src=\"\/Users\/labfen\/AppData\/Local\/Temp\/moz-screenshot-14.png\" alt=\"\" \/><\/p>\n<p><a href=\"http:\/\/blog.espol.edu.ec\/gc93\/files\/2011\/06\/\u00edndice.jpg\"><img loading=\"lazy\" decoding=\"async\" class=\"alignnone size-full wp-image-15\" title=\"\u00edndice\" src=\"http:\/\/blog.espol.edu.ec\/gc93\/files\/2011\/06\/\u00edndice.jpg\" alt=\"\" width=\"92\" height=\"95\" \/><\/a><\/p>\n<p>En cuanto a m\u00fasica escucho rock, instrumental, electronica, cl\u00e1sica.<\/p>\n<p><a href=\"http:\/\/blog.espol.edu.ec\/gc93\/files\/2011\/06\/sfhy.jpg\"><img loading=\"lazy\" decoding=\"async\" class=\"alignnone size-medium wp-image-16\" title=\"sfhy\" src=\"http:\/\/blog.espol.edu.ec\/gc93\/files\/2011\/06\/sfhy-300x225.jpg\" alt=\"\" width=\"151\" height=\"113\" srcset=\"https:\/\/blog.espol.edu.ec\/gc93\/files\/2011\/06\/sfhy-300x225.jpg 300w, https:\/\/blog.espol.edu.ec\/gc93\/files\/2011\/06\/sfhy-1024x768.jpg 1024w, https:\/\/blog.espol.edu.ec\/gc93\/files\/2011\/06\/sfhy.jpg 1280w\" sizes=\"auto, (max-width: 151px) 100vw, 151px\" \/><\/a><\/p>\n<p>Peliculas de ciencia ficci\u00f3n, acci\u00f3n, suspenso, comedia.<\/p>\n<p><a href=\"http:\/\/blog.espol.edu.ec\/gc93\/files\/2011\/06\/images.jpg\"><img loading=\"lazy\" decoding=\"async\" class=\"alignnone size-full wp-image-12\" title=\"images\" src=\"http:\/\/blog.espol.edu.ec\/gc93\/files\/2011\/06\/images.jpg\" alt=\"\" width=\"162\" height=\"126\" \/><\/a><a href=\"http:\/\/blog.espol.edu.ec\/gc93\/files\/2011\/06\/harry-potter-and-the-deathly-hallows-part-2-poster.jpg\"><img loading=\"lazy\" decoding=\"async\" class=\"alignnone size-medium wp-image-18\" title=\"harry-potter-and-the-deathly-hallows-part-2-poster\" src=\"http:\/\/blog.espol.edu.ec\/gc93\/files\/2011\/06\/harry-potter-and-the-deathly-hallows-part-2-poster-202x300.jpg\" alt=\"\" width=\"94\" height=\"139\" srcset=\"https:\/\/blog.espol.edu.ec\/gc93\/files\/2011\/06\/harry-potter-and-the-deathly-hallows-part-2-poster-202x300.jpg 202w, https:\/\/blog.espol.edu.ec\/gc93\/files\/2011\/06\/harry-potter-and-the-deathly-hallows-part-2-poster.jpg 338w\" sizes=\"auto, (max-width: 94px) 100vw, 94px\" \/><\/a><\/p>\n<p><img decoding=\"async\" src=\"\/Users\/labfen\/AppData\/Local\/Temp\/moz-screenshot-16.png\" alt=\"\" \/><\/p>\n<p><img decoding=\"async\" src=\"\/Users\/labfen\/AppData\/Local\/Temp\/moz-screenshot-15.png\" alt=\"\" \/><\/p>\n<p><a href=\"http:\/\/blog.espol.edu.ec\/gc93\/files\/2011\/06\/wow-wrath-of-the-lich-king.jpg\"><\/a><\/p>\n<p>No me gusta leer no es lo mio, pero cuando toca leer toca!<img decoding=\"async\" src=\"\/Users\/labfen\/AppData\/Local\/Temp\/moz-screenshot-17.png\" alt=\"\" \/><img decoding=\"async\" src=\"\/Users\/labfen\/AppData\/Local\/Temp\/moz-screenshot-18.png\" alt=\"\" \/><img decoding=\"async\" src=\"\/Users\/labfen\/AppData\/Local\/Temp\/moz-screenshot-19.png\" alt=\"\" \/><img decoding=\"async\" src=\"\/Users\/labfen\/AppData\/Local\/Temp\/moz-screenshot-20.png\" alt=\"\" \/><img decoding=\"async\" src=\"\/Users\/labfen\/AppData\/Local\/Temp\/moz-screenshot-21.png\" alt=\"\" \/><img decoding=\"async\" src=\"\/Users\/labfen\/AppData\/Local\/Temp\/moz-screenshot-22.png\" alt=\"\" \/><img decoding=\"async\" src=\"\/Users\/labfen\/AppData\/Local\/Temp\/moz-screenshot-23.png\" alt=\"\" \/><img decoding=\"async\" src=\"\/Users\/labfen\/AppData\/Local\/Temp\/moz-screenshot-24.png\" alt=\"\" \/><img decoding=\"async\" src=\"\/Users\/labfen\/AppData\/Local\/Temp\/moz-screenshot-25.png\" alt=\"\" \/><img decoding=\"async\" src=\"\/Users\/labfen\/AppData\/Local\/Temp\/moz-screenshot-26.png\" alt=\"\" \/><img decoding=\"async\" src=\"\/Users\/labfen\/AppData\/Local\/Temp\/moz-screenshot-27.png\" alt=\"\" \/><\/p>\n<p>Y una de mis frases favoritas es: \"Nosotros somos lo que eligimos ser\"<\/p>\n","protected":false},"excerpt":{"rendered":"<p>Mi nombre es Galo Cobos, actualmente tengo 18 a\u00f1os de edad. Naci el 10 de enero del 93 y estudio economia en la espol. Me gustan los deportes, los que mas me gustan son futbol y nataci\u00f3n. En cuanto a m\u00fasica escucho rock, instrumental, electronica, cl\u00e1sica. Peliculas de ciencia ficci\u00f3n, acci\u00f3n, suspenso, comedia. No me [&hellip;]<\/p>\n","protected":false},"author":6301,"featured_media":0,"parent":0,"menu_order":0,"comment_status":"open","ping_status":"open","template":"","meta":{"footnotes":""},"class_list":["post-2","page","type-page","status-publish","hentry"],"_links":{"self":[{"href":"https:\/\/blog.espol.edu.ec\/gc93\/wp-json\/wp\/v2\/pages\/2","targetHints":{"allow":["GET"]}}],"collection":[{"href":"https:\/\/blog.espol.edu.ec\/gc93\/wp-json\/wp\/v2\/pages"}],"about":[{"href":"https:\/\/blog.espol.edu.ec\/gc93\/wp-json\/wp\/v2\/types\/page"}],"author":[{"embeddable":true,"href":"https:\/\/blog.espol.edu.ec\/gc93\/wp-json\/wp\/v2\/users\/6301"}],"replies":[{"embeddable":true,"href":"https:\/\/blog.espol.edu.ec\/gc93\/wp-json\/wp\/v2\/comments?post=2"}],"version-history":[{"count":6,"href":"https:\/\/blog.espol.edu.ec\/gc93\/wp-json\/wp\/v2\/pages\/2\/revisions"}],"predecessor-version":[{"id":8,"href":"https:\/\/blog.espol.edu.ec\/gc93\/wp-json\/wp\/v2\/pages\/2\/revisions\/8"}],"wp:attachment":[{"href":"https:\/\/blog.espol.edu.ec\/gc93\/wp-json\/wp\/v2\/media?parent=2"}],"curies":[{"name":"wp","href":"https:\/\/api.w.org\/{rel}","templated":true}]}}