{"id":57,"date":"2016-06-02T12:41:52","date_gmt":"2016-06-02T12:41:52","guid":{"rendered":"http:\/\/blog.espol.edu.ec\/gcanizar\/?page_id=57"},"modified":"2016-06-02T12:43:58","modified_gmt":"2016-06-02T12:43:58","slug":"ubicacion","status":"publish","type":"page","link":"https:\/\/blog.espol.edu.ec\/gcanizar\/ubicacion\/","title":{"rendered":"Ubicaci\u00f3n"},"content":{"rendered":"<p><img loading=\"lazy\" decoding=\"async\" class=\"alignleft wp-image-59 size-full\" src=\"http:\/\/blog.espol.edu.ec\/gcanizar\/files\/2016\/05\/map_tourmindo.jpg\" alt=\"map_tourmindo\" width=\"578\" height=\"433\" srcset=\"https:\/\/blog.espol.edu.ec\/gcanizar\/files\/2016\/05\/map_tourmindo.jpg 578w, https:\/\/blog.espol.edu.ec\/gcanizar\/files\/2016\/05\/map_tourmindo-300x225.jpg 300w\" sizes=\"auto, (max-width: 578px) 100vw, 578px\" \/><\/p>\n<p>&nbsp;<\/p>\n<p>&nbsp;<\/p>\n<p>&nbsp;<\/p>\n<p>&nbsp;<\/p>\n<p>&nbsp;<\/p>\n<p>&nbsp;<\/p>\n<p>&nbsp;<\/p>\n<p>&nbsp;<\/p>\n<p>&nbsp;<\/p>\n<p>&nbsp;<\/p>\n<p>&nbsp;<\/p>\n<p><img loading=\"lazy\" decoding=\"async\" class=\"aligncenter wp-image-61 \" src=\"http:\/\/blog.espol.edu.ec\/gcanizar\/files\/2016\/05\/ruta.gif\" alt=\"ruta\" width=\"401\" height=\"297\" \/><\/p>\n<p>&nbsp;<\/p>\n<p><strong>Este peque\u00f1o pueblo, est\u00e1 localizado apenas a dos horas y media de Quito, es una de las principales atracciones del turismo ecol\u00f3gico provincial y para los amantes de naturaleza que quieren observar algunos bosques occidentales del Ecuador.<\/strong><\/p>\n<p><strong>Mindo fue llamado internacionalmente como \u201cVida de p\u00e1jaro o P\u00e1jaro Importante\u201d en Am\u00e9rica, por su flora excepcional, fauna y bot\u00e1nica, considerada vital para el desarrollo del turismo ecol\u00f3gico.<\/strong><\/p>\n<p><strong>El clima tiende a ser m\u00e1s suave que en Quito, la temperatura es aproximadamente entre los 15 \u00ba C - 24 \u00ba C (60 \u00ba La f - 75 \u00ba F) durante todo el a\u00f1o. Las lluvias son comunes, pero \u00a0hay ninguna estaci\u00f3n seca, durante los meses de mayo \u2013 septiembre el clima se torna m\u00e1s seco.<\/strong><\/p>\n<p><strong>Los meses de julio - octubre son los meses m\u00e1s ocupados por que es la temporada de vacaciones en el pa\u00eds, los fines de semana y fiestas nacionales a lo largo del a\u00f1o Mindo embalado es uno de los lugares m\u00e1s visitados por los ecuatorianos y turistas que quieren disfrutar del aire fresco<\/strong><\/p>\n<p>&nbsp;<\/p>\n<p><a href=\"https:\/\/www.google.com\/maps\/place\/Mindo,+Ecuador\/@-0.1347169,-78.6231536,11z\/data=!4m5!3m4!1s0x91d57c4699565207:0x7341c14f9b735b21!8m2!3d-0.048717!4d-78.775198!6m1!1e1\">Mindo en Google Maps\u00a0 <\/a><\/p>\n","protected":false},"excerpt":{"rendered":"<p>&nbsp; &nbsp; &nbsp; &nbsp; &nbsp; &nbsp; &nbsp; &nbsp; &nbsp; &nbsp; &nbsp; &nbsp; Este peque\u00f1o pueblo, est\u00e1 localizado apenas a dos horas y media de Quito, es una de las principales atracciones del turismo ecol\u00f3gico provincial y para los amantes de naturaleza que quieren observar algunos bosques occidentales del Ecuador. Mindo fue llamado internacionalmente como \u201cVida [&hellip;]<\/p>\n","protected":false},"author":10356,"featured_media":0,"parent":0,"menu_order":0,"comment_status":"closed","ping_status":"closed","template":"","meta":{"footnotes":""},"class_list":["post-57","page","type-page","status-publish","hentry"],"_links":{"self":[{"href":"https:\/\/blog.espol.edu.ec\/gcanizar\/wp-json\/wp\/v2\/pages\/57","targetHints":{"allow":["GET"]}}],"collection":[{"href":"https:\/\/blog.espol.edu.ec\/gcanizar\/wp-json\/wp\/v2\/pages"}],"about":[{"href":"https:\/\/blog.espol.edu.ec\/gcanizar\/wp-json\/wp\/v2\/types\/page"}],"author":[{"embeddable":true,"href":"https:\/\/blog.espol.edu.ec\/gcanizar\/wp-json\/wp\/v2\/users\/10356"}],"replies":[{"embeddable":true,"href":"https:\/\/blog.espol.edu.ec\/gcanizar\/wp-json\/wp\/v2\/comments?post=57"}],"version-history":[{"count":5,"href":"https:\/\/blog.espol.edu.ec\/gcanizar\/wp-json\/wp\/v2\/pages\/57\/revisions"}],"predecessor-version":[{"id":123,"href":"https:\/\/blog.espol.edu.ec\/gcanizar\/wp-json\/wp\/v2\/pages\/57\/revisions\/123"}],"wp:attachment":[{"href":"https:\/\/blog.espol.edu.ec\/gcanizar\/wp-json\/wp\/v2\/media?parent=57"}],"curies":[{"name":"wp","href":"https:\/\/api.w.org\/{rel}","templated":true}]}}