{"id":65,"date":"2016-06-02T12:39:17","date_gmt":"2016-06-02T12:39:17","guid":{"rendered":"http:\/\/blog.espol.edu.ec\/gcanizar\/?page_id=65"},"modified":"2016-06-02T12:44:41","modified_gmt":"2016-06-02T12:44:41","slug":"mi-experiencia","status":"publish","type":"page","link":"https:\/\/blog.espol.edu.ec\/gcanizar\/mi-experiencia\/","title":{"rendered":"Mi experiencia"},"content":{"rendered":"<p>Mi mam\u00e1, mi hermano y yo fuimos a Quito a visistar a mis t\u00edas y a mi primo, despu\u00e9s de dos d\u00edas decidimos viajar a Mindo ya que el recorrido dura como m\u00ednimo dos horas, tomamos desde la terminal terrestre al norte de Quito, un bus que nos llev\u00f3 a nuestro destino.<\/p>\n<p>Cuando llegamos a \u00e9ste hermoso lugar rodeado de flora y fauna nos propusimos a buscar un hotel, as\u00ed que el escogido fue \u00a8 la posada de mindo\u00a8 que nos cost\u00f3 20 d\u00f3lares por persona la noche. Este hotel estaba relativamente cerca a los atractivos tur\u00edsticos del lugar, adem\u00e1s el due\u00f1o nos dio informaci\u00f3n acerca del mariposario y de las actividades de aventura que nos ofrec\u00eda Mindo.<\/p>\n<p><img loading=\"lazy\" decoding=\"async\" class=\"aligncenter wp-image-67 size-full\" src=\"http:\/\/blog.espol.edu.ec\/gcanizar\/files\/2016\/05\/posada-de-mindo.jpg\" alt=\"posada de mindo\" width=\"400\" height=\"267\" srcset=\"https:\/\/blog.espol.edu.ec\/gcanizar\/files\/2016\/05\/posada-de-mindo.jpg 400w, https:\/\/blog.espol.edu.ec\/gcanizar\/files\/2016\/05\/posada-de-mindo-300x200.jpg 300w\" sizes=\"auto, (max-width: 400px) 100vw, 400px\" \/><\/p>\n<p>Mi familia y yo decidimos hacer canopy, y al d\u00eda siguiente nos levantamos temprano para hacer tubing en un r\u00edo, los gu\u00edas nos dieron chalecos salvavidas e informaci\u00f3n muy \u00fatil acerca de c\u00f3mo deber\u00edamos actuar en caso de que uno se caiga.<\/p>\n","protected":false},"excerpt":{"rendered":"<p>Mi mam\u00e1, mi hermano y yo fuimos a Quito a visistar a mis t\u00edas y a mi primo, despu\u00e9s de dos d\u00edas decidimos viajar a Mindo ya que el recorrido dura como m\u00ednimo dos horas, tomamos desde la terminal terrestre al norte de Quito, un bus que nos llev\u00f3 a nuestro destino. Cuando llegamos a [&hellip;]<\/p>\n","protected":false},"author":10356,"featured_media":0,"parent":0,"menu_order":0,"comment_status":"closed","ping_status":"closed","template":"","meta":{"footnotes":""},"class_list":["post-65","page","type-page","status-publish","hentry"],"_links":{"self":[{"href":"https:\/\/blog.espol.edu.ec\/gcanizar\/wp-json\/wp\/v2\/pages\/65","targetHints":{"allow":["GET"]}}],"collection":[{"href":"https:\/\/blog.espol.edu.ec\/gcanizar\/wp-json\/wp\/v2\/pages"}],"about":[{"href":"https:\/\/blog.espol.edu.ec\/gcanizar\/wp-json\/wp\/v2\/types\/page"}],"author":[{"embeddable":true,"href":"https:\/\/blog.espol.edu.ec\/gcanizar\/wp-json\/wp\/v2\/users\/10356"}],"replies":[{"embeddable":true,"href":"https:\/\/blog.espol.edu.ec\/gcanizar\/wp-json\/wp\/v2\/comments?post=65"}],"version-history":[{"count":3,"href":"https:\/\/blog.espol.edu.ec\/gcanizar\/wp-json\/wp\/v2\/pages\/65\/revisions"}],"predecessor-version":[{"id":126,"href":"https:\/\/blog.espol.edu.ec\/gcanizar\/wp-json\/wp\/v2\/pages\/65\/revisions\/126"}],"wp:attachment":[{"href":"https:\/\/blog.espol.edu.ec\/gcanizar\/wp-json\/wp\/v2\/media?parent=65"}],"curies":[{"name":"wp","href":"https:\/\/api.w.org\/{rel}","templated":true}]}}