{"id":69,"date":"2016-06-02T05:11:25","date_gmt":"2016-06-02T05:11:25","guid":{"rendered":"http:\/\/blog.espol.edu.ec\/gcanizar\/?page_id=69"},"modified":"2016-06-02T12:45:18","modified_gmt":"2016-06-02T12:45:18","slug":"hallazgos","status":"publish","type":"page","link":"https:\/\/blog.espol.edu.ec\/gcanizar\/hallazgos\/","title":{"rendered":"Hallazgos!"},"content":{"rendered":"<p>&nbsp;<\/p>\n<p><strong>El h\u00e1bitat del lagarto pinocho que se cre\u00eda extinto<\/strong><\/p>\n<p><img loading=\"lazy\" decoding=\"async\" class=\"alignleft wp-image-70 size-full\" src=\"http:\/\/blog.espol.edu.ec\/gcanizar\/files\/2016\/05\/1.jpg\" alt=\"1\" width=\"1366\" height=\"500\" srcset=\"https:\/\/blog.espol.edu.ec\/gcanizar\/files\/2016\/05\/1.jpg 1366w, https:\/\/blog.espol.edu.ec\/gcanizar\/files\/2016\/05\/1-300x110.jpg 300w, https:\/\/blog.espol.edu.ec\/gcanizar\/files\/2016\/05\/1-768x281.jpg 768w, https:\/\/blog.espol.edu.ec\/gcanizar\/files\/2016\/05\/1-1024x375.jpg 1024w\" sizes=\"auto, (max-width: 1366px) 100vw, 1366px\" \/><\/p>\n<p>&nbsp;<\/p>\n<p>&nbsp;<\/p>\n<p>&nbsp;<\/p>\n<p>&nbsp;<\/p>\n<p>&nbsp;<\/p>\n<p><span class=\"capital\">S<\/span>e necesita una buena visi\u00f3n y m\u00e1s de seis horas de caminata si en la noche se quiere ver a una de las especies de lagarto que la National Geographic hab\u00eda catalogado como extinta. Eso no es problema para los bi\u00f3logos Alejandro Arteaga y Lucas Bustamante, dos de los tres autores del libro \u2018Anfibios y Reptiles de Mindo\u2019, un texto que demuestra la existencia en el pa\u00eds de esta especie de lagarto.<\/p>\n<p>Despu\u00e9s de la publicaci\u00f3n de su texto, estos investigadores acompa\u00f1ados por el bi\u00f3logo espa\u00f1ol Jaime Garc\u00eda, viajaron nuevamente al h\u00e1bitat de estos lagartos. El objetivo: encontrar y fotografiar al lagarto pinocho.<\/p>\n<p><strong><a href=\"http:\/\/especiales.elcomercio.com\/2014\/01\/planeta\/biodiversidad.php\">Leer m\u00e1s acerca de la noticia<\/a><\/strong><\/p>\n<p>&nbsp;<\/p>\n<p>&nbsp;<\/p>\n<p><strong>Un sapo que hace m\u00e1s de cuatro d\u00e9cadas nadie hab\u00eda registrado<\/strong><br \/>\n<img loading=\"lazy\" decoding=\"async\" class=\"wp-image-71 size-full alignleft\" src=\"http:\/\/blog.espol.edu.ec\/gcanizar\/files\/2016\/05\/sapoandino.jpg\" alt=\"sapoandino\" width=\"300\" height=\"200\" \/><\/p>\n<p>No se lo hab\u00eda visto hace 42 a\u00f1os. Lo \u00fanico que se sab\u00eda era que habitaba en los bosques nublados del norte del pa\u00eds, espec\u00edficamente en Tandayapa, noroccidente de Pichincha. Fue por eso que lo nombraron sapo andino de Tandayapa (Andinophryne olallaique). Tiempo despu\u00e9s Ryan Lynch, bi\u00f3logo experto en anfibios y reptiles en una de sus expediciones por la Reserva R\u00edo Mandariacu, en Imbabura, lo volvi\u00f3 a ver. En un inicio -dice Lynch- no sab\u00eda la especie, pero de lo que s\u00ed estaba seguro era que se trataba de un ejemplar 'especial'. Fue por eso que lo fotografi\u00f3 y envi\u00f3 la imagen, v\u00eda correo electr\u00f3nico, a Santiago Ron, investigador de la Universidad Cat\u00f3lica del Ecuador. \"Cuando lo vi no lo pod\u00eda creer, era una especie que se cre\u00eda extinta, pues hace m\u00e1s de cuatro d\u00e9cadas que nadie lo hab\u00eda registrado\", dice Ron. El redescubrimiento se dio en junio del 2012, pero para validar la informaci\u00f3n se necesit\u00f3 de un a\u00f1o y medio de estudios. Despu\u00e9s de eso, Ron y Lynch decidieron hacer p\u00fablica la noticia y para constatar su existencia organizaron una nueva expedici\u00f3n hasta la zona donde se lo hab\u00eda visto.<\/p>\n<p><strong><a href=\"http:\/\/www.elcomercio.com\/tendencias\/sapo-reaparece-despues-de-42.html\">Leer m\u00e1s acerca de la noticia<\/a><\/strong><\/p>\n<p>&nbsp;<\/p>\n<div><\/div>\n<p>&nbsp;<\/p>\n","protected":false},"excerpt":{"rendered":"<p>&nbsp; El h\u00e1bitat del lagarto pinocho que se cre\u00eda extinto &nbsp; &nbsp; &nbsp; &nbsp; &nbsp; Se necesita una buena visi\u00f3n y m\u00e1s de seis horas de caminata si en la noche se quiere ver a una de las especies de lagarto que la National Geographic hab\u00eda catalogado como extinta. Eso no es problema para los [&hellip;]<\/p>\n","protected":false},"author":10356,"featured_media":0,"parent":0,"menu_order":0,"comment_status":"closed","ping_status":"closed","template":"","meta":{"footnotes":""},"class_list":["post-69","page","type-page","status-publish","hentry"],"_links":{"self":[{"href":"https:\/\/blog.espol.edu.ec\/gcanizar\/wp-json\/wp\/v2\/pages\/69","targetHints":{"allow":["GET"]}}],"collection":[{"href":"https:\/\/blog.espol.edu.ec\/gcanizar\/wp-json\/wp\/v2\/pages"}],"about":[{"href":"https:\/\/blog.espol.edu.ec\/gcanizar\/wp-json\/wp\/v2\/types\/page"}],"author":[{"embeddable":true,"href":"https:\/\/blog.espol.edu.ec\/gcanizar\/wp-json\/wp\/v2\/users\/10356"}],"replies":[{"embeddable":true,"href":"https:\/\/blog.espol.edu.ec\/gcanizar\/wp-json\/wp\/v2\/comments?post=69"}],"version-history":[{"count":5,"href":"https:\/\/blog.espol.edu.ec\/gcanizar\/wp-json\/wp\/v2\/pages\/69\/revisions"}],"predecessor-version":[{"id":76,"href":"https:\/\/blog.espol.edu.ec\/gcanizar\/wp-json\/wp\/v2\/pages\/69\/revisions\/76"}],"wp:attachment":[{"href":"https:\/\/blog.espol.edu.ec\/gcanizar\/wp-json\/wp\/v2\/media?parent=69"}],"curies":[{"name":"wp","href":"https:\/\/api.w.org\/{rel}","templated":true}]}}