{"id":17,"date":"2016-11-08T19:36:05","date_gmt":"2016-11-08T19:36:05","guid":{"rendered":"http:\/\/blog.espol.edu.ec\/gccastro\/?page_id=17"},"modified":"2016-11-08T19:36:05","modified_gmt":"2016-11-08T19:36:05","slug":"playas-de-ecuador","status":"publish","type":"page","link":"https:\/\/blog.espol.edu.ec\/gccastro\/playas-de-ecuador\/","title":{"rendered":"PLAYAS DE ECUADOR"},"content":{"rendered":"<p>En la costa est\u00e1n las mejores playas de Ecuador.<\/p>\n<p>Ecuador tiene 640 kil\u00f3metros de costa.<\/p>\n<p>En el litoral ecuatoriano se encuentran cinco (Esmeraldas, Manab\u00ed, Guayas, Los R\u00edos y El Oro) de las 22 provincias del pa\u00eds. De norte a sur presenta hermosas playas que ofrecen descanso y diversi\u00f3n, y cuentan con una importante infraestructura hotelera.<\/p>\n<p><a href=\"https:\/\/www.youtube.com\/watch?v=s-w1W8aZX9I\">https:\/\/www.youtube.com\/watch?v=s-w1W8aZX9I<\/a><\/p>\n<p><img loading=\"lazy\" decoding=\"async\" class=\"alignnone size-medium\" src=\"http:\/\/www.andes.info.ec\/sites\/default\/files\/styles\/large\/public\/field\/image\/prtada-anconcito.jpg?itok=w_sZ5a7P\" alt=\"\" width=\"580\" height=\"358\" \/><img loading=\"lazy\" decoding=\"async\" class=\"alignnone \" src=\"http:\/\/www.ec.viajandox.com\/uploads\/min_Manta%20atardecer_1.jpg\" alt=\"\" width=\"531\" height=\"399\" \/><\/p>\n","protected":false},"excerpt":{"rendered":"<p>En la costa est\u00e1n las mejores playas de Ecuador. Ecuador tiene 640 kil\u00f3metros de costa. En el litoral ecuatoriano se encuentran cinco (Esmeraldas, Manab\u00ed, Guayas, Los R\u00edos y El Oro) de las 22 provincias del pa\u00eds. De norte a sur presenta hermosas playas que ofrecen descanso y diversi\u00f3n, y cuentan con una importante infraestructura hotelera.<\/p>\n","protected":false},"author":10700,"featured_media":0,"parent":0,"menu_order":0,"comment_status":"closed","ping_status":"closed","template":"","meta":{"footnotes":""},"class_list":["post-17","page","type-page","status-publish","hentry"],"_links":{"self":[{"href":"https:\/\/blog.espol.edu.ec\/gccastro\/wp-json\/wp\/v2\/pages\/17","targetHints":{"allow":["GET"]}}],"collection":[{"href":"https:\/\/blog.espol.edu.ec\/gccastro\/wp-json\/wp\/v2\/pages"}],"about":[{"href":"https:\/\/blog.espol.edu.ec\/gccastro\/wp-json\/wp\/v2\/types\/page"}],"author":[{"embeddable":true,"href":"https:\/\/blog.espol.edu.ec\/gccastro\/wp-json\/wp\/v2\/users\/10700"}],"replies":[{"embeddable":true,"href":"https:\/\/blog.espol.edu.ec\/gccastro\/wp-json\/wp\/v2\/comments?post=17"}],"version-history":[{"count":1,"href":"https:\/\/blog.espol.edu.ec\/gccastro\/wp-json\/wp\/v2\/pages\/17\/revisions"}],"predecessor-version":[{"id":18,"href":"https:\/\/blog.espol.edu.ec\/gccastro\/wp-json\/wp\/v2\/pages\/17\/revisions\/18"}],"wp:attachment":[{"href":"https:\/\/blog.espol.edu.ec\/gccastro\/wp-json\/wp\/v2\/media?parent=17"}],"curies":[{"name":"wp","href":"https:\/\/api.w.org\/{rel}","templated":true}]}}