{"id":47,"date":"2016-11-15T03:37:57","date_gmt":"2016-11-15T03:37:57","guid":{"rendered":"http:\/\/blog.espol.edu.ec\/gccastro\/?page_id=47"},"modified":"2016-11-15T03:37:57","modified_gmt":"2016-11-15T03:37:57","slug":"cascadas-del-ecuador","status":"publish","type":"page","link":"https:\/\/blog.espol.edu.ec\/gccastro\/cascadas-del-ecuador\/","title":{"rendered":"Cascadas del Ecuador"},"content":{"rendered":"<h1>Cascada Cabellera de la Virgen<\/h1>\n<p><img loading=\"lazy\" decoding=\"async\" class=\"aligncenter\" src=\"http:\/\/www.ec.viajandox.com\/uploads\/min_Cascada%20Cabellera%20de%20la%20Virgen_1.jpg\" alt=\"Cascada Cabellera de la Virgen\" width=\"246\" height=\"196\" \/><\/p>\n<p>Una fant\u00e1stica Cascada, la vista es impresionante. La fusi\u00f3n de las aguas limpias y transparentes levanta una gran estela de agua pulverizada, de un gran paisaje natural de gran belleza, se puede observar su paisaje natural formado por las especies que habitan.<\/p>\n<h1>Cascada Chaca Capac<\/h1>\n<p><img loading=\"lazy\" decoding=\"async\" class=\"aligncenter\" src=\"http:\/\/www.ec.viajandox.com\/uploads\/min_Cascada%20Chaca%20Capac_1.jpg\" alt=\"Cascada Chaca Capac\" width=\"152\" height=\"204\" \/><\/p>\n<p>Ubicado en la Parroquia Salvias a 45 minutos aproximadamente de la ciudad, desde ah\u00ed se puede acceder en carro hasta el sector Tambillo y 45 minutos de caminata de ida hasta la primera cascada y 1 hora de regreso.<\/p>\n<h1>Cascada de la Virgen<\/h1>\n<p><img decoding=\"async\" class=\"aligncenter\" src=\"http:\/\/www.ec.viajandox.com\/uploads\/min_Cascada%20de%20la%20Virgen_1.jpg\" alt=\"Cascada de la Virgen\" \/><\/p>\n<p>En este hermoso paraje, podemos degustar de aguas termales, como nace (no piscina) la llegada de torcazas en bandadas, plantas nativas y lo m\u00e1s importante conocer el lugar donde se apareci\u00f3 la sant\u00edsima virgen de la cascada.<\/p>\n<h1>Cascada de Cugusha<\/h1>\n<p><img decoding=\"async\" class=\"aligncenter\" src=\"http:\/\/www.ec.viajandox.com\/uploads\/min_Cascada%20de%20Cugusha%20_1.jpg\" alt=\"Cascada de Cugusha \" \/><\/p>\n<p>La cascada de Cugusha, est\u00e1 ubicada en el cant\u00f3n Macas, ofrece todas las comodidades se integra perfectamente con el medio ambiente, rodeado de bosque natural y r\u00edos es ideal para familias, grupos peque\u00f1os y viajeros individuales.<\/p>\n<p><strong>San Rafael: la cascada mas grande del ecuador<\/strong><\/p>\n<p><iframe loading=\"lazy\" title=\"Cascada San Rafael, the Tallest Waterfall in Ecuador, from Above with a Drone\" width=\"610\" height=\"343\" src=\"https:\/\/www.youtube.com\/embed\/Czxvvevid34?feature=oembed\" frameborder=\"0\" allow=\"accelerometer; autoplay; clipboard-write; encrypted-media; gyroscope; picture-in-picture; web-share\" referrerpolicy=\"strict-origin-when-cross-origin\" allowfullscreen><\/iframe><\/p>\n","protected":false},"excerpt":{"rendered":"<p>Cascada Cabellera de la Virgen Una fant\u00e1stica Cascada, la vista es impresionante. La fusi\u00f3n de las aguas limpias y transparentes levanta una gran estela de agua pulverizada, de un gran paisaje natural de gran belleza, se puede observar su paisaje natural formado por las especies que habitan. Cascada Chaca Capac Ubicado en la Parroquia Salvias [&hellip;]<\/p>\n","protected":false},"author":10700,"featured_media":0,"parent":0,"menu_order":0,"comment_status":"closed","ping_status":"closed","template":"","meta":{"footnotes":""},"class_list":["post-47","page","type-page","status-publish","hentry"],"_links":{"self":[{"href":"https:\/\/blog.espol.edu.ec\/gccastro\/wp-json\/wp\/v2\/pages\/47","targetHints":{"allow":["GET"]}}],"collection":[{"href":"https:\/\/blog.espol.edu.ec\/gccastro\/wp-json\/wp\/v2\/pages"}],"about":[{"href":"https:\/\/blog.espol.edu.ec\/gccastro\/wp-json\/wp\/v2\/types\/page"}],"author":[{"embeddable":true,"href":"https:\/\/blog.espol.edu.ec\/gccastro\/wp-json\/wp\/v2\/users\/10700"}],"replies":[{"embeddable":true,"href":"https:\/\/blog.espol.edu.ec\/gccastro\/wp-json\/wp\/v2\/comments?post=47"}],"version-history":[{"count":1,"href":"https:\/\/blog.espol.edu.ec\/gccastro\/wp-json\/wp\/v2\/pages\/47\/revisions"}],"predecessor-version":[{"id":48,"href":"https:\/\/blog.espol.edu.ec\/gccastro\/wp-json\/wp\/v2\/pages\/47\/revisions\/48"}],"wp:attachment":[{"href":"https:\/\/blog.espol.edu.ec\/gccastro\/wp-json\/wp\/v2\/media?parent=47"}],"curies":[{"name":"wp","href":"https:\/\/api.w.org\/{rel}","templated":true}]}}