{"id":53,"date":"2016-11-15T04:34:33","date_gmt":"2016-11-15T04:34:33","guid":{"rendered":"http:\/\/blog.espol.edu.ec\/gccastro\/?page_id=53"},"modified":"2016-11-15T04:34:33","modified_gmt":"2016-11-15T04:34:33","slug":"parques-nacionales-del-ecuador","status":"publish","type":"page","link":"https:\/\/blog.espol.edu.ec\/gccastro\/parques-nacionales-del-ecuador\/","title":{"rendered":"Parques nacionales del Ecuador"},"content":{"rendered":"<p style=\"text-align: left\">A pesar de que el Ecuador es un pa\u00eds peque\u00f1o, la biodiversidad dentro del pa\u00eds es \u00fanica. Este detalle cre\u00f3 entre gobernantes y civiles una conciencia de conservaci\u00f3n que se ha proyectado en la creaci\u00f3n de un Sistema Nacional de Parques Nacionales y Reservas y Refugios Naturales tanto p\u00fablicas como privadas en todo el territorio nacional. Su encanto y peculiaridades las hacen adem\u00e1s centros ideales para el turismo ecol\u00f3gico.<\/p>\n<hr \/>\n<h1>RESERVA ECOL\u00d3GICA MANGLARES CAYAPAS \u2013 MATAJE<\/h1>\n<p>La reserva protege los manglares que crecen en el estuario que forman los r\u00edos Cayapas y Mataje en el norte de la provincia de Esmeraldas.<\/p>\n<p><img decoding=\"async\" class=\"aligncenter\" src=\"http:\/\/www.edupedia.ec\/images\/edupedia\/areas_protegidas\/areas_protegidas23.jpg\" alt=\"Resultado de imagen para Reserva Ecol\u00f3gica Cayapas - Mataje\" \/><\/p>\n<h1>Reserva Ecol\u00f3gica Cayambe - Coca (RECAY)<\/h1>\n<p>La Reserva tiene la mayor diversidad de flora y fauna del Ecuador. De la parte alta de la Reserva nacen grandes sistemas hidrogr\u00e1ficos como el del r\u00edo Napo-Mara\u00f1\u00f3n-Amazonas, cuyas aguas desembocan en el Oc\u00e9ano Atl\u00e1ntico y aquellos del r\u00edo Mira y Esmeraldas cuyas aguas desembocan en el Oc\u00e9ano Pac\u00edfico.<\/p>\n<p><img loading=\"lazy\" decoding=\"async\" class=\"alignnone  wp-image-54 aligncenter\" src=\"http:\/\/blog.espol.edu.ec\/gccastro\/files\/2016\/11\/Lagunas-de-Ba\u00f1os_1-300x219.jpg\" alt=\"lagunas-de-banos_1\" width=\"351\" height=\"256\" srcset=\"https:\/\/blog.espol.edu.ec\/gccastro\/files\/2016\/11\/Lagunas-de-Ba\u00f1os_1-300x219.jpg 300w, https:\/\/blog.espol.edu.ec\/gccastro\/files\/2016\/11\/Lagunas-de-Ba\u00f1os_1.jpg 567w\" sizes=\"auto, (max-width: 351px) 100vw, 351px\" \/><\/p>\n<h1>Parque Nacional Yasun\u00ed<\/h1>\n<p>Yasun\u00ed, el \u00e1rea protegida m\u00e1s grande del Ecuador continental, resguarda una impresionante biodiversidad en el coraz\u00f3n del bosque h\u00famedo tropical amaz\u00f3nico y protege parte del territorio de la nacionalidad waorani. En el Yasun\u00ed se han reportado cifras de biodiversidad sorprendentes para varios grupos de flora y fauna, nunca antes registradas en \u00e1rea protegida alguna.<\/p>\n<p><img loading=\"lazy\" decoding=\"async\" class=\" wp-image-55 aligncenter\" src=\"http:\/\/blog.espol.edu.ec\/gccastro\/files\/2016\/11\/yasuni-parque-nacional-300x225.jpg\" alt=\"yasuni-parque-nacional\" width=\"411\" height=\"308\" srcset=\"https:\/\/blog.espol.edu.ec\/gccastro\/files\/2016\/11\/yasuni-parque-nacional-300x225.jpg 300w, https:\/\/blog.espol.edu.ec\/gccastro\/files\/2016\/11\/yasuni-parque-nacional-768x576.jpg 768w, https:\/\/blog.espol.edu.ec\/gccastro\/files\/2016\/11\/yasuni-parque-nacional-1024x768.jpg 1024w, https:\/\/blog.espol.edu.ec\/gccastro\/files\/2016\/11\/yasuni-parque-nacional.jpg 1600w\" sizes=\"auto, (max-width: 411px) 100vw, 411px\" \/><\/p>\n<p><strong>Parque Nacional Gal\u00e1pagos<\/strong><\/p>\n<p>M\u00e1s de 230 islas, islotes y rocas nacidas de volcanes conforman el archipi\u00e9lago. Su aislamiento, durante millones de a\u00f1os, cre\u00f3 ecosistemas \u00fanicos en la Tierra.<\/p>\n<p>Hoy, estos ecosistemas son el sustento de una poblaci\u00f3n local y de visitantes que depende y se beneficia de ellos.<\/p>\n<p><img loading=\"lazy\" decoding=\"async\" class=\" wp-image-56 aligncenter\" src=\"http:\/\/blog.espol.edu.ec\/gccastro\/files\/2016\/11\/tumblr_inline_mtn2szH2W51s2yna7-300x193.jpg\" alt=\"tumblr_inline_mtn2szh2w51s2yna7\" width=\"389\" height=\"250\" srcset=\"https:\/\/blog.espol.edu.ec\/gccastro\/files\/2016\/11\/tumblr_inline_mtn2szH2W51s2yna7-300x193.jpg 300w, https:\/\/blog.espol.edu.ec\/gccastro\/files\/2016\/11\/tumblr_inline_mtn2szH2W51s2yna7.jpg 500w\" sizes=\"auto, (max-width: 389px) 100vw, 389px\" \/><\/p>\n","protected":false},"excerpt":{"rendered":"<p>A pesar de que el Ecuador es un pa\u00eds peque\u00f1o, la biodiversidad dentro del pa\u00eds es \u00fanica. Este detalle cre\u00f3 entre gobernantes y civiles una conciencia de conservaci\u00f3n que se ha proyectado en la creaci\u00f3n de un Sistema Nacional de Parques Nacionales y Reservas y Refugios Naturales tanto p\u00fablicas como privadas en todo el territorio [&hellip;]<\/p>\n","protected":false},"author":10700,"featured_media":0,"parent":0,"menu_order":0,"comment_status":"closed","ping_status":"closed","template":"","meta":{"footnotes":""},"class_list":["post-53","page","type-page","status-publish","hentry"],"_links":{"self":[{"href":"https:\/\/blog.espol.edu.ec\/gccastro\/wp-json\/wp\/v2\/pages\/53","targetHints":{"allow":["GET"]}}],"collection":[{"href":"https:\/\/blog.espol.edu.ec\/gccastro\/wp-json\/wp\/v2\/pages"}],"about":[{"href":"https:\/\/blog.espol.edu.ec\/gccastro\/wp-json\/wp\/v2\/types\/page"}],"author":[{"embeddable":true,"href":"https:\/\/blog.espol.edu.ec\/gccastro\/wp-json\/wp\/v2\/users\/10700"}],"replies":[{"embeddable":true,"href":"https:\/\/blog.espol.edu.ec\/gccastro\/wp-json\/wp\/v2\/comments?post=53"}],"version-history":[{"count":1,"href":"https:\/\/blog.espol.edu.ec\/gccastro\/wp-json\/wp\/v2\/pages\/53\/revisions"}],"predecessor-version":[{"id":57,"href":"https:\/\/blog.espol.edu.ec\/gccastro\/wp-json\/wp\/v2\/pages\/53\/revisions\/57"}],"wp:attachment":[{"href":"https:\/\/blog.espol.edu.ec\/gccastro\/wp-json\/wp\/v2\/media?parent=53"}],"curies":[{"name":"wp","href":"https:\/\/api.w.org\/{rel}","templated":true}]}}