{"id":1,"date":"2008-12-23T16:18:18","date_gmt":"2008-12-23T21:18:18","guid":{"rendered":""},"modified":"2009-01-06T19:24:30","modified_gmt":"2009-01-07T00:24:30","slug":"about","status":"publish","type":"page","link":"https:\/\/blog.espol.edu.ec\/gchavez\/about\/","title":{"rendered":"Sobre el Autor"},"content":{"rendered":"<p>Hola soy gabo, el autor de este blog. Ahora tengo 18 a\u00f1os, pronto 19, luego 20 y as\u00ed sucesivamente.<\/p>\n<p>Estudio en la ESPOL (si no este blog no existir\u00eda) algo que me gusta, aunque no tanto como el deporte o la m\u00fasica.<\/p>\n<p>Me gusta, como ya he mencionado, la m\u00fasica (la que es de calidad), el deporte (en especial el f\u00fatbol), los libros (los que no hablan tonteras), entre otras cosas.<\/p>\n<p>Me disgusta la m\u00fasica que no te aporta nada (en especial el reggaeton), las personas que no saben cuando callar.<\/p>\n<p>Mi grupo de m\u00fasica favorito es Sonata Arctica, lo que no quiere decir que el Metal sea lo \u00fanico que me guste.<\/p>\n<p>Me queda mucho por aprender.<\/p>\n","protected":false},"excerpt":{"rendered":"<p>Hola soy gabo, el autor de este blog. Ahora tengo 18 a\u00f1os, pronto 19, luego 20 y as\u00ed sucesivamente. Estudio en la ESPOL (si no este blog no existir\u00eda) algo que me gusta, aunque no tanto como el deporte o &hellip; <a href=\"https:\/\/blog.espol.edu.ec\/gchavez\/about\/\">Sigue leyendo <span class=\"meta-nav\">&rarr;<\/span><\/a><\/p>\n","protected":false},"author":931,"featured_media":0,"parent":0,"menu_order":0,"comment_status":"open","ping_status":"open","template":"","meta":{"footnotes":""},"class_list":["post-1","page","type-page","status-publish","hentry"],"_links":{"self":[{"href":"https:\/\/blog.espol.edu.ec\/gchavez\/wp-json\/wp\/v2\/pages\/1","targetHints":{"allow":["GET"]}}],"collection":[{"href":"https:\/\/blog.espol.edu.ec\/gchavez\/wp-json\/wp\/v2\/pages"}],"about":[{"href":"https:\/\/blog.espol.edu.ec\/gchavez\/wp-json\/wp\/v2\/types\/page"}],"author":[{"embeddable":true,"href":"https:\/\/blog.espol.edu.ec\/gchavez\/wp-json\/wp\/v2\/users\/931"}],"replies":[{"embeddable":true,"href":"https:\/\/blog.espol.edu.ec\/gchavez\/wp-json\/wp\/v2\/comments?post=1"}],"version-history":[{"count":5,"href":"https:\/\/blog.espol.edu.ec\/gchavez\/wp-json\/wp\/v2\/pages\/1\/revisions"}],"predecessor-version":[{"id":10,"href":"https:\/\/blog.espol.edu.ec\/gchavez\/wp-json\/wp\/v2\/pages\/1\/revisions\/10"}],"wp:attachment":[{"href":"https:\/\/blog.espol.edu.ec\/gchavez\/wp-json\/wp\/v2\/media?parent=1"}],"curies":[{"name":"wp","href":"https:\/\/api.w.org\/{rel}","templated":true}]}}